{"id":13364,"date":"2022-08-08T16:37:24","date_gmt":"2022-08-08T14:37:24","guid":{"rendered":"https:\/\/librairie7l.com\/mentions-legales\/"},"modified":"2023-10-09T14:44:20","modified_gmt":"2023-10-09T12:44:20","slug":"mentions-legales","status":"publish","type":"page","link":"https:\/\/librairie7l.com\/en\/mentions-legales\/","title":{"rendered":"Mentions l\u00e9gales"},"content":{"rendered":"<p>http:\/\/librairie7l.com est un site con\u00e7u par :<\/p>\n<p>H\u00e9misph\u00e8res &amp; compagnie<br \/>\nS.A.R.L au capital de 7650 \u20ac &#8211; R.C.S. Chartres 432 208 205<br \/>\n25, rue des vieux capucins 28000 Chartres &#8211; Tel : 02 37 35 82 52<\/p>\n<p>Contact : <button class=\"hemiscontact-btn\" type=\"button\" onclick=\"hemisShowContactForm(34767);\"><img src=\"https:\/\/librairie7l.com\/wp-content\/uploads\/2023\/10\/contact-at-librairie7l.com_.png\" alt=\"contact@librairie7l.com\"\/><\/button><br \/>\nDirecteur de publication : Laurence Delamare<br \/>\nCourriel : <button class=\"hemiscontact-btn\" type=\"button\" onclick=\"hemisShowContactForm(34767);\"><img src=\"https:\/\/librairie7l.com\/wp-content\/uploads\/2023\/10\/contact-at-librairie7l.com_.png\" alt=\"contact@librairie7l.com\"\/><\/button><\/p>\n<p>&nbsp;<\/p>\n<p>http:\/\/librairie7l.com est un site h\u00e9berg\u00e9 par :<\/p>\n<p>OVH &#8211; SAS au capital de 10 000 000 \u20ac &#8211; RCS Roubaix &#8211; Tourcoing 424 761 419 00045 &#8211; Code APE 6202A &#8211; N\u00b0 TVA : FR 22 424 761 419 &#8211; Si\u00e8ge social : 2 rue Kellermann &#8211; 59100 Roubaix &#8211; France.<\/p>\n<p>Les pr\u00e9sentes Mentions L\u00e9gales et conditions g\u00e9n\u00e9rales d\u2019utilisation sont applicables \u00e0 votre utilisation et navigation du site Internet librairie7l.com (le &#8220;Site&#8221;).<\/p>\n<p>&nbsp;<\/p>\n<h2>1. PROPRIETE INTELLECTUELLE<\/h2>\n<p>LIBRAIRIE7L et\/ou ses soci\u00e9t\u00e9s affili\u00e9es dans le monde est\/sont titulaire(s) du nom de domaine \u00ab <u>www.Librairie7l.fr<\/u> \u00bb. Le Site est une \u0153uvre de l&#8217;esprit prot\u00e9g\u00e9e par les lois de la propri\u00e9t\u00e9 intellectuelle. Le Site dans son ensemble et chacun des \u00e9l\u00e9ments de propri\u00e9t\u00e9 intellectuelle qui le composent (tels que textes, arborescences, logiciels, bases de donn\u00e9es, animations, photographies, illustrations, sons, chartes, sch\u00e9mas, logos, marques, dessins et mod\u00e8les) sont la propri\u00e9t\u00e9 exclusive de LIBRAIRIE7L et\/ou de ses soci\u00e9t\u00e9s affili\u00e9es dans le monde et\/ou ont \u00e9t\u00e9 r\u00e9guli\u00e8rement conc\u00e9d\u00e9s en licence \u00e0 LIBRAIRIE7L.<\/p>\n<p>LIBRAIRIE7L et\/ou ses soci\u00e9t\u00e9s affili\u00e9es dans le monde est\/sont seule(s) habilit\u00e9e(s) \u00e0 utiliser les droits de propri\u00e9t\u00e9 intellectuelle y aff\u00e9rents.<\/p>\n<p>L&#8217;usage de tout ou partie du Site, notamment par t\u00e9l\u00e9chargement, reproduction, transmission, repr\u00e9sentation ou diffusion \u00e0 d&#8217;autres fins que pour votre usage personnel et priv\u00e9, dans un but commercial ou non, est strictement interdit. La violation de ces dispositions vous soumet aux sanctions pr\u00e9vues par la loi.<\/p>\n<p>La cr\u00e9ation de liens hypertextes vers le Site ne peut \u00eatre faite qu&#8217;avec l&#8217;autorisation \u00e9crite et pr\u00e9alable de LIBRAIRIE7L, laquelle autorisation peut \u00eatre r\u00e9voqu\u00e9e \u00e0 tout moment.<\/p>\n<p>Tous les sites ayant un lien hypertexte vers le Site ne sont pas sous le contr\u00f4le de LIBRAIRIE7L et LIBRAIRIE7L d\u00e9cline par cons\u00e9quent toute responsabilit\u00e9 (notamment \u00e9ditoriale) concernant l&#8217;acc\u00e8s et le contenu \u00e0 ces sites.<\/p>\n<p>LIBRAIRIE7L est libre de modifier, \u00e0 tout moment et sans pr\u00e9avis, le contenu du Site.<\/p>\n<p>&nbsp;<\/p>\n<h2>2. ABSENCE DE GARANTIE ET LIMITATION DE RESPONSABILITE<\/h2>\n<p>LIBRAIRIE7L s&#8217;efforce d&#8217;assurer au mieux que les informations accessibles par l&#8217;interm\u00e9diaire du Site sont exactes et mises \u00e0 jour. Cependant, LIBRAIRIE7L ne garantit en aucune mani\u00e8re que ces informations soient exactes, compl\u00e8tes et \u00e0 jour. LIBRAIRIE7L n&#8217;assure aucune garantie, expresse ou tacite, concernant tout ou partie du Site.<\/p>\n<p>LIBRAIRIE7L ne peut \u00eatre tenue pour responsable d&#8217;un quelconque dommage direct ou indirect, quelle qu&#8217;en soit la cause, origine, nature et cons\u00e9quence, d\u00e9coulant de la consultation ou de l&#8217;utilisation du Site. Notamment, LIBRAIRIE7L d\u00e9cline toute responsabilit\u00e9 en cas d&#8217;interruption ou d&#8217;inaccessibilit\u00e9 du Site, de survenance de bogues, de tout dommage r\u00e9sultant d&#8217;actes frauduleux de tiers (tels qu\u2019une intrusion) \u00e0 partir du Site.<\/p>\n<p>LIBRAIRIE7L met en \u0153uvre des moyens destin\u00e9s \u00e0 assurer la s\u00e9curit\u00e9 des donn\u00e9es collect\u00e9es sur le Site. N\u00e9anmoins, LIBRAIRIE7L ne ma\u00eetrise pas les risques li\u00e9s au fonctionnement d&#8217;Internet et attire votre attention sur l&#8217;existence d&#8217;\u00e9ventuels risques de confidentialit\u00e9 des donn\u00e9es transitant via ce r\u00e9seau.<\/p>\n<p>&nbsp;<\/p>\n<h2>3. DONNEES PERSONNELLES ET COOKIES<\/h2>\n<p>Pour obtenir des informations compl\u00e9mentaires sur la mani\u00e8re dont vos donn\u00e9es \u00e0 caract\u00e8re personnelles sont trait\u00e9es, nous vous invitons \u00e0 lire notre <a href=\"https:\/\/services.chanel.com\/fr_FR\/privacy\">politique de confidentialit\u00e9<\/a>.<\/p>\n<p>&nbsp;<\/p>\n<h2>4. MODIFICATIONS<\/h2>\n<p>LIBRAIRIE7L vous informe que les pr\u00e9sentes Conditions G\u00e9n\u00e9rales d\u2019Utilisation peuvent \u00eatre modifi\u00e9es \u00e0 tout moment. Ces modifications sont publi\u00e9es par leur mise en ligne et sont r\u00e9put\u00e9es accept\u00e9es sans r\u00e9serve lorsque vous acc\u00e9dez au Site post\u00e9rieurement \u00e0 leur mise en ligne. LIBRAIRIE7L vous recommande de consulter r\u00e9guli\u00e8rement la pr\u00e9sente page.<\/p>\n<p>&nbsp;<\/p>\n<h2>5. INT\u00c9GRALITE<\/h2>\n<p>Dans l\u2019hypoth\u00e8se o\u00f9 l\u2019une des clauses des pr\u00e9sentes Conditions G\u00e9n\u00e9rales d\u2019Utilisation serait nulle du fait d\u2019un changement de l\u00e9gislation, de r\u00e9glementation ou par une d\u00e9cision de justice, cela ne saurait en aucun cas affecter la validit\u00e9 et le respect des autres clauses des Conditions G\u00e9n\u00e9rales d\u2019Utilisation.<\/p>\n<p>&nbsp;<\/p>\n<h2>6. DROIT APPLICABLE ET LITIGES<\/h2>\n<p>Les pr\u00e9sentes Conditions G\u00e9n\u00e9rales d\u2019Utilisation sont soumises au droit fran\u00e7ais sans toutefois avoir pour effet de vous priver du niveau de protection pr\u00e9vu par les dispositions des lois imp\u00e9ratives du pays de votre r\u00e9sidence habituelle.<br \/>\nA d\u00e9faut d\u2019accord amiable, les juridictions fran\u00e7aises parisiennes sont territorialement comp\u00e9tentes pour conna\u00eetre de tout litige aff\u00e9rent au Site et sans pour autant vous priver de porter le litige devant une juridiction \u00e9trang\u00e8re comp\u00e9tente de votre choix<\/p>\n<p>Derni\u00e8re mise \u00e0 jour : Septembre 2022<br \/>\nCopyright \u00a9 Librairie7 L. 2022. Tous droits r\u00e9serv\u00e9s.<br \/>\nIllustrations Karl Lagerfeld \u00a9 Librairie 7L &#8211; Portraits Karl Lagerfeld \u00a9 Librairie 7L &#8211; Photos Librairie 7L<br \/>\n\u00a9 Olivier Saillant &#8211; Constituer sa biblioth\u00e8que : \u00a9 Rodrigo Rize\/The Invisible Collection Townhouse<\/p>\n","protected":false},"excerpt":{"rendered":"<p>http:\/\/librairie7l.com est un site con\u00e7u par : H\u00e9misph\u00e8res &amp; compagnie S.A.R.L au capital de 7650 \u20ac &#8211; R.C.S. Chartres 432 208 205 25, rue des vieux capucins 28000 Chartres &#8211; Tel : 02 37 35 82 52 Contact : Directeur de publication : Laurence Delamare Courriel : &nbsp; http:\/\/librairie7l.com est un site h\u00e9berg\u00e9 par : [&hellip;]<\/p>\n","protected":false},"author":1,"featured_media":0,"parent":0,"menu_order":0,"comment_status":"closed","ping_status":"closed","template":"","meta":[],"acf":[],"yoast_head":"<!-- This site is optimized with the Yoast SEO plugin v20.11 - https:\/\/yoast.com\/wordpress\/plugins\/seo\/ -->\n<title>Mentions l\u00e9gales - Librairie 7L<\/title>\n<meta name=\"robots\" content=\"index, follow, max-snippet:-1, max-image-preview:large, max-video-preview:-1\" \/>\n<link rel=\"canonical\" href=\"https:\/\/librairie7l.com\/en\/mentions-legales\/\" \/>\n<meta property=\"og:locale\" content=\"en_US\" \/>\n<meta property=\"og:type\" content=\"article\" \/>\n<meta property=\"og:title\" content=\"Mentions l\u00e9gales - Librairie 7L\" \/>\n<meta property=\"og:description\" content=\"http:\/\/librairie7l.com est un site con\u00e7u par : H\u00e9misph\u00e8res &amp; compagnie S.A.R.L au capital de 7650 \u20ac &#8211; R.C.S. Chartres 432 208 205 25, rue des vieux capucins 28000 Chartres &#8211; Tel : 02 37 35 82 52 Contact : Directeur de publication : Laurence Delamare Courriel : &nbsp; http:\/\/librairie7l.com est un site h\u00e9berg\u00e9 par : [&hellip;]\" \/>\n<meta property=\"og:url\" content=\"https:\/\/librairie7l.com\/en\/mentions-legales\/\" \/>\n<meta property=\"og:site_name\" content=\"Librairie 7L\" \/>\n<meta property=\"article:modified_time\" content=\"2023-10-09T12:44:20+00:00\" \/>\n<meta name=\"twitter:card\" content=\"summary_large_image\" \/>\n<meta name=\"twitter:label1\" content=\"Est. reading time\" \/>\n\t<meta name=\"twitter:data1\" content=\"4 minutes\" \/>\n<script type=\"application\/ld+json\" class=\"yoast-schema-graph\">{\"@context\":\"https:\/\/schema.org\",\"@graph\":[{\"@type\":\"WebPage\",\"@id\":\"https:\/\/librairie7l.com\/en\/mentions-legales\/\",\"url\":\"https:\/\/librairie7l.com\/en\/mentions-legales\/\",\"name\":\"Mentions l\u00e9gales - Librairie 7L\",\"isPartOf\":{\"@id\":\"https:\/\/librairie7l.com\/en\/#website\"},\"datePublished\":\"2022-08-08T14:37:24+00:00\",\"dateModified\":\"2023-10-09T12:44:20+00:00\",\"breadcrumb\":{\"@id\":\"https:\/\/librairie7l.com\/en\/mentions-legales\/#breadcrumb\"},\"inLanguage\":\"en-US\",\"potentialAction\":[{\"@type\":\"ReadAction\",\"target\":[\"https:\/\/librairie7l.com\/en\/mentions-legales\/\"]}]},{\"@type\":\"BreadcrumbList\",\"@id\":\"https:\/\/librairie7l.com\/en\/mentions-legales\/#breadcrumb\",\"itemListElement\":[{\"@type\":\"ListItem\",\"position\":1,\"name\":\"Accueil\",\"item\":\"https:\/\/librairie7l.com\/en\/\"},{\"@type\":\"ListItem\",\"position\":2,\"name\":\"Mentions l\u00e9gales\"}]},{\"@type\":\"WebSite\",\"@id\":\"https:\/\/librairie7l.com\/en\/#website\",\"url\":\"https:\/\/librairie7l.com\/en\/\",\"name\":\"Librairie 7L\",\"description\":\"Librairie fond\u00e9e en 1999 par Karl Lagerfeld \u00e0 Paris\",\"publisher\":{\"@id\":\"https:\/\/librairie7l.com\/en\/#organization\"},\"potentialAction\":[{\"@type\":\"SearchAction\",\"target\":{\"@type\":\"EntryPoint\",\"urlTemplate\":\"https:\/\/librairie7l.com\/en\/?s={search_term_string}\"},\"query-input\":\"required name=search_term_string\"}],\"inLanguage\":\"en-US\"},{\"@type\":\"Organization\",\"@id\":\"https:\/\/librairie7l.com\/en\/#organization\",\"name\":\"Librairie 7L\",\"url\":\"https:\/\/librairie7l.com\/en\/\",\"logo\":{\"@type\":\"ImageObject\",\"inLanguage\":\"en-US\",\"@id\":\"https:\/\/librairie7l.com\/en\/#\/schema\/logo\/image\/\",\"url\":\"https:\/\/librairie7l.com\/wp-content\/uploads\/2022\/08\/logo-1.png\",\"contentUrl\":\"https:\/\/librairie7l.com\/wp-content\/uploads\/2022\/08\/logo-1.png\",\"width\":227,\"height\":301,\"caption\":\"Librairie 7L\"},\"image\":{\"@id\":\"https:\/\/librairie7l.com\/en\/#\/schema\/logo\/image\/\"}}]}<\/script>\n<!-- \/ Yoast SEO plugin. -->","yoast_head_json":{"title":"Mentions l\u00e9gales - Librairie 7L","robots":{"index":"index","follow":"follow","max-snippet":"max-snippet:-1","max-image-preview":"max-image-preview:large","max-video-preview":"max-video-preview:-1"},"canonical":"https:\/\/librairie7l.com\/en\/mentions-legales\/","og_locale":"en_US","og_type":"article","og_title":"Mentions l\u00e9gales - Librairie 7L","og_description":"http:\/\/librairie7l.com est un site con\u00e7u par : H\u00e9misph\u00e8res &amp; compagnie S.A.R.L au capital de 7650 \u20ac &#8211; R.C.S. Chartres 432 208 205 25, rue des vieux capucins 28000 Chartres &#8211; Tel : 02 37 35 82 52 Contact : Directeur de publication : Laurence Delamare Courriel : &nbsp; http:\/\/librairie7l.com est un site h\u00e9berg\u00e9 par : [&hellip;]","og_url":"https:\/\/librairie7l.com\/en\/mentions-legales\/","og_site_name":"Librairie 7L","article_modified_time":"2023-10-09T12:44:20+00:00","twitter_card":"summary_large_image","twitter_misc":{"Est. reading time":"4 minutes"},"schema":{"@context":"https:\/\/schema.org","@graph":[{"@type":"WebPage","@id":"https:\/\/librairie7l.com\/en\/mentions-legales\/","url":"https:\/\/librairie7l.com\/en\/mentions-legales\/","name":"Mentions l\u00e9gales - Librairie 7L","isPartOf":{"@id":"https:\/\/librairie7l.com\/en\/#website"},"datePublished":"2022-08-08T14:37:24+00:00","dateModified":"2023-10-09T12:44:20+00:00","breadcrumb":{"@id":"https:\/\/librairie7l.com\/en\/mentions-legales\/#breadcrumb"},"inLanguage":"en-US","potentialAction":[{"@type":"ReadAction","target":["https:\/\/librairie7l.com\/en\/mentions-legales\/"]}]},{"@type":"BreadcrumbList","@id":"https:\/\/librairie7l.com\/en\/mentions-legales\/#breadcrumb","itemListElement":[{"@type":"ListItem","position":1,"name":"Accueil","item":"https:\/\/librairie7l.com\/en\/"},{"@type":"ListItem","position":2,"name":"Mentions l\u00e9gales"}]},{"@type":"WebSite","@id":"https:\/\/librairie7l.com\/en\/#website","url":"https:\/\/librairie7l.com\/en\/","name":"Librairie 7L","description":"Librairie fond\u00e9e en 1999 par Karl Lagerfeld \u00e0 Paris","publisher":{"@id":"https:\/\/librairie7l.com\/en\/#organization"},"potentialAction":[{"@type":"SearchAction","target":{"@type":"EntryPoint","urlTemplate":"https:\/\/librairie7l.com\/en\/?s={search_term_string}"},"query-input":"required name=search_term_string"}],"inLanguage":"en-US"},{"@type":"Organization","@id":"https:\/\/librairie7l.com\/en\/#organization","name":"Librairie 7L","url":"https:\/\/librairie7l.com\/en\/","logo":{"@type":"ImageObject","inLanguage":"en-US","@id":"https:\/\/librairie7l.com\/en\/#\/schema\/logo\/image\/","url":"https:\/\/librairie7l.com\/wp-content\/uploads\/2022\/08\/logo-1.png","contentUrl":"https:\/\/librairie7l.com\/wp-content\/uploads\/2022\/08\/logo-1.png","width":227,"height":301,"caption":"Librairie 7L"},"image":{"@id":"https:\/\/librairie7l.com\/en\/#\/schema\/logo\/image\/"}}]}},"_links":{"self":[{"href":"https:\/\/librairie7l.com\/en\/wp-json\/wp\/v2\/pages\/13364"}],"collection":[{"href":"https:\/\/librairie7l.com\/en\/wp-json\/wp\/v2\/pages"}],"about":[{"href":"https:\/\/librairie7l.com\/en\/wp-json\/wp\/v2\/types\/page"}],"author":[{"embeddable":true,"href":"https:\/\/librairie7l.com\/en\/wp-json\/wp\/v2\/users\/1"}],"replies":[{"embeddable":true,"href":"https:\/\/librairie7l.com\/en\/wp-json\/wp\/v2\/comments?post=13364"}],"version-history":[{"count":7,"href":"https:\/\/librairie7l.com\/en\/wp-json\/wp\/v2\/pages\/13364\/revisions"}],"predecessor-version":[{"id":35718,"href":"https:\/\/librairie7l.com\/en\/wp-json\/wp\/v2\/pages\/13364\/revisions\/35718"}],"wp:attachment":[{"href":"https:\/\/librairie7l.com\/en\/wp-json\/wp\/v2\/media?parent=13364"}],"curies":[{"name":"wp","href":"https:\/\/api.w.org\/{rel}","templated":true}]}}