{"id":15417,"date":"2023-02-07T17:13:53","date_gmt":"2023-02-07T16:13:53","guid":{"rendered":"https:\/\/librairie7l.com\/?post_type=product&#038;p=15417"},"modified":"2026-04-20T15:06:21","modified_gmt":"2026-04-20T13:06:21","slug":"threads-of-power","status":"publish","type":"product","link":"https:\/\/librairie7l.com\/en\/produit\/threads-of-power\/","title":{"rendered":"THREADS OF POWER"},"content":{"rendered":"<p>Under the direction of:<\/p>\n<ul>\n<li>Emma Cormack<\/li>\n<li>Michele Majer<\/li>\n<\/ul>\n<p>With the contribution of:<\/p>\n<ul>\n<li>Barbara Karl<\/li>\n<li>Paula Hohti<\/li>\n<li>Femke Speelberg<\/li>\n<li>Frieda Sorber<\/li>\n<li>Amalia Descalzo Lorenzo<\/li>\n<li>Mariselle Mel\u00e9ndez<\/li>\n<li>James Middleton<\/li>\n<li>Laura Beltr\u00e1n-Rubio<\/li>\n<li>Denis Bruna<\/li>\n<li>Lesley Miller<\/li>\n<li>Annabel Bonnin Talbot<\/li>\n<li>Emily Zilber<\/li>\n<li>Anne Wanner-JeanRichard<\/li>\n<li>Catherine \u00d6rmen<\/li>\n<li>Ilona Kos<\/li>\n<li>Annina Dosch<\/li>\n<li>Tobias Forster<\/li>\n<li>Hans Schreiber<\/li>\n<li>Martin Leuthold<\/li>\n<li>Kenna Libes<\/li>\n<\/ul>\n","protected":false},"excerpt":{"rendered":"<p>Under the direction of: Emma Cormack Michele Majer With the contribution of: Barbara Karl Paula Hohti Femke Speelberg Frieda Sorber Amalia Descalzo Lorenzo Mariselle Mel\u00e9ndez James Middleton Laura Beltr\u00e1n-Rubio Denis Bruna Lesley Miller Annabel Bonnin Talbot Emily Zilber Anne Wanner-JeanRichard Catherine \u00d6rmen Ilona Kos Annina Dosch Tobias Forster Hans Schreiber Martin Leuthold Kenna Libes<\/p>\n","protected":false},"featured_media":0,"template":"","meta":[],"product_cat":[2948,2957],"product_tag":[],"acf":[],"yoast_head":"<!-- This site is optimized with the Yoast SEO plugin v20.11 - https:\/\/yoast.com\/wordpress\/plugins\/seo\/ -->\n<title>THREADS OF POWER - Librairie 7L<\/title>\n<meta name=\"robots\" content=\"index, follow, max-snippet:-1, max-image-preview:large, max-video-preview:-1\" \/>\n<link rel=\"canonical\" href=\"https:\/\/librairie7l.com\/en\/produit\/threads-of-power\/\" \/>\n<meta property=\"og:locale\" content=\"en_US\" \/>\n<meta property=\"og:type\" content=\"article\" \/>\n<meta property=\"og:title\" content=\"THREADS OF POWER - Librairie 7L\" \/>\n<meta property=\"og:description\" content=\"Under the direction of: Emma Cormack Michele Majer With the contribution of: Barbara Karl Paula Hohti Femke Speelberg Frieda Sorber Amalia Descalzo Lorenzo Mariselle Mel\u00e9ndez James Middleton Laura Beltr\u00e1n-Rubio Denis Bruna Lesley Miller Annabel Bonnin Talbot Emily Zilber Anne Wanner-JeanRichard Catherine \u00d6rmen Ilona Kos Annina Dosch Tobias Forster Hans Schreiber Martin Leuthold Kenna Libes\" \/>\n<meta property=\"og:url\" content=\"https:\/\/librairie7l.com\/en\/produit\/threads-of-power\/\" \/>\n<meta property=\"og:site_name\" content=\"Librairie 7L\" \/>\n<meta property=\"article:modified_time\" content=\"2026-04-20T13:06:21+00:00\" \/>\n<meta name=\"twitter:card\" content=\"summary_large_image\" \/>\n<meta name=\"twitter:label1\" content=\"Est. reading time\" \/>\n\t<meta name=\"twitter:data1\" content=\"1 minute\" \/>\n<script type=\"application\/ld+json\" class=\"yoast-schema-graph\">{\"@context\":\"https:\/\/schema.org\",\"@graph\":[{\"@type\":\"WebPage\",\"@id\":\"https:\/\/librairie7l.com\/en\/produit\/threads-of-power\/\",\"url\":\"https:\/\/librairie7l.com\/en\/produit\/threads-of-power\/\",\"name\":\"THREADS OF POWER - Librairie 7L\",\"isPartOf\":{\"@id\":\"https:\/\/librairie7l.com\/en\/#website\"},\"datePublished\":\"2023-02-07T16:13:53+00:00\",\"dateModified\":\"2026-04-20T13:06:21+00:00\",\"breadcrumb\":{\"@id\":\"https:\/\/librairie7l.com\/en\/produit\/threads-of-power\/#breadcrumb\"},\"inLanguage\":\"en-US\",\"potentialAction\":[{\"@type\":\"ReadAction\",\"target\":[\"https:\/\/librairie7l.com\/en\/produit\/threads-of-power\/\"]}]},{\"@type\":\"BreadcrumbList\",\"@id\":\"https:\/\/librairie7l.com\/en\/produit\/threads-of-power\/#breadcrumb\",\"itemListElement\":[{\"@type\":\"ListItem\",\"position\":1,\"name\":\"Accueil\",\"item\":\"https:\/\/librairie7l.com\/en\/\"},{\"@type\":\"ListItem\",\"position\":2,\"name\":\"Shop\",\"item\":\"https:\/\/librairie7l.com\/en\/shop\/\"},{\"@type\":\"ListItem\",\"position\":3,\"name\":\"THREADS OF POWER\"}]},{\"@type\":\"WebSite\",\"@id\":\"https:\/\/librairie7l.com\/en\/#website\",\"url\":\"https:\/\/librairie7l.com\/en\/\",\"name\":\"Librairie 7L\",\"description\":\"Librairie fond\u00e9e en 1999 par Karl Lagerfeld \u00e0 Paris\",\"publisher\":{\"@id\":\"https:\/\/librairie7l.com\/en\/#organization\"},\"potentialAction\":[{\"@type\":\"SearchAction\",\"target\":{\"@type\":\"EntryPoint\",\"urlTemplate\":\"https:\/\/librairie7l.com\/en\/?s={search_term_string}\"},\"query-input\":\"required name=search_term_string\"}],\"inLanguage\":\"en-US\"},{\"@type\":\"Organization\",\"@id\":\"https:\/\/librairie7l.com\/en\/#organization\",\"name\":\"Librairie 7L\",\"url\":\"https:\/\/librairie7l.com\/en\/\",\"logo\":{\"@type\":\"ImageObject\",\"inLanguage\":\"en-US\",\"@id\":\"https:\/\/librairie7l.com\/en\/#\/schema\/logo\/image\/\",\"url\":\"https:\/\/librairie7l.com\/wp-content\/uploads\/2022\/08\/logo-1.png\",\"contentUrl\":\"https:\/\/librairie7l.com\/wp-content\/uploads\/2022\/08\/logo-1.png\",\"width\":227,\"height\":301,\"caption\":\"Librairie 7L\"},\"image\":{\"@id\":\"https:\/\/librairie7l.com\/en\/#\/schema\/logo\/image\/\"}}]}<\/script>\n<!-- \/ Yoast SEO plugin. -->","yoast_head_json":{"title":"THREADS OF POWER - Librairie 7L","robots":{"index":"index","follow":"follow","max-snippet":"max-snippet:-1","max-image-preview":"max-image-preview:large","max-video-preview":"max-video-preview:-1"},"canonical":"https:\/\/librairie7l.com\/en\/produit\/threads-of-power\/","og_locale":"en_US","og_type":"article","og_title":"THREADS OF POWER - Librairie 7L","og_description":"Under the direction of: Emma Cormack Michele Majer With the contribution of: Barbara Karl Paula Hohti Femke Speelberg Frieda Sorber Amalia Descalzo Lorenzo Mariselle Mel\u00e9ndez James Middleton Laura Beltr\u00e1n-Rubio Denis Bruna Lesley Miller Annabel Bonnin Talbot Emily Zilber Anne Wanner-JeanRichard Catherine \u00d6rmen Ilona Kos Annina Dosch Tobias Forster Hans Schreiber Martin Leuthold Kenna Libes","og_url":"https:\/\/librairie7l.com\/en\/produit\/threads-of-power\/","og_site_name":"Librairie 7L","article_modified_time":"2026-04-20T13:06:21+00:00","twitter_card":"summary_large_image","twitter_misc":{"Est. reading time":"1 minute"},"schema":{"@context":"https:\/\/schema.org","@graph":[{"@type":"WebPage","@id":"https:\/\/librairie7l.com\/en\/produit\/threads-of-power\/","url":"https:\/\/librairie7l.com\/en\/produit\/threads-of-power\/","name":"THREADS OF POWER - Librairie 7L","isPartOf":{"@id":"https:\/\/librairie7l.com\/en\/#website"},"datePublished":"2023-02-07T16:13:53+00:00","dateModified":"2026-04-20T13:06:21+00:00","breadcrumb":{"@id":"https:\/\/librairie7l.com\/en\/produit\/threads-of-power\/#breadcrumb"},"inLanguage":"en-US","potentialAction":[{"@type":"ReadAction","target":["https:\/\/librairie7l.com\/en\/produit\/threads-of-power\/"]}]},{"@type":"BreadcrumbList","@id":"https:\/\/librairie7l.com\/en\/produit\/threads-of-power\/#breadcrumb","itemListElement":[{"@type":"ListItem","position":1,"name":"Accueil","item":"https:\/\/librairie7l.com\/en\/"},{"@type":"ListItem","position":2,"name":"Shop","item":"https:\/\/librairie7l.com\/en\/shop\/"},{"@type":"ListItem","position":3,"name":"THREADS OF POWER"}]},{"@type":"WebSite","@id":"https:\/\/librairie7l.com\/en\/#website","url":"https:\/\/librairie7l.com\/en\/","name":"Librairie 7L","description":"Librairie fond\u00e9e en 1999 par Karl Lagerfeld \u00e0 Paris","publisher":{"@id":"https:\/\/librairie7l.com\/en\/#organization"},"potentialAction":[{"@type":"SearchAction","target":{"@type":"EntryPoint","urlTemplate":"https:\/\/librairie7l.com\/en\/?s={search_term_string}"},"query-input":"required name=search_term_string"}],"inLanguage":"en-US"},{"@type":"Organization","@id":"https:\/\/librairie7l.com\/en\/#organization","name":"Librairie 7L","url":"https:\/\/librairie7l.com\/en\/","logo":{"@type":"ImageObject","inLanguage":"en-US","@id":"https:\/\/librairie7l.com\/en\/#\/schema\/logo\/image\/","url":"https:\/\/librairie7l.com\/wp-content\/uploads\/2022\/08\/logo-1.png","contentUrl":"https:\/\/librairie7l.com\/wp-content\/uploads\/2022\/08\/logo-1.png","width":227,"height":301,"caption":"Librairie 7L"},"image":{"@id":"https:\/\/librairie7l.com\/en\/#\/schema\/logo\/image\/"}}]}},"_links":{"self":[{"href":"https:\/\/librairie7l.com\/en\/wp-json\/wp\/v2\/product\/15417"}],"collection":[{"href":"https:\/\/librairie7l.com\/en\/wp-json\/wp\/v2\/product"}],"about":[{"href":"https:\/\/librairie7l.com\/en\/wp-json\/wp\/v2\/types\/product"}],"wp:attachment":[{"href":"https:\/\/librairie7l.com\/en\/wp-json\/wp\/v2\/media?parent=15417"}],"wp:term":[{"taxonomy":"product_cat","embeddable":true,"href":"https:\/\/librairie7l.com\/en\/wp-json\/wp\/v2\/product_cat?post=15417"},{"taxonomy":"product_tag","embeddable":true,"href":"https:\/\/librairie7l.com\/en\/wp-json\/wp\/v2\/product_tag?post=15417"}],"curies":[{"name":"wp","href":"https:\/\/api.w.org\/{rel}","templated":true}]}}