{"id":15648,"date":"2023-05-09T17:05:46","date_gmt":"2023-05-09T15:05:46","guid":{"rendered":"https:\/\/librairie7l.com\/?post_type=product&#038;p=15648"},"modified":"2026-04-18T07:00:00","modified_gmt":"2026-04-18T05:00:00","slug":"blanc-histoire-dune-couleur","status":"publish","type":"product","link":"https:\/\/librairie7l.com\/en\/produit\/blanc-histoire-dune-couleur\/","title":{"rendered":"BLANC : HISTOIRE D&#8217;UNE COULEUR"},"content":{"rendered":"<p>Contrairement \u00e0 une id\u00e9e re\u00e7ue, le blanc est une couleur \u00e0 part enti\u00e8re, au m\u00eame titre que le rouge, le bleu, le vert ou le jaune. Le livre de Michel Pastoureau retrace sa longue histoire en Europe, de l&#8217;Antiquit\u00e9 la plus recul\u00e9e jusqu&#8217;aux soci\u00e9t\u00e9s contemporaines. Il s&#8217;int\u00e9resse \u00e0 tous ses aspects, du lexique aux symboles, en passant par la culture mat\u00e9rielle, les pratiques sociales, les savoirs scientifiques, les morales religieuses, la cr\u00e9ation artistique.<\/p>\n<p>Avant le XVIIe si\u00e8cle, jamais le blanc ne s&#8217;est vu contester son statut de v\u00e9ritable couleur. Bien au contraire, de l&#8217;Antiquit\u00e9 jusqu&#8217;au coeur du Moyen \u00c2ge, il a constitu\u00e9 avec le rouge et le noir une triade chromatique jouant un r\u00f4le de premier plan dans la vie quotidienne et dans le monde des repr\u00e9sentations. De m\u00eame, pendant des si\u00e8cles, il n&#8217;y a jamais eu, dans quelque langue que ce soit, synonymie entre \u00ab blanc \u00bb et \u00ab incolore \u00bb : jamais blanc n&#8217;a signifi\u00e9 \u00ab sans couleur \u00bb. Et m\u00eame, les langues europ\u00e9ennes ont longtemps us\u00e9 de plusieurs mots pour exprimer les diff\u00e9rentes nuances du blanc. Celui-ci n&#8217;a du reste pas toujours \u00e9t\u00e9 pens\u00e9 comme un contraire du noir : dans l&#8217;Antiquit\u00e9 classique et tout au long du Moyen \u00c2ge, le vrai contraire du blanc \u00e9tait le rouge. D&#8217;o\u00f9 la tr\u00e8s grande richesse symbolique du blanc, bien plus positive que n\u00e9gative : puret\u00e9, virginit\u00e9, innocence, sagesse, paix, beaut\u00e9, propret\u00e9.<\/p>\n<p>Accompagn\u00e9 d&#8217;une abondante iconographie, cet ouvrage est le sixi\u00e8me d&#8217;une s\u00e9rie consacr\u00e9e \u00e0 l&#8217;histoire sociale et culturelle des couleurs en Europe.<\/p>\n","protected":false},"excerpt":{"rendered":"<p>Contrairement \u00e0 une id\u00e9e re\u00e7ue, le blanc est une couleur \u00e0 part enti\u00e8re, au m\u00eame titre que le rouge, le bleu, le vert ou le jaune. Le livre de Michel Pastoureau retrace sa longue histoire en Europe, de l&#8217;Antiquit\u00e9 la plus recul\u00e9e jusqu&#8217;aux soci\u00e9t\u00e9s contemporaines. Il s&#8217;int\u00e9resse \u00e0 tous ses aspects, du lexique aux symboles, [&hellip;]<\/p>\n","protected":false},"featured_media":15646,"template":"","meta":[],"product_cat":[55,2948,47,2953],"product_tag":[],"acf":[],"yoast_head":"<!-- This site is optimized with the Yoast SEO plugin v20.11 - https:\/\/yoast.com\/wordpress\/plugins\/seo\/ -->\n<title>BLANC : HISTOIRE D&#039;UNE COULEUR - Librairie 7L<\/title>\n<meta name=\"robots\" content=\"index, follow, max-snippet:-1, max-image-preview:large, max-video-preview:-1\" \/>\n<link rel=\"canonical\" href=\"https:\/\/librairie7l.com\/en\/produit\/blanc-histoire-dune-couleur\/\" \/>\n<meta property=\"og:locale\" content=\"en_US\" \/>\n<meta property=\"og:type\" content=\"article\" \/>\n<meta property=\"og:title\" content=\"BLANC : HISTOIRE D&#039;UNE COULEUR - Librairie 7L\" \/>\n<meta property=\"og:description\" content=\"Contrairement \u00e0 une id\u00e9e re\u00e7ue, le blanc est une couleur \u00e0 part enti\u00e8re, au m\u00eame titre que le rouge, le bleu, le vert ou le jaune. Le livre de Michel Pastoureau retrace sa longue histoire en Europe, de l&#8217;Antiquit\u00e9 la plus recul\u00e9e jusqu&#8217;aux soci\u00e9t\u00e9s contemporaines. Il s&#8217;int\u00e9resse \u00e0 tous ses aspects, du lexique aux symboles, [&hellip;]\" \/>\n<meta property=\"og:url\" content=\"https:\/\/librairie7l.com\/en\/produit\/blanc-histoire-dune-couleur\/\" \/>\n<meta property=\"og:site_name\" content=\"Librairie 7L\" \/>\n<meta property=\"article:modified_time\" content=\"2026-04-18T05:00:00+00:00\" \/>\n<meta property=\"og:image\" content=\"https:\/\/librairie7l.com\/wp-content\/uploads\/2022\/10\/9782021504538_1_75.jpg\" \/>\n\t<meta property=\"og:image:width\" content=\"600\" \/>\n\t<meta property=\"og:image:height\" content=\"625\" \/>\n\t<meta property=\"og:image:type\" content=\"image\/jpeg\" \/>\n<meta name=\"twitter:card\" content=\"summary_large_image\" \/>\n<meta name=\"twitter:label1\" content=\"Est. reading time\" \/>\n\t<meta name=\"twitter:data1\" content=\"1 minute\" \/>\n<script type=\"application\/ld+json\" class=\"yoast-schema-graph\">{\"@context\":\"https:\/\/schema.org\",\"@graph\":[{\"@type\":\"WebPage\",\"@id\":\"https:\/\/librairie7l.com\/en\/produit\/blanc-histoire-dune-couleur\/\",\"url\":\"https:\/\/librairie7l.com\/en\/produit\/blanc-histoire-dune-couleur\/\",\"name\":\"BLANC : HISTOIRE D'UNE COULEUR - Librairie 7L\",\"isPartOf\":{\"@id\":\"https:\/\/librairie7l.com\/en\/#website\"},\"datePublished\":\"2023-05-09T15:05:46+00:00\",\"dateModified\":\"2026-04-18T05:00:00+00:00\",\"breadcrumb\":{\"@id\":\"https:\/\/librairie7l.com\/en\/produit\/blanc-histoire-dune-couleur\/#breadcrumb\"},\"inLanguage\":\"en-US\",\"potentialAction\":[{\"@type\":\"ReadAction\",\"target\":[\"https:\/\/librairie7l.com\/en\/produit\/blanc-histoire-dune-couleur\/\"]}]},{\"@type\":\"BreadcrumbList\",\"@id\":\"https:\/\/librairie7l.com\/en\/produit\/blanc-histoire-dune-couleur\/#breadcrumb\",\"itemListElement\":[{\"@type\":\"ListItem\",\"position\":1,\"name\":\"Accueil\",\"item\":\"https:\/\/librairie7l.com\/en\/\"},{\"@type\":\"ListItem\",\"position\":2,\"name\":\"Shop\",\"item\":\"https:\/\/librairie7l.com\/en\/shop\/\"},{\"@type\":\"ListItem\",\"position\":3,\"name\":\"BLANC : HISTOIRE D&#8217;UNE COULEUR\"}]},{\"@type\":\"WebSite\",\"@id\":\"https:\/\/librairie7l.com\/en\/#website\",\"url\":\"https:\/\/librairie7l.com\/en\/\",\"name\":\"Librairie 7L\",\"description\":\"Librairie fond\u00e9e en 1999 par Karl Lagerfeld \u00e0 Paris\",\"publisher\":{\"@id\":\"https:\/\/librairie7l.com\/en\/#organization\"},\"potentialAction\":[{\"@type\":\"SearchAction\",\"target\":{\"@type\":\"EntryPoint\",\"urlTemplate\":\"https:\/\/librairie7l.com\/en\/?s={search_term_string}\"},\"query-input\":\"required name=search_term_string\"}],\"inLanguage\":\"en-US\"},{\"@type\":\"Organization\",\"@id\":\"https:\/\/librairie7l.com\/en\/#organization\",\"name\":\"Librairie 7L\",\"url\":\"https:\/\/librairie7l.com\/en\/\",\"logo\":{\"@type\":\"ImageObject\",\"inLanguage\":\"en-US\",\"@id\":\"https:\/\/librairie7l.com\/en\/#\/schema\/logo\/image\/\",\"url\":\"https:\/\/librairie7l.com\/wp-content\/uploads\/2022\/08\/logo-1.png\",\"contentUrl\":\"https:\/\/librairie7l.com\/wp-content\/uploads\/2022\/08\/logo-1.png\",\"width\":227,\"height\":301,\"caption\":\"Librairie 7L\"},\"image\":{\"@id\":\"https:\/\/librairie7l.com\/en\/#\/schema\/logo\/image\/\"}}]}<\/script>\n<!-- \/ Yoast SEO plugin. -->","yoast_head_json":{"title":"BLANC : HISTOIRE D'UNE COULEUR - Librairie 7L","robots":{"index":"index","follow":"follow","max-snippet":"max-snippet:-1","max-image-preview":"max-image-preview:large","max-video-preview":"max-video-preview:-1"},"canonical":"https:\/\/librairie7l.com\/en\/produit\/blanc-histoire-dune-couleur\/","og_locale":"en_US","og_type":"article","og_title":"BLANC : HISTOIRE D'UNE COULEUR - Librairie 7L","og_description":"Contrairement \u00e0 une id\u00e9e re\u00e7ue, le blanc est une couleur \u00e0 part enti\u00e8re, au m\u00eame titre que le rouge, le bleu, le vert ou le jaune. Le livre de Michel Pastoureau retrace sa longue histoire en Europe, de l&#8217;Antiquit\u00e9 la plus recul\u00e9e jusqu&#8217;aux soci\u00e9t\u00e9s contemporaines. Il s&#8217;int\u00e9resse \u00e0 tous ses aspects, du lexique aux symboles, [&hellip;]","og_url":"https:\/\/librairie7l.com\/en\/produit\/blanc-histoire-dune-couleur\/","og_site_name":"Librairie 7L","article_modified_time":"2026-04-18T05:00:00+00:00","og_image":[{"width":600,"height":625,"url":"https:\/\/librairie7l.com\/wp-content\/uploads\/2022\/10\/9782021504538_1_75.jpg","type":"image\/jpeg"}],"twitter_card":"summary_large_image","twitter_misc":{"Est. reading time":"1 minute"},"schema":{"@context":"https:\/\/schema.org","@graph":[{"@type":"WebPage","@id":"https:\/\/librairie7l.com\/en\/produit\/blanc-histoire-dune-couleur\/","url":"https:\/\/librairie7l.com\/en\/produit\/blanc-histoire-dune-couleur\/","name":"BLANC : HISTOIRE D'UNE COULEUR - Librairie 7L","isPartOf":{"@id":"https:\/\/librairie7l.com\/en\/#website"},"datePublished":"2023-05-09T15:05:46+00:00","dateModified":"2026-04-18T05:00:00+00:00","breadcrumb":{"@id":"https:\/\/librairie7l.com\/en\/produit\/blanc-histoire-dune-couleur\/#breadcrumb"},"inLanguage":"en-US","potentialAction":[{"@type":"ReadAction","target":["https:\/\/librairie7l.com\/en\/produit\/blanc-histoire-dune-couleur\/"]}]},{"@type":"BreadcrumbList","@id":"https:\/\/librairie7l.com\/en\/produit\/blanc-histoire-dune-couleur\/#breadcrumb","itemListElement":[{"@type":"ListItem","position":1,"name":"Accueil","item":"https:\/\/librairie7l.com\/en\/"},{"@type":"ListItem","position":2,"name":"Shop","item":"https:\/\/librairie7l.com\/en\/shop\/"},{"@type":"ListItem","position":3,"name":"BLANC : HISTOIRE D&#8217;UNE COULEUR"}]},{"@type":"WebSite","@id":"https:\/\/librairie7l.com\/en\/#website","url":"https:\/\/librairie7l.com\/en\/","name":"Librairie 7L","description":"Librairie fond\u00e9e en 1999 par Karl Lagerfeld \u00e0 Paris","publisher":{"@id":"https:\/\/librairie7l.com\/en\/#organization"},"potentialAction":[{"@type":"SearchAction","target":{"@type":"EntryPoint","urlTemplate":"https:\/\/librairie7l.com\/en\/?s={search_term_string}"},"query-input":"required name=search_term_string"}],"inLanguage":"en-US"},{"@type":"Organization","@id":"https:\/\/librairie7l.com\/en\/#organization","name":"Librairie 7L","url":"https:\/\/librairie7l.com\/en\/","logo":{"@type":"ImageObject","inLanguage":"en-US","@id":"https:\/\/librairie7l.com\/en\/#\/schema\/logo\/image\/","url":"https:\/\/librairie7l.com\/wp-content\/uploads\/2022\/08\/logo-1.png","contentUrl":"https:\/\/librairie7l.com\/wp-content\/uploads\/2022\/08\/logo-1.png","width":227,"height":301,"caption":"Librairie 7L"},"image":{"@id":"https:\/\/librairie7l.com\/en\/#\/schema\/logo\/image\/"}}]}},"_links":{"self":[{"href":"https:\/\/librairie7l.com\/en\/wp-json\/wp\/v2\/product\/15648"}],"collection":[{"href":"https:\/\/librairie7l.com\/en\/wp-json\/wp\/v2\/product"}],"about":[{"href":"https:\/\/librairie7l.com\/en\/wp-json\/wp\/v2\/types\/product"}],"wp:featuredmedia":[{"embeddable":true,"href":"https:\/\/librairie7l.com\/en\/wp-json\/wp\/v2\/media\/15646"}],"wp:attachment":[{"href":"https:\/\/librairie7l.com\/en\/wp-json\/wp\/v2\/media?parent=15648"}],"wp:term":[{"taxonomy":"product_cat","embeddable":true,"href":"https:\/\/librairie7l.com\/en\/wp-json\/wp\/v2\/product_cat?post=15648"},{"taxonomy":"product_tag","embeddable":true,"href":"https:\/\/librairie7l.com\/en\/wp-json\/wp\/v2\/product_tag?post=15648"}],"curies":[{"name":"wp","href":"https:\/\/api.w.org\/{rel}","templated":true}]}}