{"id":15660,"date":"2023-05-09T17:05:58","date_gmt":"2023-05-09T15:05:58","guid":{"rendered":"https:\/\/librairie7l.com\/?post_type=product&#038;p=15660"},"modified":"2026-04-18T12:08:23","modified_gmt":"2026-04-18T10:08:23","slug":"espace-vital-femmes-photographes-iraniennes","status":"publish","type":"product","link":"https:\/\/librairie7l.com\/en\/produit\/espace-vital-femmes-photographes-iraniennes\/","title":{"rendered":"ESPACE VITAL : FEMMES PHOTOGRAPHES IRANIENNES"},"content":{"rendered":"<p>Dans le contexte des tensions et des soul\u00e8vements des derni\u00e8res semaines qui ont suivi la mort de Mahsa Amini, ce livre rassemble avec une intense vitalit\u00e9 les travaux d&#8217;une vingtaine de femmes photographes iraniennes, dont l&#8217;expression est r\u00e9guli\u00e8rement musel\u00e9e et les productions sous surveillance. L&#8217;intime, les rapports de l&#8217;individu \u00e0 la famille, au couple ou \u00e0 la soci\u00e9t\u00e9 au sens large, la place de la femme dans celle-ci ainsi que les liens complexes de ces femmes artistes \u00e0 l&#8217;histoire de leur pays, \u00e0 leur m\u00e9moire souvent confisqu\u00e9e, aux guerres successives qui ont vu dispara\u00eetre tant de proches, sont les th\u00e8mes qui sous-tendent et hantent leurs images. Un livre imp\u00e9rieux en forme de porte-voix.<\/p>\n","protected":false},"excerpt":{"rendered":"<p>Dans le contexte des tensions et des soul\u00e8vements des derni\u00e8res semaines qui ont suivi la mort de Mahsa Amini, ce livre rassemble avec une intense vitalit\u00e9 les travaux d&#8217;une vingtaine de femmes photographes iraniennes, dont l&#8217;expression est r\u00e9guli\u00e8rement musel\u00e9e et les productions sous surveillance. L&#8217;intime, les rapports de l&#8217;individu \u00e0 la famille, au couple ou [&hellip;]<\/p>\n","protected":false},"featured_media":15658,"template":"","meta":[],"product_cat":[55,2948,2958,17],"product_tag":[],"acf":[],"yoast_head":"<!-- This site is optimized with the Yoast SEO plugin v20.11 - https:\/\/yoast.com\/wordpress\/plugins\/seo\/ -->\n<title>ESPACE VITAL : FEMMES PHOTOGRAPHES IRANIENNES - Librairie 7L<\/title>\n<meta name=\"robots\" content=\"index, follow, max-snippet:-1, max-image-preview:large, max-video-preview:-1\" \/>\n<link rel=\"canonical\" href=\"https:\/\/librairie7l.com\/en\/produit\/espace-vital-femmes-photographes-iraniennes\/\" \/>\n<meta property=\"og:locale\" content=\"en_US\" \/>\n<meta property=\"og:type\" content=\"article\" \/>\n<meta property=\"og:title\" content=\"ESPACE VITAL : FEMMES PHOTOGRAPHES IRANIENNES - Librairie 7L\" \/>\n<meta property=\"og:description\" content=\"Dans le contexte des tensions et des soul\u00e8vements des derni\u00e8res semaines qui ont suivi la mort de Mahsa Amini, ce livre rassemble avec une intense vitalit\u00e9 les travaux d&#8217;une vingtaine de femmes photographes iraniennes, dont l&#8217;expression est r\u00e9guli\u00e8rement musel\u00e9e et les productions sous surveillance. L&#8217;intime, les rapports de l&#8217;individu \u00e0 la famille, au couple ou [&hellip;]\" \/>\n<meta property=\"og:url\" content=\"https:\/\/librairie7l.com\/en\/produit\/espace-vital-femmes-photographes-iraniennes\/\" \/>\n<meta property=\"og:site_name\" content=\"Librairie 7L\" \/>\n<meta property=\"article:modified_time\" content=\"2026-04-18T10:08:23+00:00\" \/>\n<meta property=\"og:image\" content=\"https:\/\/librairie7l.com\/wp-content\/uploads\/2023\/04\/9782845979512_1_75.jpg\" \/>\n\t<meta property=\"og:image:width\" content=\"600\" \/>\n\t<meta property=\"og:image:height\" content=\"804\" \/>\n\t<meta property=\"og:image:type\" content=\"image\/jpeg\" \/>\n<meta name=\"twitter:card\" content=\"summary_large_image\" \/>\n<meta name=\"twitter:label1\" content=\"Est. reading time\" \/>\n\t<meta name=\"twitter:data1\" content=\"1 minute\" \/>\n<script type=\"application\/ld+json\" class=\"yoast-schema-graph\">{\"@context\":\"https:\/\/schema.org\",\"@graph\":[{\"@type\":\"WebPage\",\"@id\":\"https:\/\/librairie7l.com\/en\/produit\/espace-vital-femmes-photographes-iraniennes\/\",\"url\":\"https:\/\/librairie7l.com\/en\/produit\/espace-vital-femmes-photographes-iraniennes\/\",\"name\":\"ESPACE VITAL : FEMMES PHOTOGRAPHES IRANIENNES - Librairie 7L\",\"isPartOf\":{\"@id\":\"https:\/\/librairie7l.com\/en\/#website\"},\"datePublished\":\"2023-05-09T15:05:58+00:00\",\"dateModified\":\"2026-04-18T10:08:23+00:00\",\"breadcrumb\":{\"@id\":\"https:\/\/librairie7l.com\/en\/produit\/espace-vital-femmes-photographes-iraniennes\/#breadcrumb\"},\"inLanguage\":\"en-US\",\"potentialAction\":[{\"@type\":\"ReadAction\",\"target\":[\"https:\/\/librairie7l.com\/en\/produit\/espace-vital-femmes-photographes-iraniennes\/\"]}]},{\"@type\":\"BreadcrumbList\",\"@id\":\"https:\/\/librairie7l.com\/en\/produit\/espace-vital-femmes-photographes-iraniennes\/#breadcrumb\",\"itemListElement\":[{\"@type\":\"ListItem\",\"position\":1,\"name\":\"Accueil\",\"item\":\"https:\/\/librairie7l.com\/en\/\"},{\"@type\":\"ListItem\",\"position\":2,\"name\":\"Shop\",\"item\":\"https:\/\/librairie7l.com\/en\/shop\/\"},{\"@type\":\"ListItem\",\"position\":3,\"name\":\"ESPACE VITAL : FEMMES PHOTOGRAPHES IRANIENNES\"}]},{\"@type\":\"WebSite\",\"@id\":\"https:\/\/librairie7l.com\/en\/#website\",\"url\":\"https:\/\/librairie7l.com\/en\/\",\"name\":\"Librairie 7L\",\"description\":\"Librairie fond\u00e9e en 1999 par Karl Lagerfeld \u00e0 Paris\",\"publisher\":{\"@id\":\"https:\/\/librairie7l.com\/en\/#organization\"},\"potentialAction\":[{\"@type\":\"SearchAction\",\"target\":{\"@type\":\"EntryPoint\",\"urlTemplate\":\"https:\/\/librairie7l.com\/en\/?s={search_term_string}\"},\"query-input\":\"required name=search_term_string\"}],\"inLanguage\":\"en-US\"},{\"@type\":\"Organization\",\"@id\":\"https:\/\/librairie7l.com\/en\/#organization\",\"name\":\"Librairie 7L\",\"url\":\"https:\/\/librairie7l.com\/en\/\",\"logo\":{\"@type\":\"ImageObject\",\"inLanguage\":\"en-US\",\"@id\":\"https:\/\/librairie7l.com\/en\/#\/schema\/logo\/image\/\",\"url\":\"https:\/\/librairie7l.com\/wp-content\/uploads\/2022\/08\/logo-1.png\",\"contentUrl\":\"https:\/\/librairie7l.com\/wp-content\/uploads\/2022\/08\/logo-1.png\",\"width\":227,\"height\":301,\"caption\":\"Librairie 7L\"},\"image\":{\"@id\":\"https:\/\/librairie7l.com\/en\/#\/schema\/logo\/image\/\"}}]}<\/script>\n<!-- \/ Yoast SEO plugin. -->","yoast_head_json":{"title":"ESPACE VITAL : FEMMES PHOTOGRAPHES IRANIENNES - Librairie 7L","robots":{"index":"index","follow":"follow","max-snippet":"max-snippet:-1","max-image-preview":"max-image-preview:large","max-video-preview":"max-video-preview:-1"},"canonical":"https:\/\/librairie7l.com\/en\/produit\/espace-vital-femmes-photographes-iraniennes\/","og_locale":"en_US","og_type":"article","og_title":"ESPACE VITAL : FEMMES PHOTOGRAPHES IRANIENNES - Librairie 7L","og_description":"Dans le contexte des tensions et des soul\u00e8vements des derni\u00e8res semaines qui ont suivi la mort de Mahsa Amini, ce livre rassemble avec une intense vitalit\u00e9 les travaux d&#8217;une vingtaine de femmes photographes iraniennes, dont l&#8217;expression est r\u00e9guli\u00e8rement musel\u00e9e et les productions sous surveillance. L&#8217;intime, les rapports de l&#8217;individu \u00e0 la famille, au couple ou [&hellip;]","og_url":"https:\/\/librairie7l.com\/en\/produit\/espace-vital-femmes-photographes-iraniennes\/","og_site_name":"Librairie 7L","article_modified_time":"2026-04-18T10:08:23+00:00","og_image":[{"width":600,"height":804,"url":"https:\/\/librairie7l.com\/wp-content\/uploads\/2023\/04\/9782845979512_1_75.jpg","type":"image\/jpeg"}],"twitter_card":"summary_large_image","twitter_misc":{"Est. reading time":"1 minute"},"schema":{"@context":"https:\/\/schema.org","@graph":[{"@type":"WebPage","@id":"https:\/\/librairie7l.com\/en\/produit\/espace-vital-femmes-photographes-iraniennes\/","url":"https:\/\/librairie7l.com\/en\/produit\/espace-vital-femmes-photographes-iraniennes\/","name":"ESPACE VITAL : FEMMES PHOTOGRAPHES IRANIENNES - Librairie 7L","isPartOf":{"@id":"https:\/\/librairie7l.com\/en\/#website"},"datePublished":"2023-05-09T15:05:58+00:00","dateModified":"2026-04-18T10:08:23+00:00","breadcrumb":{"@id":"https:\/\/librairie7l.com\/en\/produit\/espace-vital-femmes-photographes-iraniennes\/#breadcrumb"},"inLanguage":"en-US","potentialAction":[{"@type":"ReadAction","target":["https:\/\/librairie7l.com\/en\/produit\/espace-vital-femmes-photographes-iraniennes\/"]}]},{"@type":"BreadcrumbList","@id":"https:\/\/librairie7l.com\/en\/produit\/espace-vital-femmes-photographes-iraniennes\/#breadcrumb","itemListElement":[{"@type":"ListItem","position":1,"name":"Accueil","item":"https:\/\/librairie7l.com\/en\/"},{"@type":"ListItem","position":2,"name":"Shop","item":"https:\/\/librairie7l.com\/en\/shop\/"},{"@type":"ListItem","position":3,"name":"ESPACE VITAL : FEMMES PHOTOGRAPHES IRANIENNES"}]},{"@type":"WebSite","@id":"https:\/\/librairie7l.com\/en\/#website","url":"https:\/\/librairie7l.com\/en\/","name":"Librairie 7L","description":"Librairie fond\u00e9e en 1999 par Karl Lagerfeld \u00e0 Paris","publisher":{"@id":"https:\/\/librairie7l.com\/en\/#organization"},"potentialAction":[{"@type":"SearchAction","target":{"@type":"EntryPoint","urlTemplate":"https:\/\/librairie7l.com\/en\/?s={search_term_string}"},"query-input":"required name=search_term_string"}],"inLanguage":"en-US"},{"@type":"Organization","@id":"https:\/\/librairie7l.com\/en\/#organization","name":"Librairie 7L","url":"https:\/\/librairie7l.com\/en\/","logo":{"@type":"ImageObject","inLanguage":"en-US","@id":"https:\/\/librairie7l.com\/en\/#\/schema\/logo\/image\/","url":"https:\/\/librairie7l.com\/wp-content\/uploads\/2022\/08\/logo-1.png","contentUrl":"https:\/\/librairie7l.com\/wp-content\/uploads\/2022\/08\/logo-1.png","width":227,"height":301,"caption":"Librairie 7L"},"image":{"@id":"https:\/\/librairie7l.com\/en\/#\/schema\/logo\/image\/"}}]}},"_links":{"self":[{"href":"https:\/\/librairie7l.com\/en\/wp-json\/wp\/v2\/product\/15660"}],"collection":[{"href":"https:\/\/librairie7l.com\/en\/wp-json\/wp\/v2\/product"}],"about":[{"href":"https:\/\/librairie7l.com\/en\/wp-json\/wp\/v2\/types\/product"}],"wp:featuredmedia":[{"embeddable":true,"href":"https:\/\/librairie7l.com\/en\/wp-json\/wp\/v2\/media\/15658"}],"wp:attachment":[{"href":"https:\/\/librairie7l.com\/en\/wp-json\/wp\/v2\/media?parent=15660"}],"wp:term":[{"taxonomy":"product_cat","embeddable":true,"href":"https:\/\/librairie7l.com\/en\/wp-json\/wp\/v2\/product_cat?post=15660"},{"taxonomy":"product_tag","embeddable":true,"href":"https:\/\/librairie7l.com\/en\/wp-json\/wp\/v2\/product_tag?post=15660"}],"curies":[{"name":"wp","href":"https:\/\/api.w.org\/{rel}","templated":true}]}}