{"id":15664,"date":"2023-05-09T17:06:01","date_gmt":"2023-05-09T15:06:01","guid":{"rendered":"https:\/\/librairie7l.com\/?post_type=product&#038;p=15664"},"modified":"2026-05-06T12:35:48","modified_gmt":"2026-05-06T10:35:48","slug":"les-femmes-artistes-sont-de-plus-en-plus-dangereuses","status":"publish","type":"product","link":"https:\/\/librairie7l.com\/en\/produit\/les-femmes-artistes-sont-de-plus-en-plus-dangereuses\/","title":{"rendered":"LES FEMMES ARTISTES SONT DE PLUS EN PLUS DANGEREUSES"},"content":{"rendered":"<p>\u00ab La vie des femmes est un \u00e9ternel recommencement. Chaque jour elles doivent prouver la l\u00e9gitimit\u00e9 de leur existence \u00e0 part enti\u00e8re avec l&#8217;autre sexe. Chaque matin elles doivent \u00eatre \u00e0 la fois m\u00e8res, amantes, travailleuses en assumant la charge mentale que n\u00e9cessite ce d\u00e9triplement de personnalit\u00e9. Chaque jour des hommes disent aux femmes : \u00ab\u00c7a va mieux aujourd&#8217;hui qu&#8217;avant, non ? Alors de quoi vous plaignez-vous ?\u00bb. Les hommes ont raison mais partiellement car, s&#8217;il est ind\u00e9niable que les droits et les acquis des femmes ont fait un bond vertigineux depuis plus d&#8217;un si\u00e8cle en Occident, il n&#8217;en reste pas moins que la lutte pour l&#8217;\u00e9galit\u00e9 femme\/homme n&#8217;est pas un chemin pav\u00e9 de roses o\u00f9 les droits les plus fondamentaux sont sanctuaris\u00e9s et acquis pour toujours.Aujourd&#8217;hui l&#8217;art n&#8217;est plus un interdit lorsqu&#8217;on na\u00eet de sexe f\u00e9minin mais ce n&#8217;est pas pour autant que les obstacles sont tous lev\u00e9s. Ces femmes ont des destins extraordinaires, la force morale et psychique dont elles ont du faire preuve pour continuer \u00e0 cr\u00e9er malgr\u00e9 les \u00e9preuves force l&#8217;admiration comme le constat qu&#8217;elles n&#8217;ont pas mis leur \u00e9nergie \u00e0 se faire conna\u00eetre mais plut\u00f4t \u00e0 pers\u00e9v\u00e9rer.\u00bbLaure Adler<\/p>\n","protected":false},"excerpt":{"rendered":"<p>\u00ab La vie des femmes est un \u00e9ternel recommencement. Chaque jour elles doivent prouver la l\u00e9gitimit\u00e9 de leur existence \u00e0 part enti\u00e8re avec l&#8217;autre sexe. Chaque matin elles doivent \u00eatre \u00e0 la fois m\u00e8res, amantes, travailleuses en assumant la charge mentale que n\u00e9cessite ce d\u00e9triplement de personnalit\u00e9. Chaque jour des hommes disent aux femmes : [&hellip;]<\/p>\n","protected":false},"featured_media":15662,"template":"","meta":[],"product_cat":[55,2948,47,2953],"product_tag":[],"acf":[],"yoast_head":"<!-- This site is optimized with the Yoast SEO plugin v20.11 - https:\/\/yoast.com\/wordpress\/plugins\/seo\/ -->\n<title>LES FEMMES ARTISTES SONT DE PLUS EN PLUS DANGEREUSES - Librairie 7L<\/title>\n<meta name=\"robots\" content=\"index, follow, max-snippet:-1, max-image-preview:large, max-video-preview:-1\" \/>\n<link rel=\"canonical\" href=\"https:\/\/librairie7l.com\/en\/produit\/les-femmes-artistes-sont-de-plus-en-plus-dangereuses\/\" \/>\n<meta property=\"og:locale\" content=\"en_US\" \/>\n<meta property=\"og:type\" content=\"article\" \/>\n<meta property=\"og:title\" content=\"LES FEMMES ARTISTES SONT DE PLUS EN PLUS DANGEREUSES - Librairie 7L\" \/>\n<meta property=\"og:description\" content=\"\u00ab La vie des femmes est un \u00e9ternel recommencement. Chaque jour elles doivent prouver la l\u00e9gitimit\u00e9 de leur existence \u00e0 part enti\u00e8re avec l&#8217;autre sexe. Chaque matin elles doivent \u00eatre \u00e0 la fois m\u00e8res, amantes, travailleuses en assumant la charge mentale que n\u00e9cessite ce d\u00e9triplement de personnalit\u00e9. Chaque jour des hommes disent aux femmes : [&hellip;]\" \/>\n<meta property=\"og:url\" content=\"https:\/\/librairie7l.com\/en\/produit\/les-femmes-artistes-sont-de-plus-en-plus-dangereuses\/\" \/>\n<meta property=\"og:site_name\" content=\"Librairie 7L\" \/>\n<meta property=\"article:modified_time\" content=\"2026-05-06T10:35:48+00:00\" \/>\n<meta property=\"og:image\" content=\"https:\/\/librairie7l.com\/wp-content\/uploads\/2022\/10\/9782080279323_1_75.jpg\" \/>\n\t<meta property=\"og:image:width\" content=\"600\" \/>\n\t<meta property=\"og:image:height\" content=\"796\" \/>\n\t<meta property=\"og:image:type\" content=\"image\/jpeg\" \/>\n<meta name=\"twitter:card\" content=\"summary_large_image\" \/>\n<meta name=\"twitter:label1\" content=\"Est. reading time\" \/>\n\t<meta name=\"twitter:data1\" content=\"1 minute\" \/>\n<script type=\"application\/ld+json\" class=\"yoast-schema-graph\">{\"@context\":\"https:\/\/schema.org\",\"@graph\":[{\"@type\":\"WebPage\",\"@id\":\"https:\/\/librairie7l.com\/en\/produit\/les-femmes-artistes-sont-de-plus-en-plus-dangereuses\/\",\"url\":\"https:\/\/librairie7l.com\/en\/produit\/les-femmes-artistes-sont-de-plus-en-plus-dangereuses\/\",\"name\":\"LES FEMMES ARTISTES SONT DE PLUS EN PLUS DANGEREUSES - Librairie 7L\",\"isPartOf\":{\"@id\":\"https:\/\/librairie7l.com\/en\/#website\"},\"datePublished\":\"2023-05-09T15:06:01+00:00\",\"dateModified\":\"2026-05-06T10:35:48+00:00\",\"breadcrumb\":{\"@id\":\"https:\/\/librairie7l.com\/en\/produit\/les-femmes-artistes-sont-de-plus-en-plus-dangereuses\/#breadcrumb\"},\"inLanguage\":\"en-US\",\"potentialAction\":[{\"@type\":\"ReadAction\",\"target\":[\"https:\/\/librairie7l.com\/en\/produit\/les-femmes-artistes-sont-de-plus-en-plus-dangereuses\/\"]}]},{\"@type\":\"BreadcrumbList\",\"@id\":\"https:\/\/librairie7l.com\/en\/produit\/les-femmes-artistes-sont-de-plus-en-plus-dangereuses\/#breadcrumb\",\"itemListElement\":[{\"@type\":\"ListItem\",\"position\":1,\"name\":\"Accueil\",\"item\":\"https:\/\/librairie7l.com\/en\/\"},{\"@type\":\"ListItem\",\"position\":2,\"name\":\"Shop\",\"item\":\"https:\/\/librairie7l.com\/en\/shop\/\"},{\"@type\":\"ListItem\",\"position\":3,\"name\":\"LES FEMMES ARTISTES SONT DE PLUS EN PLUS DANGEREUSES\"}]},{\"@type\":\"WebSite\",\"@id\":\"https:\/\/librairie7l.com\/en\/#website\",\"url\":\"https:\/\/librairie7l.com\/en\/\",\"name\":\"Librairie 7L\",\"description\":\"Librairie fond\u00e9e en 1999 par Karl Lagerfeld \u00e0 Paris\",\"publisher\":{\"@id\":\"https:\/\/librairie7l.com\/en\/#organization\"},\"potentialAction\":[{\"@type\":\"SearchAction\",\"target\":{\"@type\":\"EntryPoint\",\"urlTemplate\":\"https:\/\/librairie7l.com\/en\/?s={search_term_string}\"},\"query-input\":\"required name=search_term_string\"}],\"inLanguage\":\"en-US\"},{\"@type\":\"Organization\",\"@id\":\"https:\/\/librairie7l.com\/en\/#organization\",\"name\":\"Librairie 7L\",\"url\":\"https:\/\/librairie7l.com\/en\/\",\"logo\":{\"@type\":\"ImageObject\",\"inLanguage\":\"en-US\",\"@id\":\"https:\/\/librairie7l.com\/en\/#\/schema\/logo\/image\/\",\"url\":\"https:\/\/librairie7l.com\/wp-content\/uploads\/2022\/08\/logo-1.png\",\"contentUrl\":\"https:\/\/librairie7l.com\/wp-content\/uploads\/2022\/08\/logo-1.png\",\"width\":227,\"height\":301,\"caption\":\"Librairie 7L\"},\"image\":{\"@id\":\"https:\/\/librairie7l.com\/en\/#\/schema\/logo\/image\/\"}}]}<\/script>\n<!-- \/ Yoast SEO plugin. -->","yoast_head_json":{"title":"LES FEMMES ARTISTES SONT DE PLUS EN PLUS DANGEREUSES - Librairie 7L","robots":{"index":"index","follow":"follow","max-snippet":"max-snippet:-1","max-image-preview":"max-image-preview:large","max-video-preview":"max-video-preview:-1"},"canonical":"https:\/\/librairie7l.com\/en\/produit\/les-femmes-artistes-sont-de-plus-en-plus-dangereuses\/","og_locale":"en_US","og_type":"article","og_title":"LES FEMMES ARTISTES SONT DE PLUS EN PLUS DANGEREUSES - Librairie 7L","og_description":"\u00ab La vie des femmes est un \u00e9ternel recommencement. Chaque jour elles doivent prouver la l\u00e9gitimit\u00e9 de leur existence \u00e0 part enti\u00e8re avec l&#8217;autre sexe. Chaque matin elles doivent \u00eatre \u00e0 la fois m\u00e8res, amantes, travailleuses en assumant la charge mentale que n\u00e9cessite ce d\u00e9triplement de personnalit\u00e9. Chaque jour des hommes disent aux femmes : [&hellip;]","og_url":"https:\/\/librairie7l.com\/en\/produit\/les-femmes-artistes-sont-de-plus-en-plus-dangereuses\/","og_site_name":"Librairie 7L","article_modified_time":"2026-05-06T10:35:48+00:00","og_image":[{"width":600,"height":796,"url":"https:\/\/librairie7l.com\/wp-content\/uploads\/2022\/10\/9782080279323_1_75.jpg","type":"image\/jpeg"}],"twitter_card":"summary_large_image","twitter_misc":{"Est. reading time":"1 minute"},"schema":{"@context":"https:\/\/schema.org","@graph":[{"@type":"WebPage","@id":"https:\/\/librairie7l.com\/en\/produit\/les-femmes-artistes-sont-de-plus-en-plus-dangereuses\/","url":"https:\/\/librairie7l.com\/en\/produit\/les-femmes-artistes-sont-de-plus-en-plus-dangereuses\/","name":"LES FEMMES ARTISTES SONT DE PLUS EN PLUS DANGEREUSES - Librairie 7L","isPartOf":{"@id":"https:\/\/librairie7l.com\/en\/#website"},"datePublished":"2023-05-09T15:06:01+00:00","dateModified":"2026-05-06T10:35:48+00:00","breadcrumb":{"@id":"https:\/\/librairie7l.com\/en\/produit\/les-femmes-artistes-sont-de-plus-en-plus-dangereuses\/#breadcrumb"},"inLanguage":"en-US","potentialAction":[{"@type":"ReadAction","target":["https:\/\/librairie7l.com\/en\/produit\/les-femmes-artistes-sont-de-plus-en-plus-dangereuses\/"]}]},{"@type":"BreadcrumbList","@id":"https:\/\/librairie7l.com\/en\/produit\/les-femmes-artistes-sont-de-plus-en-plus-dangereuses\/#breadcrumb","itemListElement":[{"@type":"ListItem","position":1,"name":"Accueil","item":"https:\/\/librairie7l.com\/en\/"},{"@type":"ListItem","position":2,"name":"Shop","item":"https:\/\/librairie7l.com\/en\/shop\/"},{"@type":"ListItem","position":3,"name":"LES FEMMES ARTISTES SONT DE PLUS EN PLUS DANGEREUSES"}]},{"@type":"WebSite","@id":"https:\/\/librairie7l.com\/en\/#website","url":"https:\/\/librairie7l.com\/en\/","name":"Librairie 7L","description":"Librairie fond\u00e9e en 1999 par Karl Lagerfeld \u00e0 Paris","publisher":{"@id":"https:\/\/librairie7l.com\/en\/#organization"},"potentialAction":[{"@type":"SearchAction","target":{"@type":"EntryPoint","urlTemplate":"https:\/\/librairie7l.com\/en\/?s={search_term_string}"},"query-input":"required name=search_term_string"}],"inLanguage":"en-US"},{"@type":"Organization","@id":"https:\/\/librairie7l.com\/en\/#organization","name":"Librairie 7L","url":"https:\/\/librairie7l.com\/en\/","logo":{"@type":"ImageObject","inLanguage":"en-US","@id":"https:\/\/librairie7l.com\/en\/#\/schema\/logo\/image\/","url":"https:\/\/librairie7l.com\/wp-content\/uploads\/2022\/08\/logo-1.png","contentUrl":"https:\/\/librairie7l.com\/wp-content\/uploads\/2022\/08\/logo-1.png","width":227,"height":301,"caption":"Librairie 7L"},"image":{"@id":"https:\/\/librairie7l.com\/en\/#\/schema\/logo\/image\/"}}]}},"_links":{"self":[{"href":"https:\/\/librairie7l.com\/en\/wp-json\/wp\/v2\/product\/15664"}],"collection":[{"href":"https:\/\/librairie7l.com\/en\/wp-json\/wp\/v2\/product"}],"about":[{"href":"https:\/\/librairie7l.com\/en\/wp-json\/wp\/v2\/types\/product"}],"wp:featuredmedia":[{"embeddable":true,"href":"https:\/\/librairie7l.com\/en\/wp-json\/wp\/v2\/media\/15662"}],"wp:attachment":[{"href":"https:\/\/librairie7l.com\/en\/wp-json\/wp\/v2\/media?parent=15664"}],"wp:term":[{"taxonomy":"product_cat","embeddable":true,"href":"https:\/\/librairie7l.com\/en\/wp-json\/wp\/v2\/product_cat?post=15664"},{"taxonomy":"product_tag","embeddable":true,"href":"https:\/\/librairie7l.com\/en\/wp-json\/wp\/v2\/product_tag?post=15664"}],"curies":[{"name":"wp","href":"https:\/\/api.w.org\/{rel}","templated":true}]}}