{"id":15672,"date":"2023-05-09T17:06:08","date_gmt":"2023-05-09T15:06:08","guid":{"rendered":"https:\/\/librairie7l.com\/?post_type=product&#038;p=15672"},"modified":"2026-04-17T13:16:36","modified_gmt":"2026-04-17T11:16:36","slug":"pastels","status":"publish","type":"product","link":"https:\/\/librairie7l.com\/en\/produit\/pastels\/","title":{"rendered":"PASTELS"},"content":{"rendered":"<p>Le xviie si\u00e8cle est traditionnellement consid\u00e9r\u00e9 comme l&#8217;\u00e2ge d&#8217;or du pastel. M\u00e9dium sans \u00e9gal pour rendre les effets de mati\u00e8re et le velout\u00e9 de  la carnation, le pastel est d&#8217;un usage alors bien souvent restreint au portrait, auquel il se pr\u00eate particuli\u00e8rement bien. Si son art passe de mode  au moment de la R\u00e9volution fran\u00e7aise, il conna\u00eet une v\u00e9ritable r\u00e9invention entre la seconde moiti\u00e9 du xixe si\u00e8cle et le d\u00e9but du xxe, ce dont  t\u00e9moigne de mani\u00e8re exceptionnelle la collection du mus\u00e9e d&#8217;Orsay,  riche d&#8217;environ 500 oeuvres. La gamme de pastels disponibles s&#8217;\u00e9tend  alors aussi consid\u00e9rablement tant en termes de nuances que de textures,  ce qui ouvre la porte \u00e0 tous types d&#8217;exp\u00e9rimentations et de pratiques.<br \/>\nLe pr\u00e9sent ouvrage met en avant, \u00e0 travers une centaine d&#8217;oeuvres, la  singularit\u00e9 du pastel, ni v\u00e9ritablement dessin, ni peinture, et le rapport  imm\u00e9diat avec la mati\u00e8re qui lui est propre. Le pastel est en effet essentiellement constitu\u00e9 de pigments purs, et cr\u00e9e une fleur en suspension  sur le grain du papier ou la toile, dont la vibration fait la beaut\u00e9, mais  aussi la grande fragilit\u00e9. Cet ouvrage s&#8217;articulera autour de huit grands  th\u00e8mes soulignant le renouveau du pastel \u00e0 partir de la seconde moiti\u00e9  du xixe si\u00e8cle en r\u00e9v\u00e9lant les oeuvres de Millet, Degas, Manet, Cassatt,  Redon, L\u00e9vy-Dhurmer et bien d&#8217;autres<\/p>\n","protected":false},"excerpt":{"rendered":"<p>Le xviie si\u00e8cle est traditionnellement consid\u00e9r\u00e9 comme l&#8217;\u00e2ge d&#8217;or du pastel. M\u00e9dium sans \u00e9gal pour rendre les effets de mati\u00e8re et le velout\u00e9 de la carnation, le pastel est d&#8217;un usage alors bien souvent restreint au portrait, auquel il se pr\u00eate particuli\u00e8rement bien. Si son art passe de mode au moment de la R\u00e9volution fran\u00e7aise, [&hellip;]<\/p>\n","protected":false},"featured_media":15670,"template":"","meta":[],"product_cat":[55,2948,47,2953],"product_tag":[],"acf":[],"yoast_head":"<!-- This site is optimized with the Yoast SEO plugin v20.11 - https:\/\/yoast.com\/wordpress\/plugins\/seo\/ -->\n<title>PASTELS - Librairie 7L<\/title>\n<meta name=\"robots\" content=\"index, follow, max-snippet:-1, max-image-preview:large, max-video-preview:-1\" \/>\n<link rel=\"canonical\" href=\"https:\/\/librairie7l.com\/en\/produit\/pastels\/\" \/>\n<meta property=\"og:locale\" content=\"en_US\" \/>\n<meta property=\"og:type\" content=\"article\" \/>\n<meta property=\"og:title\" content=\"PASTELS - Librairie 7L\" \/>\n<meta property=\"og:description\" content=\"Le xviie si\u00e8cle est traditionnellement consid\u00e9r\u00e9 comme l&#8217;\u00e2ge d&#8217;or du pastel. M\u00e9dium sans \u00e9gal pour rendre les effets de mati\u00e8re et le velout\u00e9 de la carnation, le pastel est d&#8217;un usage alors bien souvent restreint au portrait, auquel il se pr\u00eate particuli\u00e8rement bien. Si son art passe de mode au moment de la R\u00e9volution fran\u00e7aise, [&hellip;]\" \/>\n<meta property=\"og:url\" content=\"https:\/\/librairie7l.com\/en\/produit\/pastels\/\" \/>\n<meta property=\"og:site_name\" content=\"Librairie 7L\" \/>\n<meta property=\"article:modified_time\" content=\"2026-04-17T11:16:36+00:00\" \/>\n<meta property=\"og:image\" content=\"https:\/\/librairie7l.com\/wp-content\/uploads\/2023\/03\/9782711879694_1_75.jpg\" \/>\n\t<meta property=\"og:image:width\" content=\"748\" \/>\n\t<meta property=\"og:image:height\" content=\"600\" \/>\n\t<meta property=\"og:image:type\" content=\"image\/jpeg\" \/>\n<meta name=\"twitter:card\" content=\"summary_large_image\" \/>\n<meta name=\"twitter:label1\" content=\"Est. reading time\" \/>\n\t<meta name=\"twitter:data1\" content=\"1 minute\" \/>\n<script type=\"application\/ld+json\" class=\"yoast-schema-graph\">{\"@context\":\"https:\/\/schema.org\",\"@graph\":[{\"@type\":\"WebPage\",\"@id\":\"https:\/\/librairie7l.com\/en\/produit\/pastels\/\",\"url\":\"https:\/\/librairie7l.com\/en\/produit\/pastels\/\",\"name\":\"PASTELS - Librairie 7L\",\"isPartOf\":{\"@id\":\"https:\/\/librairie7l.com\/en\/#website\"},\"datePublished\":\"2023-05-09T15:06:08+00:00\",\"dateModified\":\"2026-04-17T11:16:36+00:00\",\"breadcrumb\":{\"@id\":\"https:\/\/librairie7l.com\/en\/produit\/pastels\/#breadcrumb\"},\"inLanguage\":\"en-US\",\"potentialAction\":[{\"@type\":\"ReadAction\",\"target\":[\"https:\/\/librairie7l.com\/en\/produit\/pastels\/\"]}]},{\"@type\":\"BreadcrumbList\",\"@id\":\"https:\/\/librairie7l.com\/en\/produit\/pastels\/#breadcrumb\",\"itemListElement\":[{\"@type\":\"ListItem\",\"position\":1,\"name\":\"Accueil\",\"item\":\"https:\/\/librairie7l.com\/en\/\"},{\"@type\":\"ListItem\",\"position\":2,\"name\":\"Shop\",\"item\":\"https:\/\/librairie7l.com\/en\/shop\/\"},{\"@type\":\"ListItem\",\"position\":3,\"name\":\"PASTELS\"}]},{\"@type\":\"WebSite\",\"@id\":\"https:\/\/librairie7l.com\/en\/#website\",\"url\":\"https:\/\/librairie7l.com\/en\/\",\"name\":\"Librairie 7L\",\"description\":\"Librairie fond\u00e9e en 1999 par Karl Lagerfeld \u00e0 Paris\",\"publisher\":{\"@id\":\"https:\/\/librairie7l.com\/en\/#organization\"},\"potentialAction\":[{\"@type\":\"SearchAction\",\"target\":{\"@type\":\"EntryPoint\",\"urlTemplate\":\"https:\/\/librairie7l.com\/en\/?s={search_term_string}\"},\"query-input\":\"required name=search_term_string\"}],\"inLanguage\":\"en-US\"},{\"@type\":\"Organization\",\"@id\":\"https:\/\/librairie7l.com\/en\/#organization\",\"name\":\"Librairie 7L\",\"url\":\"https:\/\/librairie7l.com\/en\/\",\"logo\":{\"@type\":\"ImageObject\",\"inLanguage\":\"en-US\",\"@id\":\"https:\/\/librairie7l.com\/en\/#\/schema\/logo\/image\/\",\"url\":\"https:\/\/librairie7l.com\/wp-content\/uploads\/2022\/08\/logo-1.png\",\"contentUrl\":\"https:\/\/librairie7l.com\/wp-content\/uploads\/2022\/08\/logo-1.png\",\"width\":227,\"height\":301,\"caption\":\"Librairie 7L\"},\"image\":{\"@id\":\"https:\/\/librairie7l.com\/en\/#\/schema\/logo\/image\/\"}}]}<\/script>\n<!-- \/ Yoast SEO plugin. -->","yoast_head_json":{"title":"PASTELS - Librairie 7L","robots":{"index":"index","follow":"follow","max-snippet":"max-snippet:-1","max-image-preview":"max-image-preview:large","max-video-preview":"max-video-preview:-1"},"canonical":"https:\/\/librairie7l.com\/en\/produit\/pastels\/","og_locale":"en_US","og_type":"article","og_title":"PASTELS - Librairie 7L","og_description":"Le xviie si\u00e8cle est traditionnellement consid\u00e9r\u00e9 comme l&#8217;\u00e2ge d&#8217;or du pastel. M\u00e9dium sans \u00e9gal pour rendre les effets de mati\u00e8re et le velout\u00e9 de la carnation, le pastel est d&#8217;un usage alors bien souvent restreint au portrait, auquel il se pr\u00eate particuli\u00e8rement bien. Si son art passe de mode au moment de la R\u00e9volution fran\u00e7aise, [&hellip;]","og_url":"https:\/\/librairie7l.com\/en\/produit\/pastels\/","og_site_name":"Librairie 7L","article_modified_time":"2026-04-17T11:16:36+00:00","og_image":[{"width":748,"height":600,"url":"https:\/\/librairie7l.com\/wp-content\/uploads\/2023\/03\/9782711879694_1_75.jpg","type":"image\/jpeg"}],"twitter_card":"summary_large_image","twitter_misc":{"Est. reading time":"1 minute"},"schema":{"@context":"https:\/\/schema.org","@graph":[{"@type":"WebPage","@id":"https:\/\/librairie7l.com\/en\/produit\/pastels\/","url":"https:\/\/librairie7l.com\/en\/produit\/pastels\/","name":"PASTELS - Librairie 7L","isPartOf":{"@id":"https:\/\/librairie7l.com\/en\/#website"},"datePublished":"2023-05-09T15:06:08+00:00","dateModified":"2026-04-17T11:16:36+00:00","breadcrumb":{"@id":"https:\/\/librairie7l.com\/en\/produit\/pastels\/#breadcrumb"},"inLanguage":"en-US","potentialAction":[{"@type":"ReadAction","target":["https:\/\/librairie7l.com\/en\/produit\/pastels\/"]}]},{"@type":"BreadcrumbList","@id":"https:\/\/librairie7l.com\/en\/produit\/pastels\/#breadcrumb","itemListElement":[{"@type":"ListItem","position":1,"name":"Accueil","item":"https:\/\/librairie7l.com\/en\/"},{"@type":"ListItem","position":2,"name":"Shop","item":"https:\/\/librairie7l.com\/en\/shop\/"},{"@type":"ListItem","position":3,"name":"PASTELS"}]},{"@type":"WebSite","@id":"https:\/\/librairie7l.com\/en\/#website","url":"https:\/\/librairie7l.com\/en\/","name":"Librairie 7L","description":"Librairie fond\u00e9e en 1999 par Karl Lagerfeld \u00e0 Paris","publisher":{"@id":"https:\/\/librairie7l.com\/en\/#organization"},"potentialAction":[{"@type":"SearchAction","target":{"@type":"EntryPoint","urlTemplate":"https:\/\/librairie7l.com\/en\/?s={search_term_string}"},"query-input":"required name=search_term_string"}],"inLanguage":"en-US"},{"@type":"Organization","@id":"https:\/\/librairie7l.com\/en\/#organization","name":"Librairie 7L","url":"https:\/\/librairie7l.com\/en\/","logo":{"@type":"ImageObject","inLanguage":"en-US","@id":"https:\/\/librairie7l.com\/en\/#\/schema\/logo\/image\/","url":"https:\/\/librairie7l.com\/wp-content\/uploads\/2022\/08\/logo-1.png","contentUrl":"https:\/\/librairie7l.com\/wp-content\/uploads\/2022\/08\/logo-1.png","width":227,"height":301,"caption":"Librairie 7L"},"image":{"@id":"https:\/\/librairie7l.com\/en\/#\/schema\/logo\/image\/"}}]}},"_links":{"self":[{"href":"https:\/\/librairie7l.com\/en\/wp-json\/wp\/v2\/product\/15672"}],"collection":[{"href":"https:\/\/librairie7l.com\/en\/wp-json\/wp\/v2\/product"}],"about":[{"href":"https:\/\/librairie7l.com\/en\/wp-json\/wp\/v2\/types\/product"}],"wp:featuredmedia":[{"embeddable":true,"href":"https:\/\/librairie7l.com\/en\/wp-json\/wp\/v2\/media\/15670"}],"wp:attachment":[{"href":"https:\/\/librairie7l.com\/en\/wp-json\/wp\/v2\/media?parent=15672"}],"wp:term":[{"taxonomy":"product_cat","embeddable":true,"href":"https:\/\/librairie7l.com\/en\/wp-json\/wp\/v2\/product_cat?post=15672"},{"taxonomy":"product_tag","embeddable":true,"href":"https:\/\/librairie7l.com\/en\/wp-json\/wp\/v2\/product_tag?post=15672"}],"curies":[{"name":"wp","href":"https:\/\/api.w.org\/{rel}","templated":true}]}}