{"id":15692,"date":"2023-05-09T17:06:25","date_gmt":"2023-05-09T15:06:25","guid":{"rendered":"https:\/\/librairie7l.com\/?post_type=product&#038;p=15692"},"modified":"2026-04-09T23:14:02","modified_gmt":"2026-04-09T21:14:02","slug":"edvard-munch-un-poeme-damour-de-vie-et-de-mort","status":"publish","type":"product","link":"https:\/\/librairie7l.com\/en\/produit\/edvard-munch-un-poeme-damour-de-vie-et-de-mort\/","title":{"rendered":"EDVARD MUNCH : UN PO\u00c8ME D&#8217;AMOUR, DE VIE ET DE MORT"},"content":{"rendered":"<p>L&#8217;oeuvre de Munch (1863-1944) occupe dans la modernit\u00e9 artistique une place charni\u00e8re. Elle plonge ses racines dans le XIXe si\u00e8cle pour s&#8217;inscrire pleinement dans le si\u00e8cle suivant. Son oeuvre tout entier des ann\u00e9es 1880 \u00e0 sa mort, est porter par une vision du monde singuli\u00e8re lui conf\u00e9rant une puissante dimension symboliste qui ne se r\u00e9duit pas aux quelques chefs-d&#8217;oeuvre qu&#8217;il a cr\u00e9\u00e9s dans les ann\u00e9es 1890. Tout au contraire, ce catalogue propose une lecture globale de son oeuvre mettant en avant la grande coh\u00e9rence de sa cr\u00e9ation, plut\u00f4t que  d&#8217;opposer un symbolisme fin-de-si\u00e8cle \u00e0 un expressionnisme qui ancrerait Munch dans la sc\u00e8ne moderne. Son approche picturale se construit principalement \u00e0 partir de cycles ; Munch exprime fr\u00e9quemment l&#8217;id\u00e9e que l&#8217;humanit\u00e9 et la nature sont inexorablement unies dans le cycle de la vie, de la mort et de la renaissance. Dans ce cadre, il \u00e9labore une iconographie in\u00e9dite, en grande partie inspir\u00e9e par les philosophies vitalistes, notamment de Friedrich Nietzsche et d&#8217;Henri Bergson. Cette notion de cycle intervient ainsi \u00e0 plusieurs niveaux dans l&#8217;oeuvre de Munch. Elle y est pr\u00e9sente aussi dans la construction m\u00eame de ses toiles, o\u00f9 certains motifs reviennent de fa\u00e7on r\u00e9guli\u00e8re. Ce que ce livre nous propose de nouveau : une nouvelle lecture de la cr\u00e9ation de cet artiste aux oeuvres autant remarquables qu&#8217;insolites.<\/p>\n","protected":false},"excerpt":{"rendered":"<p>L&#8217;oeuvre de Munch (1863-1944) occupe dans la modernit\u00e9 artistique une place charni\u00e8re. Elle plonge ses racines dans le XIXe si\u00e8cle pour s&#8217;inscrire pleinement dans le si\u00e8cle suivant. Son oeuvre tout entier des ann\u00e9es 1880 \u00e0 sa mort, est porter par une vision du monde singuli\u00e8re lui conf\u00e9rant une puissante dimension symboliste qui ne se r\u00e9duit [&hellip;]<\/p>\n","protected":false},"featured_media":15690,"template":"","meta":[],"product_cat":[55,2948,47,2953],"product_tag":[],"acf":[],"yoast_head":"<!-- This site is optimized with the Yoast SEO plugin v20.11 - https:\/\/yoast.com\/wordpress\/plugins\/seo\/ -->\n<title>EDVARD MUNCH : UN PO\u00c8ME D&#039;AMOUR, DE VIE ET DE MORT - Librairie 7L<\/title>\n<meta name=\"robots\" content=\"index, follow, max-snippet:-1, max-image-preview:large, max-video-preview:-1\" \/>\n<link rel=\"canonical\" href=\"https:\/\/librairie7l.com\/en\/produit\/edvard-munch-un-poeme-damour-de-vie-et-de-mort\/\" \/>\n<meta property=\"og:locale\" content=\"en_US\" \/>\n<meta property=\"og:type\" content=\"article\" \/>\n<meta property=\"og:title\" content=\"EDVARD MUNCH : UN PO\u00c8ME D&#039;AMOUR, DE VIE ET DE MORT - Librairie 7L\" \/>\n<meta property=\"og:description\" content=\"L&#8217;oeuvre de Munch (1863-1944) occupe dans la modernit\u00e9 artistique une place charni\u00e8re. Elle plonge ses racines dans le XIXe si\u00e8cle pour s&#8217;inscrire pleinement dans le si\u00e8cle suivant. Son oeuvre tout entier des ann\u00e9es 1880 \u00e0 sa mort, est porter par une vision du monde singuli\u00e8re lui conf\u00e9rant une puissante dimension symboliste qui ne se r\u00e9duit [&hellip;]\" \/>\n<meta property=\"og:url\" content=\"https:\/\/librairie7l.com\/en\/produit\/edvard-munch-un-poeme-damour-de-vie-et-de-mort\/\" \/>\n<meta property=\"og:site_name\" content=\"Librairie 7L\" \/>\n<meta property=\"article:modified_time\" content=\"2026-04-09T21:14:02+00:00\" \/>\n<meta property=\"og:image\" content=\"https:\/\/librairie7l.com\/wp-content\/uploads\/2022\/09\/9782711879304_1_75.jpg\" \/>\n\t<meta property=\"og:image:width\" content=\"600\" \/>\n\t<meta property=\"og:image:height\" content=\"755\" \/>\n\t<meta property=\"og:image:type\" content=\"image\/jpeg\" \/>\n<meta name=\"twitter:card\" content=\"summary_large_image\" \/>\n<meta name=\"twitter:label1\" content=\"Est. reading time\" \/>\n\t<meta name=\"twitter:data1\" content=\"1 minute\" \/>\n<script type=\"application\/ld+json\" class=\"yoast-schema-graph\">{\"@context\":\"https:\/\/schema.org\",\"@graph\":[{\"@type\":\"WebPage\",\"@id\":\"https:\/\/librairie7l.com\/en\/produit\/edvard-munch-un-poeme-damour-de-vie-et-de-mort\/\",\"url\":\"https:\/\/librairie7l.com\/en\/produit\/edvard-munch-un-poeme-damour-de-vie-et-de-mort\/\",\"name\":\"EDVARD MUNCH : UN PO\u00c8ME D'AMOUR, DE VIE ET DE MORT - Librairie 7L\",\"isPartOf\":{\"@id\":\"https:\/\/librairie7l.com\/en\/#website\"},\"datePublished\":\"2023-05-09T15:06:25+00:00\",\"dateModified\":\"2026-04-09T21:14:02+00:00\",\"breadcrumb\":{\"@id\":\"https:\/\/librairie7l.com\/en\/produit\/edvard-munch-un-poeme-damour-de-vie-et-de-mort\/#breadcrumb\"},\"inLanguage\":\"en-US\",\"potentialAction\":[{\"@type\":\"ReadAction\",\"target\":[\"https:\/\/librairie7l.com\/en\/produit\/edvard-munch-un-poeme-damour-de-vie-et-de-mort\/\"]}]},{\"@type\":\"BreadcrumbList\",\"@id\":\"https:\/\/librairie7l.com\/en\/produit\/edvard-munch-un-poeme-damour-de-vie-et-de-mort\/#breadcrumb\",\"itemListElement\":[{\"@type\":\"ListItem\",\"position\":1,\"name\":\"Accueil\",\"item\":\"https:\/\/librairie7l.com\/en\/\"},{\"@type\":\"ListItem\",\"position\":2,\"name\":\"Shop\",\"item\":\"https:\/\/librairie7l.com\/en\/shop\/\"},{\"@type\":\"ListItem\",\"position\":3,\"name\":\"EDVARD MUNCH : UN PO\u00c8ME D&#8217;AMOUR, DE VIE ET DE MORT\"}]},{\"@type\":\"WebSite\",\"@id\":\"https:\/\/librairie7l.com\/en\/#website\",\"url\":\"https:\/\/librairie7l.com\/en\/\",\"name\":\"Librairie 7L\",\"description\":\"Librairie fond\u00e9e en 1999 par Karl Lagerfeld \u00e0 Paris\",\"publisher\":{\"@id\":\"https:\/\/librairie7l.com\/en\/#organization\"},\"potentialAction\":[{\"@type\":\"SearchAction\",\"target\":{\"@type\":\"EntryPoint\",\"urlTemplate\":\"https:\/\/librairie7l.com\/en\/?s={search_term_string}\"},\"query-input\":\"required name=search_term_string\"}],\"inLanguage\":\"en-US\"},{\"@type\":\"Organization\",\"@id\":\"https:\/\/librairie7l.com\/en\/#organization\",\"name\":\"Librairie 7L\",\"url\":\"https:\/\/librairie7l.com\/en\/\",\"logo\":{\"@type\":\"ImageObject\",\"inLanguage\":\"en-US\",\"@id\":\"https:\/\/librairie7l.com\/en\/#\/schema\/logo\/image\/\",\"url\":\"https:\/\/librairie7l.com\/wp-content\/uploads\/2022\/08\/logo-1.png\",\"contentUrl\":\"https:\/\/librairie7l.com\/wp-content\/uploads\/2022\/08\/logo-1.png\",\"width\":227,\"height\":301,\"caption\":\"Librairie 7L\"},\"image\":{\"@id\":\"https:\/\/librairie7l.com\/en\/#\/schema\/logo\/image\/\"}}]}<\/script>\n<!-- \/ Yoast SEO plugin. -->","yoast_head_json":{"title":"EDVARD MUNCH : UN PO\u00c8ME D'AMOUR, DE VIE ET DE MORT - Librairie 7L","robots":{"index":"index","follow":"follow","max-snippet":"max-snippet:-1","max-image-preview":"max-image-preview:large","max-video-preview":"max-video-preview:-1"},"canonical":"https:\/\/librairie7l.com\/en\/produit\/edvard-munch-un-poeme-damour-de-vie-et-de-mort\/","og_locale":"en_US","og_type":"article","og_title":"EDVARD MUNCH : UN PO\u00c8ME D'AMOUR, DE VIE ET DE MORT - Librairie 7L","og_description":"L&#8217;oeuvre de Munch (1863-1944) occupe dans la modernit\u00e9 artistique une place charni\u00e8re. Elle plonge ses racines dans le XIXe si\u00e8cle pour s&#8217;inscrire pleinement dans le si\u00e8cle suivant. Son oeuvre tout entier des ann\u00e9es 1880 \u00e0 sa mort, est porter par une vision du monde singuli\u00e8re lui conf\u00e9rant une puissante dimension symboliste qui ne se r\u00e9duit [&hellip;]","og_url":"https:\/\/librairie7l.com\/en\/produit\/edvard-munch-un-poeme-damour-de-vie-et-de-mort\/","og_site_name":"Librairie 7L","article_modified_time":"2026-04-09T21:14:02+00:00","og_image":[{"width":600,"height":755,"url":"https:\/\/librairie7l.com\/wp-content\/uploads\/2022\/09\/9782711879304_1_75.jpg","type":"image\/jpeg"}],"twitter_card":"summary_large_image","twitter_misc":{"Est. reading time":"1 minute"},"schema":{"@context":"https:\/\/schema.org","@graph":[{"@type":"WebPage","@id":"https:\/\/librairie7l.com\/en\/produit\/edvard-munch-un-poeme-damour-de-vie-et-de-mort\/","url":"https:\/\/librairie7l.com\/en\/produit\/edvard-munch-un-poeme-damour-de-vie-et-de-mort\/","name":"EDVARD MUNCH : UN PO\u00c8ME D'AMOUR, DE VIE ET DE MORT - Librairie 7L","isPartOf":{"@id":"https:\/\/librairie7l.com\/en\/#website"},"datePublished":"2023-05-09T15:06:25+00:00","dateModified":"2026-04-09T21:14:02+00:00","breadcrumb":{"@id":"https:\/\/librairie7l.com\/en\/produit\/edvard-munch-un-poeme-damour-de-vie-et-de-mort\/#breadcrumb"},"inLanguage":"en-US","potentialAction":[{"@type":"ReadAction","target":["https:\/\/librairie7l.com\/en\/produit\/edvard-munch-un-poeme-damour-de-vie-et-de-mort\/"]}]},{"@type":"BreadcrumbList","@id":"https:\/\/librairie7l.com\/en\/produit\/edvard-munch-un-poeme-damour-de-vie-et-de-mort\/#breadcrumb","itemListElement":[{"@type":"ListItem","position":1,"name":"Accueil","item":"https:\/\/librairie7l.com\/en\/"},{"@type":"ListItem","position":2,"name":"Shop","item":"https:\/\/librairie7l.com\/en\/shop\/"},{"@type":"ListItem","position":3,"name":"EDVARD MUNCH : UN PO\u00c8ME D&#8217;AMOUR, DE VIE ET DE MORT"}]},{"@type":"WebSite","@id":"https:\/\/librairie7l.com\/en\/#website","url":"https:\/\/librairie7l.com\/en\/","name":"Librairie 7L","description":"Librairie fond\u00e9e en 1999 par Karl Lagerfeld \u00e0 Paris","publisher":{"@id":"https:\/\/librairie7l.com\/en\/#organization"},"potentialAction":[{"@type":"SearchAction","target":{"@type":"EntryPoint","urlTemplate":"https:\/\/librairie7l.com\/en\/?s={search_term_string}"},"query-input":"required name=search_term_string"}],"inLanguage":"en-US"},{"@type":"Organization","@id":"https:\/\/librairie7l.com\/en\/#organization","name":"Librairie 7L","url":"https:\/\/librairie7l.com\/en\/","logo":{"@type":"ImageObject","inLanguage":"en-US","@id":"https:\/\/librairie7l.com\/en\/#\/schema\/logo\/image\/","url":"https:\/\/librairie7l.com\/wp-content\/uploads\/2022\/08\/logo-1.png","contentUrl":"https:\/\/librairie7l.com\/wp-content\/uploads\/2022\/08\/logo-1.png","width":227,"height":301,"caption":"Librairie 7L"},"image":{"@id":"https:\/\/librairie7l.com\/en\/#\/schema\/logo\/image\/"}}]}},"_links":{"self":[{"href":"https:\/\/librairie7l.com\/en\/wp-json\/wp\/v2\/product\/15692"}],"collection":[{"href":"https:\/\/librairie7l.com\/en\/wp-json\/wp\/v2\/product"}],"about":[{"href":"https:\/\/librairie7l.com\/en\/wp-json\/wp\/v2\/types\/product"}],"wp:featuredmedia":[{"embeddable":true,"href":"https:\/\/librairie7l.com\/en\/wp-json\/wp\/v2\/media\/15690"}],"wp:attachment":[{"href":"https:\/\/librairie7l.com\/en\/wp-json\/wp\/v2\/media?parent=15692"}],"wp:term":[{"taxonomy":"product_cat","embeddable":true,"href":"https:\/\/librairie7l.com\/en\/wp-json\/wp\/v2\/product_cat?post=15692"},{"taxonomy":"product_tag","embeddable":true,"href":"https:\/\/librairie7l.com\/en\/wp-json\/wp\/v2\/product_tag?post=15692"}],"curies":[{"name":"wp","href":"https:\/\/api.w.org\/{rel}","templated":true}]}}