{"id":15700,"date":"2023-05-09T17:06:33","date_gmt":"2023-05-09T15:06:33","guid":{"rendered":"https:\/\/librairie7l.com\/?post_type=product&#038;p=15700"},"modified":"2026-04-18T11:38:50","modified_gmt":"2026-04-18T09:38:50","slug":"mondes-photographiques-histoires-des-debuts","status":"publish","type":"product","link":"https:\/\/librairie7l.com\/en\/produit\/mondes-photographiques-histoires-des-debuts\/","title":{"rendered":"MONDES PHOTOGRAPHIQUES : HISTOIRES DES D\u00c9BUTS"},"content":{"rendered":"<p>Catalogue de l&#8217;exposition &#8220;Ouvrir l&#8217;album du monde&#8221; au mus\u00e9e de quai Branly (4 avril-2 juillet 2023).<br \/>\nV\u00e9ritable plong\u00e9e dans la photographie \u00e0 l&#8217;aube de sa diffusion hors des fronti\u00e8res de l&#8217;Europe d\u00e8s le XIXe si\u00e8cle, cet ouvrage offre la premi\u00e8re histoire des d\u00e9buts de la photographie mondiale, d\u00e9centr\u00e9e et polyphonique. Pour cela, il prend comme socle la collection de photographies du mus\u00e9e du quai Branly, collection de r\u00e9f\u00e9rence pour la repr\u00e9sentation du monde extra-europ\u00e9en dans les premi\u00e8res ann\u00e9es du m\u00e9dium. S&#8217;appuyant sur l&#8217;expertise d&#8217;une cinquantaine d&#8217;auteurs, il approfondit cette \u00e9tude des trajectoires et g\u00e9ographies de la photographie dans le monde afin de mieux comprendre son d\u00e9veloppement, sa diffusion et ses appropriations \u00e0 l&#8217;\u00e9chelle locale au XIXe si\u00e8cle.<\/p>\n","protected":false},"excerpt":{"rendered":"<p>Catalogue de l&#8217;exposition &#8220;Ouvrir l&#8217;album du monde&#8221; au mus\u00e9e de quai Branly (4 avril-2 juillet 2023). V\u00e9ritable plong\u00e9e dans la photographie \u00e0 l&#8217;aube de sa diffusion hors des fronti\u00e8res de l&#8217;Europe d\u00e8s le XIXe si\u00e8cle, cet ouvrage offre la premi\u00e8re histoire des d\u00e9buts de la photographie mondiale, d\u00e9centr\u00e9e et polyphonique. Pour cela, il prend comme [&hellip;]<\/p>\n","protected":false},"featured_media":15698,"template":"","meta":[],"product_cat":[55,2948,2958,17],"product_tag":[],"acf":[],"yoast_head":"<!-- This site is optimized with the Yoast SEO plugin v20.11 - https:\/\/yoast.com\/wordpress\/plugins\/seo\/ -->\n<title>MONDES PHOTOGRAPHIQUES : HISTOIRES DES D\u00c9BUTS - Librairie 7L<\/title>\n<meta name=\"robots\" content=\"index, follow, max-snippet:-1, max-image-preview:large, max-video-preview:-1\" \/>\n<link rel=\"canonical\" href=\"https:\/\/librairie7l.com\/en\/produit\/mondes-photographiques-histoires-des-debuts\/\" \/>\n<meta property=\"og:locale\" content=\"en_US\" \/>\n<meta property=\"og:type\" content=\"article\" \/>\n<meta property=\"og:title\" content=\"MONDES PHOTOGRAPHIQUES : HISTOIRES DES D\u00c9BUTS - Librairie 7L\" \/>\n<meta property=\"og:description\" content=\"Catalogue de l&#8217;exposition &#8220;Ouvrir l&#8217;album du monde&#8221; au mus\u00e9e de quai Branly (4 avril-2 juillet 2023). V\u00e9ritable plong\u00e9e dans la photographie \u00e0 l&#8217;aube de sa diffusion hors des fronti\u00e8res de l&#8217;Europe d\u00e8s le XIXe si\u00e8cle, cet ouvrage offre la premi\u00e8re histoire des d\u00e9buts de la photographie mondiale, d\u00e9centr\u00e9e et polyphonique. Pour cela, il prend comme [&hellip;]\" \/>\n<meta property=\"og:url\" content=\"https:\/\/librairie7l.com\/en\/produit\/mondes-photographiques-histoires-des-debuts\/\" \/>\n<meta property=\"og:site_name\" content=\"Librairie 7L\" \/>\n<meta property=\"article:modified_time\" content=\"2026-04-18T09:38:50+00:00\" \/>\n<meta property=\"og:image\" content=\"https:\/\/librairie7l.com\/wp-content\/uploads\/2023\/04\/9782330178130_1_75.jpg\" \/>\n\t<meta property=\"og:image:width\" content=\"600\" \/>\n\t<meta property=\"og:image:height\" content=\"740\" \/>\n\t<meta property=\"og:image:type\" content=\"image\/jpeg\" \/>\n<meta name=\"twitter:card\" content=\"summary_large_image\" \/>\n<meta name=\"twitter:label1\" content=\"Est. reading time\" \/>\n\t<meta name=\"twitter:data1\" content=\"1 minute\" \/>\n<script type=\"application\/ld+json\" class=\"yoast-schema-graph\">{\"@context\":\"https:\/\/schema.org\",\"@graph\":[{\"@type\":\"WebPage\",\"@id\":\"https:\/\/librairie7l.com\/en\/produit\/mondes-photographiques-histoires-des-debuts\/\",\"url\":\"https:\/\/librairie7l.com\/en\/produit\/mondes-photographiques-histoires-des-debuts\/\",\"name\":\"MONDES PHOTOGRAPHIQUES : HISTOIRES DES D\u00c9BUTS - Librairie 7L\",\"isPartOf\":{\"@id\":\"https:\/\/librairie7l.com\/en\/#website\"},\"datePublished\":\"2023-05-09T15:06:33+00:00\",\"dateModified\":\"2026-04-18T09:38:50+00:00\",\"breadcrumb\":{\"@id\":\"https:\/\/librairie7l.com\/en\/produit\/mondes-photographiques-histoires-des-debuts\/#breadcrumb\"},\"inLanguage\":\"en-US\",\"potentialAction\":[{\"@type\":\"ReadAction\",\"target\":[\"https:\/\/librairie7l.com\/en\/produit\/mondes-photographiques-histoires-des-debuts\/\"]}]},{\"@type\":\"BreadcrumbList\",\"@id\":\"https:\/\/librairie7l.com\/en\/produit\/mondes-photographiques-histoires-des-debuts\/#breadcrumb\",\"itemListElement\":[{\"@type\":\"ListItem\",\"position\":1,\"name\":\"Accueil\",\"item\":\"https:\/\/librairie7l.com\/en\/\"},{\"@type\":\"ListItem\",\"position\":2,\"name\":\"Shop\",\"item\":\"https:\/\/librairie7l.com\/en\/shop\/\"},{\"@type\":\"ListItem\",\"position\":3,\"name\":\"MONDES PHOTOGRAPHIQUES : HISTOIRES DES D\u00c9BUTS\"}]},{\"@type\":\"WebSite\",\"@id\":\"https:\/\/librairie7l.com\/en\/#website\",\"url\":\"https:\/\/librairie7l.com\/en\/\",\"name\":\"Librairie 7L\",\"description\":\"Librairie fond\u00e9e en 1999 par Karl Lagerfeld \u00e0 Paris\",\"publisher\":{\"@id\":\"https:\/\/librairie7l.com\/en\/#organization\"},\"potentialAction\":[{\"@type\":\"SearchAction\",\"target\":{\"@type\":\"EntryPoint\",\"urlTemplate\":\"https:\/\/librairie7l.com\/en\/?s={search_term_string}\"},\"query-input\":\"required name=search_term_string\"}],\"inLanguage\":\"en-US\"},{\"@type\":\"Organization\",\"@id\":\"https:\/\/librairie7l.com\/en\/#organization\",\"name\":\"Librairie 7L\",\"url\":\"https:\/\/librairie7l.com\/en\/\",\"logo\":{\"@type\":\"ImageObject\",\"inLanguage\":\"en-US\",\"@id\":\"https:\/\/librairie7l.com\/en\/#\/schema\/logo\/image\/\",\"url\":\"https:\/\/librairie7l.com\/wp-content\/uploads\/2022\/08\/logo-1.png\",\"contentUrl\":\"https:\/\/librairie7l.com\/wp-content\/uploads\/2022\/08\/logo-1.png\",\"width\":227,\"height\":301,\"caption\":\"Librairie 7L\"},\"image\":{\"@id\":\"https:\/\/librairie7l.com\/en\/#\/schema\/logo\/image\/\"}}]}<\/script>\n<!-- \/ Yoast SEO plugin. -->","yoast_head_json":{"title":"MONDES PHOTOGRAPHIQUES : HISTOIRES DES D\u00c9BUTS - Librairie 7L","robots":{"index":"index","follow":"follow","max-snippet":"max-snippet:-1","max-image-preview":"max-image-preview:large","max-video-preview":"max-video-preview:-1"},"canonical":"https:\/\/librairie7l.com\/en\/produit\/mondes-photographiques-histoires-des-debuts\/","og_locale":"en_US","og_type":"article","og_title":"MONDES PHOTOGRAPHIQUES : HISTOIRES DES D\u00c9BUTS - Librairie 7L","og_description":"Catalogue de l&#8217;exposition &#8220;Ouvrir l&#8217;album du monde&#8221; au mus\u00e9e de quai Branly (4 avril-2 juillet 2023). V\u00e9ritable plong\u00e9e dans la photographie \u00e0 l&#8217;aube de sa diffusion hors des fronti\u00e8res de l&#8217;Europe d\u00e8s le XIXe si\u00e8cle, cet ouvrage offre la premi\u00e8re histoire des d\u00e9buts de la photographie mondiale, d\u00e9centr\u00e9e et polyphonique. Pour cela, il prend comme [&hellip;]","og_url":"https:\/\/librairie7l.com\/en\/produit\/mondes-photographiques-histoires-des-debuts\/","og_site_name":"Librairie 7L","article_modified_time":"2026-04-18T09:38:50+00:00","og_image":[{"width":600,"height":740,"url":"https:\/\/librairie7l.com\/wp-content\/uploads\/2023\/04\/9782330178130_1_75.jpg","type":"image\/jpeg"}],"twitter_card":"summary_large_image","twitter_misc":{"Est. reading time":"1 minute"},"schema":{"@context":"https:\/\/schema.org","@graph":[{"@type":"WebPage","@id":"https:\/\/librairie7l.com\/en\/produit\/mondes-photographiques-histoires-des-debuts\/","url":"https:\/\/librairie7l.com\/en\/produit\/mondes-photographiques-histoires-des-debuts\/","name":"MONDES PHOTOGRAPHIQUES : HISTOIRES DES D\u00c9BUTS - Librairie 7L","isPartOf":{"@id":"https:\/\/librairie7l.com\/en\/#website"},"datePublished":"2023-05-09T15:06:33+00:00","dateModified":"2026-04-18T09:38:50+00:00","breadcrumb":{"@id":"https:\/\/librairie7l.com\/en\/produit\/mondes-photographiques-histoires-des-debuts\/#breadcrumb"},"inLanguage":"en-US","potentialAction":[{"@type":"ReadAction","target":["https:\/\/librairie7l.com\/en\/produit\/mondes-photographiques-histoires-des-debuts\/"]}]},{"@type":"BreadcrumbList","@id":"https:\/\/librairie7l.com\/en\/produit\/mondes-photographiques-histoires-des-debuts\/#breadcrumb","itemListElement":[{"@type":"ListItem","position":1,"name":"Accueil","item":"https:\/\/librairie7l.com\/en\/"},{"@type":"ListItem","position":2,"name":"Shop","item":"https:\/\/librairie7l.com\/en\/shop\/"},{"@type":"ListItem","position":3,"name":"MONDES PHOTOGRAPHIQUES : HISTOIRES DES D\u00c9BUTS"}]},{"@type":"WebSite","@id":"https:\/\/librairie7l.com\/en\/#website","url":"https:\/\/librairie7l.com\/en\/","name":"Librairie 7L","description":"Librairie fond\u00e9e en 1999 par Karl Lagerfeld \u00e0 Paris","publisher":{"@id":"https:\/\/librairie7l.com\/en\/#organization"},"potentialAction":[{"@type":"SearchAction","target":{"@type":"EntryPoint","urlTemplate":"https:\/\/librairie7l.com\/en\/?s={search_term_string}"},"query-input":"required name=search_term_string"}],"inLanguage":"en-US"},{"@type":"Organization","@id":"https:\/\/librairie7l.com\/en\/#organization","name":"Librairie 7L","url":"https:\/\/librairie7l.com\/en\/","logo":{"@type":"ImageObject","inLanguage":"en-US","@id":"https:\/\/librairie7l.com\/en\/#\/schema\/logo\/image\/","url":"https:\/\/librairie7l.com\/wp-content\/uploads\/2022\/08\/logo-1.png","contentUrl":"https:\/\/librairie7l.com\/wp-content\/uploads\/2022\/08\/logo-1.png","width":227,"height":301,"caption":"Librairie 7L"},"image":{"@id":"https:\/\/librairie7l.com\/en\/#\/schema\/logo\/image\/"}}]}},"_links":{"self":[{"href":"https:\/\/librairie7l.com\/en\/wp-json\/wp\/v2\/product\/15700"}],"collection":[{"href":"https:\/\/librairie7l.com\/en\/wp-json\/wp\/v2\/product"}],"about":[{"href":"https:\/\/librairie7l.com\/en\/wp-json\/wp\/v2\/types\/product"}],"wp:featuredmedia":[{"embeddable":true,"href":"https:\/\/librairie7l.com\/en\/wp-json\/wp\/v2\/media\/15698"}],"wp:attachment":[{"href":"https:\/\/librairie7l.com\/en\/wp-json\/wp\/v2\/media?parent=15700"}],"wp:term":[{"taxonomy":"product_cat","embeddable":true,"href":"https:\/\/librairie7l.com\/en\/wp-json\/wp\/v2\/product_cat?post=15700"},{"taxonomy":"product_tag","embeddable":true,"href":"https:\/\/librairie7l.com\/en\/wp-json\/wp\/v2\/product_tag?post=15700"}],"curies":[{"name":"wp","href":"https:\/\/api.w.org\/{rel}","templated":true}]}}