{"id":15724,"date":"2023-05-09T17:06:53","date_gmt":"2023-05-09T15:06:53","guid":{"rendered":"https:\/\/librairie7l.com\/?post_type=product&#038;p=15724"},"modified":"2026-04-17T12:06:30","modified_gmt":"2026-04-17T10:06:30","slug":"david-hockney-moving-focus-oeuvres-de-la-collection-de-la-tate","status":"publish","type":"product","link":"https:\/\/librairie7l.com\/en\/produit\/david-hockney-moving-focus-oeuvres-de-la-collection-de-la-tate\/","title":{"rendered":"DAVID HOCKNEY : MOVING FOCUS ; OEUVRES DE LA COLLECTION DE LA TATE"},"content":{"rendered":"<p>David Hockney est l&#8217;artiste vivant le plus c\u00e9l\u00e8bre de Grande-Bretagne. Explorant constamment de nouveaux points de vue, il ne manque jamais de frapper l&#8217;imagination d&#8217;un large public.<br \/>\nCette publication replace son oeuvre r\u00e9volutionnaire dans un vaste contexte culturel et explore la mani\u00e8re dont l&#8217;artiste a interrog\u00e9 la nature du regard et de la repr\u00e9sentation, depuis l&#8217;\u00e9poque o\u00f9 il \u00e9tait un \u00e9tudiant prometteur jusqu&#8217;\u00e0 sa place parmi les plus grands artistes actuels.Avec des contributions de certaines des voix les plus passionnantes du monde de l&#8217;art, du design, de la litt\u00e9rature et de la performance, ce livre offre un aper\u00e7u complet de la carri\u00e8re de Hockney, r\u00e9v\u00e9lant la profondeur de son influence et la mani\u00e8re dont son art continue de fa\u00e7onner la culture moderne.<\/p>\n","protected":false},"excerpt":{"rendered":"<p>David Hockney est l&#8217;artiste vivant le plus c\u00e9l\u00e8bre de Grande-Bretagne. Explorant constamment de nouveaux points de vue, il ne manque jamais de frapper l&#8217;imagination d&#8217;un large public. Cette publication replace son oeuvre r\u00e9volutionnaire dans un vaste contexte culturel et explore la mani\u00e8re dont l&#8217;artiste a interrog\u00e9 la nature du regard et de la repr\u00e9sentation, depuis [&hellip;]<\/p>\n","protected":false},"featured_media":15722,"template":"","meta":[],"product_cat":[55,2948,47,2953],"product_tag":[],"acf":[],"yoast_head":"<!-- This site is optimized with the Yoast SEO plugin v20.11 - https:\/\/yoast.com\/wordpress\/plugins\/seo\/ -->\n<title>DAVID HOCKNEY : MOVING FOCUS ; OEUVRES DE LA COLLECTION DE LA TATE - Librairie 7L<\/title>\n<meta name=\"robots\" content=\"index, follow, max-snippet:-1, max-image-preview:large, max-video-preview:-1\" \/>\n<link rel=\"canonical\" href=\"https:\/\/librairie7l.com\/en\/produit\/david-hockney-moving-focus-oeuvres-de-la-collection-de-la-tate\/\" \/>\n<meta property=\"og:locale\" content=\"en_US\" \/>\n<meta property=\"og:type\" content=\"article\" \/>\n<meta property=\"og:title\" content=\"DAVID HOCKNEY : MOVING FOCUS ; OEUVRES DE LA COLLECTION DE LA TATE - Librairie 7L\" \/>\n<meta property=\"og:description\" content=\"David Hockney est l&#8217;artiste vivant le plus c\u00e9l\u00e8bre de Grande-Bretagne. Explorant constamment de nouveaux points de vue, il ne manque jamais de frapper l&#8217;imagination d&#8217;un large public. Cette publication replace son oeuvre r\u00e9volutionnaire dans un vaste contexte culturel et explore la mani\u00e8re dont l&#8217;artiste a interrog\u00e9 la nature du regard et de la repr\u00e9sentation, depuis [&hellip;]\" \/>\n<meta property=\"og:url\" content=\"https:\/\/librairie7l.com\/en\/produit\/david-hockney-moving-focus-oeuvres-de-la-collection-de-la-tate\/\" \/>\n<meta property=\"og:site_name\" content=\"Librairie 7L\" \/>\n<meta property=\"article:modified_time\" content=\"2026-04-17T10:06:30+00:00\" \/>\n<meta property=\"og:image\" content=\"https:\/\/librairie7l.com\/wp-content\/uploads\/2023\/02\/9782382031100_1_75.jpg\" \/>\n\t<meta property=\"og:image:width\" content=\"600\" \/>\n\t<meta property=\"og:image:height\" content=\"748\" \/>\n\t<meta property=\"og:image:type\" content=\"image\/jpeg\" \/>\n<meta name=\"twitter:card\" content=\"summary_large_image\" \/>\n<meta name=\"twitter:label1\" content=\"Est. reading time\" \/>\n\t<meta name=\"twitter:data1\" content=\"1 minute\" \/>\n<script type=\"application\/ld+json\" class=\"yoast-schema-graph\">{\"@context\":\"https:\/\/schema.org\",\"@graph\":[{\"@type\":\"WebPage\",\"@id\":\"https:\/\/librairie7l.com\/en\/produit\/david-hockney-moving-focus-oeuvres-de-la-collection-de-la-tate\/\",\"url\":\"https:\/\/librairie7l.com\/en\/produit\/david-hockney-moving-focus-oeuvres-de-la-collection-de-la-tate\/\",\"name\":\"DAVID HOCKNEY : MOVING FOCUS ; OEUVRES DE LA COLLECTION DE LA TATE - Librairie 7L\",\"isPartOf\":{\"@id\":\"https:\/\/librairie7l.com\/en\/#website\"},\"datePublished\":\"2023-05-09T15:06:53+00:00\",\"dateModified\":\"2026-04-17T10:06:30+00:00\",\"breadcrumb\":{\"@id\":\"https:\/\/librairie7l.com\/en\/produit\/david-hockney-moving-focus-oeuvres-de-la-collection-de-la-tate\/#breadcrumb\"},\"inLanguage\":\"en-US\",\"potentialAction\":[{\"@type\":\"ReadAction\",\"target\":[\"https:\/\/librairie7l.com\/en\/produit\/david-hockney-moving-focus-oeuvres-de-la-collection-de-la-tate\/\"]}]},{\"@type\":\"BreadcrumbList\",\"@id\":\"https:\/\/librairie7l.com\/en\/produit\/david-hockney-moving-focus-oeuvres-de-la-collection-de-la-tate\/#breadcrumb\",\"itemListElement\":[{\"@type\":\"ListItem\",\"position\":1,\"name\":\"Accueil\",\"item\":\"https:\/\/librairie7l.com\/en\/\"},{\"@type\":\"ListItem\",\"position\":2,\"name\":\"Shop\",\"item\":\"https:\/\/librairie7l.com\/en\/shop\/\"},{\"@type\":\"ListItem\",\"position\":3,\"name\":\"DAVID HOCKNEY : MOVING FOCUS ; OEUVRES DE LA COLLECTION DE LA TATE\"}]},{\"@type\":\"WebSite\",\"@id\":\"https:\/\/librairie7l.com\/en\/#website\",\"url\":\"https:\/\/librairie7l.com\/en\/\",\"name\":\"Librairie 7L\",\"description\":\"Librairie fond\u00e9e en 1999 par Karl Lagerfeld \u00e0 Paris\",\"publisher\":{\"@id\":\"https:\/\/librairie7l.com\/en\/#organization\"},\"potentialAction\":[{\"@type\":\"SearchAction\",\"target\":{\"@type\":\"EntryPoint\",\"urlTemplate\":\"https:\/\/librairie7l.com\/en\/?s={search_term_string}\"},\"query-input\":\"required name=search_term_string\"}],\"inLanguage\":\"en-US\"},{\"@type\":\"Organization\",\"@id\":\"https:\/\/librairie7l.com\/en\/#organization\",\"name\":\"Librairie 7L\",\"url\":\"https:\/\/librairie7l.com\/en\/\",\"logo\":{\"@type\":\"ImageObject\",\"inLanguage\":\"en-US\",\"@id\":\"https:\/\/librairie7l.com\/en\/#\/schema\/logo\/image\/\",\"url\":\"https:\/\/librairie7l.com\/wp-content\/uploads\/2022\/08\/logo-1.png\",\"contentUrl\":\"https:\/\/librairie7l.com\/wp-content\/uploads\/2022\/08\/logo-1.png\",\"width\":227,\"height\":301,\"caption\":\"Librairie 7L\"},\"image\":{\"@id\":\"https:\/\/librairie7l.com\/en\/#\/schema\/logo\/image\/\"}}]}<\/script>\n<!-- \/ Yoast SEO plugin. -->","yoast_head_json":{"title":"DAVID HOCKNEY : MOVING FOCUS ; OEUVRES DE LA COLLECTION DE LA TATE - Librairie 7L","robots":{"index":"index","follow":"follow","max-snippet":"max-snippet:-1","max-image-preview":"max-image-preview:large","max-video-preview":"max-video-preview:-1"},"canonical":"https:\/\/librairie7l.com\/en\/produit\/david-hockney-moving-focus-oeuvres-de-la-collection-de-la-tate\/","og_locale":"en_US","og_type":"article","og_title":"DAVID HOCKNEY : MOVING FOCUS ; OEUVRES DE LA COLLECTION DE LA TATE - Librairie 7L","og_description":"David Hockney est l&#8217;artiste vivant le plus c\u00e9l\u00e8bre de Grande-Bretagne. Explorant constamment de nouveaux points de vue, il ne manque jamais de frapper l&#8217;imagination d&#8217;un large public. Cette publication replace son oeuvre r\u00e9volutionnaire dans un vaste contexte culturel et explore la mani\u00e8re dont l&#8217;artiste a interrog\u00e9 la nature du regard et de la repr\u00e9sentation, depuis [&hellip;]","og_url":"https:\/\/librairie7l.com\/en\/produit\/david-hockney-moving-focus-oeuvres-de-la-collection-de-la-tate\/","og_site_name":"Librairie 7L","article_modified_time":"2026-04-17T10:06:30+00:00","og_image":[{"width":600,"height":748,"url":"https:\/\/librairie7l.com\/wp-content\/uploads\/2023\/02\/9782382031100_1_75.jpg","type":"image\/jpeg"}],"twitter_card":"summary_large_image","twitter_misc":{"Est. reading time":"1 minute"},"schema":{"@context":"https:\/\/schema.org","@graph":[{"@type":"WebPage","@id":"https:\/\/librairie7l.com\/en\/produit\/david-hockney-moving-focus-oeuvres-de-la-collection-de-la-tate\/","url":"https:\/\/librairie7l.com\/en\/produit\/david-hockney-moving-focus-oeuvres-de-la-collection-de-la-tate\/","name":"DAVID HOCKNEY : MOVING FOCUS ; OEUVRES DE LA COLLECTION DE LA TATE - Librairie 7L","isPartOf":{"@id":"https:\/\/librairie7l.com\/en\/#website"},"datePublished":"2023-05-09T15:06:53+00:00","dateModified":"2026-04-17T10:06:30+00:00","breadcrumb":{"@id":"https:\/\/librairie7l.com\/en\/produit\/david-hockney-moving-focus-oeuvres-de-la-collection-de-la-tate\/#breadcrumb"},"inLanguage":"en-US","potentialAction":[{"@type":"ReadAction","target":["https:\/\/librairie7l.com\/en\/produit\/david-hockney-moving-focus-oeuvres-de-la-collection-de-la-tate\/"]}]},{"@type":"BreadcrumbList","@id":"https:\/\/librairie7l.com\/en\/produit\/david-hockney-moving-focus-oeuvres-de-la-collection-de-la-tate\/#breadcrumb","itemListElement":[{"@type":"ListItem","position":1,"name":"Accueil","item":"https:\/\/librairie7l.com\/en\/"},{"@type":"ListItem","position":2,"name":"Shop","item":"https:\/\/librairie7l.com\/en\/shop\/"},{"@type":"ListItem","position":3,"name":"DAVID HOCKNEY : MOVING FOCUS ; OEUVRES DE LA COLLECTION DE LA TATE"}]},{"@type":"WebSite","@id":"https:\/\/librairie7l.com\/en\/#website","url":"https:\/\/librairie7l.com\/en\/","name":"Librairie 7L","description":"Librairie fond\u00e9e en 1999 par Karl Lagerfeld \u00e0 Paris","publisher":{"@id":"https:\/\/librairie7l.com\/en\/#organization"},"potentialAction":[{"@type":"SearchAction","target":{"@type":"EntryPoint","urlTemplate":"https:\/\/librairie7l.com\/en\/?s={search_term_string}"},"query-input":"required name=search_term_string"}],"inLanguage":"en-US"},{"@type":"Organization","@id":"https:\/\/librairie7l.com\/en\/#organization","name":"Librairie 7L","url":"https:\/\/librairie7l.com\/en\/","logo":{"@type":"ImageObject","inLanguage":"en-US","@id":"https:\/\/librairie7l.com\/en\/#\/schema\/logo\/image\/","url":"https:\/\/librairie7l.com\/wp-content\/uploads\/2022\/08\/logo-1.png","contentUrl":"https:\/\/librairie7l.com\/wp-content\/uploads\/2022\/08\/logo-1.png","width":227,"height":301,"caption":"Librairie 7L"},"image":{"@id":"https:\/\/librairie7l.com\/en\/#\/schema\/logo\/image\/"}}]}},"_links":{"self":[{"href":"https:\/\/librairie7l.com\/en\/wp-json\/wp\/v2\/product\/15724"}],"collection":[{"href":"https:\/\/librairie7l.com\/en\/wp-json\/wp\/v2\/product"}],"about":[{"href":"https:\/\/librairie7l.com\/en\/wp-json\/wp\/v2\/types\/product"}],"wp:featuredmedia":[{"embeddable":true,"href":"https:\/\/librairie7l.com\/en\/wp-json\/wp\/v2\/media\/15722"}],"wp:attachment":[{"href":"https:\/\/librairie7l.com\/en\/wp-json\/wp\/v2\/media?parent=15724"}],"wp:term":[{"taxonomy":"product_cat","embeddable":true,"href":"https:\/\/librairie7l.com\/en\/wp-json\/wp\/v2\/product_cat?post=15724"},{"taxonomy":"product_tag","embeddable":true,"href":"https:\/\/librairie7l.com\/en\/wp-json\/wp\/v2\/product_tag?post=15724"}],"curies":[{"name":"wp","href":"https:\/\/api.w.org\/{rel}","templated":true}]}}