{"id":15736,"date":"2023-05-09T17:07:05","date_gmt":"2023-05-09T15:07:05","guid":{"rendered":"https:\/\/librairie7l.com\/?post_type=product&#038;p=15736"},"modified":"2026-05-09T03:39:55","modified_gmt":"2026-05-09T01:39:55","slug":"entre-temps","status":"publish","type":"product","link":"https:\/\/librairie7l.com\/en\/produit\/entre-temps\/","title":{"rendered":"ENTRE-TEMPS"},"content":{"rendered":"<p>De l&#8217;Asie \u00e0 l&#8217;Am\u00e9rique, de l&#8217;Europe au continent Africain, Raymond Depardon a pass\u00e9 sa vie \u00e0 sillonner le monde.  L&#8217; \u00ab Entre-temps \u00bb est pour lui cet espace dans lequel le temps se dissout, un endroit o\u00f9 il retrouve ses habitudes. C&#8217;est donc entre deux moments forts, entre deux voyages, qu&#8217;il va s&#8217;attarder \u00e0 photographier les petites choses, \u00e0 l&#8217;oppos\u00e9 de ce qu&#8217;il voit \u00e0 l&#8217;\u00e9tranger : des rues parisiennes connues, des caf\u00e9s, des sc\u00e8nes de vie en famille, des d\u00e9tails de la ville, une forme de solitude urbaine qui le caract\u00e9rise bien.<br \/>\nChaque image devient alors un r\u00e9cit unique. Au contraire de certaines s\u00e9ries dans lesquelles les photographies s&#8217;enchainent pour cr\u00e9er une narration, les images d&#8217;Entre-temps fonctionnent en miroir : l&#8217;une r\u00e9pond \u00e0 l&#8217;autre sur la double page du livre, par opposition ou par compl\u00e9mentarit\u00e9. L&#8217;histoire est fragment\u00e9e, plus libre, prompt \u00e0 \u00eatre r\u00e9invent\u00e9e. L&#8217;espace-temps est perdu de mani\u00e8re volontaire et devient presque inutile.<br \/>\nL&#8217;ouvrage Entre-temps c\u00e9l\u00e8bre cette force qu&#8217;a l&#8217;artiste de projeter des d\u00e9tails de sa propre vie pour les faire r\u00e9sonner dans la n\u00f4tre.<\/p>\n","protected":false},"excerpt":{"rendered":"<p>De l&#8217;Asie \u00e0 l&#8217;Am\u00e9rique, de l&#8217;Europe au continent Africain, Raymond Depardon a pass\u00e9 sa vie \u00e0 sillonner le monde. L&#8217; \u00ab Entre-temps \u00bb est pour lui cet espace dans lequel le temps se dissout, un endroit o\u00f9 il retrouve ses habitudes. C&#8217;est donc entre deux moments forts, entre deux voyages, qu&#8217;il va s&#8217;attarder \u00e0 photographier [&hellip;]<\/p>\n","protected":false},"featured_media":15734,"template":"","meta":[],"product_cat":[55,2948,2958,17],"product_tag":[],"acf":[],"yoast_head":"<!-- This site is optimized with the Yoast SEO plugin v20.11 - https:\/\/yoast.com\/wordpress\/plugins\/seo\/ -->\n<title>ENTRE-TEMPS - Librairie 7L<\/title>\n<meta name=\"robots\" content=\"index, follow, max-snippet:-1, max-image-preview:large, max-video-preview:-1\" \/>\n<link rel=\"canonical\" href=\"https:\/\/librairie7l.com\/en\/produit\/entre-temps\/\" \/>\n<meta property=\"og:locale\" content=\"en_US\" \/>\n<meta property=\"og:type\" content=\"article\" \/>\n<meta property=\"og:title\" content=\"ENTRE-TEMPS - Librairie 7L\" \/>\n<meta property=\"og:description\" content=\"De l&#8217;Asie \u00e0 l&#8217;Am\u00e9rique, de l&#8217;Europe au continent Africain, Raymond Depardon a pass\u00e9 sa vie \u00e0 sillonner le monde. L&#8217; \u00ab Entre-temps \u00bb est pour lui cet espace dans lequel le temps se dissout, un endroit o\u00f9 il retrouve ses habitudes. C&#8217;est donc entre deux moments forts, entre deux voyages, qu&#8217;il va s&#8217;attarder \u00e0 photographier [&hellip;]\" \/>\n<meta property=\"og:url\" content=\"https:\/\/librairie7l.com\/en\/produit\/entre-temps\/\" \/>\n<meta property=\"og:site_name\" content=\"Librairie 7L\" \/>\n<meta property=\"article:modified_time\" content=\"2026-05-09T01:39:55+00:00\" \/>\n<meta property=\"og:image\" content=\"https:\/\/librairie7l.com\/wp-content\/uploads\/2022\/11\/9782365113472_1_75.jpg\" \/>\n\t<meta property=\"og:image:width\" content=\"749\" \/>\n\t<meta property=\"og:image:height\" content=\"600\" \/>\n\t<meta property=\"og:image:type\" content=\"image\/jpeg\" \/>\n<meta name=\"twitter:card\" content=\"summary_large_image\" \/>\n<meta name=\"twitter:label1\" content=\"Est. reading time\" \/>\n\t<meta name=\"twitter:data1\" content=\"1 minute\" \/>\n<script type=\"application\/ld+json\" class=\"yoast-schema-graph\">{\"@context\":\"https:\/\/schema.org\",\"@graph\":[{\"@type\":\"WebPage\",\"@id\":\"https:\/\/librairie7l.com\/en\/produit\/entre-temps\/\",\"url\":\"https:\/\/librairie7l.com\/en\/produit\/entre-temps\/\",\"name\":\"ENTRE-TEMPS - Librairie 7L\",\"isPartOf\":{\"@id\":\"https:\/\/librairie7l.com\/en\/#website\"},\"datePublished\":\"2023-05-09T15:07:05+00:00\",\"dateModified\":\"2026-05-09T01:39:55+00:00\",\"breadcrumb\":{\"@id\":\"https:\/\/librairie7l.com\/en\/produit\/entre-temps\/#breadcrumb\"},\"inLanguage\":\"en-US\",\"potentialAction\":[{\"@type\":\"ReadAction\",\"target\":[\"https:\/\/librairie7l.com\/en\/produit\/entre-temps\/\"]}]},{\"@type\":\"BreadcrumbList\",\"@id\":\"https:\/\/librairie7l.com\/en\/produit\/entre-temps\/#breadcrumb\",\"itemListElement\":[{\"@type\":\"ListItem\",\"position\":1,\"name\":\"Accueil\",\"item\":\"https:\/\/librairie7l.com\/en\/\"},{\"@type\":\"ListItem\",\"position\":2,\"name\":\"Shop\",\"item\":\"https:\/\/librairie7l.com\/en\/shop\/\"},{\"@type\":\"ListItem\",\"position\":3,\"name\":\"ENTRE-TEMPS\"}]},{\"@type\":\"WebSite\",\"@id\":\"https:\/\/librairie7l.com\/en\/#website\",\"url\":\"https:\/\/librairie7l.com\/en\/\",\"name\":\"Librairie 7L\",\"description\":\"Librairie fond\u00e9e en 1999 par Karl Lagerfeld \u00e0 Paris\",\"publisher\":{\"@id\":\"https:\/\/librairie7l.com\/en\/#organization\"},\"potentialAction\":[{\"@type\":\"SearchAction\",\"target\":{\"@type\":\"EntryPoint\",\"urlTemplate\":\"https:\/\/librairie7l.com\/en\/?s={search_term_string}\"},\"query-input\":\"required name=search_term_string\"}],\"inLanguage\":\"en-US\"},{\"@type\":\"Organization\",\"@id\":\"https:\/\/librairie7l.com\/en\/#organization\",\"name\":\"Librairie 7L\",\"url\":\"https:\/\/librairie7l.com\/en\/\",\"logo\":{\"@type\":\"ImageObject\",\"inLanguage\":\"en-US\",\"@id\":\"https:\/\/librairie7l.com\/en\/#\/schema\/logo\/image\/\",\"url\":\"https:\/\/librairie7l.com\/wp-content\/uploads\/2022\/08\/logo-1.png\",\"contentUrl\":\"https:\/\/librairie7l.com\/wp-content\/uploads\/2022\/08\/logo-1.png\",\"width\":227,\"height\":301,\"caption\":\"Librairie 7L\"},\"image\":{\"@id\":\"https:\/\/librairie7l.com\/en\/#\/schema\/logo\/image\/\"}}]}<\/script>\n<!-- \/ Yoast SEO plugin. -->","yoast_head_json":{"title":"ENTRE-TEMPS - Librairie 7L","robots":{"index":"index","follow":"follow","max-snippet":"max-snippet:-1","max-image-preview":"max-image-preview:large","max-video-preview":"max-video-preview:-1"},"canonical":"https:\/\/librairie7l.com\/en\/produit\/entre-temps\/","og_locale":"en_US","og_type":"article","og_title":"ENTRE-TEMPS - Librairie 7L","og_description":"De l&#8217;Asie \u00e0 l&#8217;Am\u00e9rique, de l&#8217;Europe au continent Africain, Raymond Depardon a pass\u00e9 sa vie \u00e0 sillonner le monde. L&#8217; \u00ab Entre-temps \u00bb est pour lui cet espace dans lequel le temps se dissout, un endroit o\u00f9 il retrouve ses habitudes. C&#8217;est donc entre deux moments forts, entre deux voyages, qu&#8217;il va s&#8217;attarder \u00e0 photographier [&hellip;]","og_url":"https:\/\/librairie7l.com\/en\/produit\/entre-temps\/","og_site_name":"Librairie 7L","article_modified_time":"2026-05-09T01:39:55+00:00","og_image":[{"width":749,"height":600,"url":"https:\/\/librairie7l.com\/wp-content\/uploads\/2022\/11\/9782365113472_1_75.jpg","type":"image\/jpeg"}],"twitter_card":"summary_large_image","twitter_misc":{"Est. reading time":"1 minute"},"schema":{"@context":"https:\/\/schema.org","@graph":[{"@type":"WebPage","@id":"https:\/\/librairie7l.com\/en\/produit\/entre-temps\/","url":"https:\/\/librairie7l.com\/en\/produit\/entre-temps\/","name":"ENTRE-TEMPS - Librairie 7L","isPartOf":{"@id":"https:\/\/librairie7l.com\/en\/#website"},"datePublished":"2023-05-09T15:07:05+00:00","dateModified":"2026-05-09T01:39:55+00:00","breadcrumb":{"@id":"https:\/\/librairie7l.com\/en\/produit\/entre-temps\/#breadcrumb"},"inLanguage":"en-US","potentialAction":[{"@type":"ReadAction","target":["https:\/\/librairie7l.com\/en\/produit\/entre-temps\/"]}]},{"@type":"BreadcrumbList","@id":"https:\/\/librairie7l.com\/en\/produit\/entre-temps\/#breadcrumb","itemListElement":[{"@type":"ListItem","position":1,"name":"Accueil","item":"https:\/\/librairie7l.com\/en\/"},{"@type":"ListItem","position":2,"name":"Shop","item":"https:\/\/librairie7l.com\/en\/shop\/"},{"@type":"ListItem","position":3,"name":"ENTRE-TEMPS"}]},{"@type":"WebSite","@id":"https:\/\/librairie7l.com\/en\/#website","url":"https:\/\/librairie7l.com\/en\/","name":"Librairie 7L","description":"Librairie fond\u00e9e en 1999 par Karl Lagerfeld \u00e0 Paris","publisher":{"@id":"https:\/\/librairie7l.com\/en\/#organization"},"potentialAction":[{"@type":"SearchAction","target":{"@type":"EntryPoint","urlTemplate":"https:\/\/librairie7l.com\/en\/?s={search_term_string}"},"query-input":"required name=search_term_string"}],"inLanguage":"en-US"},{"@type":"Organization","@id":"https:\/\/librairie7l.com\/en\/#organization","name":"Librairie 7L","url":"https:\/\/librairie7l.com\/en\/","logo":{"@type":"ImageObject","inLanguage":"en-US","@id":"https:\/\/librairie7l.com\/en\/#\/schema\/logo\/image\/","url":"https:\/\/librairie7l.com\/wp-content\/uploads\/2022\/08\/logo-1.png","contentUrl":"https:\/\/librairie7l.com\/wp-content\/uploads\/2022\/08\/logo-1.png","width":227,"height":301,"caption":"Librairie 7L"},"image":{"@id":"https:\/\/librairie7l.com\/en\/#\/schema\/logo\/image\/"}}]}},"_links":{"self":[{"href":"https:\/\/librairie7l.com\/en\/wp-json\/wp\/v2\/product\/15736"}],"collection":[{"href":"https:\/\/librairie7l.com\/en\/wp-json\/wp\/v2\/product"}],"about":[{"href":"https:\/\/librairie7l.com\/en\/wp-json\/wp\/v2\/types\/product"}],"wp:featuredmedia":[{"embeddable":true,"href":"https:\/\/librairie7l.com\/en\/wp-json\/wp\/v2\/media\/15734"}],"wp:attachment":[{"href":"https:\/\/librairie7l.com\/en\/wp-json\/wp\/v2\/media?parent=15736"}],"wp:term":[{"taxonomy":"product_cat","embeddable":true,"href":"https:\/\/librairie7l.com\/en\/wp-json\/wp\/v2\/product_cat?post=15736"},{"taxonomy":"product_tag","embeddable":true,"href":"https:\/\/librairie7l.com\/en\/wp-json\/wp\/v2\/product_tag?post=15736"}],"curies":[{"name":"wp","href":"https:\/\/api.w.org\/{rel}","templated":true}]}}