{"id":15744,"date":"2023-05-09T17:07:13","date_gmt":"2023-05-09T15:07:13","guid":{"rendered":"https:\/\/librairie7l.com\/?post_type=product&#038;p=15744"},"modified":"2026-05-09T03:39:58","modified_gmt":"2026-05-09T01:39:58","slug":"chronorama-tresors-photographiques-du-xxe-siecle","status":"publish","type":"product","link":"https:\/\/librairie7l.com\/en\/produit\/chronorama-tresors-photographiques-du-xxe-siecle\/","title":{"rendered":"CHRONORAMA : TR\u00c9SORS PHOTOGRAPHIQUES DU XXE SI\u00c8CLE"},"content":{"rendered":"<p>Chronorama. Tr\u00e9sors photographiques du XXe si\u00e8cle offre un panorama de l&#8217;histoire de l&#8217;art et de la mode \u00e0 partir des archives de la Collection Pinault et de Cond\u00e9 Nast. Cet ouvrage de r\u00e9f\u00e9rence rassemble plus de 400 images, sign\u00e9es par les plus grands noms de la photographie &#8211; Irving Penn, Helmut Newton, Horst P.Horst, LeeMiller, Edward Steichen&#8230; &#8211; pour Mademoiselle, House &amp; Garden, Glamour, GQ, Vanity Fair et Vogue.<\/p>\n","protected":false},"excerpt":{"rendered":"<p>Chronorama. Tr\u00e9sors photographiques du XXe si\u00e8cle offre un panorama de l&#8217;histoire de l&#8217;art et de la mode \u00e0 partir des archives de la Collection Pinault et de Cond\u00e9 Nast. Cet ouvrage de r\u00e9f\u00e9rence rassemble plus de 400 images, sign\u00e9es par les plus grands noms de la photographie &#8211; Irving Penn, Helmut Newton, Horst P.Horst, LeeMiller, [&hellip;]<\/p>\n","protected":false},"featured_media":15742,"template":"","meta":[],"product_cat":[55,2948,2958,17],"product_tag":[],"acf":[],"yoast_head":"<!-- This site is optimized with the Yoast SEO plugin v20.11 - https:\/\/yoast.com\/wordpress\/plugins\/seo\/ -->\n<title>CHRONORAMA : TR\u00c9SORS PHOTOGRAPHIQUES DU XXE SI\u00c8CLE - Librairie 7L<\/title>\n<meta name=\"robots\" content=\"index, follow, max-snippet:-1, max-image-preview:large, max-video-preview:-1\" \/>\n<link rel=\"canonical\" href=\"https:\/\/librairie7l.com\/en\/produit\/chronorama-tresors-photographiques-du-xxe-siecle\/\" \/>\n<meta property=\"og:locale\" content=\"en_US\" \/>\n<meta property=\"og:type\" content=\"article\" \/>\n<meta property=\"og:title\" content=\"CHRONORAMA : TR\u00c9SORS PHOTOGRAPHIQUES DU XXE SI\u00c8CLE - Librairie 7L\" \/>\n<meta property=\"og:description\" content=\"Chronorama. Tr\u00e9sors photographiques du XXe si\u00e8cle offre un panorama de l&#8217;histoire de l&#8217;art et de la mode \u00e0 partir des archives de la Collection Pinault et de Cond\u00e9 Nast. Cet ouvrage de r\u00e9f\u00e9rence rassemble plus de 400 images, sign\u00e9es par les plus grands noms de la photographie &#8211; Irving Penn, Helmut Newton, Horst P.Horst, LeeMiller, [&hellip;]\" \/>\n<meta property=\"og:url\" content=\"https:\/\/librairie7l.com\/en\/produit\/chronorama-tresors-photographiques-du-xxe-siecle\/\" \/>\n<meta property=\"og:site_name\" content=\"Librairie 7L\" \/>\n<meta property=\"article:modified_time\" content=\"2026-05-09T01:39:58+00:00\" \/>\n<meta property=\"og:image\" content=\"https:\/\/librairie7l.com\/wp-content\/uploads\/2023\/03\/9791040114215_1_75.jpg\" \/>\n\t<meta property=\"og:image:width\" content=\"400\" \/>\n\t<meta property=\"og:image:height\" content=\"570\" \/>\n\t<meta property=\"og:image:type\" content=\"image\/jpeg\" \/>\n<meta name=\"twitter:card\" content=\"summary_large_image\" \/>\n<script type=\"application\/ld+json\" class=\"yoast-schema-graph\">{\"@context\":\"https:\/\/schema.org\",\"@graph\":[{\"@type\":\"WebPage\",\"@id\":\"https:\/\/librairie7l.com\/en\/produit\/chronorama-tresors-photographiques-du-xxe-siecle\/\",\"url\":\"https:\/\/librairie7l.com\/en\/produit\/chronorama-tresors-photographiques-du-xxe-siecle\/\",\"name\":\"CHRONORAMA : TR\u00c9SORS PHOTOGRAPHIQUES DU XXE SI\u00c8CLE - Librairie 7L\",\"isPartOf\":{\"@id\":\"https:\/\/librairie7l.com\/en\/#website\"},\"datePublished\":\"2023-05-09T15:07:13+00:00\",\"dateModified\":\"2026-05-09T01:39:58+00:00\",\"breadcrumb\":{\"@id\":\"https:\/\/librairie7l.com\/en\/produit\/chronorama-tresors-photographiques-du-xxe-siecle\/#breadcrumb\"},\"inLanguage\":\"en-US\",\"potentialAction\":[{\"@type\":\"ReadAction\",\"target\":[\"https:\/\/librairie7l.com\/en\/produit\/chronorama-tresors-photographiques-du-xxe-siecle\/\"]}]},{\"@type\":\"BreadcrumbList\",\"@id\":\"https:\/\/librairie7l.com\/en\/produit\/chronorama-tresors-photographiques-du-xxe-siecle\/#breadcrumb\",\"itemListElement\":[{\"@type\":\"ListItem\",\"position\":1,\"name\":\"Accueil\",\"item\":\"https:\/\/librairie7l.com\/en\/\"},{\"@type\":\"ListItem\",\"position\":2,\"name\":\"Shop\",\"item\":\"https:\/\/librairie7l.com\/en\/shop\/\"},{\"@type\":\"ListItem\",\"position\":3,\"name\":\"CHRONORAMA : TR\u00c9SORS PHOTOGRAPHIQUES DU XXE SI\u00c8CLE\"}]},{\"@type\":\"WebSite\",\"@id\":\"https:\/\/librairie7l.com\/en\/#website\",\"url\":\"https:\/\/librairie7l.com\/en\/\",\"name\":\"Librairie 7L\",\"description\":\"Librairie fond\u00e9e en 1999 par Karl Lagerfeld \u00e0 Paris\",\"publisher\":{\"@id\":\"https:\/\/librairie7l.com\/en\/#organization\"},\"potentialAction\":[{\"@type\":\"SearchAction\",\"target\":{\"@type\":\"EntryPoint\",\"urlTemplate\":\"https:\/\/librairie7l.com\/en\/?s={search_term_string}\"},\"query-input\":\"required name=search_term_string\"}],\"inLanguage\":\"en-US\"},{\"@type\":\"Organization\",\"@id\":\"https:\/\/librairie7l.com\/en\/#organization\",\"name\":\"Librairie 7L\",\"url\":\"https:\/\/librairie7l.com\/en\/\",\"logo\":{\"@type\":\"ImageObject\",\"inLanguage\":\"en-US\",\"@id\":\"https:\/\/librairie7l.com\/en\/#\/schema\/logo\/image\/\",\"url\":\"https:\/\/librairie7l.com\/wp-content\/uploads\/2022\/08\/logo-1.png\",\"contentUrl\":\"https:\/\/librairie7l.com\/wp-content\/uploads\/2022\/08\/logo-1.png\",\"width\":227,\"height\":301,\"caption\":\"Librairie 7L\"},\"image\":{\"@id\":\"https:\/\/librairie7l.com\/en\/#\/schema\/logo\/image\/\"}}]}<\/script>\n<!-- \/ Yoast SEO plugin. -->","yoast_head_json":{"title":"CHRONORAMA : TR\u00c9SORS PHOTOGRAPHIQUES DU XXE SI\u00c8CLE - Librairie 7L","robots":{"index":"index","follow":"follow","max-snippet":"max-snippet:-1","max-image-preview":"max-image-preview:large","max-video-preview":"max-video-preview:-1"},"canonical":"https:\/\/librairie7l.com\/en\/produit\/chronorama-tresors-photographiques-du-xxe-siecle\/","og_locale":"en_US","og_type":"article","og_title":"CHRONORAMA : TR\u00c9SORS PHOTOGRAPHIQUES DU XXE SI\u00c8CLE - Librairie 7L","og_description":"Chronorama. Tr\u00e9sors photographiques du XXe si\u00e8cle offre un panorama de l&#8217;histoire de l&#8217;art et de la mode \u00e0 partir des archives de la Collection Pinault et de Cond\u00e9 Nast. Cet ouvrage de r\u00e9f\u00e9rence rassemble plus de 400 images, sign\u00e9es par les plus grands noms de la photographie &#8211; Irving Penn, Helmut Newton, Horst P.Horst, LeeMiller, [&hellip;]","og_url":"https:\/\/librairie7l.com\/en\/produit\/chronorama-tresors-photographiques-du-xxe-siecle\/","og_site_name":"Librairie 7L","article_modified_time":"2026-05-09T01:39:58+00:00","og_image":[{"width":400,"height":570,"url":"https:\/\/librairie7l.com\/wp-content\/uploads\/2023\/03\/9791040114215_1_75.jpg","type":"image\/jpeg"}],"twitter_card":"summary_large_image","schema":{"@context":"https:\/\/schema.org","@graph":[{"@type":"WebPage","@id":"https:\/\/librairie7l.com\/en\/produit\/chronorama-tresors-photographiques-du-xxe-siecle\/","url":"https:\/\/librairie7l.com\/en\/produit\/chronorama-tresors-photographiques-du-xxe-siecle\/","name":"CHRONORAMA : TR\u00c9SORS PHOTOGRAPHIQUES DU XXE SI\u00c8CLE - Librairie 7L","isPartOf":{"@id":"https:\/\/librairie7l.com\/en\/#website"},"datePublished":"2023-05-09T15:07:13+00:00","dateModified":"2026-05-09T01:39:58+00:00","breadcrumb":{"@id":"https:\/\/librairie7l.com\/en\/produit\/chronorama-tresors-photographiques-du-xxe-siecle\/#breadcrumb"},"inLanguage":"en-US","potentialAction":[{"@type":"ReadAction","target":["https:\/\/librairie7l.com\/en\/produit\/chronorama-tresors-photographiques-du-xxe-siecle\/"]}]},{"@type":"BreadcrumbList","@id":"https:\/\/librairie7l.com\/en\/produit\/chronorama-tresors-photographiques-du-xxe-siecle\/#breadcrumb","itemListElement":[{"@type":"ListItem","position":1,"name":"Accueil","item":"https:\/\/librairie7l.com\/en\/"},{"@type":"ListItem","position":2,"name":"Shop","item":"https:\/\/librairie7l.com\/en\/shop\/"},{"@type":"ListItem","position":3,"name":"CHRONORAMA : TR\u00c9SORS PHOTOGRAPHIQUES DU XXE SI\u00c8CLE"}]},{"@type":"WebSite","@id":"https:\/\/librairie7l.com\/en\/#website","url":"https:\/\/librairie7l.com\/en\/","name":"Librairie 7L","description":"Librairie fond\u00e9e en 1999 par Karl Lagerfeld \u00e0 Paris","publisher":{"@id":"https:\/\/librairie7l.com\/en\/#organization"},"potentialAction":[{"@type":"SearchAction","target":{"@type":"EntryPoint","urlTemplate":"https:\/\/librairie7l.com\/en\/?s={search_term_string}"},"query-input":"required name=search_term_string"}],"inLanguage":"en-US"},{"@type":"Organization","@id":"https:\/\/librairie7l.com\/en\/#organization","name":"Librairie 7L","url":"https:\/\/librairie7l.com\/en\/","logo":{"@type":"ImageObject","inLanguage":"en-US","@id":"https:\/\/librairie7l.com\/en\/#\/schema\/logo\/image\/","url":"https:\/\/librairie7l.com\/wp-content\/uploads\/2022\/08\/logo-1.png","contentUrl":"https:\/\/librairie7l.com\/wp-content\/uploads\/2022\/08\/logo-1.png","width":227,"height":301,"caption":"Librairie 7L"},"image":{"@id":"https:\/\/librairie7l.com\/en\/#\/schema\/logo\/image\/"}}]}},"_links":{"self":[{"href":"https:\/\/librairie7l.com\/en\/wp-json\/wp\/v2\/product\/15744"}],"collection":[{"href":"https:\/\/librairie7l.com\/en\/wp-json\/wp\/v2\/product"}],"about":[{"href":"https:\/\/librairie7l.com\/en\/wp-json\/wp\/v2\/types\/product"}],"wp:featuredmedia":[{"embeddable":true,"href":"https:\/\/librairie7l.com\/en\/wp-json\/wp\/v2\/media\/15742"}],"wp:attachment":[{"href":"https:\/\/librairie7l.com\/en\/wp-json\/wp\/v2\/media?parent=15744"}],"wp:term":[{"taxonomy":"product_cat","embeddable":true,"href":"https:\/\/librairie7l.com\/en\/wp-json\/wp\/v2\/product_cat?post=15744"},{"taxonomy":"product_tag","embeddable":true,"href":"https:\/\/librairie7l.com\/en\/wp-json\/wp\/v2\/product_tag?post=15744"}],"curies":[{"name":"wp","href":"https:\/\/api.w.org\/{rel}","templated":true}]}}