{"id":15760,"date":"2023-05-09T17:07:26","date_gmt":"2023-05-09T15:07:26","guid":{"rendered":"https:\/\/librairie7l.com\/?post_type=product&#038;p=15760"},"modified":"2026-04-17T13:05:54","modified_gmt":"2026-04-17T11:05:54","slug":"monet-mitchell-les-couleurs-de-la-lumiere","status":"publish","type":"product","link":"https:\/\/librairie7l.com\/en\/produit\/monet-mitchell-les-couleurs-de-la-lumiere\/","title":{"rendered":"MONET MITCHELL : LES COULEURS DE LA LUMI\u00c8RE"},"content":{"rendered":"<p>Le catalogue de l&#8217;exposition  \u00ab  Monet Mitchell  \u00bb,  organis\u00e9e \u00e0 la Fondation Louis Vuitton en partenariat avec le mus\u00e9e Marmottan Monet, explore les correspondances entre les oeuvres tardives de Claude Monet (1914-1926), qui anticipent les d\u00e9buts de l&#8217;abstraction, et les peintures de Joan Mitchell (1925-1992).<br \/>\nPeintre am\u00e9ricaine issue de l&#8217;expressionnisme abstrait, Joan Mitchell voyage en France d\u00e8s 1948 et s&#8217;installe en 1968 \u00e0 V\u00e9theuil, lieu d&#8217;inspiration o\u00f9 v\u00e9cut aussi Monet de 1878 \u00e0 1881.<br \/>\nLes chefs-d&#8217;oeuvre et les essais ici r\u00e9unis soulignent les points de convergence li\u00e9s \u00e0 la couleur, \u00e0 la lumi\u00e8re, \u00e0 la gestualit\u00e9, \u00e0 la nature et aux paysages de Giverny et V\u00e9theuil, qui ont profond\u00e9ment inspir\u00e9 les deux artistes.<\/p>\n","protected":false},"excerpt":{"rendered":"<p>Le catalogue de l&#8217;exposition \u00ab Monet Mitchell \u00bb, organis\u00e9e \u00e0 la Fondation Louis Vuitton en partenariat avec le mus\u00e9e Marmottan Monet, explore les correspondances entre les oeuvres tardives de Claude Monet (1914-1926), qui anticipent les d\u00e9buts de l&#8217;abstraction, et les peintures de Joan Mitchell (1925-1992). Peintre am\u00e9ricaine issue de l&#8217;expressionnisme abstrait, Joan Mitchell voyage en [&hellip;]<\/p>\n","protected":false},"featured_media":15758,"template":"","meta":[],"product_cat":[55,2948,47,2953],"product_tag":[],"acf":[],"yoast_head":"<!-- This site is optimized with the Yoast SEO plugin v20.11 - https:\/\/yoast.com\/wordpress\/plugins\/seo\/ -->\n<title>MONET MITCHELL : LES COULEURS DE LA LUMI\u00c8RE - Librairie 7L<\/title>\n<meta name=\"robots\" content=\"index, follow, max-snippet:-1, max-image-preview:large, max-video-preview:-1\" \/>\n<link rel=\"canonical\" href=\"https:\/\/librairie7l.com\/en\/produit\/monet-mitchell-les-couleurs-de-la-lumiere\/\" \/>\n<meta property=\"og:locale\" content=\"en_US\" \/>\n<meta property=\"og:type\" content=\"article\" \/>\n<meta property=\"og:title\" content=\"MONET MITCHELL : LES COULEURS DE LA LUMI\u00c8RE - Librairie 7L\" \/>\n<meta property=\"og:description\" content=\"Le catalogue de l&#8217;exposition \u00ab Monet Mitchell \u00bb, organis\u00e9e \u00e0 la Fondation Louis Vuitton en partenariat avec le mus\u00e9e Marmottan Monet, explore les correspondances entre les oeuvres tardives de Claude Monet (1914-1926), qui anticipent les d\u00e9buts de l&#8217;abstraction, et les peintures de Joan Mitchell (1925-1992). Peintre am\u00e9ricaine issue de l&#8217;expressionnisme abstrait, Joan Mitchell voyage en [&hellip;]\" \/>\n<meta property=\"og:url\" content=\"https:\/\/librairie7l.com\/en\/produit\/monet-mitchell-les-couleurs-de-la-lumiere\/\" \/>\n<meta property=\"og:site_name\" content=\"Librairie 7L\" \/>\n<meta property=\"article:modified_time\" content=\"2026-04-17T11:05:54+00:00\" \/>\n<meta property=\"og:image\" content=\"https:\/\/librairie7l.com\/wp-content\/uploads\/2022\/10\/9782754112833_1_75.jpg\" \/>\n\t<meta property=\"og:image:width\" content=\"600\" \/>\n\t<meta property=\"og:image:height\" content=\"701\" \/>\n\t<meta property=\"og:image:type\" content=\"image\/jpeg\" \/>\n<meta name=\"twitter:card\" content=\"summary_large_image\" \/>\n<meta name=\"twitter:label1\" content=\"Est. reading time\" \/>\n\t<meta name=\"twitter:data1\" content=\"1 minute\" \/>\n<script type=\"application\/ld+json\" class=\"yoast-schema-graph\">{\"@context\":\"https:\/\/schema.org\",\"@graph\":[{\"@type\":\"WebPage\",\"@id\":\"https:\/\/librairie7l.com\/en\/produit\/monet-mitchell-les-couleurs-de-la-lumiere\/\",\"url\":\"https:\/\/librairie7l.com\/en\/produit\/monet-mitchell-les-couleurs-de-la-lumiere\/\",\"name\":\"MONET MITCHELL : LES COULEURS DE LA LUMI\u00c8RE - Librairie 7L\",\"isPartOf\":{\"@id\":\"https:\/\/librairie7l.com\/en\/#website\"},\"datePublished\":\"2023-05-09T15:07:26+00:00\",\"dateModified\":\"2026-04-17T11:05:54+00:00\",\"breadcrumb\":{\"@id\":\"https:\/\/librairie7l.com\/en\/produit\/monet-mitchell-les-couleurs-de-la-lumiere\/#breadcrumb\"},\"inLanguage\":\"en-US\",\"potentialAction\":[{\"@type\":\"ReadAction\",\"target\":[\"https:\/\/librairie7l.com\/en\/produit\/monet-mitchell-les-couleurs-de-la-lumiere\/\"]}]},{\"@type\":\"BreadcrumbList\",\"@id\":\"https:\/\/librairie7l.com\/en\/produit\/monet-mitchell-les-couleurs-de-la-lumiere\/#breadcrumb\",\"itemListElement\":[{\"@type\":\"ListItem\",\"position\":1,\"name\":\"Accueil\",\"item\":\"https:\/\/librairie7l.com\/en\/\"},{\"@type\":\"ListItem\",\"position\":2,\"name\":\"Shop\",\"item\":\"https:\/\/librairie7l.com\/en\/shop\/\"},{\"@type\":\"ListItem\",\"position\":3,\"name\":\"MONET MITCHELL : LES COULEURS DE LA LUMI\u00c8RE\"}]},{\"@type\":\"WebSite\",\"@id\":\"https:\/\/librairie7l.com\/en\/#website\",\"url\":\"https:\/\/librairie7l.com\/en\/\",\"name\":\"Librairie 7L\",\"description\":\"Librairie fond\u00e9e en 1999 par Karl Lagerfeld \u00e0 Paris\",\"publisher\":{\"@id\":\"https:\/\/librairie7l.com\/en\/#organization\"},\"potentialAction\":[{\"@type\":\"SearchAction\",\"target\":{\"@type\":\"EntryPoint\",\"urlTemplate\":\"https:\/\/librairie7l.com\/en\/?s={search_term_string}\"},\"query-input\":\"required name=search_term_string\"}],\"inLanguage\":\"en-US\"},{\"@type\":\"Organization\",\"@id\":\"https:\/\/librairie7l.com\/en\/#organization\",\"name\":\"Librairie 7L\",\"url\":\"https:\/\/librairie7l.com\/en\/\",\"logo\":{\"@type\":\"ImageObject\",\"inLanguage\":\"en-US\",\"@id\":\"https:\/\/librairie7l.com\/en\/#\/schema\/logo\/image\/\",\"url\":\"https:\/\/librairie7l.com\/wp-content\/uploads\/2022\/08\/logo-1.png\",\"contentUrl\":\"https:\/\/librairie7l.com\/wp-content\/uploads\/2022\/08\/logo-1.png\",\"width\":227,\"height\":301,\"caption\":\"Librairie 7L\"},\"image\":{\"@id\":\"https:\/\/librairie7l.com\/en\/#\/schema\/logo\/image\/\"}}]}<\/script>\n<!-- \/ Yoast SEO plugin. -->","yoast_head_json":{"title":"MONET MITCHELL : LES COULEURS DE LA LUMI\u00c8RE - Librairie 7L","robots":{"index":"index","follow":"follow","max-snippet":"max-snippet:-1","max-image-preview":"max-image-preview:large","max-video-preview":"max-video-preview:-1"},"canonical":"https:\/\/librairie7l.com\/en\/produit\/monet-mitchell-les-couleurs-de-la-lumiere\/","og_locale":"en_US","og_type":"article","og_title":"MONET MITCHELL : LES COULEURS DE LA LUMI\u00c8RE - Librairie 7L","og_description":"Le catalogue de l&#8217;exposition \u00ab Monet Mitchell \u00bb, organis\u00e9e \u00e0 la Fondation Louis Vuitton en partenariat avec le mus\u00e9e Marmottan Monet, explore les correspondances entre les oeuvres tardives de Claude Monet (1914-1926), qui anticipent les d\u00e9buts de l&#8217;abstraction, et les peintures de Joan Mitchell (1925-1992). Peintre am\u00e9ricaine issue de l&#8217;expressionnisme abstrait, Joan Mitchell voyage en [&hellip;]","og_url":"https:\/\/librairie7l.com\/en\/produit\/monet-mitchell-les-couleurs-de-la-lumiere\/","og_site_name":"Librairie 7L","article_modified_time":"2026-04-17T11:05:54+00:00","og_image":[{"width":600,"height":701,"url":"https:\/\/librairie7l.com\/wp-content\/uploads\/2022\/10\/9782754112833_1_75.jpg","type":"image\/jpeg"}],"twitter_card":"summary_large_image","twitter_misc":{"Est. reading time":"1 minute"},"schema":{"@context":"https:\/\/schema.org","@graph":[{"@type":"WebPage","@id":"https:\/\/librairie7l.com\/en\/produit\/monet-mitchell-les-couleurs-de-la-lumiere\/","url":"https:\/\/librairie7l.com\/en\/produit\/monet-mitchell-les-couleurs-de-la-lumiere\/","name":"MONET MITCHELL : LES COULEURS DE LA LUMI\u00c8RE - Librairie 7L","isPartOf":{"@id":"https:\/\/librairie7l.com\/en\/#website"},"datePublished":"2023-05-09T15:07:26+00:00","dateModified":"2026-04-17T11:05:54+00:00","breadcrumb":{"@id":"https:\/\/librairie7l.com\/en\/produit\/monet-mitchell-les-couleurs-de-la-lumiere\/#breadcrumb"},"inLanguage":"en-US","potentialAction":[{"@type":"ReadAction","target":["https:\/\/librairie7l.com\/en\/produit\/monet-mitchell-les-couleurs-de-la-lumiere\/"]}]},{"@type":"BreadcrumbList","@id":"https:\/\/librairie7l.com\/en\/produit\/monet-mitchell-les-couleurs-de-la-lumiere\/#breadcrumb","itemListElement":[{"@type":"ListItem","position":1,"name":"Accueil","item":"https:\/\/librairie7l.com\/en\/"},{"@type":"ListItem","position":2,"name":"Shop","item":"https:\/\/librairie7l.com\/en\/shop\/"},{"@type":"ListItem","position":3,"name":"MONET MITCHELL : LES COULEURS DE LA LUMI\u00c8RE"}]},{"@type":"WebSite","@id":"https:\/\/librairie7l.com\/en\/#website","url":"https:\/\/librairie7l.com\/en\/","name":"Librairie 7L","description":"Librairie fond\u00e9e en 1999 par Karl Lagerfeld \u00e0 Paris","publisher":{"@id":"https:\/\/librairie7l.com\/en\/#organization"},"potentialAction":[{"@type":"SearchAction","target":{"@type":"EntryPoint","urlTemplate":"https:\/\/librairie7l.com\/en\/?s={search_term_string}"},"query-input":"required name=search_term_string"}],"inLanguage":"en-US"},{"@type":"Organization","@id":"https:\/\/librairie7l.com\/en\/#organization","name":"Librairie 7L","url":"https:\/\/librairie7l.com\/en\/","logo":{"@type":"ImageObject","inLanguage":"en-US","@id":"https:\/\/librairie7l.com\/en\/#\/schema\/logo\/image\/","url":"https:\/\/librairie7l.com\/wp-content\/uploads\/2022\/08\/logo-1.png","contentUrl":"https:\/\/librairie7l.com\/wp-content\/uploads\/2022\/08\/logo-1.png","width":227,"height":301,"caption":"Librairie 7L"},"image":{"@id":"https:\/\/librairie7l.com\/en\/#\/schema\/logo\/image\/"}}]}},"_links":{"self":[{"href":"https:\/\/librairie7l.com\/en\/wp-json\/wp\/v2\/product\/15760"}],"collection":[{"href":"https:\/\/librairie7l.com\/en\/wp-json\/wp\/v2\/product"}],"about":[{"href":"https:\/\/librairie7l.com\/en\/wp-json\/wp\/v2\/types\/product"}],"wp:featuredmedia":[{"embeddable":true,"href":"https:\/\/librairie7l.com\/en\/wp-json\/wp\/v2\/media\/15758"}],"wp:attachment":[{"href":"https:\/\/librairie7l.com\/en\/wp-json\/wp\/v2\/media?parent=15760"}],"wp:term":[{"taxonomy":"product_cat","embeddable":true,"href":"https:\/\/librairie7l.com\/en\/wp-json\/wp\/v2\/product_cat?post=15760"},{"taxonomy":"product_tag","embeddable":true,"href":"https:\/\/librairie7l.com\/en\/wp-json\/wp\/v2\/product_tag?post=15760"}],"curies":[{"name":"wp","href":"https:\/\/api.w.org\/{rel}","templated":true}]}}