{"id":15764,"date":"2023-05-09T17:07:29","date_gmt":"2023-05-09T15:07:29","guid":{"rendered":"https:\/\/librairie7l.com\/?post_type=product&#038;p=15764"},"modified":"2026-04-16T21:06:06","modified_gmt":"2026-04-16T19:06:06","slug":"rosa-bonheur","status":"publish","type":"product","link":"https:\/\/librairie7l.com\/en\/produit\/rosa-bonheur\/","title":{"rendered":"ROSA BONHEUR"},"content":{"rendered":"<p>Personnalit\u00e9 fascinante, Rosa Bonheur (1822-1899) est l&#8217;artiste des paradoxes. Cr\u00e9atrice hors norme encore trop m\u00e9connue, elle fut pourtant la meilleure artiste animali\u00e8re de son temps et sut imposer, dans ce XIX? si\u00e8cle tr\u00e8s corset\u00e9, sa libert\u00e9 et son ind\u00e9pendance. Sans anthropomorphisme ni sentimentalisme, ses peintures et dessins insufflent la vie aux animaux qu&#8217;elle observait inlassablement. Plus que jamais, au XXI? si\u00e8cle, regarder l&#8217;art de Rosa Bonheur nous permet une nouvelle rencontre avec le vivant, et nous aide \u00e0 mieux habiter le monde. R\u00e9alis\u00e9 \u00e0 l&#8217;occasion du bicentenaire de la naissance de l&#8217;artiste, cet ouvrage polyphonique accueille de nombreux sp\u00e9cialistes \u00e0 la crois\u00e9e de divers champs disciplinaires afin de donner \u00e0 voir toute la richesse et la modernit\u00e9 de Rosa Bonheur.<\/p>\n","protected":false},"excerpt":{"rendered":"<p>Personnalit\u00e9 fascinante, Rosa Bonheur (1822-1899) est l&#8217;artiste des paradoxes. Cr\u00e9atrice hors norme encore trop m\u00e9connue, elle fut pourtant la meilleure artiste animali\u00e8re de son temps et sut imposer, dans ce XIX? si\u00e8cle tr\u00e8s corset\u00e9, sa libert\u00e9 et son ind\u00e9pendance. Sans anthropomorphisme ni sentimentalisme, ses peintures et dessins insufflent la vie aux animaux qu&#8217;elle observait inlassablement. [&hellip;]<\/p>\n","protected":false},"featured_media":15762,"template":"","meta":[],"product_cat":[55,2948,47,2953],"product_tag":[],"acf":[],"yoast_head":"<!-- This site is optimized with the Yoast SEO plugin v20.11 - https:\/\/yoast.com\/wordpress\/plugins\/seo\/ -->\n<title>ROSA BONHEUR - Librairie 7L<\/title>\n<meta name=\"robots\" content=\"index, follow, max-snippet:-1, max-image-preview:large, max-video-preview:-1\" \/>\n<link rel=\"canonical\" href=\"https:\/\/librairie7l.com\/en\/produit\/rosa-bonheur\/\" \/>\n<meta property=\"og:locale\" content=\"en_US\" \/>\n<meta property=\"og:type\" content=\"article\" \/>\n<meta property=\"og:title\" content=\"ROSA BONHEUR - Librairie 7L\" \/>\n<meta property=\"og:description\" content=\"Personnalit\u00e9 fascinante, Rosa Bonheur (1822-1899) est l&#8217;artiste des paradoxes. Cr\u00e9atrice hors norme encore trop m\u00e9connue, elle fut pourtant la meilleure artiste animali\u00e8re de son temps et sut imposer, dans ce XIX? si\u00e8cle tr\u00e8s corset\u00e9, sa libert\u00e9 et son ind\u00e9pendance. Sans anthropomorphisme ni sentimentalisme, ses peintures et dessins insufflent la vie aux animaux qu&#8217;elle observait inlassablement. [&hellip;]\" \/>\n<meta property=\"og:url\" content=\"https:\/\/librairie7l.com\/en\/produit\/rosa-bonheur\/\" \/>\n<meta property=\"og:site_name\" content=\"Librairie 7L\" \/>\n<meta property=\"article:modified_time\" content=\"2026-04-16T19:06:06+00:00\" \/>\n<meta property=\"og:image\" content=\"https:\/\/librairie7l.com\/wp-content\/uploads\/2022\/05\/9782080280961_1_75.jpg\" \/>\n\t<meta property=\"og:image:width\" content=\"600\" \/>\n\t<meta property=\"og:image:height\" content=\"833\" \/>\n\t<meta property=\"og:image:type\" content=\"image\/jpeg\" \/>\n<meta name=\"twitter:card\" content=\"summary_large_image\" \/>\n<meta name=\"twitter:label1\" content=\"Est. reading time\" \/>\n\t<meta name=\"twitter:data1\" content=\"1 minute\" \/>\n<script type=\"application\/ld+json\" class=\"yoast-schema-graph\">{\"@context\":\"https:\/\/schema.org\",\"@graph\":[{\"@type\":\"WebPage\",\"@id\":\"https:\/\/librairie7l.com\/en\/produit\/rosa-bonheur\/\",\"url\":\"https:\/\/librairie7l.com\/en\/produit\/rosa-bonheur\/\",\"name\":\"ROSA BONHEUR - Librairie 7L\",\"isPartOf\":{\"@id\":\"https:\/\/librairie7l.com\/en\/#website\"},\"datePublished\":\"2023-05-09T15:07:29+00:00\",\"dateModified\":\"2026-04-16T19:06:06+00:00\",\"breadcrumb\":{\"@id\":\"https:\/\/librairie7l.com\/en\/produit\/rosa-bonheur\/#breadcrumb\"},\"inLanguage\":\"en-US\",\"potentialAction\":[{\"@type\":\"ReadAction\",\"target\":[\"https:\/\/librairie7l.com\/en\/produit\/rosa-bonheur\/\"]}]},{\"@type\":\"BreadcrumbList\",\"@id\":\"https:\/\/librairie7l.com\/en\/produit\/rosa-bonheur\/#breadcrumb\",\"itemListElement\":[{\"@type\":\"ListItem\",\"position\":1,\"name\":\"Accueil\",\"item\":\"https:\/\/librairie7l.com\/en\/\"},{\"@type\":\"ListItem\",\"position\":2,\"name\":\"Shop\",\"item\":\"https:\/\/librairie7l.com\/en\/shop\/\"},{\"@type\":\"ListItem\",\"position\":3,\"name\":\"ROSA BONHEUR\"}]},{\"@type\":\"WebSite\",\"@id\":\"https:\/\/librairie7l.com\/en\/#website\",\"url\":\"https:\/\/librairie7l.com\/en\/\",\"name\":\"Librairie 7L\",\"description\":\"Librairie fond\u00e9e en 1999 par Karl Lagerfeld \u00e0 Paris\",\"publisher\":{\"@id\":\"https:\/\/librairie7l.com\/en\/#organization\"},\"potentialAction\":[{\"@type\":\"SearchAction\",\"target\":{\"@type\":\"EntryPoint\",\"urlTemplate\":\"https:\/\/librairie7l.com\/en\/?s={search_term_string}\"},\"query-input\":\"required name=search_term_string\"}],\"inLanguage\":\"en-US\"},{\"@type\":\"Organization\",\"@id\":\"https:\/\/librairie7l.com\/en\/#organization\",\"name\":\"Librairie 7L\",\"url\":\"https:\/\/librairie7l.com\/en\/\",\"logo\":{\"@type\":\"ImageObject\",\"inLanguage\":\"en-US\",\"@id\":\"https:\/\/librairie7l.com\/en\/#\/schema\/logo\/image\/\",\"url\":\"https:\/\/librairie7l.com\/wp-content\/uploads\/2022\/08\/logo-1.png\",\"contentUrl\":\"https:\/\/librairie7l.com\/wp-content\/uploads\/2022\/08\/logo-1.png\",\"width\":227,\"height\":301,\"caption\":\"Librairie 7L\"},\"image\":{\"@id\":\"https:\/\/librairie7l.com\/en\/#\/schema\/logo\/image\/\"}}]}<\/script>\n<!-- \/ Yoast SEO plugin. -->","yoast_head_json":{"title":"ROSA BONHEUR - Librairie 7L","robots":{"index":"index","follow":"follow","max-snippet":"max-snippet:-1","max-image-preview":"max-image-preview:large","max-video-preview":"max-video-preview:-1"},"canonical":"https:\/\/librairie7l.com\/en\/produit\/rosa-bonheur\/","og_locale":"en_US","og_type":"article","og_title":"ROSA BONHEUR - Librairie 7L","og_description":"Personnalit\u00e9 fascinante, Rosa Bonheur (1822-1899) est l&#8217;artiste des paradoxes. Cr\u00e9atrice hors norme encore trop m\u00e9connue, elle fut pourtant la meilleure artiste animali\u00e8re de son temps et sut imposer, dans ce XIX? si\u00e8cle tr\u00e8s corset\u00e9, sa libert\u00e9 et son ind\u00e9pendance. Sans anthropomorphisme ni sentimentalisme, ses peintures et dessins insufflent la vie aux animaux qu&#8217;elle observait inlassablement. [&hellip;]","og_url":"https:\/\/librairie7l.com\/en\/produit\/rosa-bonheur\/","og_site_name":"Librairie 7L","article_modified_time":"2026-04-16T19:06:06+00:00","og_image":[{"width":600,"height":833,"url":"https:\/\/librairie7l.com\/wp-content\/uploads\/2022\/05\/9782080280961_1_75.jpg","type":"image\/jpeg"}],"twitter_card":"summary_large_image","twitter_misc":{"Est. reading time":"1 minute"},"schema":{"@context":"https:\/\/schema.org","@graph":[{"@type":"WebPage","@id":"https:\/\/librairie7l.com\/en\/produit\/rosa-bonheur\/","url":"https:\/\/librairie7l.com\/en\/produit\/rosa-bonheur\/","name":"ROSA BONHEUR - Librairie 7L","isPartOf":{"@id":"https:\/\/librairie7l.com\/en\/#website"},"datePublished":"2023-05-09T15:07:29+00:00","dateModified":"2026-04-16T19:06:06+00:00","breadcrumb":{"@id":"https:\/\/librairie7l.com\/en\/produit\/rosa-bonheur\/#breadcrumb"},"inLanguage":"en-US","potentialAction":[{"@type":"ReadAction","target":["https:\/\/librairie7l.com\/en\/produit\/rosa-bonheur\/"]}]},{"@type":"BreadcrumbList","@id":"https:\/\/librairie7l.com\/en\/produit\/rosa-bonheur\/#breadcrumb","itemListElement":[{"@type":"ListItem","position":1,"name":"Accueil","item":"https:\/\/librairie7l.com\/en\/"},{"@type":"ListItem","position":2,"name":"Shop","item":"https:\/\/librairie7l.com\/en\/shop\/"},{"@type":"ListItem","position":3,"name":"ROSA BONHEUR"}]},{"@type":"WebSite","@id":"https:\/\/librairie7l.com\/en\/#website","url":"https:\/\/librairie7l.com\/en\/","name":"Librairie 7L","description":"Librairie fond\u00e9e en 1999 par Karl Lagerfeld \u00e0 Paris","publisher":{"@id":"https:\/\/librairie7l.com\/en\/#organization"},"potentialAction":[{"@type":"SearchAction","target":{"@type":"EntryPoint","urlTemplate":"https:\/\/librairie7l.com\/en\/?s={search_term_string}"},"query-input":"required name=search_term_string"}],"inLanguage":"en-US"},{"@type":"Organization","@id":"https:\/\/librairie7l.com\/en\/#organization","name":"Librairie 7L","url":"https:\/\/librairie7l.com\/en\/","logo":{"@type":"ImageObject","inLanguage":"en-US","@id":"https:\/\/librairie7l.com\/en\/#\/schema\/logo\/image\/","url":"https:\/\/librairie7l.com\/wp-content\/uploads\/2022\/08\/logo-1.png","contentUrl":"https:\/\/librairie7l.com\/wp-content\/uploads\/2022\/08\/logo-1.png","width":227,"height":301,"caption":"Librairie 7L"},"image":{"@id":"https:\/\/librairie7l.com\/en\/#\/schema\/logo\/image\/"}}]}},"_links":{"self":[{"href":"https:\/\/librairie7l.com\/en\/wp-json\/wp\/v2\/product\/15764"}],"collection":[{"href":"https:\/\/librairie7l.com\/en\/wp-json\/wp\/v2\/product"}],"about":[{"href":"https:\/\/librairie7l.com\/en\/wp-json\/wp\/v2\/types\/product"}],"wp:featuredmedia":[{"embeddable":true,"href":"https:\/\/librairie7l.com\/en\/wp-json\/wp\/v2\/media\/15762"}],"wp:attachment":[{"href":"https:\/\/librairie7l.com\/en\/wp-json\/wp\/v2\/media?parent=15764"}],"wp:term":[{"taxonomy":"product_cat","embeddable":true,"href":"https:\/\/librairie7l.com\/en\/wp-json\/wp\/v2\/product_cat?post=15764"},{"taxonomy":"product_tag","embeddable":true,"href":"https:\/\/librairie7l.com\/en\/wp-json\/wp\/v2\/product_tag?post=15764"}],"curies":[{"name":"wp","href":"https:\/\/api.w.org\/{rel}","templated":true}]}}