{"id":15768,"date":"2023-05-09T17:07:33","date_gmt":"2023-05-09T15:07:33","guid":{"rendered":"https:\/\/librairie7l.com\/?post_type=product&#038;p=15768"},"modified":"2026-04-10T10:26:20","modified_gmt":"2026-04-10T08:26:20","slug":"moi-ver","status":"publish","type":"product","link":"https:\/\/librairie7l.com\/en\/produit\/moi-ver\/","title":{"rendered":"MO\u00cf VER"},"content":{"rendered":"<p>Connu dans les pays occidentaux sous le nom  de Mo\u00ef Ver, en Orient sous celui de Moshe  Worobiejczyk et plus tard dans son pays natal  sous celui de Moshe Raviv (1904-1995), ce  photographe, graphiste puis peintre mystique  d&#8217;avant-garde n&#8217;avait jamais \u00e9t\u00e9 pr\u00e9sent\u00e9 dans  toute sa complexit\u00e9 et sa richesse.<br \/>\nN\u00e9 en 1904 pr\u00e8s de Vilnius, il grandit dans le  quartier juif de la ville ; \u00e9tudiant au Bauhaus de  Dessau, puis \u00e0 l&#8217;atelier de Fernand L\u00e9ger \u00e0 Paris,  il \u00e9tudie \u00e9galement \u00e0 l&#8217;Ecole de photographie et  de cin\u00e9ma de la Ville de Paris. En 1929, apr\u00e8s  deux ans au Bauhaus, il s&#8217;installe \u00e0 Paris, attir\u00e9  par l&#8217;\u00e9nergie et les possibilit\u00e9s artistiques de la  ville.<br \/>\nLa photographie devient son moyen d&#8217;expression  favori : il photographie intensivement Paris,  mais aussi Vilnius lorsqu&#8217;il rend visite \u00e0 sa  famille. En 1931, \u00e0 partir de ces images  nouvellement prises, il publie un livre de photos  qui remporte imm\u00e9diatement un grand succ\u00e8s :<br \/>\nL&#8217;\u00e9dition luxueuse sans titre \u00ab Paris \u00bb, reconnue  jusqu&#8217;\u00e0 aujourd&#8217;hui comme l&#8217;un des livres  photographiques les plus exp\u00e9rimentaux de  l&#8217;\u00e9poque. Pendant son s\u00e9jour \u00e0 Paris, il ach\u00e8ve  \u00e9galement un livre factice, intitul\u00e9 \u00ab Ci-Contre \u00bb,  qui devait \u00eatre publi\u00e9 par le critique allemand  Franz Roh. Le projet a \u00e9t\u00e9 interrompu en raison  de l&#8217;arriv\u00e9e au pouvoir des nazis. Le livre sera  finalement publi\u00e9 en 2004. Ces deux ouvrages  sont consid\u00e9r\u00e9s comme des chefs-d&#8217;oeuvre de  l&#8217;histoire de la photographie moderne.<br \/>\nOutre ces deux publications, Mo\u00ef Ver a  document\u00e9 la vie quotidienne des shtetels  de Pologne orientale, des Juifs s\u00e9farades en  Palestine et a enregistr\u00e9 la naissance du nouvel  \u00c9tat juif.<br \/>\nEn 1934, il \u00e9migre vers le Mandat britannique  pour la Palestine o\u00f9 il travaille pr\u00e8s de Ben  Gourion, produisant des affiches politiques et  culturelles, des livres de propagande et des  illustrations photographiques. Dans toutes ces  productions, on peut voir le langage visuel du  Bauhaus appliqu\u00e9 \u00e0 l&#8217;id\u00e9ologie du nouvel \u00c9tat  d&#8217;Isra\u00ebl.<br \/>\nD\u00e9cidant \u00e0 l&#8217;\u00e2ge de 50 ans de revenir \u00e0 la  peinture, il se retire dans le village orthodoxe  de Safed, centre de groupes hassidiques, o\u00f9 il  fonde une colonie d&#8217;artistes.<br \/>\nEn collaboration avec les archives Moshe  Raviv de Tel Aviv, l&#8217;exposition sera sa premi\u00e8re  r\u00e9trospective en Europe.<br \/>\nLe catalogue proposera 7 essais th\u00e9matiques  mettant en lumi\u00e8re la richesse de l&#8217;oeuvre de  Mo\u00ef Ver et sa biographie. 25 notices viendront  compl\u00e9ter le corpus de textes, ainsi qu&#8217;une  chronologie et une bibliographie<\/p>\n","protected":false},"excerpt":{"rendered":"<p>Connu dans les pays occidentaux sous le nom de Mo\u00ef Ver, en Orient sous celui de Moshe Worobiejczyk et plus tard dans son pays natal sous celui de Moshe Raviv (1904-1995), ce photographe, graphiste puis peintre mystique d&#8217;avant-garde n&#8217;avait jamais \u00e9t\u00e9 pr\u00e9sent\u00e9 dans toute sa complexit\u00e9 et sa richesse. N\u00e9 en 1904 pr\u00e8s de Vilnius, [&hellip;]<\/p>\n","protected":false},"featured_media":15767,"template":"","meta":[],"product_cat":[55,2948,2958,17],"product_tag":[],"acf":[],"yoast_head":"<!-- This site is optimized with the Yoast SEO plugin v20.11 - https:\/\/yoast.com\/wordpress\/plugins\/seo\/ -->\n<title>MO\u00cf VER - Librairie 7L<\/title>\n<meta name=\"robots\" content=\"index, follow, max-snippet:-1, max-image-preview:large, max-video-preview:-1\" \/>\n<link rel=\"canonical\" href=\"https:\/\/librairie7l.com\/en\/produit\/moi-ver\/\" \/>\n<meta property=\"og:locale\" content=\"en_US\" \/>\n<meta property=\"og:type\" content=\"article\" \/>\n<meta property=\"og:title\" content=\"MO\u00cf VER - Librairie 7L\" \/>\n<meta property=\"og:description\" content=\"Connu dans les pays occidentaux sous le nom de Mo\u00ef Ver, en Orient sous celui de Moshe Worobiejczyk et plus tard dans son pays natal sous celui de Moshe Raviv (1904-1995), ce photographe, graphiste puis peintre mystique d&#8217;avant-garde n&#8217;avait jamais \u00e9t\u00e9 pr\u00e9sent\u00e9 dans toute sa complexit\u00e9 et sa richesse. N\u00e9 en 1904 pr\u00e8s de Vilnius, [&hellip;]\" \/>\n<meta property=\"og:url\" content=\"https:\/\/librairie7l.com\/en\/produit\/moi-ver\/\" \/>\n<meta property=\"og:site_name\" content=\"Librairie 7L\" \/>\n<meta property=\"article:modified_time\" content=\"2026-04-10T08:26:20+00:00\" \/>\n<meta property=\"og:image\" content=\"https:\/\/librairie7l.com\/wp-content\/uploads\/2023\/04\/9782844269423_1_75.jpg\" \/>\n\t<meta property=\"og:image:width\" content=\"600\" \/>\n\t<meta property=\"og:image:height\" content=\"831\" \/>\n\t<meta property=\"og:image:type\" content=\"image\/jpeg\" \/>\n<meta name=\"twitter:card\" content=\"summary_large_image\" \/>\n<meta name=\"twitter:label1\" content=\"Est. reading time\" \/>\n\t<meta name=\"twitter:data1\" content=\"2 minutes\" \/>\n<script type=\"application\/ld+json\" class=\"yoast-schema-graph\">{\"@context\":\"https:\/\/schema.org\",\"@graph\":[{\"@type\":\"WebPage\",\"@id\":\"https:\/\/librairie7l.com\/en\/produit\/moi-ver\/\",\"url\":\"https:\/\/librairie7l.com\/en\/produit\/moi-ver\/\",\"name\":\"MO\u00cf VER - Librairie 7L\",\"isPartOf\":{\"@id\":\"https:\/\/librairie7l.com\/en\/#website\"},\"datePublished\":\"2023-05-09T15:07:33+00:00\",\"dateModified\":\"2026-04-10T08:26:20+00:00\",\"breadcrumb\":{\"@id\":\"https:\/\/librairie7l.com\/en\/produit\/moi-ver\/#breadcrumb\"},\"inLanguage\":\"en-US\",\"potentialAction\":[{\"@type\":\"ReadAction\",\"target\":[\"https:\/\/librairie7l.com\/en\/produit\/moi-ver\/\"]}]},{\"@type\":\"BreadcrumbList\",\"@id\":\"https:\/\/librairie7l.com\/en\/produit\/moi-ver\/#breadcrumb\",\"itemListElement\":[{\"@type\":\"ListItem\",\"position\":1,\"name\":\"Accueil\",\"item\":\"https:\/\/librairie7l.com\/en\/\"},{\"@type\":\"ListItem\",\"position\":2,\"name\":\"Shop\",\"item\":\"https:\/\/librairie7l.com\/en\/shop\/\"},{\"@type\":\"ListItem\",\"position\":3,\"name\":\"MO\u00cf VER\"}]},{\"@type\":\"WebSite\",\"@id\":\"https:\/\/librairie7l.com\/en\/#website\",\"url\":\"https:\/\/librairie7l.com\/en\/\",\"name\":\"Librairie 7L\",\"description\":\"Librairie fond\u00e9e en 1999 par Karl Lagerfeld \u00e0 Paris\",\"publisher\":{\"@id\":\"https:\/\/librairie7l.com\/en\/#organization\"},\"potentialAction\":[{\"@type\":\"SearchAction\",\"target\":{\"@type\":\"EntryPoint\",\"urlTemplate\":\"https:\/\/librairie7l.com\/en\/?s={search_term_string}\"},\"query-input\":\"required name=search_term_string\"}],\"inLanguage\":\"en-US\"},{\"@type\":\"Organization\",\"@id\":\"https:\/\/librairie7l.com\/en\/#organization\",\"name\":\"Librairie 7L\",\"url\":\"https:\/\/librairie7l.com\/en\/\",\"logo\":{\"@type\":\"ImageObject\",\"inLanguage\":\"en-US\",\"@id\":\"https:\/\/librairie7l.com\/en\/#\/schema\/logo\/image\/\",\"url\":\"https:\/\/librairie7l.com\/wp-content\/uploads\/2022\/08\/logo-1.png\",\"contentUrl\":\"https:\/\/librairie7l.com\/wp-content\/uploads\/2022\/08\/logo-1.png\",\"width\":227,\"height\":301,\"caption\":\"Librairie 7L\"},\"image\":{\"@id\":\"https:\/\/librairie7l.com\/en\/#\/schema\/logo\/image\/\"}}]}<\/script>\n<!-- \/ Yoast SEO plugin. -->","yoast_head_json":{"title":"MO\u00cf VER - Librairie 7L","robots":{"index":"index","follow":"follow","max-snippet":"max-snippet:-1","max-image-preview":"max-image-preview:large","max-video-preview":"max-video-preview:-1"},"canonical":"https:\/\/librairie7l.com\/en\/produit\/moi-ver\/","og_locale":"en_US","og_type":"article","og_title":"MO\u00cf VER - Librairie 7L","og_description":"Connu dans les pays occidentaux sous le nom de Mo\u00ef Ver, en Orient sous celui de Moshe Worobiejczyk et plus tard dans son pays natal sous celui de Moshe Raviv (1904-1995), ce photographe, graphiste puis peintre mystique d&#8217;avant-garde n&#8217;avait jamais \u00e9t\u00e9 pr\u00e9sent\u00e9 dans toute sa complexit\u00e9 et sa richesse. N\u00e9 en 1904 pr\u00e8s de Vilnius, [&hellip;]","og_url":"https:\/\/librairie7l.com\/en\/produit\/moi-ver\/","og_site_name":"Librairie 7L","article_modified_time":"2026-04-10T08:26:20+00:00","og_image":[{"width":600,"height":831,"url":"https:\/\/librairie7l.com\/wp-content\/uploads\/2023\/04\/9782844269423_1_75.jpg","type":"image\/jpeg"}],"twitter_card":"summary_large_image","twitter_misc":{"Est. reading time":"2 minutes"},"schema":{"@context":"https:\/\/schema.org","@graph":[{"@type":"WebPage","@id":"https:\/\/librairie7l.com\/en\/produit\/moi-ver\/","url":"https:\/\/librairie7l.com\/en\/produit\/moi-ver\/","name":"MO\u00cf VER - Librairie 7L","isPartOf":{"@id":"https:\/\/librairie7l.com\/en\/#website"},"datePublished":"2023-05-09T15:07:33+00:00","dateModified":"2026-04-10T08:26:20+00:00","breadcrumb":{"@id":"https:\/\/librairie7l.com\/en\/produit\/moi-ver\/#breadcrumb"},"inLanguage":"en-US","potentialAction":[{"@type":"ReadAction","target":["https:\/\/librairie7l.com\/en\/produit\/moi-ver\/"]}]},{"@type":"BreadcrumbList","@id":"https:\/\/librairie7l.com\/en\/produit\/moi-ver\/#breadcrumb","itemListElement":[{"@type":"ListItem","position":1,"name":"Accueil","item":"https:\/\/librairie7l.com\/en\/"},{"@type":"ListItem","position":2,"name":"Shop","item":"https:\/\/librairie7l.com\/en\/shop\/"},{"@type":"ListItem","position":3,"name":"MO\u00cf VER"}]},{"@type":"WebSite","@id":"https:\/\/librairie7l.com\/en\/#website","url":"https:\/\/librairie7l.com\/en\/","name":"Librairie 7L","description":"Librairie fond\u00e9e en 1999 par Karl Lagerfeld \u00e0 Paris","publisher":{"@id":"https:\/\/librairie7l.com\/en\/#organization"},"potentialAction":[{"@type":"SearchAction","target":{"@type":"EntryPoint","urlTemplate":"https:\/\/librairie7l.com\/en\/?s={search_term_string}"},"query-input":"required name=search_term_string"}],"inLanguage":"en-US"},{"@type":"Organization","@id":"https:\/\/librairie7l.com\/en\/#organization","name":"Librairie 7L","url":"https:\/\/librairie7l.com\/en\/","logo":{"@type":"ImageObject","inLanguage":"en-US","@id":"https:\/\/librairie7l.com\/en\/#\/schema\/logo\/image\/","url":"https:\/\/librairie7l.com\/wp-content\/uploads\/2022\/08\/logo-1.png","contentUrl":"https:\/\/librairie7l.com\/wp-content\/uploads\/2022\/08\/logo-1.png","width":227,"height":301,"caption":"Librairie 7L"},"image":{"@id":"https:\/\/librairie7l.com\/en\/#\/schema\/logo\/image\/"}}]}},"_links":{"self":[{"href":"https:\/\/librairie7l.com\/en\/wp-json\/wp\/v2\/product\/15768"}],"collection":[{"href":"https:\/\/librairie7l.com\/en\/wp-json\/wp\/v2\/product"}],"about":[{"href":"https:\/\/librairie7l.com\/en\/wp-json\/wp\/v2\/types\/product"}],"wp:featuredmedia":[{"embeddable":true,"href":"https:\/\/librairie7l.com\/en\/wp-json\/wp\/v2\/media\/15767"}],"wp:attachment":[{"href":"https:\/\/librairie7l.com\/en\/wp-json\/wp\/v2\/media?parent=15768"}],"wp:term":[{"taxonomy":"product_cat","embeddable":true,"href":"https:\/\/librairie7l.com\/en\/wp-json\/wp\/v2\/product_cat?post=15768"},{"taxonomy":"product_tag","embeddable":true,"href":"https:\/\/librairie7l.com\/en\/wp-json\/wp\/v2\/product_tag?post=15768"}],"curies":[{"name":"wp","href":"https:\/\/api.w.org\/{rel}","templated":true}]}}