{"id":15772,"date":"2023-05-09T17:07:36","date_gmt":"2023-05-09T15:07:36","guid":{"rendered":"https:\/\/librairie7l.com\/?post_type=product&#038;p=15772"},"modified":"2026-04-17T12:38:57","modified_gmt":"2026-04-17T10:38:57","slug":"leon-monet","status":"publish","type":"product","link":"https:\/\/librairie7l.com\/en\/produit\/leon-monet\/","title":{"rendered":"L\u00c9ON MONET"},"content":{"rendered":"<p>La renomm\u00e9e de Claude Monet et son r\u00f4le en tant que chef de file de  l&#8217;impressionnisme sont aujourd&#8217;hui parfaitement \u00e9tablis, mais la personnalit\u00e9 de son fr\u00e8re L\u00e9on, chimiste en couleurs, industriel rouennais et  collectionneur, reste encore \u00e0 d\u00e9couvrir. En 1872, Claude Monet peint  Impression, soleil levant, tandis que L\u00e9on fonde la Soci\u00e9t\u00e9 industrielle  de Rouen et d\u00e9cide d&#8217;apporter un soutien actif \u00e0 son fr\u00e8re et \u00e0 ses amis  impressionnistes. Ce sont les pr\u00e9mices de la constitution d&#8217;une collection de peintures, de dessins et d&#8217;estampes japonaises, qui comptera les  noms de Claude Monet, Camille Pissarro, Auguste Renoir, Alfred Sisley,  Blanche Hosch\u00e9d\u00e9-Monet, Berthe Morisot, parmi les plus illustres, et  qui deviendra un des plus remarquables ensembles d&#8217;art moderne de la  r\u00e9gion rouennaise.<br \/>\nLe catalogue met en lumi\u00e8re d&#8217;une part la relation, tr\u00e8s soud\u00e9e, entre  les deux fr\u00e8res Monet, de l&#8217;autre le r\u00f4le que L\u00e9on joua en tant que promoteur des peintres impressionnistes \u00e0 l&#8217;aube de leur carri\u00e8re. Il r\u00e9unit  une iconographie foisonnante et in\u00e9dite, donnant \u00e0 voir l&#8217;int\u00e9gralit\u00e9 des  oeuvres de la collection de L\u00e9on, y compris une large s\u00e9lection de pages  du premier cahier de dessins de Claude Monet. Il r\u00e9unit aussi des photographies jusqu&#8217;ici conserv\u00e9es dans des albums de famille, \u00e0 c\u00f4t\u00e9 de  documents d&#8217;archives rares et de nuancier de tissus color\u00e9s aux \u00e9clats  synth\u00e9tiques, t\u00e9moignages de l&#8217;activit\u00e9 industrielle de L\u00e9on.<br \/>\nReconnu pour son \u00ab intelligence vive et prompte \u00bb et son caract\u00e8re \u00ab cordial et franc  \u00bb, L\u00e9on Monet retrouve ici, gr\u00e2ce aux recherches men\u00e9es  sous la direction de G\u00e9raldine Lefebvre, la place qui lui appartient dans  l&#8217;histoire de l&#8217;impressionnisme.<\/p>\n","protected":false},"excerpt":{"rendered":"<p>La renomm\u00e9e de Claude Monet et son r\u00f4le en tant que chef de file de l&#8217;impressionnisme sont aujourd&#8217;hui parfaitement \u00e9tablis, mais la personnalit\u00e9 de son fr\u00e8re L\u00e9on, chimiste en couleurs, industriel rouennais et collectionneur, reste encore \u00e0 d\u00e9couvrir. En 1872, Claude Monet peint Impression, soleil levant, tandis que L\u00e9on fonde la Soci\u00e9t\u00e9 industrielle de Rouen [&hellip;]<\/p>\n","protected":false},"featured_media":15770,"template":"","meta":[],"product_cat":[55,2948,47,2953],"product_tag":[],"acf":[],"yoast_head":"<!-- This site is optimized with the Yoast SEO plugin v20.11 - https:\/\/yoast.com\/wordpress\/plugins\/seo\/ -->\n<title>L\u00c9ON MONET - Librairie 7L<\/title>\n<meta name=\"robots\" content=\"index, follow, max-snippet:-1, max-image-preview:large, max-video-preview:-1\" \/>\n<link rel=\"canonical\" href=\"https:\/\/librairie7l.com\/en\/produit\/leon-monet\/\" \/>\n<meta property=\"og:locale\" content=\"en_US\" \/>\n<meta property=\"og:type\" content=\"article\" \/>\n<meta property=\"og:title\" content=\"L\u00c9ON MONET - Librairie 7L\" \/>\n<meta property=\"og:description\" content=\"La renomm\u00e9e de Claude Monet et son r\u00f4le en tant que chef de file de l&#8217;impressionnisme sont aujourd&#8217;hui parfaitement \u00e9tablis, mais la personnalit\u00e9 de son fr\u00e8re L\u00e9on, chimiste en couleurs, industriel rouennais et collectionneur, reste encore \u00e0 d\u00e9couvrir. En 1872, Claude Monet peint Impression, soleil levant, tandis que L\u00e9on fonde la Soci\u00e9t\u00e9 industrielle de Rouen [&hellip;]\" \/>\n<meta property=\"og:url\" content=\"https:\/\/librairie7l.com\/en\/produit\/leon-monet\/\" \/>\n<meta property=\"og:site_name\" content=\"Librairie 7L\" \/>\n<meta property=\"article:modified_time\" content=\"2026-04-17T10:38:57+00:00\" \/>\n<meta property=\"og:image\" content=\"https:\/\/librairie7l.com\/wp-content\/uploads\/2023\/03\/9782711879656_1_75.jpg\" \/>\n\t<meta property=\"og:image:width\" content=\"600\" \/>\n\t<meta property=\"og:image:height\" content=\"863\" \/>\n\t<meta property=\"og:image:type\" content=\"image\/jpeg\" \/>\n<meta name=\"twitter:card\" content=\"summary_large_image\" \/>\n<meta name=\"twitter:label1\" content=\"Est. reading time\" \/>\n\t<meta name=\"twitter:data1\" content=\"1 minute\" \/>\n<script type=\"application\/ld+json\" class=\"yoast-schema-graph\">{\"@context\":\"https:\/\/schema.org\",\"@graph\":[{\"@type\":\"WebPage\",\"@id\":\"https:\/\/librairie7l.com\/en\/produit\/leon-monet\/\",\"url\":\"https:\/\/librairie7l.com\/en\/produit\/leon-monet\/\",\"name\":\"L\u00c9ON MONET - Librairie 7L\",\"isPartOf\":{\"@id\":\"https:\/\/librairie7l.com\/en\/#website\"},\"datePublished\":\"2023-05-09T15:07:36+00:00\",\"dateModified\":\"2026-04-17T10:38:57+00:00\",\"breadcrumb\":{\"@id\":\"https:\/\/librairie7l.com\/en\/produit\/leon-monet\/#breadcrumb\"},\"inLanguage\":\"en-US\",\"potentialAction\":[{\"@type\":\"ReadAction\",\"target\":[\"https:\/\/librairie7l.com\/en\/produit\/leon-monet\/\"]}]},{\"@type\":\"BreadcrumbList\",\"@id\":\"https:\/\/librairie7l.com\/en\/produit\/leon-monet\/#breadcrumb\",\"itemListElement\":[{\"@type\":\"ListItem\",\"position\":1,\"name\":\"Accueil\",\"item\":\"https:\/\/librairie7l.com\/en\/\"},{\"@type\":\"ListItem\",\"position\":2,\"name\":\"Shop\",\"item\":\"https:\/\/librairie7l.com\/en\/shop\/\"},{\"@type\":\"ListItem\",\"position\":3,\"name\":\"L\u00c9ON MONET\"}]},{\"@type\":\"WebSite\",\"@id\":\"https:\/\/librairie7l.com\/en\/#website\",\"url\":\"https:\/\/librairie7l.com\/en\/\",\"name\":\"Librairie 7L\",\"description\":\"Librairie fond\u00e9e en 1999 par Karl Lagerfeld \u00e0 Paris\",\"publisher\":{\"@id\":\"https:\/\/librairie7l.com\/en\/#organization\"},\"potentialAction\":[{\"@type\":\"SearchAction\",\"target\":{\"@type\":\"EntryPoint\",\"urlTemplate\":\"https:\/\/librairie7l.com\/en\/?s={search_term_string}\"},\"query-input\":\"required name=search_term_string\"}],\"inLanguage\":\"en-US\"},{\"@type\":\"Organization\",\"@id\":\"https:\/\/librairie7l.com\/en\/#organization\",\"name\":\"Librairie 7L\",\"url\":\"https:\/\/librairie7l.com\/en\/\",\"logo\":{\"@type\":\"ImageObject\",\"inLanguage\":\"en-US\",\"@id\":\"https:\/\/librairie7l.com\/en\/#\/schema\/logo\/image\/\",\"url\":\"https:\/\/librairie7l.com\/wp-content\/uploads\/2022\/08\/logo-1.png\",\"contentUrl\":\"https:\/\/librairie7l.com\/wp-content\/uploads\/2022\/08\/logo-1.png\",\"width\":227,\"height\":301,\"caption\":\"Librairie 7L\"},\"image\":{\"@id\":\"https:\/\/librairie7l.com\/en\/#\/schema\/logo\/image\/\"}}]}<\/script>\n<!-- \/ Yoast SEO plugin. -->","yoast_head_json":{"title":"L\u00c9ON MONET - Librairie 7L","robots":{"index":"index","follow":"follow","max-snippet":"max-snippet:-1","max-image-preview":"max-image-preview:large","max-video-preview":"max-video-preview:-1"},"canonical":"https:\/\/librairie7l.com\/en\/produit\/leon-monet\/","og_locale":"en_US","og_type":"article","og_title":"L\u00c9ON MONET - Librairie 7L","og_description":"La renomm\u00e9e de Claude Monet et son r\u00f4le en tant que chef de file de l&#8217;impressionnisme sont aujourd&#8217;hui parfaitement \u00e9tablis, mais la personnalit\u00e9 de son fr\u00e8re L\u00e9on, chimiste en couleurs, industriel rouennais et collectionneur, reste encore \u00e0 d\u00e9couvrir. En 1872, Claude Monet peint Impression, soleil levant, tandis que L\u00e9on fonde la Soci\u00e9t\u00e9 industrielle de Rouen [&hellip;]","og_url":"https:\/\/librairie7l.com\/en\/produit\/leon-monet\/","og_site_name":"Librairie 7L","article_modified_time":"2026-04-17T10:38:57+00:00","og_image":[{"width":600,"height":863,"url":"https:\/\/librairie7l.com\/wp-content\/uploads\/2023\/03\/9782711879656_1_75.jpg","type":"image\/jpeg"}],"twitter_card":"summary_large_image","twitter_misc":{"Est. reading time":"1 minute"},"schema":{"@context":"https:\/\/schema.org","@graph":[{"@type":"WebPage","@id":"https:\/\/librairie7l.com\/en\/produit\/leon-monet\/","url":"https:\/\/librairie7l.com\/en\/produit\/leon-monet\/","name":"L\u00c9ON MONET - Librairie 7L","isPartOf":{"@id":"https:\/\/librairie7l.com\/en\/#website"},"datePublished":"2023-05-09T15:07:36+00:00","dateModified":"2026-04-17T10:38:57+00:00","breadcrumb":{"@id":"https:\/\/librairie7l.com\/en\/produit\/leon-monet\/#breadcrumb"},"inLanguage":"en-US","potentialAction":[{"@type":"ReadAction","target":["https:\/\/librairie7l.com\/en\/produit\/leon-monet\/"]}]},{"@type":"BreadcrumbList","@id":"https:\/\/librairie7l.com\/en\/produit\/leon-monet\/#breadcrumb","itemListElement":[{"@type":"ListItem","position":1,"name":"Accueil","item":"https:\/\/librairie7l.com\/en\/"},{"@type":"ListItem","position":2,"name":"Shop","item":"https:\/\/librairie7l.com\/en\/shop\/"},{"@type":"ListItem","position":3,"name":"L\u00c9ON MONET"}]},{"@type":"WebSite","@id":"https:\/\/librairie7l.com\/en\/#website","url":"https:\/\/librairie7l.com\/en\/","name":"Librairie 7L","description":"Librairie fond\u00e9e en 1999 par Karl Lagerfeld \u00e0 Paris","publisher":{"@id":"https:\/\/librairie7l.com\/en\/#organization"},"potentialAction":[{"@type":"SearchAction","target":{"@type":"EntryPoint","urlTemplate":"https:\/\/librairie7l.com\/en\/?s={search_term_string}"},"query-input":"required name=search_term_string"}],"inLanguage":"en-US"},{"@type":"Organization","@id":"https:\/\/librairie7l.com\/en\/#organization","name":"Librairie 7L","url":"https:\/\/librairie7l.com\/en\/","logo":{"@type":"ImageObject","inLanguage":"en-US","@id":"https:\/\/librairie7l.com\/en\/#\/schema\/logo\/image\/","url":"https:\/\/librairie7l.com\/wp-content\/uploads\/2022\/08\/logo-1.png","contentUrl":"https:\/\/librairie7l.com\/wp-content\/uploads\/2022\/08\/logo-1.png","width":227,"height":301,"caption":"Librairie 7L"},"image":{"@id":"https:\/\/librairie7l.com\/en\/#\/schema\/logo\/image\/"}}]}},"_links":{"self":[{"href":"https:\/\/librairie7l.com\/en\/wp-json\/wp\/v2\/product\/15772"}],"collection":[{"href":"https:\/\/librairie7l.com\/en\/wp-json\/wp\/v2\/product"}],"about":[{"href":"https:\/\/librairie7l.com\/en\/wp-json\/wp\/v2\/types\/product"}],"wp:featuredmedia":[{"embeddable":true,"href":"https:\/\/librairie7l.com\/en\/wp-json\/wp\/v2\/media\/15770"}],"wp:attachment":[{"href":"https:\/\/librairie7l.com\/en\/wp-json\/wp\/v2\/media?parent=15772"}],"wp:term":[{"taxonomy":"product_cat","embeddable":true,"href":"https:\/\/librairie7l.com\/en\/wp-json\/wp\/v2\/product_cat?post=15772"},{"taxonomy":"product_tag","embeddable":true,"href":"https:\/\/librairie7l.com\/en\/wp-json\/wp\/v2\/product_tag?post=15772"}],"curies":[{"name":"wp","href":"https:\/\/api.w.org\/{rel}","templated":true}]}}