{"id":15776,"date":"2023-05-09T17:07:39","date_gmt":"2023-05-09T15:07:39","guid":{"rendered":"https:\/\/librairie7l.com\/?post_type=product&#038;p=15776"},"modified":"2026-04-17T13:39:22","modified_gmt":"2026-04-17T11:39:22","slug":"lart-des-etats-unis-1750-2000-textes-et-documents","status":"publish","type":"product","link":"https:\/\/librairie7l.com\/en\/produit\/lart-des-etats-unis-1750-2000-textes-et-documents\/","title":{"rendered":"L&#8217;ART DES ETATS-UNIS : 1750-2000 ; TEXTES ET DOCUMENTS"},"content":{"rendered":"<p>Des peintures d&#8217;histoire de Benjamin West aux installations de Kara Walker, en passant par les oeuvres de Mary Cassatt, de Georgia O&#8217;Keeffe ou encore de Jean-Michel Basquiat, cet ouvrage est une invitation \u00e0 parcourir deux cent cinquante ans d&#8217;art des \u00c9tats-Unis. Il donne \u00e0 entendre la multiplicit\u00e9 des voix qui se sont exprim\u00e9es sur ces arts visuels, gr\u00e2ce \u00e0 une vaste s\u00e9lection de textes historiques &#8211; \u00e9crits d&#8217;artistes, de critiques, de m\u00e9c\u00e8nes, de figures litt\u00e9raires et autres commentateurs et commentatrices. Contextualis\u00e9s par des essais introductifs et des notes explicatives, ces textes, r\u00e9unis en chapitres chronologiques, sont accompagn\u00e9s de reproductions d&#8217;oeuvres phares, d&#8217;une chronologie des \u00e9v\u00e9nements historiques ainsi que de cartes. Ces ressources contribuent \u00e0 offrir un panorama d&#8217;une ampleur in\u00e9dite sur les questions esth\u00e9tiques mais aussi sociales et politiques li\u00e9es aux arts visuels des \u00c9tats-Unis. Outil unique pour la compr\u00e9hension de l&#8217;art am\u00e9ricain, ce livre s&#8217;adresse aussi bien \u00e0 un lectorat universitaire, auquel il offre un cadre d&#8217;\u00e9tude et de pens\u00e9e critique, qu&#8217;\u00e0 un public amateur d&#8217;art souhaitant d\u00e9couvrir l&#8217;\u00e9volution des points de vue et des discours au fil des si\u00e8cles.<\/p>\n","protected":false},"excerpt":{"rendered":"<p>Des peintures d&#8217;histoire de Benjamin West aux installations de Kara Walker, en passant par les oeuvres de Mary Cassatt, de Georgia O&#8217;Keeffe ou encore de Jean-Michel Basquiat, cet ouvrage est une invitation \u00e0 parcourir deux cent cinquante ans d&#8217;art des \u00c9tats-Unis. Il donne \u00e0 entendre la multiplicit\u00e9 des voix qui se sont exprim\u00e9es sur ces [&hellip;]<\/p>\n","protected":false},"featured_media":15774,"template":"","meta":[],"product_cat":[55,2948,47,2953],"product_tag":[],"acf":[],"yoast_head":"<!-- This site is optimized with the Yoast SEO plugin v20.11 - https:\/\/yoast.com\/wordpress\/plugins\/seo\/ -->\n<title>L&#039;ART DES ETATS-UNIS : 1750-2000 ; TEXTES ET DOCUMENTS - Librairie 7L<\/title>\n<meta name=\"robots\" content=\"index, follow, max-snippet:-1, max-image-preview:large, max-video-preview:-1\" \/>\n<link rel=\"canonical\" href=\"https:\/\/librairie7l.com\/en\/produit\/lart-des-etats-unis-1750-2000-textes-et-documents\/\" \/>\n<meta property=\"og:locale\" content=\"en_US\" \/>\n<meta property=\"og:type\" content=\"article\" \/>\n<meta property=\"og:title\" content=\"L&#039;ART DES ETATS-UNIS : 1750-2000 ; TEXTES ET DOCUMENTS - Librairie 7L\" \/>\n<meta property=\"og:description\" content=\"Des peintures d&#8217;histoire de Benjamin West aux installations de Kara Walker, en passant par les oeuvres de Mary Cassatt, de Georgia O&#8217;Keeffe ou encore de Jean-Michel Basquiat, cet ouvrage est une invitation \u00e0 parcourir deux cent cinquante ans d&#8217;art des \u00c9tats-Unis. Il donne \u00e0 entendre la multiplicit\u00e9 des voix qui se sont exprim\u00e9es sur ces [&hellip;]\" \/>\n<meta property=\"og:url\" content=\"https:\/\/librairie7l.com\/en\/produit\/lart-des-etats-unis-1750-2000-textes-et-documents\/\" \/>\n<meta property=\"og:site_name\" content=\"Librairie 7L\" \/>\n<meta property=\"article:modified_time\" content=\"2026-04-17T11:39:22+00:00\" \/>\n<meta property=\"og:image\" content=\"https:\/\/librairie7l.com\/wp-content\/uploads\/2023\/03\/9782754112963_1_75.jpg\" \/>\n\t<meta property=\"og:image:width\" content=\"600\" \/>\n\t<meta property=\"og:image:height\" content=\"675\" \/>\n\t<meta property=\"og:image:type\" content=\"image\/jpeg\" \/>\n<meta name=\"twitter:card\" content=\"summary_large_image\" \/>\n<meta name=\"twitter:label1\" content=\"Est. reading time\" \/>\n\t<meta name=\"twitter:data1\" content=\"1 minute\" \/>\n<script type=\"application\/ld+json\" class=\"yoast-schema-graph\">{\"@context\":\"https:\/\/schema.org\",\"@graph\":[{\"@type\":\"WebPage\",\"@id\":\"https:\/\/librairie7l.com\/en\/produit\/lart-des-etats-unis-1750-2000-textes-et-documents\/\",\"url\":\"https:\/\/librairie7l.com\/en\/produit\/lart-des-etats-unis-1750-2000-textes-et-documents\/\",\"name\":\"L'ART DES ETATS-UNIS : 1750-2000 ; TEXTES ET DOCUMENTS - Librairie 7L\",\"isPartOf\":{\"@id\":\"https:\/\/librairie7l.com\/en\/#website\"},\"datePublished\":\"2023-05-09T15:07:39+00:00\",\"dateModified\":\"2026-04-17T11:39:22+00:00\",\"breadcrumb\":{\"@id\":\"https:\/\/librairie7l.com\/en\/produit\/lart-des-etats-unis-1750-2000-textes-et-documents\/#breadcrumb\"},\"inLanguage\":\"en-US\",\"potentialAction\":[{\"@type\":\"ReadAction\",\"target\":[\"https:\/\/librairie7l.com\/en\/produit\/lart-des-etats-unis-1750-2000-textes-et-documents\/\"]}]},{\"@type\":\"BreadcrumbList\",\"@id\":\"https:\/\/librairie7l.com\/en\/produit\/lart-des-etats-unis-1750-2000-textes-et-documents\/#breadcrumb\",\"itemListElement\":[{\"@type\":\"ListItem\",\"position\":1,\"name\":\"Accueil\",\"item\":\"https:\/\/librairie7l.com\/en\/\"},{\"@type\":\"ListItem\",\"position\":2,\"name\":\"Shop\",\"item\":\"https:\/\/librairie7l.com\/en\/shop\/\"},{\"@type\":\"ListItem\",\"position\":3,\"name\":\"L&#8217;ART DES ETATS-UNIS : 1750-2000 ; TEXTES ET DOCUMENTS\"}]},{\"@type\":\"WebSite\",\"@id\":\"https:\/\/librairie7l.com\/en\/#website\",\"url\":\"https:\/\/librairie7l.com\/en\/\",\"name\":\"Librairie 7L\",\"description\":\"Librairie fond\u00e9e en 1999 par Karl Lagerfeld \u00e0 Paris\",\"publisher\":{\"@id\":\"https:\/\/librairie7l.com\/en\/#organization\"},\"potentialAction\":[{\"@type\":\"SearchAction\",\"target\":{\"@type\":\"EntryPoint\",\"urlTemplate\":\"https:\/\/librairie7l.com\/en\/?s={search_term_string}\"},\"query-input\":\"required name=search_term_string\"}],\"inLanguage\":\"en-US\"},{\"@type\":\"Organization\",\"@id\":\"https:\/\/librairie7l.com\/en\/#organization\",\"name\":\"Librairie 7L\",\"url\":\"https:\/\/librairie7l.com\/en\/\",\"logo\":{\"@type\":\"ImageObject\",\"inLanguage\":\"en-US\",\"@id\":\"https:\/\/librairie7l.com\/en\/#\/schema\/logo\/image\/\",\"url\":\"https:\/\/librairie7l.com\/wp-content\/uploads\/2022\/08\/logo-1.png\",\"contentUrl\":\"https:\/\/librairie7l.com\/wp-content\/uploads\/2022\/08\/logo-1.png\",\"width\":227,\"height\":301,\"caption\":\"Librairie 7L\"},\"image\":{\"@id\":\"https:\/\/librairie7l.com\/en\/#\/schema\/logo\/image\/\"}}]}<\/script>\n<!-- \/ Yoast SEO plugin. -->","yoast_head_json":{"title":"L'ART DES ETATS-UNIS : 1750-2000 ; TEXTES ET DOCUMENTS - Librairie 7L","robots":{"index":"index","follow":"follow","max-snippet":"max-snippet:-1","max-image-preview":"max-image-preview:large","max-video-preview":"max-video-preview:-1"},"canonical":"https:\/\/librairie7l.com\/en\/produit\/lart-des-etats-unis-1750-2000-textes-et-documents\/","og_locale":"en_US","og_type":"article","og_title":"L'ART DES ETATS-UNIS : 1750-2000 ; TEXTES ET DOCUMENTS - Librairie 7L","og_description":"Des peintures d&#8217;histoire de Benjamin West aux installations de Kara Walker, en passant par les oeuvres de Mary Cassatt, de Georgia O&#8217;Keeffe ou encore de Jean-Michel Basquiat, cet ouvrage est une invitation \u00e0 parcourir deux cent cinquante ans d&#8217;art des \u00c9tats-Unis. Il donne \u00e0 entendre la multiplicit\u00e9 des voix qui se sont exprim\u00e9es sur ces [&hellip;]","og_url":"https:\/\/librairie7l.com\/en\/produit\/lart-des-etats-unis-1750-2000-textes-et-documents\/","og_site_name":"Librairie 7L","article_modified_time":"2026-04-17T11:39:22+00:00","og_image":[{"width":600,"height":675,"url":"https:\/\/librairie7l.com\/wp-content\/uploads\/2023\/03\/9782754112963_1_75.jpg","type":"image\/jpeg"}],"twitter_card":"summary_large_image","twitter_misc":{"Est. reading time":"1 minute"},"schema":{"@context":"https:\/\/schema.org","@graph":[{"@type":"WebPage","@id":"https:\/\/librairie7l.com\/en\/produit\/lart-des-etats-unis-1750-2000-textes-et-documents\/","url":"https:\/\/librairie7l.com\/en\/produit\/lart-des-etats-unis-1750-2000-textes-et-documents\/","name":"L'ART DES ETATS-UNIS : 1750-2000 ; TEXTES ET DOCUMENTS - Librairie 7L","isPartOf":{"@id":"https:\/\/librairie7l.com\/en\/#website"},"datePublished":"2023-05-09T15:07:39+00:00","dateModified":"2026-04-17T11:39:22+00:00","breadcrumb":{"@id":"https:\/\/librairie7l.com\/en\/produit\/lart-des-etats-unis-1750-2000-textes-et-documents\/#breadcrumb"},"inLanguage":"en-US","potentialAction":[{"@type":"ReadAction","target":["https:\/\/librairie7l.com\/en\/produit\/lart-des-etats-unis-1750-2000-textes-et-documents\/"]}]},{"@type":"BreadcrumbList","@id":"https:\/\/librairie7l.com\/en\/produit\/lart-des-etats-unis-1750-2000-textes-et-documents\/#breadcrumb","itemListElement":[{"@type":"ListItem","position":1,"name":"Accueil","item":"https:\/\/librairie7l.com\/en\/"},{"@type":"ListItem","position":2,"name":"Shop","item":"https:\/\/librairie7l.com\/en\/shop\/"},{"@type":"ListItem","position":3,"name":"L&#8217;ART DES ETATS-UNIS : 1750-2000 ; TEXTES ET DOCUMENTS"}]},{"@type":"WebSite","@id":"https:\/\/librairie7l.com\/en\/#website","url":"https:\/\/librairie7l.com\/en\/","name":"Librairie 7L","description":"Librairie fond\u00e9e en 1999 par Karl Lagerfeld \u00e0 Paris","publisher":{"@id":"https:\/\/librairie7l.com\/en\/#organization"},"potentialAction":[{"@type":"SearchAction","target":{"@type":"EntryPoint","urlTemplate":"https:\/\/librairie7l.com\/en\/?s={search_term_string}"},"query-input":"required name=search_term_string"}],"inLanguage":"en-US"},{"@type":"Organization","@id":"https:\/\/librairie7l.com\/en\/#organization","name":"Librairie 7L","url":"https:\/\/librairie7l.com\/en\/","logo":{"@type":"ImageObject","inLanguage":"en-US","@id":"https:\/\/librairie7l.com\/en\/#\/schema\/logo\/image\/","url":"https:\/\/librairie7l.com\/wp-content\/uploads\/2022\/08\/logo-1.png","contentUrl":"https:\/\/librairie7l.com\/wp-content\/uploads\/2022\/08\/logo-1.png","width":227,"height":301,"caption":"Librairie 7L"},"image":{"@id":"https:\/\/librairie7l.com\/en\/#\/schema\/logo\/image\/"}}]}},"_links":{"self":[{"href":"https:\/\/librairie7l.com\/en\/wp-json\/wp\/v2\/product\/15776"}],"collection":[{"href":"https:\/\/librairie7l.com\/en\/wp-json\/wp\/v2\/product"}],"about":[{"href":"https:\/\/librairie7l.com\/en\/wp-json\/wp\/v2\/types\/product"}],"wp:featuredmedia":[{"embeddable":true,"href":"https:\/\/librairie7l.com\/en\/wp-json\/wp\/v2\/media\/15774"}],"wp:attachment":[{"href":"https:\/\/librairie7l.com\/en\/wp-json\/wp\/v2\/media?parent=15776"}],"wp:term":[{"taxonomy":"product_cat","embeddable":true,"href":"https:\/\/librairie7l.com\/en\/wp-json\/wp\/v2\/product_cat?post=15776"},{"taxonomy":"product_tag","embeddable":true,"href":"https:\/\/librairie7l.com\/en\/wp-json\/wp\/v2\/product_tag?post=15776"}],"curies":[{"name":"wp","href":"https:\/\/api.w.org\/{rel}","templated":true}]}}