{"id":15792,"date":"2023-05-09T17:07:53","date_gmt":"2023-05-09T15:07:53","guid":{"rendered":"https:\/\/librairie7l.com\/?post_type=product&#038;p=15792"},"modified":"2026-04-30T07:06:25","modified_gmt":"2026-04-30T05:06:25","slug":"les-anglais","status":"publish","type":"product","link":"https:\/\/librairie7l.com\/en\/produit\/les-anglais\/","title":{"rendered":"LES ANGLAIS"},"content":{"rendered":"<p>\u00ab Il n&#8217;est pas plus exotique que l&#8217;Angleterre. \u00bb, Henri Cartier- Bresson.<br \/>\nEn 1962, Henri-Cartier Bresson accepte une commande photographique de la t\u00e9l\u00e9vision britannique ITV\/ABC afin de r\u00e9aliser un documentaire sur le nord de l&#8217;Angleterre. Exhum\u00e9 par la cin\u00e9math\u00e8que fran\u00e7aise quelque soixante ans plus tard, celui-ci n&#8217;avait \u00e9t\u00e9 diffus\u00e9 qu&#8217;une seule fois \u00e0 l&#8217;\u00e9poque. On y d\u00e9couvre des photographies in\u00e9dites, brossant un portrait amus\u00e9 de ces Anglais au travail et de leurs loisirs. En 1989, Martin Parr, photographe d\u00e9j\u00e0 reconnu bien que controvers\u00e9 pour ses photographies en couleur de la middle class britannique, notamment sur les plages du nord de l&#8217;Angleterre, pr\u00e9sente sa candidature \u00e0 l&#8217;agence coop\u00e9rative Magnum, \u00e0 laquelle Henri Cartier-Bresson s&#8217;oppose fermement. \u00c0 plus de vingt ans d&#8217;\u00e9cart, les visions de ces Anglais, captur\u00e9es par les deux photographes, r\u00e9sonnent pourtant de fa\u00e7on troublante.<br \/>\nFran\u00e7ois H\u00e9bel revient dans un texte in\u00e9dit sur cette \u00ab r\u00e9conciliation \u00bb avec Henri Cartier-Bresson permise par l&#8217;image, ainsi que sur cette r\u00e9gion g\u00e9ographique tant arpent\u00e9e. Une nouveaut\u00e9 qui trouve pleinement sa place dans la collection Delpire Classiques.<\/p>\n","protected":false},"excerpt":{"rendered":"<p>\u00ab Il n&#8217;est pas plus exotique que l&#8217;Angleterre. \u00bb, Henri Cartier- Bresson. En 1962, Henri-Cartier Bresson accepte une commande photographique de la t\u00e9l\u00e9vision britannique ITV\/ABC afin de r\u00e9aliser un documentaire sur le nord de l&#8217;Angleterre. Exhum\u00e9 par la cin\u00e9math\u00e8que fran\u00e7aise quelque soixante ans plus tard, celui-ci n&#8217;avait \u00e9t\u00e9 diffus\u00e9 qu&#8217;une seule fois \u00e0 l&#8217;\u00e9poque. On [&hellip;]<\/p>\n","protected":false},"featured_media":15790,"template":"","meta":[],"product_cat":[55,2948,2958,17],"product_tag":[],"acf":[],"yoast_head":"<!-- This site is optimized with the Yoast SEO plugin v20.11 - https:\/\/yoast.com\/wordpress\/plugins\/seo\/ -->\n<title>LES ANGLAIS - Librairie 7L<\/title>\n<meta name=\"robots\" content=\"index, follow, max-snippet:-1, max-image-preview:large, max-video-preview:-1\" \/>\n<link rel=\"canonical\" href=\"https:\/\/librairie7l.com\/en\/produit\/les-anglais\/\" \/>\n<meta property=\"og:locale\" content=\"en_US\" \/>\n<meta property=\"og:type\" content=\"article\" \/>\n<meta property=\"og:title\" content=\"LES ANGLAIS - Librairie 7L\" \/>\n<meta property=\"og:description\" content=\"\u00ab Il n&#8217;est pas plus exotique que l&#8217;Angleterre. \u00bb, Henri Cartier- Bresson. En 1962, Henri-Cartier Bresson accepte une commande photographique de la t\u00e9l\u00e9vision britannique ITV\/ABC afin de r\u00e9aliser un documentaire sur le nord de l&#8217;Angleterre. Exhum\u00e9 par la cin\u00e9math\u00e8que fran\u00e7aise quelque soixante ans plus tard, celui-ci n&#8217;avait \u00e9t\u00e9 diffus\u00e9 qu&#8217;une seule fois \u00e0 l&#8217;\u00e9poque. On [&hellip;]\" \/>\n<meta property=\"og:url\" content=\"https:\/\/librairie7l.com\/en\/produit\/les-anglais\/\" \/>\n<meta property=\"og:site_name\" content=\"Librairie 7L\" \/>\n<meta property=\"article:modified_time\" content=\"2026-04-30T05:06:25+00:00\" \/>\n<meta property=\"og:image\" content=\"https:\/\/librairie7l.com\/wp-content\/uploads\/2022\/11\/9791095821564_1_75.jpg\" \/>\n\t<meta property=\"og:image:width\" content=\"680\" \/>\n\t<meta property=\"og:image:height\" content=\"600\" \/>\n\t<meta property=\"og:image:type\" content=\"image\/jpeg\" \/>\n<meta name=\"twitter:card\" content=\"summary_large_image\" \/>\n<meta name=\"twitter:label1\" content=\"Est. reading time\" \/>\n\t<meta name=\"twitter:data1\" content=\"1 minute\" \/>\n<script type=\"application\/ld+json\" class=\"yoast-schema-graph\">{\"@context\":\"https:\/\/schema.org\",\"@graph\":[{\"@type\":\"WebPage\",\"@id\":\"https:\/\/librairie7l.com\/en\/produit\/les-anglais\/\",\"url\":\"https:\/\/librairie7l.com\/en\/produit\/les-anglais\/\",\"name\":\"LES ANGLAIS - Librairie 7L\",\"isPartOf\":{\"@id\":\"https:\/\/librairie7l.com\/en\/#website\"},\"datePublished\":\"2023-05-09T15:07:53+00:00\",\"dateModified\":\"2026-04-30T05:06:25+00:00\",\"breadcrumb\":{\"@id\":\"https:\/\/librairie7l.com\/en\/produit\/les-anglais\/#breadcrumb\"},\"inLanguage\":\"en-US\",\"potentialAction\":[{\"@type\":\"ReadAction\",\"target\":[\"https:\/\/librairie7l.com\/en\/produit\/les-anglais\/\"]}]},{\"@type\":\"BreadcrumbList\",\"@id\":\"https:\/\/librairie7l.com\/en\/produit\/les-anglais\/#breadcrumb\",\"itemListElement\":[{\"@type\":\"ListItem\",\"position\":1,\"name\":\"Accueil\",\"item\":\"https:\/\/librairie7l.com\/en\/\"},{\"@type\":\"ListItem\",\"position\":2,\"name\":\"Shop\",\"item\":\"https:\/\/librairie7l.com\/en\/shop\/\"},{\"@type\":\"ListItem\",\"position\":3,\"name\":\"LES ANGLAIS\"}]},{\"@type\":\"WebSite\",\"@id\":\"https:\/\/librairie7l.com\/en\/#website\",\"url\":\"https:\/\/librairie7l.com\/en\/\",\"name\":\"Librairie 7L\",\"description\":\"Librairie fond\u00e9e en 1999 par Karl Lagerfeld \u00e0 Paris\",\"publisher\":{\"@id\":\"https:\/\/librairie7l.com\/en\/#organization\"},\"potentialAction\":[{\"@type\":\"SearchAction\",\"target\":{\"@type\":\"EntryPoint\",\"urlTemplate\":\"https:\/\/librairie7l.com\/en\/?s={search_term_string}\"},\"query-input\":\"required name=search_term_string\"}],\"inLanguage\":\"en-US\"},{\"@type\":\"Organization\",\"@id\":\"https:\/\/librairie7l.com\/en\/#organization\",\"name\":\"Librairie 7L\",\"url\":\"https:\/\/librairie7l.com\/en\/\",\"logo\":{\"@type\":\"ImageObject\",\"inLanguage\":\"en-US\",\"@id\":\"https:\/\/librairie7l.com\/en\/#\/schema\/logo\/image\/\",\"url\":\"https:\/\/librairie7l.com\/wp-content\/uploads\/2022\/08\/logo-1.png\",\"contentUrl\":\"https:\/\/librairie7l.com\/wp-content\/uploads\/2022\/08\/logo-1.png\",\"width\":227,\"height\":301,\"caption\":\"Librairie 7L\"},\"image\":{\"@id\":\"https:\/\/librairie7l.com\/en\/#\/schema\/logo\/image\/\"}}]}<\/script>\n<!-- \/ Yoast SEO plugin. -->","yoast_head_json":{"title":"LES ANGLAIS - Librairie 7L","robots":{"index":"index","follow":"follow","max-snippet":"max-snippet:-1","max-image-preview":"max-image-preview:large","max-video-preview":"max-video-preview:-1"},"canonical":"https:\/\/librairie7l.com\/en\/produit\/les-anglais\/","og_locale":"en_US","og_type":"article","og_title":"LES ANGLAIS - Librairie 7L","og_description":"\u00ab Il n&#8217;est pas plus exotique que l&#8217;Angleterre. \u00bb, Henri Cartier- Bresson. En 1962, Henri-Cartier Bresson accepte une commande photographique de la t\u00e9l\u00e9vision britannique ITV\/ABC afin de r\u00e9aliser un documentaire sur le nord de l&#8217;Angleterre. Exhum\u00e9 par la cin\u00e9math\u00e8que fran\u00e7aise quelque soixante ans plus tard, celui-ci n&#8217;avait \u00e9t\u00e9 diffus\u00e9 qu&#8217;une seule fois \u00e0 l&#8217;\u00e9poque. On [&hellip;]","og_url":"https:\/\/librairie7l.com\/en\/produit\/les-anglais\/","og_site_name":"Librairie 7L","article_modified_time":"2026-04-30T05:06:25+00:00","og_image":[{"width":680,"height":600,"url":"https:\/\/librairie7l.com\/wp-content\/uploads\/2022\/11\/9791095821564_1_75.jpg","type":"image\/jpeg"}],"twitter_card":"summary_large_image","twitter_misc":{"Est. reading time":"1 minute"},"schema":{"@context":"https:\/\/schema.org","@graph":[{"@type":"WebPage","@id":"https:\/\/librairie7l.com\/en\/produit\/les-anglais\/","url":"https:\/\/librairie7l.com\/en\/produit\/les-anglais\/","name":"LES ANGLAIS - Librairie 7L","isPartOf":{"@id":"https:\/\/librairie7l.com\/en\/#website"},"datePublished":"2023-05-09T15:07:53+00:00","dateModified":"2026-04-30T05:06:25+00:00","breadcrumb":{"@id":"https:\/\/librairie7l.com\/en\/produit\/les-anglais\/#breadcrumb"},"inLanguage":"en-US","potentialAction":[{"@type":"ReadAction","target":["https:\/\/librairie7l.com\/en\/produit\/les-anglais\/"]}]},{"@type":"BreadcrumbList","@id":"https:\/\/librairie7l.com\/en\/produit\/les-anglais\/#breadcrumb","itemListElement":[{"@type":"ListItem","position":1,"name":"Accueil","item":"https:\/\/librairie7l.com\/en\/"},{"@type":"ListItem","position":2,"name":"Shop","item":"https:\/\/librairie7l.com\/en\/shop\/"},{"@type":"ListItem","position":3,"name":"LES ANGLAIS"}]},{"@type":"WebSite","@id":"https:\/\/librairie7l.com\/en\/#website","url":"https:\/\/librairie7l.com\/en\/","name":"Librairie 7L","description":"Librairie fond\u00e9e en 1999 par Karl Lagerfeld \u00e0 Paris","publisher":{"@id":"https:\/\/librairie7l.com\/en\/#organization"},"potentialAction":[{"@type":"SearchAction","target":{"@type":"EntryPoint","urlTemplate":"https:\/\/librairie7l.com\/en\/?s={search_term_string}"},"query-input":"required name=search_term_string"}],"inLanguage":"en-US"},{"@type":"Organization","@id":"https:\/\/librairie7l.com\/en\/#organization","name":"Librairie 7L","url":"https:\/\/librairie7l.com\/en\/","logo":{"@type":"ImageObject","inLanguage":"en-US","@id":"https:\/\/librairie7l.com\/en\/#\/schema\/logo\/image\/","url":"https:\/\/librairie7l.com\/wp-content\/uploads\/2022\/08\/logo-1.png","contentUrl":"https:\/\/librairie7l.com\/wp-content\/uploads\/2022\/08\/logo-1.png","width":227,"height":301,"caption":"Librairie 7L"},"image":{"@id":"https:\/\/librairie7l.com\/en\/#\/schema\/logo\/image\/"}}]}},"_links":{"self":[{"href":"https:\/\/librairie7l.com\/en\/wp-json\/wp\/v2\/product\/15792"}],"collection":[{"href":"https:\/\/librairie7l.com\/en\/wp-json\/wp\/v2\/product"}],"about":[{"href":"https:\/\/librairie7l.com\/en\/wp-json\/wp\/v2\/types\/product"}],"wp:featuredmedia":[{"embeddable":true,"href":"https:\/\/librairie7l.com\/en\/wp-json\/wp\/v2\/media\/15790"}],"wp:attachment":[{"href":"https:\/\/librairie7l.com\/en\/wp-json\/wp\/v2\/media?parent=15792"}],"wp:term":[{"taxonomy":"product_cat","embeddable":true,"href":"https:\/\/librairie7l.com\/en\/wp-json\/wp\/v2\/product_cat?post=15792"},{"taxonomy":"product_tag","embeddable":true,"href":"https:\/\/librairie7l.com\/en\/wp-json\/wp\/v2\/product_tag?post=15792"}],"curies":[{"name":"wp","href":"https:\/\/api.w.org\/{rel}","templated":true}]}}