{"id":15796,"date":"2023-05-09T17:07:58","date_gmt":"2023-05-09T15:07:58","guid":{"rendered":"https:\/\/librairie7l.com\/?post_type=product&#038;p=15796"},"modified":"2026-04-30T17:28:51","modified_gmt":"2026-04-30T15:28:51","slug":"yes","status":"publish","type":"product","link":"https:\/\/librairie7l.com\/en\/produit\/yes\/","title":{"rendered":"YES"},"content":{"rendered":"<p>Alors qu&#8217;il faudrait toute une vie pour ma\u00eetriser chacune de ces techniques, Klein a produit une oeuvre transversale dans laquelle chaque m\u00e9dium fait \u00e9cho \u00e0 un autre. Consid\u00e9r\u00e9 comme l&#8217;un des grands cr\u00e9ateurs d&#8217;images du xxe si\u00e8cle, il a d\u00e9velopp\u00e9 une oeuvre prot\u00e9iforme, qui a profond\u00e9ment influenc\u00e9 de nombreux artistes, tant photographes que cin\u00e9astes.<br \/>\nWilliam Klein &#8211; Yes, publi\u00e9 \u00e0 l&#8217;occasion de sa grande exposition r\u00e9trospective \u00e0 l&#8217;International Center of Photography (ICP), \u00e0 New York, retrace la carri\u00e8re de l&#8217;artiste dans un livre r\u00e9f\u00e9rence : pr\u00e8s de 400 pages et environ 250 images permettent de d\u00e9couvrir ou de red\u00e9couvrir le travail photographique et cin\u00e9matographique, mais \u00e9galement l&#8217;oeuvre picturale, \u00e0 la base de sa pratique. \u00c0 ce titre, la publication s&#8217;ouvre sur ses premi\u00e8res peintures, avant de d\u00e9rouler, de mani\u00e8re chronologique, ses diff\u00e9rentes s\u00e9ries : des plus c\u00e9l\u00e8bres comme les photos de rue de New York ou Tokyo, en passant, entre autres, par Paris, Rome, ou Moscou, jusqu&#8217;\u00e0 ses oeuvres plus r\u00e9centes et ses films. Ultime ouvrage monographique, William Klein &#8211; Yes est compl\u00e9t\u00e9 d&#8217;un long essai de David Campany, directeur de l&#8217;ICP et commissaire d&#8217;exposition de renomm\u00e9e internationale. Campany \u00e9voque le parcours de Klein, comment il est devenu l&#8217;artiste qu&#8217;il est aujourd&#8217;hui. Cette introduction est richement illustr\u00e9e de documents qui viennent \u00e9clairer la relecture de l&#8217;oeuvre. \u00c0 l&#8217;instar de toutes ses publications, cet ouvrage, \u00e0 la mise en pages tr\u00e8s graphique, a \u00e9t\u00e9 con\u00e7u en \u00e9troite collaboration avec Klein.<\/p>\n","protected":false},"excerpt":{"rendered":"<p>Alors qu&#8217;il faudrait toute une vie pour ma\u00eetriser chacune de ces techniques, Klein a produit une oeuvre transversale dans laquelle chaque m\u00e9dium fait \u00e9cho \u00e0 un autre. Consid\u00e9r\u00e9 comme l&#8217;un des grands cr\u00e9ateurs d&#8217;images du xxe si\u00e8cle, il a d\u00e9velopp\u00e9 une oeuvre prot\u00e9iforme, qui a profond\u00e9ment influenc\u00e9 de nombreux artistes, tant photographes que cin\u00e9astes. William [&hellip;]<\/p>\n","protected":false},"featured_media":15794,"template":"","meta":[],"product_cat":[55,2948,2958,17],"product_tag":[],"acf":[],"yoast_head":"<!-- This site is optimized with the Yoast SEO plugin v20.11 - https:\/\/yoast.com\/wordpress\/plugins\/seo\/ -->\n<title>YES - Librairie 7L<\/title>\n<meta name=\"robots\" content=\"index, follow, max-snippet:-1, max-image-preview:large, max-video-preview:-1\" \/>\n<link rel=\"canonical\" href=\"https:\/\/librairie7l.com\/en\/produit\/yes\/\" \/>\n<meta property=\"og:locale\" content=\"en_US\" \/>\n<meta property=\"og:type\" content=\"article\" \/>\n<meta property=\"og:title\" content=\"YES - Librairie 7L\" \/>\n<meta property=\"og:description\" content=\"Alors qu&#8217;il faudrait toute une vie pour ma\u00eetriser chacune de ces techniques, Klein a produit une oeuvre transversale dans laquelle chaque m\u00e9dium fait \u00e9cho \u00e0 un autre. Consid\u00e9r\u00e9 comme l&#8217;un des grands cr\u00e9ateurs d&#8217;images du xxe si\u00e8cle, il a d\u00e9velopp\u00e9 une oeuvre prot\u00e9iforme, qui a profond\u00e9ment influenc\u00e9 de nombreux artistes, tant photographes que cin\u00e9astes. William [&hellip;]\" \/>\n<meta property=\"og:url\" content=\"https:\/\/librairie7l.com\/en\/produit\/yes\/\" \/>\n<meta property=\"og:site_name\" content=\"Librairie 7L\" \/>\n<meta property=\"article:modified_time\" content=\"2026-04-30T15:28:51+00:00\" \/>\n<meta property=\"og:image\" content=\"https:\/\/librairie7l.com\/wp-content\/uploads\/2023\/01\/9782365113410_1_75.jpg\" \/>\n\t<meta property=\"og:image:width\" content=\"400\" \/>\n\t<meta property=\"og:image:height\" content=\"521\" \/>\n\t<meta property=\"og:image:type\" content=\"image\/jpeg\" \/>\n<meta name=\"twitter:card\" content=\"summary_large_image\" \/>\n<meta name=\"twitter:label1\" content=\"Est. reading time\" \/>\n\t<meta name=\"twitter:data1\" content=\"1 minute\" \/>\n<script type=\"application\/ld+json\" class=\"yoast-schema-graph\">{\"@context\":\"https:\/\/schema.org\",\"@graph\":[{\"@type\":\"WebPage\",\"@id\":\"https:\/\/librairie7l.com\/en\/produit\/yes\/\",\"url\":\"https:\/\/librairie7l.com\/en\/produit\/yes\/\",\"name\":\"YES - Librairie 7L\",\"isPartOf\":{\"@id\":\"https:\/\/librairie7l.com\/en\/#website\"},\"datePublished\":\"2023-05-09T15:07:58+00:00\",\"dateModified\":\"2026-04-30T15:28:51+00:00\",\"breadcrumb\":{\"@id\":\"https:\/\/librairie7l.com\/en\/produit\/yes\/#breadcrumb\"},\"inLanguage\":\"en-US\",\"potentialAction\":[{\"@type\":\"ReadAction\",\"target\":[\"https:\/\/librairie7l.com\/en\/produit\/yes\/\"]}]},{\"@type\":\"BreadcrumbList\",\"@id\":\"https:\/\/librairie7l.com\/en\/produit\/yes\/#breadcrumb\",\"itemListElement\":[{\"@type\":\"ListItem\",\"position\":1,\"name\":\"Accueil\",\"item\":\"https:\/\/librairie7l.com\/en\/\"},{\"@type\":\"ListItem\",\"position\":2,\"name\":\"Shop\",\"item\":\"https:\/\/librairie7l.com\/en\/shop\/\"},{\"@type\":\"ListItem\",\"position\":3,\"name\":\"YES\"}]},{\"@type\":\"WebSite\",\"@id\":\"https:\/\/librairie7l.com\/en\/#website\",\"url\":\"https:\/\/librairie7l.com\/en\/\",\"name\":\"Librairie 7L\",\"description\":\"Librairie fond\u00e9e en 1999 par Karl Lagerfeld \u00e0 Paris\",\"publisher\":{\"@id\":\"https:\/\/librairie7l.com\/en\/#organization\"},\"potentialAction\":[{\"@type\":\"SearchAction\",\"target\":{\"@type\":\"EntryPoint\",\"urlTemplate\":\"https:\/\/librairie7l.com\/en\/?s={search_term_string}\"},\"query-input\":\"required name=search_term_string\"}],\"inLanguage\":\"en-US\"},{\"@type\":\"Organization\",\"@id\":\"https:\/\/librairie7l.com\/en\/#organization\",\"name\":\"Librairie 7L\",\"url\":\"https:\/\/librairie7l.com\/en\/\",\"logo\":{\"@type\":\"ImageObject\",\"inLanguage\":\"en-US\",\"@id\":\"https:\/\/librairie7l.com\/en\/#\/schema\/logo\/image\/\",\"url\":\"https:\/\/librairie7l.com\/wp-content\/uploads\/2022\/08\/logo-1.png\",\"contentUrl\":\"https:\/\/librairie7l.com\/wp-content\/uploads\/2022\/08\/logo-1.png\",\"width\":227,\"height\":301,\"caption\":\"Librairie 7L\"},\"image\":{\"@id\":\"https:\/\/librairie7l.com\/en\/#\/schema\/logo\/image\/\"}}]}<\/script>\n<!-- \/ Yoast SEO plugin. -->","yoast_head_json":{"title":"YES - Librairie 7L","robots":{"index":"index","follow":"follow","max-snippet":"max-snippet:-1","max-image-preview":"max-image-preview:large","max-video-preview":"max-video-preview:-1"},"canonical":"https:\/\/librairie7l.com\/en\/produit\/yes\/","og_locale":"en_US","og_type":"article","og_title":"YES - Librairie 7L","og_description":"Alors qu&#8217;il faudrait toute une vie pour ma\u00eetriser chacune de ces techniques, Klein a produit une oeuvre transversale dans laquelle chaque m\u00e9dium fait \u00e9cho \u00e0 un autre. Consid\u00e9r\u00e9 comme l&#8217;un des grands cr\u00e9ateurs d&#8217;images du xxe si\u00e8cle, il a d\u00e9velopp\u00e9 une oeuvre prot\u00e9iforme, qui a profond\u00e9ment influenc\u00e9 de nombreux artistes, tant photographes que cin\u00e9astes. William [&hellip;]","og_url":"https:\/\/librairie7l.com\/en\/produit\/yes\/","og_site_name":"Librairie 7L","article_modified_time":"2026-04-30T15:28:51+00:00","og_image":[{"width":400,"height":521,"url":"https:\/\/librairie7l.com\/wp-content\/uploads\/2023\/01\/9782365113410_1_75.jpg","type":"image\/jpeg"}],"twitter_card":"summary_large_image","twitter_misc":{"Est. reading time":"1 minute"},"schema":{"@context":"https:\/\/schema.org","@graph":[{"@type":"WebPage","@id":"https:\/\/librairie7l.com\/en\/produit\/yes\/","url":"https:\/\/librairie7l.com\/en\/produit\/yes\/","name":"YES - Librairie 7L","isPartOf":{"@id":"https:\/\/librairie7l.com\/en\/#website"},"datePublished":"2023-05-09T15:07:58+00:00","dateModified":"2026-04-30T15:28:51+00:00","breadcrumb":{"@id":"https:\/\/librairie7l.com\/en\/produit\/yes\/#breadcrumb"},"inLanguage":"en-US","potentialAction":[{"@type":"ReadAction","target":["https:\/\/librairie7l.com\/en\/produit\/yes\/"]}]},{"@type":"BreadcrumbList","@id":"https:\/\/librairie7l.com\/en\/produit\/yes\/#breadcrumb","itemListElement":[{"@type":"ListItem","position":1,"name":"Accueil","item":"https:\/\/librairie7l.com\/en\/"},{"@type":"ListItem","position":2,"name":"Shop","item":"https:\/\/librairie7l.com\/en\/shop\/"},{"@type":"ListItem","position":3,"name":"YES"}]},{"@type":"WebSite","@id":"https:\/\/librairie7l.com\/en\/#website","url":"https:\/\/librairie7l.com\/en\/","name":"Librairie 7L","description":"Librairie fond\u00e9e en 1999 par Karl Lagerfeld \u00e0 Paris","publisher":{"@id":"https:\/\/librairie7l.com\/en\/#organization"},"potentialAction":[{"@type":"SearchAction","target":{"@type":"EntryPoint","urlTemplate":"https:\/\/librairie7l.com\/en\/?s={search_term_string}"},"query-input":"required name=search_term_string"}],"inLanguage":"en-US"},{"@type":"Organization","@id":"https:\/\/librairie7l.com\/en\/#organization","name":"Librairie 7L","url":"https:\/\/librairie7l.com\/en\/","logo":{"@type":"ImageObject","inLanguage":"en-US","@id":"https:\/\/librairie7l.com\/en\/#\/schema\/logo\/image\/","url":"https:\/\/librairie7l.com\/wp-content\/uploads\/2022\/08\/logo-1.png","contentUrl":"https:\/\/librairie7l.com\/wp-content\/uploads\/2022\/08\/logo-1.png","width":227,"height":301,"caption":"Librairie 7L"},"image":{"@id":"https:\/\/librairie7l.com\/en\/#\/schema\/logo\/image\/"}}]}},"_links":{"self":[{"href":"https:\/\/librairie7l.com\/en\/wp-json\/wp\/v2\/product\/15796"}],"collection":[{"href":"https:\/\/librairie7l.com\/en\/wp-json\/wp\/v2\/product"}],"about":[{"href":"https:\/\/librairie7l.com\/en\/wp-json\/wp\/v2\/types\/product"}],"wp:featuredmedia":[{"embeddable":true,"href":"https:\/\/librairie7l.com\/en\/wp-json\/wp\/v2\/media\/15794"}],"wp:attachment":[{"href":"https:\/\/librairie7l.com\/en\/wp-json\/wp\/v2\/media?parent=15796"}],"wp:term":[{"taxonomy":"product_cat","embeddable":true,"href":"https:\/\/librairie7l.com\/en\/wp-json\/wp\/v2\/product_cat?post=15796"},{"taxonomy":"product_tag","embeddable":true,"href":"https:\/\/librairie7l.com\/en\/wp-json\/wp\/v2\/product_tag?post=15796"}],"curies":[{"name":"wp","href":"https:\/\/api.w.org\/{rel}","templated":true}]}}