{"id":15804,"date":"2023-05-09T17:08:05","date_gmt":"2023-05-09T15:08:05","guid":{"rendered":"https:\/\/librairie7l.com\/?post_type=product&#038;p=15804"},"modified":"2026-04-20T12:03:59","modified_gmt":"2026-04-20T10:03:59","slug":"les-brutalistes-les-plus-grands-architectes-du-brutalisme","status":"publish","type":"product","link":"https:\/\/librairie7l.com\/en\/produit\/les-brutalistes-les-plus-grands-architectes-du-brutalisme\/","title":{"rendered":"LES BRUTALISTES : LES PLUS GRANDS ARCHITECTES DU BRUTALISME"},"content":{"rendered":"<p>250 architectes r\u00e9unis dans un recueil sur ce le brutalisme, mouvement architectural aussi c\u00e9l\u00e8bre que clivant.<\/p>\n<p>Si l&#8217;architecture brutaliste inspire des r\u00e9actions passionn\u00e9es, d&#8217;admiration ou de d\u00e9testation, elle a incontestablement donn\u00e9 naissance \u00e0 certains des b\u00e2timents les plus extraordinaires au monde. Ce nouvel ouvrage offre une vision in\u00e9dite de ce mouvement au travers de 250 de ses architectes. Dans cette \u00e9tude de r\u00e9f\u00e9rence, des figures de l&#8217;architecture internationale c\u00f4toient des dizaines de femmes et d&#8217;hommes moins connus ou qui ont sombr\u00e9 dans l&#8217;oubli, offrant un panorama de ce style \u00e0 l&#8217;influence retentissante.<\/p>\n","protected":false},"excerpt":{"rendered":"<p>250 architectes r\u00e9unis dans un recueil sur ce le brutalisme, mouvement architectural aussi c\u00e9l\u00e8bre que clivant. Si l&#8217;architecture brutaliste inspire des r\u00e9actions passionn\u00e9es, d&#8217;admiration ou de d\u00e9testation, elle a incontestablement donn\u00e9 naissance \u00e0 certains des b\u00e2timents les plus extraordinaires au monde. Ce nouvel ouvrage offre une vision in\u00e9dite de ce mouvement au travers de 250 [&hellip;]<\/p>\n","protected":false},"featured_media":15802,"template":"","meta":[],"product_cat":[55,2948,22,2950],"product_tag":[],"acf":[],"yoast_head":"<!-- This site is optimized with the Yoast SEO plugin v20.11 - https:\/\/yoast.com\/wordpress\/plugins\/seo\/ -->\n<title>LES BRUTALISTES : LES PLUS GRANDS ARCHITECTES DU BRUTALISME - Librairie 7L<\/title>\n<meta name=\"robots\" content=\"index, follow, max-snippet:-1, max-image-preview:large, max-video-preview:-1\" \/>\n<link rel=\"canonical\" href=\"https:\/\/librairie7l.com\/en\/produit\/les-brutalistes-les-plus-grands-architectes-du-brutalisme\/\" \/>\n<meta property=\"og:locale\" content=\"en_US\" \/>\n<meta property=\"og:type\" content=\"article\" \/>\n<meta property=\"og:title\" content=\"LES BRUTALISTES : LES PLUS GRANDS ARCHITECTES DU BRUTALISME - Librairie 7L\" \/>\n<meta property=\"og:description\" content=\"250 architectes r\u00e9unis dans un recueil sur ce le brutalisme, mouvement architectural aussi c\u00e9l\u00e8bre que clivant. Si l&#8217;architecture brutaliste inspire des r\u00e9actions passionn\u00e9es, d&#8217;admiration ou de d\u00e9testation, elle a incontestablement donn\u00e9 naissance \u00e0 certains des b\u00e2timents les plus extraordinaires au monde. Ce nouvel ouvrage offre une vision in\u00e9dite de ce mouvement au travers de 250 [&hellip;]\" \/>\n<meta property=\"og:url\" content=\"https:\/\/librairie7l.com\/en\/produit\/les-brutalistes-les-plus-grands-architectes-du-brutalisme\/\" \/>\n<meta property=\"og:site_name\" content=\"Librairie 7L\" \/>\n<meta property=\"article:modified_time\" content=\"2026-04-20T10:03:59+00:00\" \/>\n<meta property=\"og:image\" content=\"https:\/\/librairie7l.com\/wp-content\/uploads\/2023\/03\/9781838666750_1_75.jpg\" \/>\n\t<meta property=\"og:image:width\" content=\"600\" \/>\n\t<meta property=\"og:image:height\" content=\"800\" \/>\n\t<meta property=\"og:image:type\" content=\"image\/jpeg\" \/>\n<meta name=\"twitter:card\" content=\"summary_large_image\" \/>\n<script type=\"application\/ld+json\" class=\"yoast-schema-graph\">{\"@context\":\"https:\/\/schema.org\",\"@graph\":[{\"@type\":\"WebPage\",\"@id\":\"https:\/\/librairie7l.com\/en\/produit\/les-brutalistes-les-plus-grands-architectes-du-brutalisme\/\",\"url\":\"https:\/\/librairie7l.com\/en\/produit\/les-brutalistes-les-plus-grands-architectes-du-brutalisme\/\",\"name\":\"LES BRUTALISTES : LES PLUS GRANDS ARCHITECTES DU BRUTALISME - Librairie 7L\",\"isPartOf\":{\"@id\":\"https:\/\/librairie7l.com\/en\/#website\"},\"datePublished\":\"2023-05-09T15:08:05+00:00\",\"dateModified\":\"2026-04-20T10:03:59+00:00\",\"breadcrumb\":{\"@id\":\"https:\/\/librairie7l.com\/en\/produit\/les-brutalistes-les-plus-grands-architectes-du-brutalisme\/#breadcrumb\"},\"inLanguage\":\"en-US\",\"potentialAction\":[{\"@type\":\"ReadAction\",\"target\":[\"https:\/\/librairie7l.com\/en\/produit\/les-brutalistes-les-plus-grands-architectes-du-brutalisme\/\"]}]},{\"@type\":\"BreadcrumbList\",\"@id\":\"https:\/\/librairie7l.com\/en\/produit\/les-brutalistes-les-plus-grands-architectes-du-brutalisme\/#breadcrumb\",\"itemListElement\":[{\"@type\":\"ListItem\",\"position\":1,\"name\":\"Accueil\",\"item\":\"https:\/\/librairie7l.com\/en\/\"},{\"@type\":\"ListItem\",\"position\":2,\"name\":\"Shop\",\"item\":\"https:\/\/librairie7l.com\/en\/shop\/\"},{\"@type\":\"ListItem\",\"position\":3,\"name\":\"LES BRUTALISTES : LES PLUS GRANDS ARCHITECTES DU BRUTALISME\"}]},{\"@type\":\"WebSite\",\"@id\":\"https:\/\/librairie7l.com\/en\/#website\",\"url\":\"https:\/\/librairie7l.com\/en\/\",\"name\":\"Librairie 7L\",\"description\":\"Librairie fond\u00e9e en 1999 par Karl Lagerfeld \u00e0 Paris\",\"publisher\":{\"@id\":\"https:\/\/librairie7l.com\/en\/#organization\"},\"potentialAction\":[{\"@type\":\"SearchAction\",\"target\":{\"@type\":\"EntryPoint\",\"urlTemplate\":\"https:\/\/librairie7l.com\/en\/?s={search_term_string}\"},\"query-input\":\"required name=search_term_string\"}],\"inLanguage\":\"en-US\"},{\"@type\":\"Organization\",\"@id\":\"https:\/\/librairie7l.com\/en\/#organization\",\"name\":\"Librairie 7L\",\"url\":\"https:\/\/librairie7l.com\/en\/\",\"logo\":{\"@type\":\"ImageObject\",\"inLanguage\":\"en-US\",\"@id\":\"https:\/\/librairie7l.com\/en\/#\/schema\/logo\/image\/\",\"url\":\"https:\/\/librairie7l.com\/wp-content\/uploads\/2022\/08\/logo-1.png\",\"contentUrl\":\"https:\/\/librairie7l.com\/wp-content\/uploads\/2022\/08\/logo-1.png\",\"width\":227,\"height\":301,\"caption\":\"Librairie 7L\"},\"image\":{\"@id\":\"https:\/\/librairie7l.com\/en\/#\/schema\/logo\/image\/\"}}]}<\/script>\n<!-- \/ Yoast SEO plugin. -->","yoast_head_json":{"title":"LES BRUTALISTES : LES PLUS GRANDS ARCHITECTES DU BRUTALISME - Librairie 7L","robots":{"index":"index","follow":"follow","max-snippet":"max-snippet:-1","max-image-preview":"max-image-preview:large","max-video-preview":"max-video-preview:-1"},"canonical":"https:\/\/librairie7l.com\/en\/produit\/les-brutalistes-les-plus-grands-architectes-du-brutalisme\/","og_locale":"en_US","og_type":"article","og_title":"LES BRUTALISTES : LES PLUS GRANDS ARCHITECTES DU BRUTALISME - Librairie 7L","og_description":"250 architectes r\u00e9unis dans un recueil sur ce le brutalisme, mouvement architectural aussi c\u00e9l\u00e8bre que clivant. Si l&#8217;architecture brutaliste inspire des r\u00e9actions passionn\u00e9es, d&#8217;admiration ou de d\u00e9testation, elle a incontestablement donn\u00e9 naissance \u00e0 certains des b\u00e2timents les plus extraordinaires au monde. Ce nouvel ouvrage offre une vision in\u00e9dite de ce mouvement au travers de 250 [&hellip;]","og_url":"https:\/\/librairie7l.com\/en\/produit\/les-brutalistes-les-plus-grands-architectes-du-brutalisme\/","og_site_name":"Librairie 7L","article_modified_time":"2026-04-20T10:03:59+00:00","og_image":[{"width":600,"height":800,"url":"https:\/\/librairie7l.com\/wp-content\/uploads\/2023\/03\/9781838666750_1_75.jpg","type":"image\/jpeg"}],"twitter_card":"summary_large_image","schema":{"@context":"https:\/\/schema.org","@graph":[{"@type":"WebPage","@id":"https:\/\/librairie7l.com\/en\/produit\/les-brutalistes-les-plus-grands-architectes-du-brutalisme\/","url":"https:\/\/librairie7l.com\/en\/produit\/les-brutalistes-les-plus-grands-architectes-du-brutalisme\/","name":"LES BRUTALISTES : LES PLUS GRANDS ARCHITECTES DU BRUTALISME - Librairie 7L","isPartOf":{"@id":"https:\/\/librairie7l.com\/en\/#website"},"datePublished":"2023-05-09T15:08:05+00:00","dateModified":"2026-04-20T10:03:59+00:00","breadcrumb":{"@id":"https:\/\/librairie7l.com\/en\/produit\/les-brutalistes-les-plus-grands-architectes-du-brutalisme\/#breadcrumb"},"inLanguage":"en-US","potentialAction":[{"@type":"ReadAction","target":["https:\/\/librairie7l.com\/en\/produit\/les-brutalistes-les-plus-grands-architectes-du-brutalisme\/"]}]},{"@type":"BreadcrumbList","@id":"https:\/\/librairie7l.com\/en\/produit\/les-brutalistes-les-plus-grands-architectes-du-brutalisme\/#breadcrumb","itemListElement":[{"@type":"ListItem","position":1,"name":"Accueil","item":"https:\/\/librairie7l.com\/en\/"},{"@type":"ListItem","position":2,"name":"Shop","item":"https:\/\/librairie7l.com\/en\/shop\/"},{"@type":"ListItem","position":3,"name":"LES BRUTALISTES : LES PLUS GRANDS ARCHITECTES DU BRUTALISME"}]},{"@type":"WebSite","@id":"https:\/\/librairie7l.com\/en\/#website","url":"https:\/\/librairie7l.com\/en\/","name":"Librairie 7L","description":"Librairie fond\u00e9e en 1999 par Karl Lagerfeld \u00e0 Paris","publisher":{"@id":"https:\/\/librairie7l.com\/en\/#organization"},"potentialAction":[{"@type":"SearchAction","target":{"@type":"EntryPoint","urlTemplate":"https:\/\/librairie7l.com\/en\/?s={search_term_string}"},"query-input":"required name=search_term_string"}],"inLanguage":"en-US"},{"@type":"Organization","@id":"https:\/\/librairie7l.com\/en\/#organization","name":"Librairie 7L","url":"https:\/\/librairie7l.com\/en\/","logo":{"@type":"ImageObject","inLanguage":"en-US","@id":"https:\/\/librairie7l.com\/en\/#\/schema\/logo\/image\/","url":"https:\/\/librairie7l.com\/wp-content\/uploads\/2022\/08\/logo-1.png","contentUrl":"https:\/\/librairie7l.com\/wp-content\/uploads\/2022\/08\/logo-1.png","width":227,"height":301,"caption":"Librairie 7L"},"image":{"@id":"https:\/\/librairie7l.com\/en\/#\/schema\/logo\/image\/"}}]}},"_links":{"self":[{"href":"https:\/\/librairie7l.com\/en\/wp-json\/wp\/v2\/product\/15804"}],"collection":[{"href":"https:\/\/librairie7l.com\/en\/wp-json\/wp\/v2\/product"}],"about":[{"href":"https:\/\/librairie7l.com\/en\/wp-json\/wp\/v2\/types\/product"}],"wp:featuredmedia":[{"embeddable":true,"href":"https:\/\/librairie7l.com\/en\/wp-json\/wp\/v2\/media\/15802"}],"wp:attachment":[{"href":"https:\/\/librairie7l.com\/en\/wp-json\/wp\/v2\/media?parent=15804"}],"wp:term":[{"taxonomy":"product_cat","embeddable":true,"href":"https:\/\/librairie7l.com\/en\/wp-json\/wp\/v2\/product_cat?post=15804"},{"taxonomy":"product_tag","embeddable":true,"href":"https:\/\/librairie7l.com\/en\/wp-json\/wp\/v2\/product_tag?post=15804"}],"curies":[{"name":"wp","href":"https:\/\/api.w.org\/{rel}","templated":true}]}}