{"id":15808,"date":"2023-05-09T17:08:08","date_gmt":"2023-05-09T15:08:08","guid":{"rendered":"https:\/\/librairie7l.com\/?post_type=product&#038;p=15808"},"modified":"2026-04-15T22:28:50","modified_gmt":"2026-04-15T20:28:50","slug":"jardins-dici-et-dailleurs","status":"publish","type":"product","link":"https:\/\/librairie7l.com\/en\/produit\/jardins-dici-et-dailleurs\/","title":{"rendered":"JARDINS D&#8217;ICI ET D&#8217;AILLEURS"},"content":{"rendered":"<p>De l&#8217;exub\u00e9rance hollywoodienne de Lotusland au jardin japonais de Murin-an, en passant par l&#8217;exceptionnelle diversit\u00e9 botanique de Kirstenbosch en Afrique du Sud, ou celle tout aussi admirable du jardin du col du Lautaret, perch\u00e9 \u00e0 2 100 m d&#8217;altitude dans les Hautes-Alpes, le monde est peupl\u00e9 de jardins plus beaux et fascinants les uns que les autres. Depuis 2016, dans l&#8217;\u00e9mission \u00e9ponyme d&#8217;Arte, Jean-Philippe Teyssier et Sylvie Steinebach partent \u00e0 la rencontre des plus beaux jardins du monde. En s\u00e9lectionnant pour cet ouvrage dix jardins aux formes, aux contours et \u00e0 la palette v\u00e9g\u00e9tale vari\u00e9s, les deux auteurs nous invitent \u00e0 \u00ab un voyage dans l&#8217;art des jardins, \u00e0 la rencontre de celles et ceux qui les font vivre, les \u00e9tudient et les imaginent \u00bb. Ce sont autant d&#8217;histoires de transmission et de passion, de couleurs et de formes, qui se r\u00e9v\u00e8lent dans ces lieux exceptionnels et fragiles qui nourrissent, sans faillir, nos imaginaires depuis plusieurs si\u00e8cles.<\/p>\n","protected":false},"excerpt":{"rendered":"<p>De l&#8217;exub\u00e9rance hollywoodienne de Lotusland au jardin japonais de Murin-an, en passant par l&#8217;exceptionnelle diversit\u00e9 botanique de Kirstenbosch en Afrique du Sud, ou celle tout aussi admirable du jardin du col du Lautaret, perch\u00e9 \u00e0 2 100 m d&#8217;altitude dans les Hautes-Alpes, le monde est peupl\u00e9 de jardins plus beaux et fascinants les uns que [&hellip;]<\/p>\n","protected":false},"featured_media":15806,"template":"","meta":[],"product_cat":[55,2948,2956,23],"product_tag":[],"acf":[],"yoast_head":"<!-- This site is optimized with the Yoast SEO plugin v20.11 - https:\/\/yoast.com\/wordpress\/plugins\/seo\/ -->\n<title>JARDINS D&#039;ICI ET D&#039;AILLEURS - Librairie 7L<\/title>\n<meta name=\"robots\" content=\"index, follow, max-snippet:-1, max-image-preview:large, max-video-preview:-1\" \/>\n<link rel=\"canonical\" href=\"https:\/\/librairie7l.com\/en\/produit\/jardins-dici-et-dailleurs\/\" \/>\n<meta property=\"og:locale\" content=\"en_US\" \/>\n<meta property=\"og:type\" content=\"article\" \/>\n<meta property=\"og:title\" content=\"JARDINS D&#039;ICI ET D&#039;AILLEURS - Librairie 7L\" \/>\n<meta property=\"og:description\" content=\"De l&#8217;exub\u00e9rance hollywoodienne de Lotusland au jardin japonais de Murin-an, en passant par l&#8217;exceptionnelle diversit\u00e9 botanique de Kirstenbosch en Afrique du Sud, ou celle tout aussi admirable du jardin du col du Lautaret, perch\u00e9 \u00e0 2 100 m d&#8217;altitude dans les Hautes-Alpes, le monde est peupl\u00e9 de jardins plus beaux et fascinants les uns que [&hellip;]\" \/>\n<meta property=\"og:url\" content=\"https:\/\/librairie7l.com\/en\/produit\/jardins-dici-et-dailleurs\/\" \/>\n<meta property=\"og:site_name\" content=\"Librairie 7L\" \/>\n<meta property=\"article:modified_time\" content=\"2026-04-15T20:28:50+00:00\" \/>\n<meta property=\"og:image\" content=\"https:\/\/librairie7l.com\/wp-content\/uploads\/2022\/11\/9782603028940_1_75.jpg\" \/>\n\t<meta property=\"og:image:width\" content=\"600\" \/>\n\t<meta property=\"og:image:height\" content=\"700\" \/>\n\t<meta property=\"og:image:type\" content=\"image\/jpeg\" \/>\n<meta name=\"twitter:card\" content=\"summary_large_image\" \/>\n<meta name=\"twitter:label1\" content=\"Est. reading time\" \/>\n\t<meta name=\"twitter:data1\" content=\"1 minute\" \/>\n<script type=\"application\/ld+json\" class=\"yoast-schema-graph\">{\"@context\":\"https:\/\/schema.org\",\"@graph\":[{\"@type\":\"WebPage\",\"@id\":\"https:\/\/librairie7l.com\/en\/produit\/jardins-dici-et-dailleurs\/\",\"url\":\"https:\/\/librairie7l.com\/en\/produit\/jardins-dici-et-dailleurs\/\",\"name\":\"JARDINS D'ICI ET D'AILLEURS - Librairie 7L\",\"isPartOf\":{\"@id\":\"https:\/\/librairie7l.com\/en\/#website\"},\"datePublished\":\"2023-05-09T15:08:08+00:00\",\"dateModified\":\"2026-04-15T20:28:50+00:00\",\"breadcrumb\":{\"@id\":\"https:\/\/librairie7l.com\/en\/produit\/jardins-dici-et-dailleurs\/#breadcrumb\"},\"inLanguage\":\"en-US\",\"potentialAction\":[{\"@type\":\"ReadAction\",\"target\":[\"https:\/\/librairie7l.com\/en\/produit\/jardins-dici-et-dailleurs\/\"]}]},{\"@type\":\"BreadcrumbList\",\"@id\":\"https:\/\/librairie7l.com\/en\/produit\/jardins-dici-et-dailleurs\/#breadcrumb\",\"itemListElement\":[{\"@type\":\"ListItem\",\"position\":1,\"name\":\"Accueil\",\"item\":\"https:\/\/librairie7l.com\/en\/\"},{\"@type\":\"ListItem\",\"position\":2,\"name\":\"Shop\",\"item\":\"https:\/\/librairie7l.com\/en\/shop\/\"},{\"@type\":\"ListItem\",\"position\":3,\"name\":\"JARDINS D&#8217;ICI ET D&#8217;AILLEURS\"}]},{\"@type\":\"WebSite\",\"@id\":\"https:\/\/librairie7l.com\/en\/#website\",\"url\":\"https:\/\/librairie7l.com\/en\/\",\"name\":\"Librairie 7L\",\"description\":\"Librairie fond\u00e9e en 1999 par Karl Lagerfeld \u00e0 Paris\",\"publisher\":{\"@id\":\"https:\/\/librairie7l.com\/en\/#organization\"},\"potentialAction\":[{\"@type\":\"SearchAction\",\"target\":{\"@type\":\"EntryPoint\",\"urlTemplate\":\"https:\/\/librairie7l.com\/en\/?s={search_term_string}\"},\"query-input\":\"required name=search_term_string\"}],\"inLanguage\":\"en-US\"},{\"@type\":\"Organization\",\"@id\":\"https:\/\/librairie7l.com\/en\/#organization\",\"name\":\"Librairie 7L\",\"url\":\"https:\/\/librairie7l.com\/en\/\",\"logo\":{\"@type\":\"ImageObject\",\"inLanguage\":\"en-US\",\"@id\":\"https:\/\/librairie7l.com\/en\/#\/schema\/logo\/image\/\",\"url\":\"https:\/\/librairie7l.com\/wp-content\/uploads\/2022\/08\/logo-1.png\",\"contentUrl\":\"https:\/\/librairie7l.com\/wp-content\/uploads\/2022\/08\/logo-1.png\",\"width\":227,\"height\":301,\"caption\":\"Librairie 7L\"},\"image\":{\"@id\":\"https:\/\/librairie7l.com\/en\/#\/schema\/logo\/image\/\"}}]}<\/script>\n<!-- \/ Yoast SEO plugin. -->","yoast_head_json":{"title":"JARDINS D'ICI ET D'AILLEURS - Librairie 7L","robots":{"index":"index","follow":"follow","max-snippet":"max-snippet:-1","max-image-preview":"max-image-preview:large","max-video-preview":"max-video-preview:-1"},"canonical":"https:\/\/librairie7l.com\/en\/produit\/jardins-dici-et-dailleurs\/","og_locale":"en_US","og_type":"article","og_title":"JARDINS D'ICI ET D'AILLEURS - Librairie 7L","og_description":"De l&#8217;exub\u00e9rance hollywoodienne de Lotusland au jardin japonais de Murin-an, en passant par l&#8217;exceptionnelle diversit\u00e9 botanique de Kirstenbosch en Afrique du Sud, ou celle tout aussi admirable du jardin du col du Lautaret, perch\u00e9 \u00e0 2 100 m d&#8217;altitude dans les Hautes-Alpes, le monde est peupl\u00e9 de jardins plus beaux et fascinants les uns que [&hellip;]","og_url":"https:\/\/librairie7l.com\/en\/produit\/jardins-dici-et-dailleurs\/","og_site_name":"Librairie 7L","article_modified_time":"2026-04-15T20:28:50+00:00","og_image":[{"width":600,"height":700,"url":"https:\/\/librairie7l.com\/wp-content\/uploads\/2022\/11\/9782603028940_1_75.jpg","type":"image\/jpeg"}],"twitter_card":"summary_large_image","twitter_misc":{"Est. reading time":"1 minute"},"schema":{"@context":"https:\/\/schema.org","@graph":[{"@type":"WebPage","@id":"https:\/\/librairie7l.com\/en\/produit\/jardins-dici-et-dailleurs\/","url":"https:\/\/librairie7l.com\/en\/produit\/jardins-dici-et-dailleurs\/","name":"JARDINS D'ICI ET D'AILLEURS - Librairie 7L","isPartOf":{"@id":"https:\/\/librairie7l.com\/en\/#website"},"datePublished":"2023-05-09T15:08:08+00:00","dateModified":"2026-04-15T20:28:50+00:00","breadcrumb":{"@id":"https:\/\/librairie7l.com\/en\/produit\/jardins-dici-et-dailleurs\/#breadcrumb"},"inLanguage":"en-US","potentialAction":[{"@type":"ReadAction","target":["https:\/\/librairie7l.com\/en\/produit\/jardins-dici-et-dailleurs\/"]}]},{"@type":"BreadcrumbList","@id":"https:\/\/librairie7l.com\/en\/produit\/jardins-dici-et-dailleurs\/#breadcrumb","itemListElement":[{"@type":"ListItem","position":1,"name":"Accueil","item":"https:\/\/librairie7l.com\/en\/"},{"@type":"ListItem","position":2,"name":"Shop","item":"https:\/\/librairie7l.com\/en\/shop\/"},{"@type":"ListItem","position":3,"name":"JARDINS D&#8217;ICI ET D&#8217;AILLEURS"}]},{"@type":"WebSite","@id":"https:\/\/librairie7l.com\/en\/#website","url":"https:\/\/librairie7l.com\/en\/","name":"Librairie 7L","description":"Librairie fond\u00e9e en 1999 par Karl Lagerfeld \u00e0 Paris","publisher":{"@id":"https:\/\/librairie7l.com\/en\/#organization"},"potentialAction":[{"@type":"SearchAction","target":{"@type":"EntryPoint","urlTemplate":"https:\/\/librairie7l.com\/en\/?s={search_term_string}"},"query-input":"required name=search_term_string"}],"inLanguage":"en-US"},{"@type":"Organization","@id":"https:\/\/librairie7l.com\/en\/#organization","name":"Librairie 7L","url":"https:\/\/librairie7l.com\/en\/","logo":{"@type":"ImageObject","inLanguage":"en-US","@id":"https:\/\/librairie7l.com\/en\/#\/schema\/logo\/image\/","url":"https:\/\/librairie7l.com\/wp-content\/uploads\/2022\/08\/logo-1.png","contentUrl":"https:\/\/librairie7l.com\/wp-content\/uploads\/2022\/08\/logo-1.png","width":227,"height":301,"caption":"Librairie 7L"},"image":{"@id":"https:\/\/librairie7l.com\/en\/#\/schema\/logo\/image\/"}}]}},"_links":{"self":[{"href":"https:\/\/librairie7l.com\/en\/wp-json\/wp\/v2\/product\/15808"}],"collection":[{"href":"https:\/\/librairie7l.com\/en\/wp-json\/wp\/v2\/product"}],"about":[{"href":"https:\/\/librairie7l.com\/en\/wp-json\/wp\/v2\/types\/product"}],"wp:featuredmedia":[{"embeddable":true,"href":"https:\/\/librairie7l.com\/en\/wp-json\/wp\/v2\/media\/15806"}],"wp:attachment":[{"href":"https:\/\/librairie7l.com\/en\/wp-json\/wp\/v2\/media?parent=15808"}],"wp:term":[{"taxonomy":"product_cat","embeddable":true,"href":"https:\/\/librairie7l.com\/en\/wp-json\/wp\/v2\/product_cat?post=15808"},{"taxonomy":"product_tag","embeddable":true,"href":"https:\/\/librairie7l.com\/en\/wp-json\/wp\/v2\/product_tag?post=15808"}],"curies":[{"name":"wp","href":"https:\/\/api.w.org\/{rel}","templated":true}]}}