{"id":15828,"date":"2023-05-09T17:08:27","date_gmt":"2023-05-09T15:08:27","guid":{"rendered":"https:\/\/librairie7l.com\/?post_type=product&#038;p=15828"},"modified":"2026-04-05T22:35:47","modified_gmt":"2026-04-05T20:35:47","slug":"miroirs","status":"publish","type":"product","link":"https:\/\/librairie7l.com\/en\/produit\/miroirs\/","title":{"rendered":"MIROIRS"},"content":{"rendered":"<p>Kaiu Shirai et Posuka Demizu, le talentueux duo de The Promised Neverland, nous livre un recueil de trois histoires inspir\u00e9es de la vie et de la philosophie de Gabrielle Chanel, cr\u00e9atrice de la prestigieuse marque de luxe au parcours singulier !<br \/>\nUn ouvrage \u00e9l\u00e9gant m\u00ealant le noir &amp; blanc \u00e0 la couleur, compl\u00e9t\u00e9 de pages d&#8217;interview d\u00e9voilant les coulisses de ce projet atypique \u00e0 travers des anecdotes !<\/p>\n","protected":false},"excerpt":{"rendered":"<p>Kaiu Shirai et Posuka Demizu, le talentueux duo de The Promised Neverland, nous livre un recueil de trois histoires inspir\u00e9es de la vie et de la philosophie de Gabrielle Chanel, cr\u00e9atrice de la prestigieuse marque de luxe au parcours singulier ! Un ouvrage \u00e9l\u00e9gant m\u00ealant le noir &amp; blanc \u00e0 la couleur, compl\u00e9t\u00e9 de pages [&hellip;]<\/p>\n","protected":false},"featured_media":15826,"template":"","meta":[],"product_cat":[55,2948,2957,19],"product_tag":[],"acf":[],"yoast_head":"<!-- This site is optimized with the Yoast SEO plugin v20.11 - https:\/\/yoast.com\/wordpress\/plugins\/seo\/ -->\n<title>MIROIRS - Librairie 7L<\/title>\n<meta name=\"robots\" content=\"index, follow, max-snippet:-1, max-image-preview:large, max-video-preview:-1\" \/>\n<link rel=\"canonical\" href=\"https:\/\/librairie7l.com\/en\/produit\/miroirs\/\" \/>\n<meta property=\"og:locale\" content=\"en_US\" \/>\n<meta property=\"og:type\" content=\"article\" \/>\n<meta property=\"og:title\" content=\"MIROIRS - Librairie 7L\" \/>\n<meta property=\"og:description\" content=\"Kaiu Shirai et Posuka Demizu, le talentueux duo de The Promised Neverland, nous livre un recueil de trois histoires inspir\u00e9es de la vie et de la philosophie de Gabrielle Chanel, cr\u00e9atrice de la prestigieuse marque de luxe au parcours singulier ! Un ouvrage \u00e9l\u00e9gant m\u00ealant le noir &amp; blanc \u00e0 la couleur, compl\u00e9t\u00e9 de pages [&hellip;]\" \/>\n<meta property=\"og:url\" content=\"https:\/\/librairie7l.com\/en\/produit\/miroirs\/\" \/>\n<meta property=\"og:site_name\" content=\"Librairie 7L\" \/>\n<meta property=\"article:modified_time\" content=\"2026-04-05T20:35:47+00:00\" \/>\n<meta property=\"og:image\" content=\"https:\/\/librairie7l.com\/wp-content\/uploads\/2022\/06\/9782820344663_1_75.jpg\" \/>\n\t<meta property=\"og:image:width\" content=\"600\" \/>\n\t<meta property=\"og:image:height\" content=\"924\" \/>\n\t<meta property=\"og:image:type\" content=\"image\/jpeg\" \/>\n<meta name=\"twitter:card\" content=\"summary_large_image\" \/>\n<script type=\"application\/ld+json\" class=\"yoast-schema-graph\">{\"@context\":\"https:\/\/schema.org\",\"@graph\":[{\"@type\":\"WebPage\",\"@id\":\"https:\/\/librairie7l.com\/en\/produit\/miroirs\/\",\"url\":\"https:\/\/librairie7l.com\/en\/produit\/miroirs\/\",\"name\":\"MIROIRS - Librairie 7L\",\"isPartOf\":{\"@id\":\"https:\/\/librairie7l.com\/en\/#website\"},\"datePublished\":\"2023-05-09T15:08:27+00:00\",\"dateModified\":\"2026-04-05T20:35:47+00:00\",\"breadcrumb\":{\"@id\":\"https:\/\/librairie7l.com\/en\/produit\/miroirs\/#breadcrumb\"},\"inLanguage\":\"en-US\",\"potentialAction\":[{\"@type\":\"ReadAction\",\"target\":[\"https:\/\/librairie7l.com\/en\/produit\/miroirs\/\"]}]},{\"@type\":\"BreadcrumbList\",\"@id\":\"https:\/\/librairie7l.com\/en\/produit\/miroirs\/#breadcrumb\",\"itemListElement\":[{\"@type\":\"ListItem\",\"position\":1,\"name\":\"Accueil\",\"item\":\"https:\/\/librairie7l.com\/en\/\"},{\"@type\":\"ListItem\",\"position\":2,\"name\":\"Shop\",\"item\":\"https:\/\/librairie7l.com\/en\/shop\/\"},{\"@type\":\"ListItem\",\"position\":3,\"name\":\"MIROIRS\"}]},{\"@type\":\"WebSite\",\"@id\":\"https:\/\/librairie7l.com\/en\/#website\",\"url\":\"https:\/\/librairie7l.com\/en\/\",\"name\":\"Librairie 7L\",\"description\":\"Librairie fond\u00e9e en 1999 par Karl Lagerfeld \u00e0 Paris\",\"publisher\":{\"@id\":\"https:\/\/librairie7l.com\/en\/#organization\"},\"potentialAction\":[{\"@type\":\"SearchAction\",\"target\":{\"@type\":\"EntryPoint\",\"urlTemplate\":\"https:\/\/librairie7l.com\/en\/?s={search_term_string}\"},\"query-input\":\"required name=search_term_string\"}],\"inLanguage\":\"en-US\"},{\"@type\":\"Organization\",\"@id\":\"https:\/\/librairie7l.com\/en\/#organization\",\"name\":\"Librairie 7L\",\"url\":\"https:\/\/librairie7l.com\/en\/\",\"logo\":{\"@type\":\"ImageObject\",\"inLanguage\":\"en-US\",\"@id\":\"https:\/\/librairie7l.com\/en\/#\/schema\/logo\/image\/\",\"url\":\"https:\/\/librairie7l.com\/wp-content\/uploads\/2022\/08\/logo-1.png\",\"contentUrl\":\"https:\/\/librairie7l.com\/wp-content\/uploads\/2022\/08\/logo-1.png\",\"width\":227,\"height\":301,\"caption\":\"Librairie 7L\"},\"image\":{\"@id\":\"https:\/\/librairie7l.com\/en\/#\/schema\/logo\/image\/\"}}]}<\/script>\n<!-- \/ Yoast SEO plugin. -->","yoast_head_json":{"title":"MIROIRS - Librairie 7L","robots":{"index":"index","follow":"follow","max-snippet":"max-snippet:-1","max-image-preview":"max-image-preview:large","max-video-preview":"max-video-preview:-1"},"canonical":"https:\/\/librairie7l.com\/en\/produit\/miroirs\/","og_locale":"en_US","og_type":"article","og_title":"MIROIRS - Librairie 7L","og_description":"Kaiu Shirai et Posuka Demizu, le talentueux duo de The Promised Neverland, nous livre un recueil de trois histoires inspir\u00e9es de la vie et de la philosophie de Gabrielle Chanel, cr\u00e9atrice de la prestigieuse marque de luxe au parcours singulier ! Un ouvrage \u00e9l\u00e9gant m\u00ealant le noir &amp; blanc \u00e0 la couleur, compl\u00e9t\u00e9 de pages [&hellip;]","og_url":"https:\/\/librairie7l.com\/en\/produit\/miroirs\/","og_site_name":"Librairie 7L","article_modified_time":"2026-04-05T20:35:47+00:00","og_image":[{"width":600,"height":924,"url":"https:\/\/librairie7l.com\/wp-content\/uploads\/2022\/06\/9782820344663_1_75.jpg","type":"image\/jpeg"}],"twitter_card":"summary_large_image","schema":{"@context":"https:\/\/schema.org","@graph":[{"@type":"WebPage","@id":"https:\/\/librairie7l.com\/en\/produit\/miroirs\/","url":"https:\/\/librairie7l.com\/en\/produit\/miroirs\/","name":"MIROIRS - Librairie 7L","isPartOf":{"@id":"https:\/\/librairie7l.com\/en\/#website"},"datePublished":"2023-05-09T15:08:27+00:00","dateModified":"2026-04-05T20:35:47+00:00","breadcrumb":{"@id":"https:\/\/librairie7l.com\/en\/produit\/miroirs\/#breadcrumb"},"inLanguage":"en-US","potentialAction":[{"@type":"ReadAction","target":["https:\/\/librairie7l.com\/en\/produit\/miroirs\/"]}]},{"@type":"BreadcrumbList","@id":"https:\/\/librairie7l.com\/en\/produit\/miroirs\/#breadcrumb","itemListElement":[{"@type":"ListItem","position":1,"name":"Accueil","item":"https:\/\/librairie7l.com\/en\/"},{"@type":"ListItem","position":2,"name":"Shop","item":"https:\/\/librairie7l.com\/en\/shop\/"},{"@type":"ListItem","position":3,"name":"MIROIRS"}]},{"@type":"WebSite","@id":"https:\/\/librairie7l.com\/en\/#website","url":"https:\/\/librairie7l.com\/en\/","name":"Librairie 7L","description":"Librairie fond\u00e9e en 1999 par Karl Lagerfeld \u00e0 Paris","publisher":{"@id":"https:\/\/librairie7l.com\/en\/#organization"},"potentialAction":[{"@type":"SearchAction","target":{"@type":"EntryPoint","urlTemplate":"https:\/\/librairie7l.com\/en\/?s={search_term_string}"},"query-input":"required name=search_term_string"}],"inLanguage":"en-US"},{"@type":"Organization","@id":"https:\/\/librairie7l.com\/en\/#organization","name":"Librairie 7L","url":"https:\/\/librairie7l.com\/en\/","logo":{"@type":"ImageObject","inLanguage":"en-US","@id":"https:\/\/librairie7l.com\/en\/#\/schema\/logo\/image\/","url":"https:\/\/librairie7l.com\/wp-content\/uploads\/2022\/08\/logo-1.png","contentUrl":"https:\/\/librairie7l.com\/wp-content\/uploads\/2022\/08\/logo-1.png","width":227,"height":301,"caption":"Librairie 7L"},"image":{"@id":"https:\/\/librairie7l.com\/en\/#\/schema\/logo\/image\/"}}]}},"_links":{"self":[{"href":"https:\/\/librairie7l.com\/en\/wp-json\/wp\/v2\/product\/15828"}],"collection":[{"href":"https:\/\/librairie7l.com\/en\/wp-json\/wp\/v2\/product"}],"about":[{"href":"https:\/\/librairie7l.com\/en\/wp-json\/wp\/v2\/types\/product"}],"wp:featuredmedia":[{"embeddable":true,"href":"https:\/\/librairie7l.com\/en\/wp-json\/wp\/v2\/media\/15826"}],"wp:attachment":[{"href":"https:\/\/librairie7l.com\/en\/wp-json\/wp\/v2\/media?parent=15828"}],"wp:term":[{"taxonomy":"product_cat","embeddable":true,"href":"https:\/\/librairie7l.com\/en\/wp-json\/wp\/v2\/product_cat?post=15828"},{"taxonomy":"product_tag","embeddable":true,"href":"https:\/\/librairie7l.com\/en\/wp-json\/wp\/v2\/product_tag?post=15828"}],"curies":[{"name":"wp","href":"https:\/\/api.w.org\/{rel}","templated":true}]}}