{"id":15868,"date":"2023-05-09T17:08:59","date_gmt":"2023-05-09T15:08:59","guid":{"rendered":"https:\/\/librairie7l.com\/?post_type=product&#038;p=15868"},"modified":"2026-04-25T20:14:39","modified_gmt":"2026-04-25T18:14:39","slug":"chloe-defiles","status":"publish","type":"product","link":"https:\/\/librairie7l.com\/en\/produit\/chloe-defiles\/","title":{"rendered":"CHLO\u00c9 D\u00c9FIL\u00c9S"},"content":{"rendered":"<p>La premi\u00e8re anthologie des collections Chlo\u00e9 depuis les ann\u00e9es 1950 jusqu&#8217;\u00e0 aujourd&#8217;hui \u00e0 travers les photographies des d\u00e9fil\u00e9s.<\/p>\n<p>Fond\u00e9e en 1952 par Gaby Aghion, Chlo\u00e9 est \u00e0 l&#8217;origine d&#8217;un nouveau concept, celui d&#8217;un pr\u00eat-\u00e0-porter de luxe ax\u00e9 sur l&#8217;aisance et la f\u00e9minit\u00e9 et proposant \u00e0 la Parisienne moderne un style tout en \u00e9l\u00e9gance et libert\u00e9. En 1964, Gaby Aghion rep\u00e8re et engage le jeune Karl Lagerfeld, qui travaillera pour la maison pendant plus de vingt ans et acc\u00e9dera gr\u00e2ce \u00e0 ses collections \u00e0 la renomm\u00e9e internationale. Fra\u00eechement sorties de leur \u00e9cole de mode, Stella McCartney et Phoebe Philo lui succ\u00e8deront et seront elles-m\u00eames suivies d&#8217;une s\u00e9rie de cr\u00e9atrices innovantes. N\u00e9e en Uruguay et grande pionni\u00e8re des pratiques environnementales, la cr\u00e9atrice Gabriela Hearst est aujourd&#8217;hui \u00e0 la t\u00eate de la maison.<\/p>\n<p>Cet ouvrage, publi\u00e9 \u00e0 l&#8217;occasion du 70e anniversaire de Chlo\u00e9, est accompagn\u00e9 d&#8217;une pr\u00e9face de Suzy Menkes et de textes de Lou Stoppard. Avec plus de 1 000 photographies embl\u00e9matiques, ce tr\u00e9sor d&#8217;inspirations est une r\u00e9f\u00e9rence indispensable pour les professionnels de la mode et les admirateurs de Chlo\u00e9.<\/p>\n<p>Dans la collection \u00ab D\u00e9fil\u00e9s \u00bb : Chanel, Dior, Louis Vuitton, Yves Saint Laurent, Prada, Versace, Vivienne Westwood.<\/p>\n","protected":false},"excerpt":{"rendered":"<p>La premi\u00e8re anthologie des collections Chlo\u00e9 depuis les ann\u00e9es 1950 jusqu&#8217;\u00e0 aujourd&#8217;hui \u00e0 travers les photographies des d\u00e9fil\u00e9s. Fond\u00e9e en 1952 par Gaby Aghion, Chlo\u00e9 est \u00e0 l&#8217;origine d&#8217;un nouveau concept, celui d&#8217;un pr\u00eat-\u00e0-porter de luxe ax\u00e9 sur l&#8217;aisance et la f\u00e9minit\u00e9 et proposant \u00e0 la Parisienne moderne un style tout en \u00e9l\u00e9gance et libert\u00e9. [&hellip;]<\/p>\n","protected":false},"featured_media":15866,"template":"","meta":[],"product_cat":[55,2948,2957,19],"product_tag":[],"acf":[],"yoast_head":"<!-- This site is optimized with the Yoast SEO plugin v20.11 - https:\/\/yoast.com\/wordpress\/plugins\/seo\/ -->\n<title>CHLO\u00c9 D\u00c9FIL\u00c9S - Librairie 7L<\/title>\n<meta name=\"robots\" content=\"index, follow, max-snippet:-1, max-image-preview:large, max-video-preview:-1\" \/>\n<link rel=\"canonical\" href=\"https:\/\/librairie7l.com\/en\/produit\/chloe-defiles\/\" \/>\n<meta property=\"og:locale\" content=\"en_US\" \/>\n<meta property=\"og:type\" content=\"article\" \/>\n<meta property=\"og:title\" content=\"CHLO\u00c9 D\u00c9FIL\u00c9S - Librairie 7L\" \/>\n<meta property=\"og:description\" content=\"La premi\u00e8re anthologie des collections Chlo\u00e9 depuis les ann\u00e9es 1950 jusqu&#8217;\u00e0 aujourd&#8217;hui \u00e0 travers les photographies des d\u00e9fil\u00e9s. Fond\u00e9e en 1952 par Gaby Aghion, Chlo\u00e9 est \u00e0 l&#8217;origine d&#8217;un nouveau concept, celui d&#8217;un pr\u00eat-\u00e0-porter de luxe ax\u00e9 sur l&#8217;aisance et la f\u00e9minit\u00e9 et proposant \u00e0 la Parisienne moderne un style tout en \u00e9l\u00e9gance et libert\u00e9. [&hellip;]\" \/>\n<meta property=\"og:url\" content=\"https:\/\/librairie7l.com\/en\/produit\/chloe-defiles\/\" \/>\n<meta property=\"og:site_name\" content=\"Librairie 7L\" \/>\n<meta property=\"article:modified_time\" content=\"2026-04-25T18:14:39+00:00\" \/>\n<meta property=\"og:image\" content=\"https:\/\/librairie7l.com\/wp-content\/uploads\/2022\/12\/9791040111115_1_75.jpg\" \/>\n\t<meta property=\"og:image:width\" content=\"600\" \/>\n\t<meta property=\"og:image:height\" content=\"875\" \/>\n\t<meta property=\"og:image:type\" content=\"image\/jpeg\" \/>\n<meta name=\"twitter:card\" content=\"summary_large_image\" \/>\n<meta name=\"twitter:label1\" content=\"Est. reading time\" \/>\n\t<meta name=\"twitter:data1\" content=\"1 minute\" \/>\n<script type=\"application\/ld+json\" class=\"yoast-schema-graph\">{\"@context\":\"https:\/\/schema.org\",\"@graph\":[{\"@type\":\"WebPage\",\"@id\":\"https:\/\/librairie7l.com\/en\/produit\/chloe-defiles\/\",\"url\":\"https:\/\/librairie7l.com\/en\/produit\/chloe-defiles\/\",\"name\":\"CHLO\u00c9 D\u00c9FIL\u00c9S - Librairie 7L\",\"isPartOf\":{\"@id\":\"https:\/\/librairie7l.com\/en\/#website\"},\"datePublished\":\"2023-05-09T15:08:59+00:00\",\"dateModified\":\"2026-04-25T18:14:39+00:00\",\"breadcrumb\":{\"@id\":\"https:\/\/librairie7l.com\/en\/produit\/chloe-defiles\/#breadcrumb\"},\"inLanguage\":\"en-US\",\"potentialAction\":[{\"@type\":\"ReadAction\",\"target\":[\"https:\/\/librairie7l.com\/en\/produit\/chloe-defiles\/\"]}]},{\"@type\":\"BreadcrumbList\",\"@id\":\"https:\/\/librairie7l.com\/en\/produit\/chloe-defiles\/#breadcrumb\",\"itemListElement\":[{\"@type\":\"ListItem\",\"position\":1,\"name\":\"Accueil\",\"item\":\"https:\/\/librairie7l.com\/en\/\"},{\"@type\":\"ListItem\",\"position\":2,\"name\":\"Shop\",\"item\":\"https:\/\/librairie7l.com\/en\/shop\/\"},{\"@type\":\"ListItem\",\"position\":3,\"name\":\"CHLO\u00c9 D\u00c9FIL\u00c9S\"}]},{\"@type\":\"WebSite\",\"@id\":\"https:\/\/librairie7l.com\/en\/#website\",\"url\":\"https:\/\/librairie7l.com\/en\/\",\"name\":\"Librairie 7L\",\"description\":\"Librairie fond\u00e9e en 1999 par Karl Lagerfeld \u00e0 Paris\",\"publisher\":{\"@id\":\"https:\/\/librairie7l.com\/en\/#organization\"},\"potentialAction\":[{\"@type\":\"SearchAction\",\"target\":{\"@type\":\"EntryPoint\",\"urlTemplate\":\"https:\/\/librairie7l.com\/en\/?s={search_term_string}\"},\"query-input\":\"required name=search_term_string\"}],\"inLanguage\":\"en-US\"},{\"@type\":\"Organization\",\"@id\":\"https:\/\/librairie7l.com\/en\/#organization\",\"name\":\"Librairie 7L\",\"url\":\"https:\/\/librairie7l.com\/en\/\",\"logo\":{\"@type\":\"ImageObject\",\"inLanguage\":\"en-US\",\"@id\":\"https:\/\/librairie7l.com\/en\/#\/schema\/logo\/image\/\",\"url\":\"https:\/\/librairie7l.com\/wp-content\/uploads\/2022\/08\/logo-1.png\",\"contentUrl\":\"https:\/\/librairie7l.com\/wp-content\/uploads\/2022\/08\/logo-1.png\",\"width\":227,\"height\":301,\"caption\":\"Librairie 7L\"},\"image\":{\"@id\":\"https:\/\/librairie7l.com\/en\/#\/schema\/logo\/image\/\"}}]}<\/script>\n<!-- \/ Yoast SEO plugin. -->","yoast_head_json":{"title":"CHLO\u00c9 D\u00c9FIL\u00c9S - Librairie 7L","robots":{"index":"index","follow":"follow","max-snippet":"max-snippet:-1","max-image-preview":"max-image-preview:large","max-video-preview":"max-video-preview:-1"},"canonical":"https:\/\/librairie7l.com\/en\/produit\/chloe-defiles\/","og_locale":"en_US","og_type":"article","og_title":"CHLO\u00c9 D\u00c9FIL\u00c9S - Librairie 7L","og_description":"La premi\u00e8re anthologie des collections Chlo\u00e9 depuis les ann\u00e9es 1950 jusqu&#8217;\u00e0 aujourd&#8217;hui \u00e0 travers les photographies des d\u00e9fil\u00e9s. Fond\u00e9e en 1952 par Gaby Aghion, Chlo\u00e9 est \u00e0 l&#8217;origine d&#8217;un nouveau concept, celui d&#8217;un pr\u00eat-\u00e0-porter de luxe ax\u00e9 sur l&#8217;aisance et la f\u00e9minit\u00e9 et proposant \u00e0 la Parisienne moderne un style tout en \u00e9l\u00e9gance et libert\u00e9. [&hellip;]","og_url":"https:\/\/librairie7l.com\/en\/produit\/chloe-defiles\/","og_site_name":"Librairie 7L","article_modified_time":"2026-04-25T18:14:39+00:00","og_image":[{"width":600,"height":875,"url":"https:\/\/librairie7l.com\/wp-content\/uploads\/2022\/12\/9791040111115_1_75.jpg","type":"image\/jpeg"}],"twitter_card":"summary_large_image","twitter_misc":{"Est. reading time":"1 minute"},"schema":{"@context":"https:\/\/schema.org","@graph":[{"@type":"WebPage","@id":"https:\/\/librairie7l.com\/en\/produit\/chloe-defiles\/","url":"https:\/\/librairie7l.com\/en\/produit\/chloe-defiles\/","name":"CHLO\u00c9 D\u00c9FIL\u00c9S - Librairie 7L","isPartOf":{"@id":"https:\/\/librairie7l.com\/en\/#website"},"datePublished":"2023-05-09T15:08:59+00:00","dateModified":"2026-04-25T18:14:39+00:00","breadcrumb":{"@id":"https:\/\/librairie7l.com\/en\/produit\/chloe-defiles\/#breadcrumb"},"inLanguage":"en-US","potentialAction":[{"@type":"ReadAction","target":["https:\/\/librairie7l.com\/en\/produit\/chloe-defiles\/"]}]},{"@type":"BreadcrumbList","@id":"https:\/\/librairie7l.com\/en\/produit\/chloe-defiles\/#breadcrumb","itemListElement":[{"@type":"ListItem","position":1,"name":"Accueil","item":"https:\/\/librairie7l.com\/en\/"},{"@type":"ListItem","position":2,"name":"Shop","item":"https:\/\/librairie7l.com\/en\/shop\/"},{"@type":"ListItem","position":3,"name":"CHLO\u00c9 D\u00c9FIL\u00c9S"}]},{"@type":"WebSite","@id":"https:\/\/librairie7l.com\/en\/#website","url":"https:\/\/librairie7l.com\/en\/","name":"Librairie 7L","description":"Librairie fond\u00e9e en 1999 par Karl Lagerfeld \u00e0 Paris","publisher":{"@id":"https:\/\/librairie7l.com\/en\/#organization"},"potentialAction":[{"@type":"SearchAction","target":{"@type":"EntryPoint","urlTemplate":"https:\/\/librairie7l.com\/en\/?s={search_term_string}"},"query-input":"required name=search_term_string"}],"inLanguage":"en-US"},{"@type":"Organization","@id":"https:\/\/librairie7l.com\/en\/#organization","name":"Librairie 7L","url":"https:\/\/librairie7l.com\/en\/","logo":{"@type":"ImageObject","inLanguage":"en-US","@id":"https:\/\/librairie7l.com\/en\/#\/schema\/logo\/image\/","url":"https:\/\/librairie7l.com\/wp-content\/uploads\/2022\/08\/logo-1.png","contentUrl":"https:\/\/librairie7l.com\/wp-content\/uploads\/2022\/08\/logo-1.png","width":227,"height":301,"caption":"Librairie 7L"},"image":{"@id":"https:\/\/librairie7l.com\/en\/#\/schema\/logo\/image\/"}}]}},"_links":{"self":[{"href":"https:\/\/librairie7l.com\/en\/wp-json\/wp\/v2\/product\/15868"}],"collection":[{"href":"https:\/\/librairie7l.com\/en\/wp-json\/wp\/v2\/product"}],"about":[{"href":"https:\/\/librairie7l.com\/en\/wp-json\/wp\/v2\/types\/product"}],"wp:featuredmedia":[{"embeddable":true,"href":"https:\/\/librairie7l.com\/en\/wp-json\/wp\/v2\/media\/15866"}],"wp:attachment":[{"href":"https:\/\/librairie7l.com\/en\/wp-json\/wp\/v2\/media?parent=15868"}],"wp:term":[{"taxonomy":"product_cat","embeddable":true,"href":"https:\/\/librairie7l.com\/en\/wp-json\/wp\/v2\/product_cat?post=15868"},{"taxonomy":"product_tag","embeddable":true,"href":"https:\/\/librairie7l.com\/en\/wp-json\/wp\/v2\/product_tag?post=15868"}],"curies":[{"name":"wp","href":"https:\/\/api.w.org\/{rel}","templated":true}]}}