{"id":15883,"date":"2023-05-09T17:09:19","date_gmt":"2023-05-09T15:09:19","guid":{"rendered":"https:\/\/librairie7l.com\/?post_type=product&#038;p=15883"},"modified":"2026-04-04T08:02:23","modified_gmt":"2026-04-04T06:02:23","slug":"loulou-yves","status":"publish","type":"product","link":"https:\/\/librairie7l.com\/en\/produit\/loulou-yves\/","title":{"rendered":"LOULOU &AMP; YVES"},"content":{"rendered":"<p>[Le livre] qui d\u00e9rangera le beau monde.  -;<br \/>\nNew York Post On l&#8217;a souvent pr\u00e9sent\u00e9e comme la muse d&#8217;Yves Saint Laurent. Ou, pire, rel\u00e9gu\u00e9e au rang d&#8217;ic\u00f4ne chic et provocante, aussi superficielle que les magazines qui raffolaient de ses frasques. Sans conteste, l&#8217;insolence, les exc\u00e8s et le dandysme de Loulou de La Falaise eurent le don de mettre le feu aux poudres des nuits parisiennes. Et pendant leurs trente ann\u00e9es de collaboration, sa prodigieuse \u00e9nergie, sa beaut\u00e9 androgyne firent partie de la panoplie des stimulants indispensables au g\u00e9nie du couturier. Mais cette d\u00e9cadente id\u00e9ale fut aussi bien plus que cela : une travailleuse acharn\u00e9e et une cr\u00e9atrice \u00e0 l&#8217;immense talent ; un bras droit, un alter ego pour Saint Laurent plut\u00f4t qu&#8217;une simple \u00e9g\u00e9rie. \u00c0 travers les milliers de bijoux et d&#8217;autres accessoires flamboyants qu&#8217;elle imagina pour la maison, elle lui insuffla cette touche d&#8217;audace (le fameux style boh\u00e8me) devenue l&#8217;un des secrets de son allure. Avec pour seul regret, peut-\u00eatre, de s&#8217;\u00eatre consum\u00e9e au service d&#8217;une gloire qui n&#8217;\u00e9tait pas la sienne. Manquait donc un portrait qui lui f\u00fbt enfin fid\u00e8le. Pour le composer, Christopher Petkanas a rassembl\u00e9 les t\u00e9moignages de plus de deux cents invit\u00e9s de marque, parmi lesquels Karl Lagerfeld, Andy Warhol, Mick Jagger, Hubert de Givenchy, Robert Mapplethorpe, Patti Smith, Diana Vreeland, Marianne Faithfull, In\u00e8s de La Fressange, Helmut Newton&#8230; Il en r\u00e9sulte un livre choral, accompagn\u00e9 de nombreuses illustrations, d&#8217;une libert\u00e9 de ton \u00e9difiante : jamais, s\u00fbrement, la mode n&#8217;avait \u00e9t\u00e9 racont\u00e9e de mani\u00e8re aussi d\u00e9complex\u00e9e &#8211; loin du r\u00e9cit vide que sert d\u00e9sormais un monde qui pr\u00e9f\u00e8re le para\u00eetre \u00e0 l&#8217;\u00eatre.<\/p>\n<p>  Un cocktail [&#8230;] tour \u00e0 tour scandaleux, ironique, vicieux, complice et salace &#8211; et souvent les cinq \u00e0 la fois.<br \/>\n-; The New York Times Book Review<\/p>\n","protected":false},"excerpt":{"rendered":"<p>[Le livre] qui d\u00e9rangera le beau monde. -; New York Post On l&#8217;a souvent pr\u00e9sent\u00e9e comme la muse d&#8217;Yves Saint Laurent. Ou, pire, rel\u00e9gu\u00e9e au rang d&#8217;ic\u00f4ne chic et provocante, aussi superficielle que les magazines qui raffolaient de ses frasques. Sans conteste, l&#8217;insolence, les exc\u00e8s et le dandysme de Loulou de La Falaise eurent le [&hellip;]<\/p>\n","protected":false},"featured_media":15881,"template":"","meta":[],"product_cat":[55,2948,2957,19],"product_tag":[],"acf":[],"yoast_head":"<!-- This site is optimized with the Yoast SEO plugin v20.11 - https:\/\/yoast.com\/wordpress\/plugins\/seo\/ -->\n<title>LOULOU &amp; YVES - Librairie 7L<\/title>\n<meta name=\"robots\" content=\"index, follow, max-snippet:-1, max-image-preview:large, max-video-preview:-1\" \/>\n<link rel=\"canonical\" href=\"https:\/\/librairie7l.com\/en\/produit\/loulou-yves\/\" \/>\n<meta property=\"og:locale\" content=\"en_US\" \/>\n<meta property=\"og:type\" content=\"article\" \/>\n<meta property=\"og:title\" content=\"LOULOU &amp; YVES - Librairie 7L\" \/>\n<meta property=\"og:description\" content=\"[Le livre] qui d\u00e9rangera le beau monde. -; New York Post On l&#8217;a souvent pr\u00e9sent\u00e9e comme la muse d&#8217;Yves Saint Laurent. Ou, pire, rel\u00e9gu\u00e9e au rang d&#8217;ic\u00f4ne chic et provocante, aussi superficielle que les magazines qui raffolaient de ses frasques. Sans conteste, l&#8217;insolence, les exc\u00e8s et le dandysme de Loulou de La Falaise eurent le [&hellip;]\" \/>\n<meta property=\"og:url\" content=\"https:\/\/librairie7l.com\/en\/produit\/loulou-yves\/\" \/>\n<meta property=\"og:site_name\" content=\"Librairie 7L\" \/>\n<meta property=\"article:modified_time\" content=\"2026-04-04T06:02:23+00:00\" \/>\n<meta property=\"og:image\" content=\"https:\/\/librairie7l.com\/wp-content\/uploads\/2022\/11\/9782840497905_1_75.jpg\" \/>\n\t<meta property=\"og:image:width\" content=\"600\" \/>\n\t<meta property=\"og:image:height\" content=\"691\" \/>\n\t<meta property=\"og:image:type\" content=\"image\/jpeg\" \/>\n<meta name=\"twitter:card\" content=\"summary_large_image\" \/>\n<meta name=\"twitter:label1\" content=\"Est. reading time\" \/>\n\t<meta name=\"twitter:data1\" content=\"2 minutes\" \/>\n<script type=\"application\/ld+json\" class=\"yoast-schema-graph\">{\"@context\":\"https:\/\/schema.org\",\"@graph\":[{\"@type\":\"WebPage\",\"@id\":\"https:\/\/librairie7l.com\/en\/produit\/loulou-yves\/\",\"url\":\"https:\/\/librairie7l.com\/en\/produit\/loulou-yves\/\",\"name\":\"LOULOU &amp; YVES - Librairie 7L\",\"isPartOf\":{\"@id\":\"https:\/\/librairie7l.com\/en\/#website\"},\"datePublished\":\"2023-05-09T15:09:19+00:00\",\"dateModified\":\"2026-04-04T06:02:23+00:00\",\"breadcrumb\":{\"@id\":\"https:\/\/librairie7l.com\/en\/produit\/loulou-yves\/#breadcrumb\"},\"inLanguage\":\"en-US\",\"potentialAction\":[{\"@type\":\"ReadAction\",\"target\":[\"https:\/\/librairie7l.com\/en\/produit\/loulou-yves\/\"]}]},{\"@type\":\"BreadcrumbList\",\"@id\":\"https:\/\/librairie7l.com\/en\/produit\/loulou-yves\/#breadcrumb\",\"itemListElement\":[{\"@type\":\"ListItem\",\"position\":1,\"name\":\"Accueil\",\"item\":\"https:\/\/librairie7l.com\/en\/\"},{\"@type\":\"ListItem\",\"position\":2,\"name\":\"Shop\",\"item\":\"https:\/\/librairie7l.com\/en\/shop\/\"},{\"@type\":\"ListItem\",\"position\":3,\"name\":\"LOULOU &AMP; YVES\"}]},{\"@type\":\"WebSite\",\"@id\":\"https:\/\/librairie7l.com\/en\/#website\",\"url\":\"https:\/\/librairie7l.com\/en\/\",\"name\":\"Librairie 7L\",\"description\":\"Librairie fond\u00e9e en 1999 par Karl Lagerfeld \u00e0 Paris\",\"publisher\":{\"@id\":\"https:\/\/librairie7l.com\/en\/#organization\"},\"potentialAction\":[{\"@type\":\"SearchAction\",\"target\":{\"@type\":\"EntryPoint\",\"urlTemplate\":\"https:\/\/librairie7l.com\/en\/?s={search_term_string}\"},\"query-input\":\"required name=search_term_string\"}],\"inLanguage\":\"en-US\"},{\"@type\":\"Organization\",\"@id\":\"https:\/\/librairie7l.com\/en\/#organization\",\"name\":\"Librairie 7L\",\"url\":\"https:\/\/librairie7l.com\/en\/\",\"logo\":{\"@type\":\"ImageObject\",\"inLanguage\":\"en-US\",\"@id\":\"https:\/\/librairie7l.com\/en\/#\/schema\/logo\/image\/\",\"url\":\"https:\/\/librairie7l.com\/wp-content\/uploads\/2022\/08\/logo-1.png\",\"contentUrl\":\"https:\/\/librairie7l.com\/wp-content\/uploads\/2022\/08\/logo-1.png\",\"width\":227,\"height\":301,\"caption\":\"Librairie 7L\"},\"image\":{\"@id\":\"https:\/\/librairie7l.com\/en\/#\/schema\/logo\/image\/\"}}]}<\/script>\n<!-- \/ Yoast SEO plugin. -->","yoast_head_json":{"title":"LOULOU &amp; YVES - Librairie 7L","robots":{"index":"index","follow":"follow","max-snippet":"max-snippet:-1","max-image-preview":"max-image-preview:large","max-video-preview":"max-video-preview:-1"},"canonical":"https:\/\/librairie7l.com\/en\/produit\/loulou-yves\/","og_locale":"en_US","og_type":"article","og_title":"LOULOU &amp; YVES - Librairie 7L","og_description":"[Le livre] qui d\u00e9rangera le beau monde. -; New York Post On l&#8217;a souvent pr\u00e9sent\u00e9e comme la muse d&#8217;Yves Saint Laurent. Ou, pire, rel\u00e9gu\u00e9e au rang d&#8217;ic\u00f4ne chic et provocante, aussi superficielle que les magazines qui raffolaient de ses frasques. Sans conteste, l&#8217;insolence, les exc\u00e8s et le dandysme de Loulou de La Falaise eurent le [&hellip;]","og_url":"https:\/\/librairie7l.com\/en\/produit\/loulou-yves\/","og_site_name":"Librairie 7L","article_modified_time":"2026-04-04T06:02:23+00:00","og_image":[{"width":600,"height":691,"url":"https:\/\/librairie7l.com\/wp-content\/uploads\/2022\/11\/9782840497905_1_75.jpg","type":"image\/jpeg"}],"twitter_card":"summary_large_image","twitter_misc":{"Est. reading time":"2 minutes"},"schema":{"@context":"https:\/\/schema.org","@graph":[{"@type":"WebPage","@id":"https:\/\/librairie7l.com\/en\/produit\/loulou-yves\/","url":"https:\/\/librairie7l.com\/en\/produit\/loulou-yves\/","name":"LOULOU &amp; YVES - Librairie 7L","isPartOf":{"@id":"https:\/\/librairie7l.com\/en\/#website"},"datePublished":"2023-05-09T15:09:19+00:00","dateModified":"2026-04-04T06:02:23+00:00","breadcrumb":{"@id":"https:\/\/librairie7l.com\/en\/produit\/loulou-yves\/#breadcrumb"},"inLanguage":"en-US","potentialAction":[{"@type":"ReadAction","target":["https:\/\/librairie7l.com\/en\/produit\/loulou-yves\/"]}]},{"@type":"BreadcrumbList","@id":"https:\/\/librairie7l.com\/en\/produit\/loulou-yves\/#breadcrumb","itemListElement":[{"@type":"ListItem","position":1,"name":"Accueil","item":"https:\/\/librairie7l.com\/en\/"},{"@type":"ListItem","position":2,"name":"Shop","item":"https:\/\/librairie7l.com\/en\/shop\/"},{"@type":"ListItem","position":3,"name":"LOULOU &AMP; YVES"}]},{"@type":"WebSite","@id":"https:\/\/librairie7l.com\/en\/#website","url":"https:\/\/librairie7l.com\/en\/","name":"Librairie 7L","description":"Librairie fond\u00e9e en 1999 par Karl Lagerfeld \u00e0 Paris","publisher":{"@id":"https:\/\/librairie7l.com\/en\/#organization"},"potentialAction":[{"@type":"SearchAction","target":{"@type":"EntryPoint","urlTemplate":"https:\/\/librairie7l.com\/en\/?s={search_term_string}"},"query-input":"required name=search_term_string"}],"inLanguage":"en-US"},{"@type":"Organization","@id":"https:\/\/librairie7l.com\/en\/#organization","name":"Librairie 7L","url":"https:\/\/librairie7l.com\/en\/","logo":{"@type":"ImageObject","inLanguage":"en-US","@id":"https:\/\/librairie7l.com\/en\/#\/schema\/logo\/image\/","url":"https:\/\/librairie7l.com\/wp-content\/uploads\/2022\/08\/logo-1.png","contentUrl":"https:\/\/librairie7l.com\/wp-content\/uploads\/2022\/08\/logo-1.png","width":227,"height":301,"caption":"Librairie 7L"},"image":{"@id":"https:\/\/librairie7l.com\/en\/#\/schema\/logo\/image\/"}}]}},"_links":{"self":[{"href":"https:\/\/librairie7l.com\/en\/wp-json\/wp\/v2\/product\/15883"}],"collection":[{"href":"https:\/\/librairie7l.com\/en\/wp-json\/wp\/v2\/product"}],"about":[{"href":"https:\/\/librairie7l.com\/en\/wp-json\/wp\/v2\/types\/product"}],"wp:featuredmedia":[{"embeddable":true,"href":"https:\/\/librairie7l.com\/en\/wp-json\/wp\/v2\/media\/15881"}],"wp:attachment":[{"href":"https:\/\/librairie7l.com\/en\/wp-json\/wp\/v2\/media?parent=15883"}],"wp:term":[{"taxonomy":"product_cat","embeddable":true,"href":"https:\/\/librairie7l.com\/en\/wp-json\/wp\/v2\/product_cat?post=15883"},{"taxonomy":"product_tag","embeddable":true,"href":"https:\/\/librairie7l.com\/en\/wp-json\/wp\/v2\/product_tag?post=15883"}],"curies":[{"name":"wp","href":"https:\/\/api.w.org\/{rel}","templated":true}]}}