{"id":15887,"date":"2023-05-09T17:09:22","date_gmt":"2023-05-09T15:09:22","guid":{"rendered":"https:\/\/librairie7l.com\/?post_type=product&#038;p=15887"},"modified":"2026-04-05T20:06:16","modified_gmt":"2026-04-05T18:06:16","slug":"anna-wintour-la-biographie","status":"publish","type":"product","link":"https:\/\/librairie7l.com\/en\/produit\/anna-wintour-la-biographie\/","title":{"rendered":"ANNA WINTOUR, LA BIOGRAPHIE"},"content":{"rendered":"<p>Au sein de la microsph\u00e8re fashion, o\u00f9 paillettes et coups bas sont de mise, vit et r\u00e8gne Anna Wintour. Est-elle vraiment la tyrannique r\u00e9dactrice en chef du Diable s&#8217;habille en Prada ou bien simplement une femme engag\u00e9e, visionnaire et passionn\u00e9e, \u00e0 la t\u00eate de l&#8217;un des plus grands magazines de mode ?Dans cette biographie non autoris\u00e9e, Amy Odell nous raconte l&#8217;ascension, et les faux pas, d&#8217;Anna Wintour jusqu&#8217;au sommet de l&#8217;univers de la mode. Pour cela, elle a interrog\u00e9 les plus proches amis et collaborateurs d&#8217;Anna Wintour afin d&#8217;en dresser un portrait \u00e0 la fois intime et multifacette qui nous fait entrer dans les coulisses des magazines et de la haute couture.<\/p>\n","protected":false},"excerpt":{"rendered":"<p>Au sein de la microsph\u00e8re fashion, o\u00f9 paillettes et coups bas sont de mise, vit et r\u00e8gne Anna Wintour. Est-elle vraiment la tyrannique r\u00e9dactrice en chef du Diable s&#8217;habille en Prada ou bien simplement une femme engag\u00e9e, visionnaire et passionn\u00e9e, \u00e0 la t\u00eate de l&#8217;un des plus grands magazines de mode ?Dans cette biographie non [&hellip;]<\/p>\n","protected":false},"featured_media":15885,"template":"","meta":[],"product_cat":[55,2948,2957,19],"product_tag":[],"acf":[],"yoast_head":"<!-- This site is optimized with the Yoast SEO plugin v20.11 - https:\/\/yoast.com\/wordpress\/plugins\/seo\/ -->\n<title>ANNA WINTOUR, LA BIOGRAPHIE - Librairie 7L<\/title>\n<meta name=\"robots\" content=\"index, follow, max-snippet:-1, max-image-preview:large, max-video-preview:-1\" \/>\n<link rel=\"canonical\" href=\"https:\/\/librairie7l.com\/en\/produit\/anna-wintour-la-biographie\/\" \/>\n<meta property=\"og:locale\" content=\"en_US\" \/>\n<meta property=\"og:type\" content=\"article\" \/>\n<meta property=\"og:title\" content=\"ANNA WINTOUR, LA BIOGRAPHIE - Librairie 7L\" \/>\n<meta property=\"og:description\" content=\"Au sein de la microsph\u00e8re fashion, o\u00f9 paillettes et coups bas sont de mise, vit et r\u00e8gne Anna Wintour. Est-elle vraiment la tyrannique r\u00e9dactrice en chef du Diable s&#8217;habille en Prada ou bien simplement une femme engag\u00e9e, visionnaire et passionn\u00e9e, \u00e0 la t\u00eate de l&#8217;un des plus grands magazines de mode ?Dans cette biographie non [&hellip;]\" \/>\n<meta property=\"og:url\" content=\"https:\/\/librairie7l.com\/en\/produit\/anna-wintour-la-biographie\/\" \/>\n<meta property=\"og:site_name\" content=\"Librairie 7L\" \/>\n<meta property=\"article:modified_time\" content=\"2026-04-05T18:06:16+00:00\" \/>\n<meta property=\"og:image\" content=\"https:\/\/librairie7l.com\/wp-content\/uploads\/2022\/11\/9782080290182_1_75.jpg\" \/>\n\t<meta property=\"og:image:width\" content=\"600\" \/>\n\t<meta property=\"og:image:height\" content=\"935\" \/>\n\t<meta property=\"og:image:type\" content=\"image\/jpeg\" \/>\n<meta name=\"twitter:card\" content=\"summary_large_image\" \/>\n<meta name=\"twitter:label1\" content=\"Est. reading time\" \/>\n\t<meta name=\"twitter:data1\" content=\"1 minute\" \/>\n<script type=\"application\/ld+json\" class=\"yoast-schema-graph\">{\"@context\":\"https:\/\/schema.org\",\"@graph\":[{\"@type\":\"WebPage\",\"@id\":\"https:\/\/librairie7l.com\/en\/produit\/anna-wintour-la-biographie\/\",\"url\":\"https:\/\/librairie7l.com\/en\/produit\/anna-wintour-la-biographie\/\",\"name\":\"ANNA WINTOUR, LA BIOGRAPHIE - Librairie 7L\",\"isPartOf\":{\"@id\":\"https:\/\/librairie7l.com\/en\/#website\"},\"datePublished\":\"2023-05-09T15:09:22+00:00\",\"dateModified\":\"2026-04-05T18:06:16+00:00\",\"breadcrumb\":{\"@id\":\"https:\/\/librairie7l.com\/en\/produit\/anna-wintour-la-biographie\/#breadcrumb\"},\"inLanguage\":\"en-US\",\"potentialAction\":[{\"@type\":\"ReadAction\",\"target\":[\"https:\/\/librairie7l.com\/en\/produit\/anna-wintour-la-biographie\/\"]}]},{\"@type\":\"BreadcrumbList\",\"@id\":\"https:\/\/librairie7l.com\/en\/produit\/anna-wintour-la-biographie\/#breadcrumb\",\"itemListElement\":[{\"@type\":\"ListItem\",\"position\":1,\"name\":\"Accueil\",\"item\":\"https:\/\/librairie7l.com\/en\/\"},{\"@type\":\"ListItem\",\"position\":2,\"name\":\"Shop\",\"item\":\"https:\/\/librairie7l.com\/en\/shop\/\"},{\"@type\":\"ListItem\",\"position\":3,\"name\":\"ANNA WINTOUR, LA BIOGRAPHIE\"}]},{\"@type\":\"WebSite\",\"@id\":\"https:\/\/librairie7l.com\/en\/#website\",\"url\":\"https:\/\/librairie7l.com\/en\/\",\"name\":\"Librairie 7L\",\"description\":\"Librairie fond\u00e9e en 1999 par Karl Lagerfeld \u00e0 Paris\",\"publisher\":{\"@id\":\"https:\/\/librairie7l.com\/en\/#organization\"},\"potentialAction\":[{\"@type\":\"SearchAction\",\"target\":{\"@type\":\"EntryPoint\",\"urlTemplate\":\"https:\/\/librairie7l.com\/en\/?s={search_term_string}\"},\"query-input\":\"required name=search_term_string\"}],\"inLanguage\":\"en-US\"},{\"@type\":\"Organization\",\"@id\":\"https:\/\/librairie7l.com\/en\/#organization\",\"name\":\"Librairie 7L\",\"url\":\"https:\/\/librairie7l.com\/en\/\",\"logo\":{\"@type\":\"ImageObject\",\"inLanguage\":\"en-US\",\"@id\":\"https:\/\/librairie7l.com\/en\/#\/schema\/logo\/image\/\",\"url\":\"https:\/\/librairie7l.com\/wp-content\/uploads\/2022\/08\/logo-1.png\",\"contentUrl\":\"https:\/\/librairie7l.com\/wp-content\/uploads\/2022\/08\/logo-1.png\",\"width\":227,\"height\":301,\"caption\":\"Librairie 7L\"},\"image\":{\"@id\":\"https:\/\/librairie7l.com\/en\/#\/schema\/logo\/image\/\"}}]}<\/script>\n<!-- \/ Yoast SEO plugin. -->","yoast_head_json":{"title":"ANNA WINTOUR, LA BIOGRAPHIE - Librairie 7L","robots":{"index":"index","follow":"follow","max-snippet":"max-snippet:-1","max-image-preview":"max-image-preview:large","max-video-preview":"max-video-preview:-1"},"canonical":"https:\/\/librairie7l.com\/en\/produit\/anna-wintour-la-biographie\/","og_locale":"en_US","og_type":"article","og_title":"ANNA WINTOUR, LA BIOGRAPHIE - Librairie 7L","og_description":"Au sein de la microsph\u00e8re fashion, o\u00f9 paillettes et coups bas sont de mise, vit et r\u00e8gne Anna Wintour. Est-elle vraiment la tyrannique r\u00e9dactrice en chef du Diable s&#8217;habille en Prada ou bien simplement une femme engag\u00e9e, visionnaire et passionn\u00e9e, \u00e0 la t\u00eate de l&#8217;un des plus grands magazines de mode ?Dans cette biographie non [&hellip;]","og_url":"https:\/\/librairie7l.com\/en\/produit\/anna-wintour-la-biographie\/","og_site_name":"Librairie 7L","article_modified_time":"2026-04-05T18:06:16+00:00","og_image":[{"width":600,"height":935,"url":"https:\/\/librairie7l.com\/wp-content\/uploads\/2022\/11\/9782080290182_1_75.jpg","type":"image\/jpeg"}],"twitter_card":"summary_large_image","twitter_misc":{"Est. reading time":"1 minute"},"schema":{"@context":"https:\/\/schema.org","@graph":[{"@type":"WebPage","@id":"https:\/\/librairie7l.com\/en\/produit\/anna-wintour-la-biographie\/","url":"https:\/\/librairie7l.com\/en\/produit\/anna-wintour-la-biographie\/","name":"ANNA WINTOUR, LA BIOGRAPHIE - Librairie 7L","isPartOf":{"@id":"https:\/\/librairie7l.com\/en\/#website"},"datePublished":"2023-05-09T15:09:22+00:00","dateModified":"2026-04-05T18:06:16+00:00","breadcrumb":{"@id":"https:\/\/librairie7l.com\/en\/produit\/anna-wintour-la-biographie\/#breadcrumb"},"inLanguage":"en-US","potentialAction":[{"@type":"ReadAction","target":["https:\/\/librairie7l.com\/en\/produit\/anna-wintour-la-biographie\/"]}]},{"@type":"BreadcrumbList","@id":"https:\/\/librairie7l.com\/en\/produit\/anna-wintour-la-biographie\/#breadcrumb","itemListElement":[{"@type":"ListItem","position":1,"name":"Accueil","item":"https:\/\/librairie7l.com\/en\/"},{"@type":"ListItem","position":2,"name":"Shop","item":"https:\/\/librairie7l.com\/en\/shop\/"},{"@type":"ListItem","position":3,"name":"ANNA WINTOUR, LA BIOGRAPHIE"}]},{"@type":"WebSite","@id":"https:\/\/librairie7l.com\/en\/#website","url":"https:\/\/librairie7l.com\/en\/","name":"Librairie 7L","description":"Librairie fond\u00e9e en 1999 par Karl Lagerfeld \u00e0 Paris","publisher":{"@id":"https:\/\/librairie7l.com\/en\/#organization"},"potentialAction":[{"@type":"SearchAction","target":{"@type":"EntryPoint","urlTemplate":"https:\/\/librairie7l.com\/en\/?s={search_term_string}"},"query-input":"required name=search_term_string"}],"inLanguage":"en-US"},{"@type":"Organization","@id":"https:\/\/librairie7l.com\/en\/#organization","name":"Librairie 7L","url":"https:\/\/librairie7l.com\/en\/","logo":{"@type":"ImageObject","inLanguage":"en-US","@id":"https:\/\/librairie7l.com\/en\/#\/schema\/logo\/image\/","url":"https:\/\/librairie7l.com\/wp-content\/uploads\/2022\/08\/logo-1.png","contentUrl":"https:\/\/librairie7l.com\/wp-content\/uploads\/2022\/08\/logo-1.png","width":227,"height":301,"caption":"Librairie 7L"},"image":{"@id":"https:\/\/librairie7l.com\/en\/#\/schema\/logo\/image\/"}}]}},"_links":{"self":[{"href":"https:\/\/librairie7l.com\/en\/wp-json\/wp\/v2\/product\/15887"}],"collection":[{"href":"https:\/\/librairie7l.com\/en\/wp-json\/wp\/v2\/product"}],"about":[{"href":"https:\/\/librairie7l.com\/en\/wp-json\/wp\/v2\/types\/product"}],"wp:featuredmedia":[{"embeddable":true,"href":"https:\/\/librairie7l.com\/en\/wp-json\/wp\/v2\/media\/15885"}],"wp:attachment":[{"href":"https:\/\/librairie7l.com\/en\/wp-json\/wp\/v2\/media?parent=15887"}],"wp:term":[{"taxonomy":"product_cat","embeddable":true,"href":"https:\/\/librairie7l.com\/en\/wp-json\/wp\/v2\/product_cat?post=15887"},{"taxonomy":"product_tag","embeddable":true,"href":"https:\/\/librairie7l.com\/en\/wp-json\/wp\/v2\/product_tag?post=15887"}],"curies":[{"name":"wp","href":"https:\/\/api.w.org\/{rel}","templated":true}]}}