{"id":15899,"date":"2023-05-09T17:09:32","date_gmt":"2023-05-09T15:09:32","guid":{"rendered":"https:\/\/librairie7l.com\/?post_type=product&#038;p=15899"},"modified":"2026-04-18T11:40:15","modified_gmt":"2026-04-18T09:40:15","slug":"1000-classiques-du-design","status":"publish","type":"product","link":"https:\/\/librairie7l.com\/en\/produit\/1000-classiques-du-design\/","title":{"rendered":"1000 CLASSIQUES DU DESIGN"},"content":{"rendered":"<p>Issu des Classiques Phaidon du design, livre en 3 volumes salu\u00e9 par la critique et devenu un classique, ce nouvel ouvrage pr\u00e9sente 1 000 des plus c\u00e9l\u00e8bres objets du design au monde en un seul volume grand format. Cette s\u00e9lection unique rassemble des objets du quotidien de cr\u00e9ateurs anonymes et des pi\u00e8ces renomm\u00e9es sign\u00e9es par de grands noms du design comme Charles et Ray Eames, Charlotte Perriand, Dieter Rams, Richard Sapper, Hans J. Wegner et Florence Knoll pour n&#8217;en citer que quelques-uns. Cette nouvelle \u00e9dition mise \u00e0 jour est enrichie de 100 nouvelles entr\u00e9es, des objets imagin\u00e9s par des hommes et des femmes venus d&#8217;horizons divers et des produits remarquables apparus ces quinze derni\u00e8res ann\u00e9es. Actualis\u00e9 pour un lectorat contemporain et international, et enrichi de 100 nouveaux objets pour refl\u00e9ter la diversit\u00e9 du design aujourd&#8217;hui &#8211; Pr\u00e9sente \u00e0 la fois des figures historiques et des stars du design moderne comme Le Corbusier, Alvar et Aino Aalto, Isamu Noguchi, Ronan et Erwan Bouroullec, Lani Adeoye, Faye Toogood et Lindsey Adelman &#8211; Chaque entr\u00e9e, de l&#8217;incontournable chaise Tulip sign\u00e9e Eero Saarinen au scooter \u00e9lectrique Bird Zero, est illustr\u00e9e par une photographie ou un sch\u00e9ma et inclut un texte d\u00e9taillant le produit, son histoire et son cr\u00e9ateur &#8211; Un ouvrage de r\u00e9f\u00e9rence pour les amateurs de design, les professionnels comme tous ceux qui s&#8217;int\u00e9ressent \u00e0 la conception en g\u00e9n\u00e9ral<\/p>\n","protected":false},"excerpt":{"rendered":"<p>Issu des Classiques Phaidon du design, livre en 3 volumes salu\u00e9 par la critique et devenu un classique, ce nouvel ouvrage pr\u00e9sente 1 000 des plus c\u00e9l\u00e8bres objets du design au monde en un seul volume grand format. Cette s\u00e9lection unique rassemble des objets du quotidien de cr\u00e9ateurs anonymes et des pi\u00e8ces renomm\u00e9es sign\u00e9es par [&hellip;]<\/p>\n","protected":false},"featured_media":15897,"template":"","meta":[],"product_cat":[55,2948,18,2952],"product_tag":[],"acf":[],"yoast_head":"<!-- This site is optimized with the Yoast SEO plugin v20.11 - https:\/\/yoast.com\/wordpress\/plugins\/seo\/ -->\n<title>1000 CLASSIQUES DU DESIGN - Librairie 7L<\/title>\n<meta name=\"robots\" content=\"index, follow, max-snippet:-1, max-image-preview:large, max-video-preview:-1\" \/>\n<link rel=\"canonical\" href=\"https:\/\/librairie7l.com\/en\/produit\/1000-classiques-du-design\/\" \/>\n<meta property=\"og:locale\" content=\"en_US\" \/>\n<meta property=\"og:type\" content=\"article\" \/>\n<meta property=\"og:title\" content=\"1000 CLASSIQUES DU DESIGN - Librairie 7L\" \/>\n<meta property=\"og:description\" content=\"Issu des Classiques Phaidon du design, livre en 3 volumes salu\u00e9 par la critique et devenu un classique, ce nouvel ouvrage pr\u00e9sente 1 000 des plus c\u00e9l\u00e8bres objets du design au monde en un seul volume grand format. Cette s\u00e9lection unique rassemble des objets du quotidien de cr\u00e9ateurs anonymes et des pi\u00e8ces renomm\u00e9es sign\u00e9es par [&hellip;]\" \/>\n<meta property=\"og:url\" content=\"https:\/\/librairie7l.com\/en\/produit\/1000-classiques-du-design\/\" \/>\n<meta property=\"og:site_name\" content=\"Librairie 7L\" \/>\n<meta property=\"article:modified_time\" content=\"2026-04-18T09:40:15+00:00\" \/>\n<meta property=\"og:image\" content=\"https:\/\/librairie7l.com\/wp-content\/uploads\/2022\/09\/9781838665906_1_75.jpg\" \/>\n\t<meta property=\"og:image:width\" content=\"592\" \/>\n\t<meta property=\"og:image:height\" content=\"800\" \/>\n\t<meta property=\"og:image:type\" content=\"image\/jpeg\" \/>\n<meta name=\"twitter:card\" content=\"summary_large_image\" \/>\n<meta name=\"twitter:label1\" content=\"Est. reading time\" \/>\n\t<meta name=\"twitter:data1\" content=\"1 minute\" \/>\n<script type=\"application\/ld+json\" class=\"yoast-schema-graph\">{\"@context\":\"https:\/\/schema.org\",\"@graph\":[{\"@type\":\"WebPage\",\"@id\":\"https:\/\/librairie7l.com\/en\/produit\/1000-classiques-du-design\/\",\"url\":\"https:\/\/librairie7l.com\/en\/produit\/1000-classiques-du-design\/\",\"name\":\"1000 CLASSIQUES DU DESIGN - Librairie 7L\",\"isPartOf\":{\"@id\":\"https:\/\/librairie7l.com\/en\/#website\"},\"datePublished\":\"2023-05-09T15:09:32+00:00\",\"dateModified\":\"2026-04-18T09:40:15+00:00\",\"breadcrumb\":{\"@id\":\"https:\/\/librairie7l.com\/en\/produit\/1000-classiques-du-design\/#breadcrumb\"},\"inLanguage\":\"en-US\",\"potentialAction\":[{\"@type\":\"ReadAction\",\"target\":[\"https:\/\/librairie7l.com\/en\/produit\/1000-classiques-du-design\/\"]}]},{\"@type\":\"BreadcrumbList\",\"@id\":\"https:\/\/librairie7l.com\/en\/produit\/1000-classiques-du-design\/#breadcrumb\",\"itemListElement\":[{\"@type\":\"ListItem\",\"position\":1,\"name\":\"Accueil\",\"item\":\"https:\/\/librairie7l.com\/en\/\"},{\"@type\":\"ListItem\",\"position\":2,\"name\":\"Shop\",\"item\":\"https:\/\/librairie7l.com\/en\/shop\/\"},{\"@type\":\"ListItem\",\"position\":3,\"name\":\"1000 CLASSIQUES DU DESIGN\"}]},{\"@type\":\"WebSite\",\"@id\":\"https:\/\/librairie7l.com\/en\/#website\",\"url\":\"https:\/\/librairie7l.com\/en\/\",\"name\":\"Librairie 7L\",\"description\":\"Librairie fond\u00e9e en 1999 par Karl Lagerfeld \u00e0 Paris\",\"publisher\":{\"@id\":\"https:\/\/librairie7l.com\/en\/#organization\"},\"potentialAction\":[{\"@type\":\"SearchAction\",\"target\":{\"@type\":\"EntryPoint\",\"urlTemplate\":\"https:\/\/librairie7l.com\/en\/?s={search_term_string}\"},\"query-input\":\"required name=search_term_string\"}],\"inLanguage\":\"en-US\"},{\"@type\":\"Organization\",\"@id\":\"https:\/\/librairie7l.com\/en\/#organization\",\"name\":\"Librairie 7L\",\"url\":\"https:\/\/librairie7l.com\/en\/\",\"logo\":{\"@type\":\"ImageObject\",\"inLanguage\":\"en-US\",\"@id\":\"https:\/\/librairie7l.com\/en\/#\/schema\/logo\/image\/\",\"url\":\"https:\/\/librairie7l.com\/wp-content\/uploads\/2022\/08\/logo-1.png\",\"contentUrl\":\"https:\/\/librairie7l.com\/wp-content\/uploads\/2022\/08\/logo-1.png\",\"width\":227,\"height\":301,\"caption\":\"Librairie 7L\"},\"image\":{\"@id\":\"https:\/\/librairie7l.com\/en\/#\/schema\/logo\/image\/\"}}]}<\/script>\n<!-- \/ Yoast SEO plugin. -->","yoast_head_json":{"title":"1000 CLASSIQUES DU DESIGN - Librairie 7L","robots":{"index":"index","follow":"follow","max-snippet":"max-snippet:-1","max-image-preview":"max-image-preview:large","max-video-preview":"max-video-preview:-1"},"canonical":"https:\/\/librairie7l.com\/en\/produit\/1000-classiques-du-design\/","og_locale":"en_US","og_type":"article","og_title":"1000 CLASSIQUES DU DESIGN - Librairie 7L","og_description":"Issu des Classiques Phaidon du design, livre en 3 volumes salu\u00e9 par la critique et devenu un classique, ce nouvel ouvrage pr\u00e9sente 1 000 des plus c\u00e9l\u00e8bres objets du design au monde en un seul volume grand format. Cette s\u00e9lection unique rassemble des objets du quotidien de cr\u00e9ateurs anonymes et des pi\u00e8ces renomm\u00e9es sign\u00e9es par [&hellip;]","og_url":"https:\/\/librairie7l.com\/en\/produit\/1000-classiques-du-design\/","og_site_name":"Librairie 7L","article_modified_time":"2026-04-18T09:40:15+00:00","og_image":[{"width":592,"height":800,"url":"https:\/\/librairie7l.com\/wp-content\/uploads\/2022\/09\/9781838665906_1_75.jpg","type":"image\/jpeg"}],"twitter_card":"summary_large_image","twitter_misc":{"Est. reading time":"1 minute"},"schema":{"@context":"https:\/\/schema.org","@graph":[{"@type":"WebPage","@id":"https:\/\/librairie7l.com\/en\/produit\/1000-classiques-du-design\/","url":"https:\/\/librairie7l.com\/en\/produit\/1000-classiques-du-design\/","name":"1000 CLASSIQUES DU DESIGN - Librairie 7L","isPartOf":{"@id":"https:\/\/librairie7l.com\/en\/#website"},"datePublished":"2023-05-09T15:09:32+00:00","dateModified":"2026-04-18T09:40:15+00:00","breadcrumb":{"@id":"https:\/\/librairie7l.com\/en\/produit\/1000-classiques-du-design\/#breadcrumb"},"inLanguage":"en-US","potentialAction":[{"@type":"ReadAction","target":["https:\/\/librairie7l.com\/en\/produit\/1000-classiques-du-design\/"]}]},{"@type":"BreadcrumbList","@id":"https:\/\/librairie7l.com\/en\/produit\/1000-classiques-du-design\/#breadcrumb","itemListElement":[{"@type":"ListItem","position":1,"name":"Accueil","item":"https:\/\/librairie7l.com\/en\/"},{"@type":"ListItem","position":2,"name":"Shop","item":"https:\/\/librairie7l.com\/en\/shop\/"},{"@type":"ListItem","position":3,"name":"1000 CLASSIQUES DU DESIGN"}]},{"@type":"WebSite","@id":"https:\/\/librairie7l.com\/en\/#website","url":"https:\/\/librairie7l.com\/en\/","name":"Librairie 7L","description":"Librairie fond\u00e9e en 1999 par Karl Lagerfeld \u00e0 Paris","publisher":{"@id":"https:\/\/librairie7l.com\/en\/#organization"},"potentialAction":[{"@type":"SearchAction","target":{"@type":"EntryPoint","urlTemplate":"https:\/\/librairie7l.com\/en\/?s={search_term_string}"},"query-input":"required name=search_term_string"}],"inLanguage":"en-US"},{"@type":"Organization","@id":"https:\/\/librairie7l.com\/en\/#organization","name":"Librairie 7L","url":"https:\/\/librairie7l.com\/en\/","logo":{"@type":"ImageObject","inLanguage":"en-US","@id":"https:\/\/librairie7l.com\/en\/#\/schema\/logo\/image\/","url":"https:\/\/librairie7l.com\/wp-content\/uploads\/2022\/08\/logo-1.png","contentUrl":"https:\/\/librairie7l.com\/wp-content\/uploads\/2022\/08\/logo-1.png","width":227,"height":301,"caption":"Librairie 7L"},"image":{"@id":"https:\/\/librairie7l.com\/en\/#\/schema\/logo\/image\/"}}]}},"_links":{"self":[{"href":"https:\/\/librairie7l.com\/en\/wp-json\/wp\/v2\/product\/15899"}],"collection":[{"href":"https:\/\/librairie7l.com\/en\/wp-json\/wp\/v2\/product"}],"about":[{"href":"https:\/\/librairie7l.com\/en\/wp-json\/wp\/v2\/types\/product"}],"wp:featuredmedia":[{"embeddable":true,"href":"https:\/\/librairie7l.com\/en\/wp-json\/wp\/v2\/media\/15897"}],"wp:attachment":[{"href":"https:\/\/librairie7l.com\/en\/wp-json\/wp\/v2\/media?parent=15899"}],"wp:term":[{"taxonomy":"product_cat","embeddable":true,"href":"https:\/\/librairie7l.com\/en\/wp-json\/wp\/v2\/product_cat?post=15899"},{"taxonomy":"product_tag","embeddable":true,"href":"https:\/\/librairie7l.com\/en\/wp-json\/wp\/v2\/product_tag?post=15899"}],"curies":[{"name":"wp","href":"https:\/\/api.w.org\/{rel}","templated":true}]}}