{"id":15927,"date":"2023-05-09T17:09:57","date_gmt":"2023-05-09T15:09:57","guid":{"rendered":"https:\/\/librairie7l.com\/?post_type=product&#038;p=15927"},"modified":"2026-04-20T12:03:59","modified_gmt":"2026-04-20T10:03:59","slug":"habiter-la-terre-lart-de-batir-en-terre-crue","status":"publish","type":"product","link":"https:\/\/librairie7l.com\/en\/produit\/habiter-la-terre-lart-de-batir-en-terre-crue\/","title":{"rendered":"HABITER LA TERRE : L&#8217;ART DE B\u00c2TIR EN TERRE CRUE"},"content":{"rendered":"<p>Avec ses images \u00e9blouissantes, ce livre d\u00e9montre avec brio que, d\u00e9sormais, la renaissance des architectures de terre ne rel\u00e8ve plus du voeu pieux mais est devenue une r\u00e9alit\u00e9 \u00e9cologique palpable, largement gr\u00e2ce aux actions militantes de ses auteurs.<br \/>\nApr\u00e8s l&#8217;exposition m\u00e9morable que Jean Dethier consacra d\u00e8s 1981 au Centre Pompidou \u00e0 ce th\u00e8me, il amplifie et actualise ici &#8211; avec une \u00e9quipe d&#8217;acteurs parmi les plus engag\u00e9s &#8211; son panorama des inventions sp\u00e9cifiques aux cinq continents.<br \/>\nUne passion intense s&#8217;exprime dans cette vision transhistorique de l&#8217;antiquit\u00e9 \u00e0 nos jours : elle r\u00e9v\u00e8le une multitude d&#8217;habitations, architectures et villes \u00e9tonnantes \u00e9difi\u00e9es avec la mati\u00e8re m\u00eame de leur sol d&#8217;ancrage.<\/p>\n","protected":false},"excerpt":{"rendered":"<p>Avec ses images \u00e9blouissantes, ce livre d\u00e9montre avec brio que, d\u00e9sormais, la renaissance des architectures de terre ne rel\u00e8ve plus du voeu pieux mais est devenue une r\u00e9alit\u00e9 \u00e9cologique palpable, largement gr\u00e2ce aux actions militantes de ses auteurs. Apr\u00e8s l&#8217;exposition m\u00e9morable que Jean Dethier consacra d\u00e8s 1981 au Centre Pompidou \u00e0 ce th\u00e8me, il amplifie [&hellip;]<\/p>\n","protected":false},"featured_media":15925,"template":"","meta":[],"product_cat":[55,2948,22,2950],"product_tag":[],"acf":[],"yoast_head":"<!-- This site is optimized with the Yoast SEO plugin v20.11 - https:\/\/yoast.com\/wordpress\/plugins\/seo\/ -->\n<title>HABITER LA TERRE : L&#039;ART DE B\u00c2TIR EN TERRE CRUE - Librairie 7L<\/title>\n<meta name=\"robots\" content=\"index, follow, max-snippet:-1, max-image-preview:large, max-video-preview:-1\" \/>\n<link rel=\"canonical\" href=\"https:\/\/librairie7l.com\/en\/produit\/habiter-la-terre-lart-de-batir-en-terre-crue\/\" \/>\n<meta property=\"og:locale\" content=\"en_US\" \/>\n<meta property=\"og:type\" content=\"article\" \/>\n<meta property=\"og:title\" content=\"HABITER LA TERRE : L&#039;ART DE B\u00c2TIR EN TERRE CRUE - Librairie 7L\" \/>\n<meta property=\"og:description\" content=\"Avec ses images \u00e9blouissantes, ce livre d\u00e9montre avec brio que, d\u00e9sormais, la renaissance des architectures de terre ne rel\u00e8ve plus du voeu pieux mais est devenue une r\u00e9alit\u00e9 \u00e9cologique palpable, largement gr\u00e2ce aux actions militantes de ses auteurs. Apr\u00e8s l&#8217;exposition m\u00e9morable que Jean Dethier consacra d\u00e8s 1981 au Centre Pompidou \u00e0 ce th\u00e8me, il amplifie [&hellip;]\" \/>\n<meta property=\"og:url\" content=\"https:\/\/librairie7l.com\/en\/produit\/habiter-la-terre-lart-de-batir-en-terre-crue\/\" \/>\n<meta property=\"og:site_name\" content=\"Librairie 7L\" \/>\n<meta property=\"article:modified_time\" content=\"2026-04-20T10:03:59+00:00\" \/>\n<meta property=\"og:image\" content=\"https:\/\/librairie7l.com\/wp-content\/uploads\/2022\/10\/9782080287519_1_75.jpg\" \/>\n\t<meta property=\"og:image:width\" content=\"600\" \/>\n\t<meta property=\"og:image:height\" content=\"759\" \/>\n\t<meta property=\"og:image:type\" content=\"image\/jpeg\" \/>\n<meta name=\"twitter:card\" content=\"summary_large_image\" \/>\n<meta name=\"twitter:label1\" content=\"Est. reading time\" \/>\n\t<meta name=\"twitter:data1\" content=\"1 minute\" \/>\n<script type=\"application\/ld+json\" class=\"yoast-schema-graph\">{\"@context\":\"https:\/\/schema.org\",\"@graph\":[{\"@type\":\"WebPage\",\"@id\":\"https:\/\/librairie7l.com\/en\/produit\/habiter-la-terre-lart-de-batir-en-terre-crue\/\",\"url\":\"https:\/\/librairie7l.com\/en\/produit\/habiter-la-terre-lart-de-batir-en-terre-crue\/\",\"name\":\"HABITER LA TERRE : L'ART DE B\u00c2TIR EN TERRE CRUE - Librairie 7L\",\"isPartOf\":{\"@id\":\"https:\/\/librairie7l.com\/en\/#website\"},\"datePublished\":\"2023-05-09T15:09:57+00:00\",\"dateModified\":\"2026-04-20T10:03:59+00:00\",\"breadcrumb\":{\"@id\":\"https:\/\/librairie7l.com\/en\/produit\/habiter-la-terre-lart-de-batir-en-terre-crue\/#breadcrumb\"},\"inLanguage\":\"en-US\",\"potentialAction\":[{\"@type\":\"ReadAction\",\"target\":[\"https:\/\/librairie7l.com\/en\/produit\/habiter-la-terre-lart-de-batir-en-terre-crue\/\"]}]},{\"@type\":\"BreadcrumbList\",\"@id\":\"https:\/\/librairie7l.com\/en\/produit\/habiter-la-terre-lart-de-batir-en-terre-crue\/#breadcrumb\",\"itemListElement\":[{\"@type\":\"ListItem\",\"position\":1,\"name\":\"Accueil\",\"item\":\"https:\/\/librairie7l.com\/en\/\"},{\"@type\":\"ListItem\",\"position\":2,\"name\":\"Shop\",\"item\":\"https:\/\/librairie7l.com\/en\/shop\/\"},{\"@type\":\"ListItem\",\"position\":3,\"name\":\"HABITER LA TERRE : L&#8217;ART DE B\u00c2TIR EN TERRE CRUE\"}]},{\"@type\":\"WebSite\",\"@id\":\"https:\/\/librairie7l.com\/en\/#website\",\"url\":\"https:\/\/librairie7l.com\/en\/\",\"name\":\"Librairie 7L\",\"description\":\"Librairie fond\u00e9e en 1999 par Karl Lagerfeld \u00e0 Paris\",\"publisher\":{\"@id\":\"https:\/\/librairie7l.com\/en\/#organization\"},\"potentialAction\":[{\"@type\":\"SearchAction\",\"target\":{\"@type\":\"EntryPoint\",\"urlTemplate\":\"https:\/\/librairie7l.com\/en\/?s={search_term_string}\"},\"query-input\":\"required name=search_term_string\"}],\"inLanguage\":\"en-US\"},{\"@type\":\"Organization\",\"@id\":\"https:\/\/librairie7l.com\/en\/#organization\",\"name\":\"Librairie 7L\",\"url\":\"https:\/\/librairie7l.com\/en\/\",\"logo\":{\"@type\":\"ImageObject\",\"inLanguage\":\"en-US\",\"@id\":\"https:\/\/librairie7l.com\/en\/#\/schema\/logo\/image\/\",\"url\":\"https:\/\/librairie7l.com\/wp-content\/uploads\/2022\/08\/logo-1.png\",\"contentUrl\":\"https:\/\/librairie7l.com\/wp-content\/uploads\/2022\/08\/logo-1.png\",\"width\":227,\"height\":301,\"caption\":\"Librairie 7L\"},\"image\":{\"@id\":\"https:\/\/librairie7l.com\/en\/#\/schema\/logo\/image\/\"}}]}<\/script>\n<!-- \/ Yoast SEO plugin. -->","yoast_head_json":{"title":"HABITER LA TERRE : L'ART DE B\u00c2TIR EN TERRE CRUE - Librairie 7L","robots":{"index":"index","follow":"follow","max-snippet":"max-snippet:-1","max-image-preview":"max-image-preview:large","max-video-preview":"max-video-preview:-1"},"canonical":"https:\/\/librairie7l.com\/en\/produit\/habiter-la-terre-lart-de-batir-en-terre-crue\/","og_locale":"en_US","og_type":"article","og_title":"HABITER LA TERRE : L'ART DE B\u00c2TIR EN TERRE CRUE - Librairie 7L","og_description":"Avec ses images \u00e9blouissantes, ce livre d\u00e9montre avec brio que, d\u00e9sormais, la renaissance des architectures de terre ne rel\u00e8ve plus du voeu pieux mais est devenue une r\u00e9alit\u00e9 \u00e9cologique palpable, largement gr\u00e2ce aux actions militantes de ses auteurs. Apr\u00e8s l&#8217;exposition m\u00e9morable que Jean Dethier consacra d\u00e8s 1981 au Centre Pompidou \u00e0 ce th\u00e8me, il amplifie [&hellip;]","og_url":"https:\/\/librairie7l.com\/en\/produit\/habiter-la-terre-lart-de-batir-en-terre-crue\/","og_site_name":"Librairie 7L","article_modified_time":"2026-04-20T10:03:59+00:00","og_image":[{"width":600,"height":759,"url":"https:\/\/librairie7l.com\/wp-content\/uploads\/2022\/10\/9782080287519_1_75.jpg","type":"image\/jpeg"}],"twitter_card":"summary_large_image","twitter_misc":{"Est. reading time":"1 minute"},"schema":{"@context":"https:\/\/schema.org","@graph":[{"@type":"WebPage","@id":"https:\/\/librairie7l.com\/en\/produit\/habiter-la-terre-lart-de-batir-en-terre-crue\/","url":"https:\/\/librairie7l.com\/en\/produit\/habiter-la-terre-lart-de-batir-en-terre-crue\/","name":"HABITER LA TERRE : L'ART DE B\u00c2TIR EN TERRE CRUE - Librairie 7L","isPartOf":{"@id":"https:\/\/librairie7l.com\/en\/#website"},"datePublished":"2023-05-09T15:09:57+00:00","dateModified":"2026-04-20T10:03:59+00:00","breadcrumb":{"@id":"https:\/\/librairie7l.com\/en\/produit\/habiter-la-terre-lart-de-batir-en-terre-crue\/#breadcrumb"},"inLanguage":"en-US","potentialAction":[{"@type":"ReadAction","target":["https:\/\/librairie7l.com\/en\/produit\/habiter-la-terre-lart-de-batir-en-terre-crue\/"]}]},{"@type":"BreadcrumbList","@id":"https:\/\/librairie7l.com\/en\/produit\/habiter-la-terre-lart-de-batir-en-terre-crue\/#breadcrumb","itemListElement":[{"@type":"ListItem","position":1,"name":"Accueil","item":"https:\/\/librairie7l.com\/en\/"},{"@type":"ListItem","position":2,"name":"Shop","item":"https:\/\/librairie7l.com\/en\/shop\/"},{"@type":"ListItem","position":3,"name":"HABITER LA TERRE : L&#8217;ART DE B\u00c2TIR EN TERRE CRUE"}]},{"@type":"WebSite","@id":"https:\/\/librairie7l.com\/en\/#website","url":"https:\/\/librairie7l.com\/en\/","name":"Librairie 7L","description":"Librairie fond\u00e9e en 1999 par Karl Lagerfeld \u00e0 Paris","publisher":{"@id":"https:\/\/librairie7l.com\/en\/#organization"},"potentialAction":[{"@type":"SearchAction","target":{"@type":"EntryPoint","urlTemplate":"https:\/\/librairie7l.com\/en\/?s={search_term_string}"},"query-input":"required name=search_term_string"}],"inLanguage":"en-US"},{"@type":"Organization","@id":"https:\/\/librairie7l.com\/en\/#organization","name":"Librairie 7L","url":"https:\/\/librairie7l.com\/en\/","logo":{"@type":"ImageObject","inLanguage":"en-US","@id":"https:\/\/librairie7l.com\/en\/#\/schema\/logo\/image\/","url":"https:\/\/librairie7l.com\/wp-content\/uploads\/2022\/08\/logo-1.png","contentUrl":"https:\/\/librairie7l.com\/wp-content\/uploads\/2022\/08\/logo-1.png","width":227,"height":301,"caption":"Librairie 7L"},"image":{"@id":"https:\/\/librairie7l.com\/en\/#\/schema\/logo\/image\/"}}]}},"_links":{"self":[{"href":"https:\/\/librairie7l.com\/en\/wp-json\/wp\/v2\/product\/15927"}],"collection":[{"href":"https:\/\/librairie7l.com\/en\/wp-json\/wp\/v2\/product"}],"about":[{"href":"https:\/\/librairie7l.com\/en\/wp-json\/wp\/v2\/types\/product"}],"wp:featuredmedia":[{"embeddable":true,"href":"https:\/\/librairie7l.com\/en\/wp-json\/wp\/v2\/media\/15925"}],"wp:attachment":[{"href":"https:\/\/librairie7l.com\/en\/wp-json\/wp\/v2\/media?parent=15927"}],"wp:term":[{"taxonomy":"product_cat","embeddable":true,"href":"https:\/\/librairie7l.com\/en\/wp-json\/wp\/v2\/product_cat?post=15927"},{"taxonomy":"product_tag","embeddable":true,"href":"https:\/\/librairie7l.com\/en\/wp-json\/wp\/v2\/product_tag?post=15927"}],"curies":[{"name":"wp","href":"https:\/\/api.w.org\/{rel}","templated":true}]}}