{"id":15931,"date":"2023-05-09T17:10:00","date_gmt":"2023-05-09T15:10:00","guid":{"rendered":"https:\/\/librairie7l.com\/?post_type=product&#038;p=15931"},"modified":"2026-04-18T13:39:38","modified_gmt":"2026-04-18T11:39:38","slug":"les-tribulations-derwin-blumenfeld-1936-1946","status":"publish","type":"product","link":"https:\/\/librairie7l.com\/en\/produit\/les-tribulations-derwin-blumenfeld-1936-1946\/","title":{"rendered":"LES TRIBULATIONS D&#8217;ERWIN BLUMENFELD, 1936-1946"},"content":{"rendered":"<p>Catalogue de l&#8217;exposition.<br \/>\nEntre 1936, ann\u00e9e de son installation \u00e0 Paris, et 1946, ann\u00e9e de l&#8217;obtention de la nationalit\u00e9 am\u00e9ricaine, Erwin Blumenfeld voit son destin, tant artistique que personnel, boulevers\u00e9. Sa plong\u00e9e dans l&#8217;effervescence de la capitale et l&#8217;univers de la mode est brutalement interrompue par la d\u00e9faite de 1940. Il conna\u00eet l&#8217;errance, l&#8217;internement dans plusieurs camps fran\u00e7ais, l&#8217;enfermement avec sa famille dans un camp au Maroc, puis a la chance de pouvoir s&#8217;\u00e9chapper in extremis vers le nouveau monde.<br \/>\nCes ann\u00e9es 1930-1950 sont aussi celles de la r\u00e9v\u00e9lation de son talent photo- graphique, le moment d&#8217;une exp\u00e9rimentation artistique originale et foison- nante, poursuivie avec la m\u00eame ferveur de Paris \u00e0 New York. Apr\u00e8s des d\u00e9buts artistiques au sein du mouvement Dada , marqu\u00e9s pa r des photomontages politiques pr\u00e9monitoires sur la guerre \u00e0 venir, l&#8217;oeuvre de Blumenfeld s&#8217;inspire et prolonge des techniques mises en avant notamment par les tenants de la \u00ab Nouvelle Vision \u00bb photographique : solarisation, r\u00e9ticulation , surimpression, jeux de miroirs et jeux optiques, jeux d&#8217;ombres et de lumi\u00e8res&#8230; \u00c0 New York, il mettra en particulier son g\u00e9nie au service de la photographie de mode, et sera pr\u00e9curseur dans le domaine de la couleur, propice \u00e0 de nouvelles exp\u00e9rimentations. Les magazines Harper&#8217;s Bazaar et Vogue en particulier seront les supports influents de son expression.<br \/>\nL&#8217;exposition du mahJ \u00e9claire la p\u00e9riode la plus f\u00e9conde du photographe, fait d\u00e9couvrir des ensembles jamais expos\u00e9s &#8211; sur les gitans aux Saintes- Maries-de-la-Mer, et sur les danses des am\u00e9rindiens de Taos Pueblo au Nouveau Mexique -, mais offre aussi certains \u00e9clairages sur sa vision de l&#8217;art, ainsi que des photographies autour de sa vie personnelle et familiale.<br \/>\nFaisant le lien entre sa participation \u00e0 Dada et son insertion dans l&#8217;avant- garde parisienne, la s\u00e9rie du \u00ab Dictateur \u00bb et des t\u00eates de veau trouvera sa place avec les portraits, les travaux sur la sculpture de Maillol, et les exp\u00e9rimentations autour du corps f\u00e9minin qui feront de lui un photographe recherch\u00e9.<\/p>\n","protected":false},"excerpt":{"rendered":"<p>Catalogue de l&#8217;exposition. Entre 1936, ann\u00e9e de son installation \u00e0 Paris, et 1946, ann\u00e9e de l&#8217;obtention de la nationalit\u00e9 am\u00e9ricaine, Erwin Blumenfeld voit son destin, tant artistique que personnel, boulevers\u00e9. Sa plong\u00e9e dans l&#8217;effervescence de la capitale et l&#8217;univers de la mode est brutalement interrompue par la d\u00e9faite de 1940. Il conna\u00eet l&#8217;errance, l&#8217;internement dans [&hellip;]<\/p>\n","protected":false},"featured_media":15929,"template":"","meta":[],"product_cat":[55,2948,2958,17],"product_tag":[],"acf":[],"yoast_head":"<!-- This site is optimized with the Yoast SEO plugin v20.11 - https:\/\/yoast.com\/wordpress\/plugins\/seo\/ -->\n<title>LES TRIBULATIONS D&#039;ERWIN BLUMENFELD, 1936-1946 - Librairie 7L<\/title>\n<meta name=\"robots\" content=\"index, follow, max-snippet:-1, max-image-preview:large, max-video-preview:-1\" \/>\n<link rel=\"canonical\" href=\"https:\/\/librairie7l.com\/en\/produit\/les-tribulations-derwin-blumenfeld-1936-1946\/\" \/>\n<meta property=\"og:locale\" content=\"en_US\" \/>\n<meta property=\"og:type\" content=\"article\" \/>\n<meta property=\"og:title\" content=\"LES TRIBULATIONS D&#039;ERWIN BLUMENFELD, 1936-1946 - Librairie 7L\" \/>\n<meta property=\"og:description\" content=\"Catalogue de l&#8217;exposition. Entre 1936, ann\u00e9e de son installation \u00e0 Paris, et 1946, ann\u00e9e de l&#8217;obtention de la nationalit\u00e9 am\u00e9ricaine, Erwin Blumenfeld voit son destin, tant artistique que personnel, boulevers\u00e9. Sa plong\u00e9e dans l&#8217;effervescence de la capitale et l&#8217;univers de la mode est brutalement interrompue par la d\u00e9faite de 1940. Il conna\u00eet l&#8217;errance, l&#8217;internement dans [&hellip;]\" \/>\n<meta property=\"og:url\" content=\"https:\/\/librairie7l.com\/en\/produit\/les-tribulations-derwin-blumenfeld-1936-1946\/\" \/>\n<meta property=\"og:site_name\" content=\"Librairie 7L\" \/>\n<meta property=\"article:modified_time\" content=\"2026-04-18T11:39:38+00:00\" \/>\n<meta property=\"og:image\" content=\"https:\/\/librairie7l.com\/wp-content\/uploads\/2022\/10\/9782711878802_1_75.jpg\" \/>\n\t<meta property=\"og:image:width\" content=\"600\" \/>\n\t<meta property=\"og:image:height\" content=\"754\" \/>\n\t<meta property=\"og:image:type\" content=\"image\/jpeg\" \/>\n<meta name=\"twitter:card\" content=\"summary_large_image\" \/>\n<meta name=\"twitter:label1\" content=\"Est. reading time\" \/>\n\t<meta name=\"twitter:data1\" content=\"2 minutes\" \/>\n<script type=\"application\/ld+json\" class=\"yoast-schema-graph\">{\"@context\":\"https:\/\/schema.org\",\"@graph\":[{\"@type\":\"WebPage\",\"@id\":\"https:\/\/librairie7l.com\/en\/produit\/les-tribulations-derwin-blumenfeld-1936-1946\/\",\"url\":\"https:\/\/librairie7l.com\/en\/produit\/les-tribulations-derwin-blumenfeld-1936-1946\/\",\"name\":\"LES TRIBULATIONS D'ERWIN BLUMENFELD, 1936-1946 - Librairie 7L\",\"isPartOf\":{\"@id\":\"https:\/\/librairie7l.com\/en\/#website\"},\"datePublished\":\"2023-05-09T15:10:00+00:00\",\"dateModified\":\"2026-04-18T11:39:38+00:00\",\"breadcrumb\":{\"@id\":\"https:\/\/librairie7l.com\/en\/produit\/les-tribulations-derwin-blumenfeld-1936-1946\/#breadcrumb\"},\"inLanguage\":\"en-US\",\"potentialAction\":[{\"@type\":\"ReadAction\",\"target\":[\"https:\/\/librairie7l.com\/en\/produit\/les-tribulations-derwin-blumenfeld-1936-1946\/\"]}]},{\"@type\":\"BreadcrumbList\",\"@id\":\"https:\/\/librairie7l.com\/en\/produit\/les-tribulations-derwin-blumenfeld-1936-1946\/#breadcrumb\",\"itemListElement\":[{\"@type\":\"ListItem\",\"position\":1,\"name\":\"Accueil\",\"item\":\"https:\/\/librairie7l.com\/en\/\"},{\"@type\":\"ListItem\",\"position\":2,\"name\":\"Shop\",\"item\":\"https:\/\/librairie7l.com\/en\/shop\/\"},{\"@type\":\"ListItem\",\"position\":3,\"name\":\"LES TRIBULATIONS D&#8217;ERWIN BLUMENFELD, 1936-1946\"}]},{\"@type\":\"WebSite\",\"@id\":\"https:\/\/librairie7l.com\/en\/#website\",\"url\":\"https:\/\/librairie7l.com\/en\/\",\"name\":\"Librairie 7L\",\"description\":\"Librairie fond\u00e9e en 1999 par Karl Lagerfeld \u00e0 Paris\",\"publisher\":{\"@id\":\"https:\/\/librairie7l.com\/en\/#organization\"},\"potentialAction\":[{\"@type\":\"SearchAction\",\"target\":{\"@type\":\"EntryPoint\",\"urlTemplate\":\"https:\/\/librairie7l.com\/en\/?s={search_term_string}\"},\"query-input\":\"required name=search_term_string\"}],\"inLanguage\":\"en-US\"},{\"@type\":\"Organization\",\"@id\":\"https:\/\/librairie7l.com\/en\/#organization\",\"name\":\"Librairie 7L\",\"url\":\"https:\/\/librairie7l.com\/en\/\",\"logo\":{\"@type\":\"ImageObject\",\"inLanguage\":\"en-US\",\"@id\":\"https:\/\/librairie7l.com\/en\/#\/schema\/logo\/image\/\",\"url\":\"https:\/\/librairie7l.com\/wp-content\/uploads\/2022\/08\/logo-1.png\",\"contentUrl\":\"https:\/\/librairie7l.com\/wp-content\/uploads\/2022\/08\/logo-1.png\",\"width\":227,\"height\":301,\"caption\":\"Librairie 7L\"},\"image\":{\"@id\":\"https:\/\/librairie7l.com\/en\/#\/schema\/logo\/image\/\"}}]}<\/script>\n<!-- \/ Yoast SEO plugin. -->","yoast_head_json":{"title":"LES TRIBULATIONS D'ERWIN BLUMENFELD, 1936-1946 - Librairie 7L","robots":{"index":"index","follow":"follow","max-snippet":"max-snippet:-1","max-image-preview":"max-image-preview:large","max-video-preview":"max-video-preview:-1"},"canonical":"https:\/\/librairie7l.com\/en\/produit\/les-tribulations-derwin-blumenfeld-1936-1946\/","og_locale":"en_US","og_type":"article","og_title":"LES TRIBULATIONS D'ERWIN BLUMENFELD, 1936-1946 - Librairie 7L","og_description":"Catalogue de l&#8217;exposition. Entre 1936, ann\u00e9e de son installation \u00e0 Paris, et 1946, ann\u00e9e de l&#8217;obtention de la nationalit\u00e9 am\u00e9ricaine, Erwin Blumenfeld voit son destin, tant artistique que personnel, boulevers\u00e9. Sa plong\u00e9e dans l&#8217;effervescence de la capitale et l&#8217;univers de la mode est brutalement interrompue par la d\u00e9faite de 1940. Il conna\u00eet l&#8217;errance, l&#8217;internement dans [&hellip;]","og_url":"https:\/\/librairie7l.com\/en\/produit\/les-tribulations-derwin-blumenfeld-1936-1946\/","og_site_name":"Librairie 7L","article_modified_time":"2026-04-18T11:39:38+00:00","og_image":[{"width":600,"height":754,"url":"https:\/\/librairie7l.com\/wp-content\/uploads\/2022\/10\/9782711878802_1_75.jpg","type":"image\/jpeg"}],"twitter_card":"summary_large_image","twitter_misc":{"Est. reading time":"2 minutes"},"schema":{"@context":"https:\/\/schema.org","@graph":[{"@type":"WebPage","@id":"https:\/\/librairie7l.com\/en\/produit\/les-tribulations-derwin-blumenfeld-1936-1946\/","url":"https:\/\/librairie7l.com\/en\/produit\/les-tribulations-derwin-blumenfeld-1936-1946\/","name":"LES TRIBULATIONS D'ERWIN BLUMENFELD, 1936-1946 - Librairie 7L","isPartOf":{"@id":"https:\/\/librairie7l.com\/en\/#website"},"datePublished":"2023-05-09T15:10:00+00:00","dateModified":"2026-04-18T11:39:38+00:00","breadcrumb":{"@id":"https:\/\/librairie7l.com\/en\/produit\/les-tribulations-derwin-blumenfeld-1936-1946\/#breadcrumb"},"inLanguage":"en-US","potentialAction":[{"@type":"ReadAction","target":["https:\/\/librairie7l.com\/en\/produit\/les-tribulations-derwin-blumenfeld-1936-1946\/"]}]},{"@type":"BreadcrumbList","@id":"https:\/\/librairie7l.com\/en\/produit\/les-tribulations-derwin-blumenfeld-1936-1946\/#breadcrumb","itemListElement":[{"@type":"ListItem","position":1,"name":"Accueil","item":"https:\/\/librairie7l.com\/en\/"},{"@type":"ListItem","position":2,"name":"Shop","item":"https:\/\/librairie7l.com\/en\/shop\/"},{"@type":"ListItem","position":3,"name":"LES TRIBULATIONS D&#8217;ERWIN BLUMENFELD, 1936-1946"}]},{"@type":"WebSite","@id":"https:\/\/librairie7l.com\/en\/#website","url":"https:\/\/librairie7l.com\/en\/","name":"Librairie 7L","description":"Librairie fond\u00e9e en 1999 par Karl Lagerfeld \u00e0 Paris","publisher":{"@id":"https:\/\/librairie7l.com\/en\/#organization"},"potentialAction":[{"@type":"SearchAction","target":{"@type":"EntryPoint","urlTemplate":"https:\/\/librairie7l.com\/en\/?s={search_term_string}"},"query-input":"required name=search_term_string"}],"inLanguage":"en-US"},{"@type":"Organization","@id":"https:\/\/librairie7l.com\/en\/#organization","name":"Librairie 7L","url":"https:\/\/librairie7l.com\/en\/","logo":{"@type":"ImageObject","inLanguage":"en-US","@id":"https:\/\/librairie7l.com\/en\/#\/schema\/logo\/image\/","url":"https:\/\/librairie7l.com\/wp-content\/uploads\/2022\/08\/logo-1.png","contentUrl":"https:\/\/librairie7l.com\/wp-content\/uploads\/2022\/08\/logo-1.png","width":227,"height":301,"caption":"Librairie 7L"},"image":{"@id":"https:\/\/librairie7l.com\/en\/#\/schema\/logo\/image\/"}}]}},"_links":{"self":[{"href":"https:\/\/librairie7l.com\/en\/wp-json\/wp\/v2\/product\/15931"}],"collection":[{"href":"https:\/\/librairie7l.com\/en\/wp-json\/wp\/v2\/product"}],"about":[{"href":"https:\/\/librairie7l.com\/en\/wp-json\/wp\/v2\/types\/product"}],"wp:featuredmedia":[{"embeddable":true,"href":"https:\/\/librairie7l.com\/en\/wp-json\/wp\/v2\/media\/15929"}],"wp:attachment":[{"href":"https:\/\/librairie7l.com\/en\/wp-json\/wp\/v2\/media?parent=15931"}],"wp:term":[{"taxonomy":"product_cat","embeddable":true,"href":"https:\/\/librairie7l.com\/en\/wp-json\/wp\/v2\/product_cat?post=15931"},{"taxonomy":"product_tag","embeddable":true,"href":"https:\/\/librairie7l.com\/en\/wp-json\/wp\/v2\/product_tag?post=15931"}],"curies":[{"name":"wp","href":"https:\/\/api.w.org\/{rel}","templated":true}]}}