{"id":15935,"date":"2023-05-09T17:10:04","date_gmt":"2023-05-09T15:10:04","guid":{"rendered":"https:\/\/librairie7l.com\/?post_type=product&#038;p=15935"},"modified":"2026-04-17T03:06:28","modified_gmt":"2026-04-17T01:06:28","slug":"surrealisme-au-feminin","status":"publish","type":"product","link":"https:\/\/librairie7l.com\/en\/produit\/surrealisme-au-feminin\/","title":{"rendered":"SURR\u00c9ALISME AU F\u00c9MININ ?"},"content":{"rendered":"<p>Mouvement provocateur et dynamique, le Surr\u00e9alisme d\u00e9clenche au 20\u00e8me si\u00e8cle un renouvellement esth\u00e9tique et \u00e9thique. Les hommes ne sont pas les seuls \u00e0 avoir rendu vivants ce courant et ses transgressions : de nombreuses femmes en furent des actrices majeures mais n\u00e9anmoins m\u00e9sestim\u00e9es par les mus\u00e9es et minor\u00e9es par le march\u00e9 de l&#8217;art.<br \/>\nLe Surr\u00e9alisme offrit \u00e0 celles-ci un cadre d&#8217;expression et de cr\u00e9ativit\u00e9 qui n&#8217;eut sans doute pas d&#8217;\u00e9quivalent dans les autres mouvements d&#8217;avant-garde. Pourtant, c&#8217;est souvent en s&#8217;appropriant et en \u00e9tendant des th\u00e8mes initi\u00e9s par les \u00ab leaders \u00bb du mouvement qu&#8217;elles exprim\u00e8rent leur libert\u00e9. C&#8217;est aussi en se d\u00e9gageant de ce qui devint parfois une doxa surr\u00e9aliste qu&#8217;elles s&#8217;affirm\u00e8rent. \u00ab Tout contre \u00bb le Surr\u00e9alisme, c&#8217;est ainsi que l&#8217;on pourrait d\u00e9finir leurs positions diversifi\u00e9es et complexes \u00e0 l&#8217;\u00e9gard du mouvement.<br \/>\nDes ann\u00e9es trente aux ann\u00e9es soixante-dix, le surr\u00e9alisme f\u00e9minin forme des constellations \u00e9ph\u00e9m\u00e8res, au gr\u00e9 de ralliements au mouvement souvent temporaires mais aussi d&#8217;amiti\u00e9s qui se nouent hors de ce cadre. L&#8217;imaginaire de ces artistes n&#8217;est pas align\u00e9 sur celui des figures masculines du mouvement. Leurs pratiques, fr\u00e9quemment interdisciplinaires &#8211; picturales, photographiques, sculpturales, cin\u00e9matographiques, litt\u00e9raires&#8230; &#8211; expriment leur volont\u00e9 d&#8217;\u00e9chapp\u00e9es belles au-del\u00e0 des normes h\u00e9t\u00e9rosexuelles et des fronti\u00e8res g\u00e9ographiques.<br \/>\nC&#8217;est une cartographie d&#8217;un mouvement \u00e9clat\u00e9 et mondialis\u00e9 que l&#8217;exposition esquisse en \u00e9voquant les foyers belge, mexicain, britannique, am\u00e9ricain, praguois et fran\u00e7ais du Surr\u00e9alisme que ces femmes ont enrichis, passant parfois de l&#8217;un \u00e0 l&#8217;autre.<\/p>\n","protected":false},"excerpt":{"rendered":"<p>Mouvement provocateur et dynamique, le Surr\u00e9alisme d\u00e9clenche au 20\u00e8me si\u00e8cle un renouvellement esth\u00e9tique et \u00e9thique. Les hommes ne sont pas les seuls \u00e0 avoir rendu vivants ce courant et ses transgressions : de nombreuses femmes en furent des actrices majeures mais n\u00e9anmoins m\u00e9sestim\u00e9es par les mus\u00e9es et minor\u00e9es par le march\u00e9 de l&#8217;art. Le Surr\u00e9alisme [&hellip;]<\/p>\n","protected":false},"featured_media":15933,"template":"","meta":[],"product_cat":[55,2948,47,2953],"product_tag":[],"acf":[],"yoast_head":"<!-- This site is optimized with the Yoast SEO plugin v20.11 - https:\/\/yoast.com\/wordpress\/plugins\/seo\/ -->\n<title>SURR\u00c9ALISME AU F\u00c9MININ ? - Librairie 7L<\/title>\n<meta name=\"robots\" content=\"index, follow, max-snippet:-1, max-image-preview:large, max-video-preview:-1\" \/>\n<link rel=\"canonical\" href=\"https:\/\/librairie7l.com\/en\/produit\/surrealisme-au-feminin\/\" \/>\n<meta property=\"og:locale\" content=\"en_US\" \/>\n<meta property=\"og:type\" content=\"article\" \/>\n<meta property=\"og:title\" content=\"SURR\u00c9ALISME AU F\u00c9MININ ? - Librairie 7L\" \/>\n<meta property=\"og:description\" content=\"Mouvement provocateur et dynamique, le Surr\u00e9alisme d\u00e9clenche au 20\u00e8me si\u00e8cle un renouvellement esth\u00e9tique et \u00e9thique. Les hommes ne sont pas les seuls \u00e0 avoir rendu vivants ce courant et ses transgressions : de nombreuses femmes en furent des actrices majeures mais n\u00e9anmoins m\u00e9sestim\u00e9es par les mus\u00e9es et minor\u00e9es par le march\u00e9 de l&#8217;art. Le Surr\u00e9alisme [&hellip;]\" \/>\n<meta property=\"og:url\" content=\"https:\/\/librairie7l.com\/en\/produit\/surrealisme-au-feminin\/\" \/>\n<meta property=\"og:site_name\" content=\"Librairie 7L\" \/>\n<meta property=\"article:modified_time\" content=\"2026-04-17T01:06:28+00:00\" \/>\n<meta property=\"og:image\" content=\"https:\/\/librairie7l.com\/wp-content\/uploads\/2023\/04\/9782382031162_1_75.jpg\" \/>\n\t<meta property=\"og:image:width\" content=\"600\" \/>\n\t<meta property=\"og:image:height\" content=\"823\" \/>\n\t<meta property=\"og:image:type\" content=\"image\/jpeg\" \/>\n<meta name=\"twitter:card\" content=\"summary_large_image\" \/>\n<meta name=\"twitter:label1\" content=\"Est. reading time\" \/>\n\t<meta name=\"twitter:data1\" content=\"1 minute\" \/>\n<script type=\"application\/ld+json\" class=\"yoast-schema-graph\">{\"@context\":\"https:\/\/schema.org\",\"@graph\":[{\"@type\":\"WebPage\",\"@id\":\"https:\/\/librairie7l.com\/en\/produit\/surrealisme-au-feminin\/\",\"url\":\"https:\/\/librairie7l.com\/en\/produit\/surrealisme-au-feminin\/\",\"name\":\"SURR\u00c9ALISME AU F\u00c9MININ ? - Librairie 7L\",\"isPartOf\":{\"@id\":\"https:\/\/librairie7l.com\/en\/#website\"},\"datePublished\":\"2023-05-09T15:10:04+00:00\",\"dateModified\":\"2026-04-17T01:06:28+00:00\",\"breadcrumb\":{\"@id\":\"https:\/\/librairie7l.com\/en\/produit\/surrealisme-au-feminin\/#breadcrumb\"},\"inLanguage\":\"en-US\",\"potentialAction\":[{\"@type\":\"ReadAction\",\"target\":[\"https:\/\/librairie7l.com\/en\/produit\/surrealisme-au-feminin\/\"]}]},{\"@type\":\"BreadcrumbList\",\"@id\":\"https:\/\/librairie7l.com\/en\/produit\/surrealisme-au-feminin\/#breadcrumb\",\"itemListElement\":[{\"@type\":\"ListItem\",\"position\":1,\"name\":\"Accueil\",\"item\":\"https:\/\/librairie7l.com\/en\/\"},{\"@type\":\"ListItem\",\"position\":2,\"name\":\"Shop\",\"item\":\"https:\/\/librairie7l.com\/en\/shop\/\"},{\"@type\":\"ListItem\",\"position\":3,\"name\":\"SURR\u00c9ALISME AU F\u00c9MININ ?\"}]},{\"@type\":\"WebSite\",\"@id\":\"https:\/\/librairie7l.com\/en\/#website\",\"url\":\"https:\/\/librairie7l.com\/en\/\",\"name\":\"Librairie 7L\",\"description\":\"Librairie fond\u00e9e en 1999 par Karl Lagerfeld \u00e0 Paris\",\"publisher\":{\"@id\":\"https:\/\/librairie7l.com\/en\/#organization\"},\"potentialAction\":[{\"@type\":\"SearchAction\",\"target\":{\"@type\":\"EntryPoint\",\"urlTemplate\":\"https:\/\/librairie7l.com\/en\/?s={search_term_string}\"},\"query-input\":\"required name=search_term_string\"}],\"inLanguage\":\"en-US\"},{\"@type\":\"Organization\",\"@id\":\"https:\/\/librairie7l.com\/en\/#organization\",\"name\":\"Librairie 7L\",\"url\":\"https:\/\/librairie7l.com\/en\/\",\"logo\":{\"@type\":\"ImageObject\",\"inLanguage\":\"en-US\",\"@id\":\"https:\/\/librairie7l.com\/en\/#\/schema\/logo\/image\/\",\"url\":\"https:\/\/librairie7l.com\/wp-content\/uploads\/2022\/08\/logo-1.png\",\"contentUrl\":\"https:\/\/librairie7l.com\/wp-content\/uploads\/2022\/08\/logo-1.png\",\"width\":227,\"height\":301,\"caption\":\"Librairie 7L\"},\"image\":{\"@id\":\"https:\/\/librairie7l.com\/en\/#\/schema\/logo\/image\/\"}}]}<\/script>\n<!-- \/ Yoast SEO plugin. -->","yoast_head_json":{"title":"SURR\u00c9ALISME AU F\u00c9MININ ? - Librairie 7L","robots":{"index":"index","follow":"follow","max-snippet":"max-snippet:-1","max-image-preview":"max-image-preview:large","max-video-preview":"max-video-preview:-1"},"canonical":"https:\/\/librairie7l.com\/en\/produit\/surrealisme-au-feminin\/","og_locale":"en_US","og_type":"article","og_title":"SURR\u00c9ALISME AU F\u00c9MININ ? - Librairie 7L","og_description":"Mouvement provocateur et dynamique, le Surr\u00e9alisme d\u00e9clenche au 20\u00e8me si\u00e8cle un renouvellement esth\u00e9tique et \u00e9thique. Les hommes ne sont pas les seuls \u00e0 avoir rendu vivants ce courant et ses transgressions : de nombreuses femmes en furent des actrices majeures mais n\u00e9anmoins m\u00e9sestim\u00e9es par les mus\u00e9es et minor\u00e9es par le march\u00e9 de l&#8217;art. Le Surr\u00e9alisme [&hellip;]","og_url":"https:\/\/librairie7l.com\/en\/produit\/surrealisme-au-feminin\/","og_site_name":"Librairie 7L","article_modified_time":"2026-04-17T01:06:28+00:00","og_image":[{"width":600,"height":823,"url":"https:\/\/librairie7l.com\/wp-content\/uploads\/2023\/04\/9782382031162_1_75.jpg","type":"image\/jpeg"}],"twitter_card":"summary_large_image","twitter_misc":{"Est. reading time":"1 minute"},"schema":{"@context":"https:\/\/schema.org","@graph":[{"@type":"WebPage","@id":"https:\/\/librairie7l.com\/en\/produit\/surrealisme-au-feminin\/","url":"https:\/\/librairie7l.com\/en\/produit\/surrealisme-au-feminin\/","name":"SURR\u00c9ALISME AU F\u00c9MININ ? - Librairie 7L","isPartOf":{"@id":"https:\/\/librairie7l.com\/en\/#website"},"datePublished":"2023-05-09T15:10:04+00:00","dateModified":"2026-04-17T01:06:28+00:00","breadcrumb":{"@id":"https:\/\/librairie7l.com\/en\/produit\/surrealisme-au-feminin\/#breadcrumb"},"inLanguage":"en-US","potentialAction":[{"@type":"ReadAction","target":["https:\/\/librairie7l.com\/en\/produit\/surrealisme-au-feminin\/"]}]},{"@type":"BreadcrumbList","@id":"https:\/\/librairie7l.com\/en\/produit\/surrealisme-au-feminin\/#breadcrumb","itemListElement":[{"@type":"ListItem","position":1,"name":"Accueil","item":"https:\/\/librairie7l.com\/en\/"},{"@type":"ListItem","position":2,"name":"Shop","item":"https:\/\/librairie7l.com\/en\/shop\/"},{"@type":"ListItem","position":3,"name":"SURR\u00c9ALISME AU F\u00c9MININ ?"}]},{"@type":"WebSite","@id":"https:\/\/librairie7l.com\/en\/#website","url":"https:\/\/librairie7l.com\/en\/","name":"Librairie 7L","description":"Librairie fond\u00e9e en 1999 par Karl Lagerfeld \u00e0 Paris","publisher":{"@id":"https:\/\/librairie7l.com\/en\/#organization"},"potentialAction":[{"@type":"SearchAction","target":{"@type":"EntryPoint","urlTemplate":"https:\/\/librairie7l.com\/en\/?s={search_term_string}"},"query-input":"required name=search_term_string"}],"inLanguage":"en-US"},{"@type":"Organization","@id":"https:\/\/librairie7l.com\/en\/#organization","name":"Librairie 7L","url":"https:\/\/librairie7l.com\/en\/","logo":{"@type":"ImageObject","inLanguage":"en-US","@id":"https:\/\/librairie7l.com\/en\/#\/schema\/logo\/image\/","url":"https:\/\/librairie7l.com\/wp-content\/uploads\/2022\/08\/logo-1.png","contentUrl":"https:\/\/librairie7l.com\/wp-content\/uploads\/2022\/08\/logo-1.png","width":227,"height":301,"caption":"Librairie 7L"},"image":{"@id":"https:\/\/librairie7l.com\/en\/#\/schema\/logo\/image\/"}}]}},"_links":{"self":[{"href":"https:\/\/librairie7l.com\/en\/wp-json\/wp\/v2\/product\/15935"}],"collection":[{"href":"https:\/\/librairie7l.com\/en\/wp-json\/wp\/v2\/product"}],"about":[{"href":"https:\/\/librairie7l.com\/en\/wp-json\/wp\/v2\/types\/product"}],"wp:featuredmedia":[{"embeddable":true,"href":"https:\/\/librairie7l.com\/en\/wp-json\/wp\/v2\/media\/15933"}],"wp:attachment":[{"href":"https:\/\/librairie7l.com\/en\/wp-json\/wp\/v2\/media?parent=15935"}],"wp:term":[{"taxonomy":"product_cat","embeddable":true,"href":"https:\/\/librairie7l.com\/en\/wp-json\/wp\/v2\/product_cat?post=15935"},{"taxonomy":"product_tag","embeddable":true,"href":"https:\/\/librairie7l.com\/en\/wp-json\/wp\/v2\/product_tag?post=15935"}],"curies":[{"name":"wp","href":"https:\/\/api.w.org\/{rel}","templated":true}]}}