{"id":15939,"date":"2023-05-09T17:10:07","date_gmt":"2023-05-09T15:10:07","guid":{"rendered":"https:\/\/librairie7l.com\/?post_type=product&#038;p=15939"},"modified":"2026-04-14T00:07:01","modified_gmt":"2026-04-13T22:07:01","slug":"interieurs-japonais","status":"publish","type":"product","link":"https:\/\/librairie7l.com\/en\/produit\/interieurs-japonais\/","title":{"rendered":"INT\u00c9RIEURS JAPONAIS"},"content":{"rendered":"<p>Le regard d&#8217;une initi\u00e9e sur les maisons individuelles japonaises, leur diversit\u00e9 et leur \u00e9volution \u00e0 travers les \u00e9poques.<\/p>\n<p>Connaisseuse avertie de l&#8217;art et de l&#8217;artisanat mis en oeuvre dans les int\u00e9rieurs japonais, l&#8217;autrice Mihoko Iida offre un regard expert sur les am\u00e9nagements des maisons individuelles de son pays. \u00c0 travers 28 r\u00e9sidences d&#8217;exception, r\u00e9parties dans plusieurs r\u00e9gions du Japon, des appartements urbains aux chalets de montagne et aux villas de bord de mer, ce livre pr\u00e9sente des int\u00e9rieurs minimalistes, des espaces de vie et de travail fonctionnels, mais aussi des demeures traditionnelles. Au fil des pages, Mihoko Iida rappelle \u00e0 quel point le fait d&#8217;int\u00e9grer le paysage naturel dans les int\u00e9rieurs fait partie de la philosophie japonaise. Elle d\u00e9crit \u00e9galement les influences et les tendances qui sous-tendent l&#8217;\u00e9volution de l&#8217;architecture int\u00e9rieure au Japon.<\/p>\n","protected":false},"excerpt":{"rendered":"<p>Le regard d&#8217;une initi\u00e9e sur les maisons individuelles japonaises, leur diversit\u00e9 et leur \u00e9volution \u00e0 travers les \u00e9poques. Connaisseuse avertie de l&#8217;art et de l&#8217;artisanat mis en oeuvre dans les int\u00e9rieurs japonais, l&#8217;autrice Mihoko Iida offre un regard expert sur les am\u00e9nagements des maisons individuelles de son pays. \u00c0 travers 28 r\u00e9sidences d&#8217;exception, r\u00e9parties dans [&hellip;]<\/p>\n","protected":false},"featured_media":15937,"template":"","meta":[],"product_cat":[55,2948,46,2951],"product_tag":[],"acf":[],"yoast_head":"<!-- This site is optimized with the Yoast SEO plugin v20.11 - https:\/\/yoast.com\/wordpress\/plugins\/seo\/ -->\n<title>INT\u00c9RIEURS JAPONAIS - Librairie 7L<\/title>\n<meta name=\"robots\" content=\"index, follow, max-snippet:-1, max-image-preview:large, max-video-preview:-1\" \/>\n<link rel=\"canonical\" href=\"https:\/\/librairie7l.com\/en\/produit\/interieurs-japonais\/\" \/>\n<meta property=\"og:locale\" content=\"en_US\" \/>\n<meta property=\"og:type\" content=\"article\" \/>\n<meta property=\"og:title\" content=\"INT\u00c9RIEURS JAPONAIS - Librairie 7L\" \/>\n<meta property=\"og:description\" content=\"Le regard d&#8217;une initi\u00e9e sur les maisons individuelles japonaises, leur diversit\u00e9 et leur \u00e9volution \u00e0 travers les \u00e9poques. Connaisseuse avertie de l&#8217;art et de l&#8217;artisanat mis en oeuvre dans les int\u00e9rieurs japonais, l&#8217;autrice Mihoko Iida offre un regard expert sur les am\u00e9nagements des maisons individuelles de son pays. \u00c0 travers 28 r\u00e9sidences d&#8217;exception, r\u00e9parties dans [&hellip;]\" \/>\n<meta property=\"og:url\" content=\"https:\/\/librairie7l.com\/en\/produit\/interieurs-japonais\/\" \/>\n<meta property=\"og:site_name\" content=\"Librairie 7L\" \/>\n<meta property=\"article:modified_time\" content=\"2026-04-13T22:07:01+00:00\" \/>\n<meta property=\"og:image\" content=\"https:\/\/librairie7l.com\/wp-content\/uploads\/2022\/10\/9781838665807_1_75.jpg\" \/>\n\t<meta property=\"og:image:width\" content=\"600\" \/>\n\t<meta property=\"og:image:height\" content=\"800\" \/>\n\t<meta property=\"og:image:type\" content=\"image\/jpeg\" \/>\n<meta name=\"twitter:card\" content=\"summary_large_image\" \/>\n<meta name=\"twitter:label1\" content=\"Est. reading time\" \/>\n\t<meta name=\"twitter:data1\" content=\"1 minute\" \/>\n<script type=\"application\/ld+json\" class=\"yoast-schema-graph\">{\"@context\":\"https:\/\/schema.org\",\"@graph\":[{\"@type\":\"WebPage\",\"@id\":\"https:\/\/librairie7l.com\/en\/produit\/interieurs-japonais\/\",\"url\":\"https:\/\/librairie7l.com\/en\/produit\/interieurs-japonais\/\",\"name\":\"INT\u00c9RIEURS JAPONAIS - Librairie 7L\",\"isPartOf\":{\"@id\":\"https:\/\/librairie7l.com\/en\/#website\"},\"datePublished\":\"2023-05-09T15:10:07+00:00\",\"dateModified\":\"2026-04-13T22:07:01+00:00\",\"breadcrumb\":{\"@id\":\"https:\/\/librairie7l.com\/en\/produit\/interieurs-japonais\/#breadcrumb\"},\"inLanguage\":\"en-US\",\"potentialAction\":[{\"@type\":\"ReadAction\",\"target\":[\"https:\/\/librairie7l.com\/en\/produit\/interieurs-japonais\/\"]}]},{\"@type\":\"BreadcrumbList\",\"@id\":\"https:\/\/librairie7l.com\/en\/produit\/interieurs-japonais\/#breadcrumb\",\"itemListElement\":[{\"@type\":\"ListItem\",\"position\":1,\"name\":\"Accueil\",\"item\":\"https:\/\/librairie7l.com\/en\/\"},{\"@type\":\"ListItem\",\"position\":2,\"name\":\"Shop\",\"item\":\"https:\/\/librairie7l.com\/en\/shop\/\"},{\"@type\":\"ListItem\",\"position\":3,\"name\":\"INT\u00c9RIEURS JAPONAIS\"}]},{\"@type\":\"WebSite\",\"@id\":\"https:\/\/librairie7l.com\/en\/#website\",\"url\":\"https:\/\/librairie7l.com\/en\/\",\"name\":\"Librairie 7L\",\"description\":\"Librairie fond\u00e9e en 1999 par Karl Lagerfeld \u00e0 Paris\",\"publisher\":{\"@id\":\"https:\/\/librairie7l.com\/en\/#organization\"},\"potentialAction\":[{\"@type\":\"SearchAction\",\"target\":{\"@type\":\"EntryPoint\",\"urlTemplate\":\"https:\/\/librairie7l.com\/en\/?s={search_term_string}\"},\"query-input\":\"required name=search_term_string\"}],\"inLanguage\":\"en-US\"},{\"@type\":\"Organization\",\"@id\":\"https:\/\/librairie7l.com\/en\/#organization\",\"name\":\"Librairie 7L\",\"url\":\"https:\/\/librairie7l.com\/en\/\",\"logo\":{\"@type\":\"ImageObject\",\"inLanguage\":\"en-US\",\"@id\":\"https:\/\/librairie7l.com\/en\/#\/schema\/logo\/image\/\",\"url\":\"https:\/\/librairie7l.com\/wp-content\/uploads\/2022\/08\/logo-1.png\",\"contentUrl\":\"https:\/\/librairie7l.com\/wp-content\/uploads\/2022\/08\/logo-1.png\",\"width\":227,\"height\":301,\"caption\":\"Librairie 7L\"},\"image\":{\"@id\":\"https:\/\/librairie7l.com\/en\/#\/schema\/logo\/image\/\"}}]}<\/script>\n<!-- \/ Yoast SEO plugin. -->","yoast_head_json":{"title":"INT\u00c9RIEURS JAPONAIS - Librairie 7L","robots":{"index":"index","follow":"follow","max-snippet":"max-snippet:-1","max-image-preview":"max-image-preview:large","max-video-preview":"max-video-preview:-1"},"canonical":"https:\/\/librairie7l.com\/en\/produit\/interieurs-japonais\/","og_locale":"en_US","og_type":"article","og_title":"INT\u00c9RIEURS JAPONAIS - Librairie 7L","og_description":"Le regard d&#8217;une initi\u00e9e sur les maisons individuelles japonaises, leur diversit\u00e9 et leur \u00e9volution \u00e0 travers les \u00e9poques. Connaisseuse avertie de l&#8217;art et de l&#8217;artisanat mis en oeuvre dans les int\u00e9rieurs japonais, l&#8217;autrice Mihoko Iida offre un regard expert sur les am\u00e9nagements des maisons individuelles de son pays. \u00c0 travers 28 r\u00e9sidences d&#8217;exception, r\u00e9parties dans [&hellip;]","og_url":"https:\/\/librairie7l.com\/en\/produit\/interieurs-japonais\/","og_site_name":"Librairie 7L","article_modified_time":"2026-04-13T22:07:01+00:00","og_image":[{"width":600,"height":800,"url":"https:\/\/librairie7l.com\/wp-content\/uploads\/2022\/10\/9781838665807_1_75.jpg","type":"image\/jpeg"}],"twitter_card":"summary_large_image","twitter_misc":{"Est. reading time":"1 minute"},"schema":{"@context":"https:\/\/schema.org","@graph":[{"@type":"WebPage","@id":"https:\/\/librairie7l.com\/en\/produit\/interieurs-japonais\/","url":"https:\/\/librairie7l.com\/en\/produit\/interieurs-japonais\/","name":"INT\u00c9RIEURS JAPONAIS - Librairie 7L","isPartOf":{"@id":"https:\/\/librairie7l.com\/en\/#website"},"datePublished":"2023-05-09T15:10:07+00:00","dateModified":"2026-04-13T22:07:01+00:00","breadcrumb":{"@id":"https:\/\/librairie7l.com\/en\/produit\/interieurs-japonais\/#breadcrumb"},"inLanguage":"en-US","potentialAction":[{"@type":"ReadAction","target":["https:\/\/librairie7l.com\/en\/produit\/interieurs-japonais\/"]}]},{"@type":"BreadcrumbList","@id":"https:\/\/librairie7l.com\/en\/produit\/interieurs-japonais\/#breadcrumb","itemListElement":[{"@type":"ListItem","position":1,"name":"Accueil","item":"https:\/\/librairie7l.com\/en\/"},{"@type":"ListItem","position":2,"name":"Shop","item":"https:\/\/librairie7l.com\/en\/shop\/"},{"@type":"ListItem","position":3,"name":"INT\u00c9RIEURS JAPONAIS"}]},{"@type":"WebSite","@id":"https:\/\/librairie7l.com\/en\/#website","url":"https:\/\/librairie7l.com\/en\/","name":"Librairie 7L","description":"Librairie fond\u00e9e en 1999 par Karl Lagerfeld \u00e0 Paris","publisher":{"@id":"https:\/\/librairie7l.com\/en\/#organization"},"potentialAction":[{"@type":"SearchAction","target":{"@type":"EntryPoint","urlTemplate":"https:\/\/librairie7l.com\/en\/?s={search_term_string}"},"query-input":"required name=search_term_string"}],"inLanguage":"en-US"},{"@type":"Organization","@id":"https:\/\/librairie7l.com\/en\/#organization","name":"Librairie 7L","url":"https:\/\/librairie7l.com\/en\/","logo":{"@type":"ImageObject","inLanguage":"en-US","@id":"https:\/\/librairie7l.com\/en\/#\/schema\/logo\/image\/","url":"https:\/\/librairie7l.com\/wp-content\/uploads\/2022\/08\/logo-1.png","contentUrl":"https:\/\/librairie7l.com\/wp-content\/uploads\/2022\/08\/logo-1.png","width":227,"height":301,"caption":"Librairie 7L"},"image":{"@id":"https:\/\/librairie7l.com\/en\/#\/schema\/logo\/image\/"}}]}},"_links":{"self":[{"href":"https:\/\/librairie7l.com\/en\/wp-json\/wp\/v2\/product\/15939"}],"collection":[{"href":"https:\/\/librairie7l.com\/en\/wp-json\/wp\/v2\/product"}],"about":[{"href":"https:\/\/librairie7l.com\/en\/wp-json\/wp\/v2\/types\/product"}],"wp:featuredmedia":[{"embeddable":true,"href":"https:\/\/librairie7l.com\/en\/wp-json\/wp\/v2\/media\/15937"}],"wp:attachment":[{"href":"https:\/\/librairie7l.com\/en\/wp-json\/wp\/v2\/media?parent=15939"}],"wp:term":[{"taxonomy":"product_cat","embeddable":true,"href":"https:\/\/librairie7l.com\/en\/wp-json\/wp\/v2\/product_cat?post=15939"},{"taxonomy":"product_tag","embeddable":true,"href":"https:\/\/librairie7l.com\/en\/wp-json\/wp\/v2\/product_tag?post=15939"}],"curies":[{"name":"wp","href":"https:\/\/api.w.org\/{rel}","templated":true}]}}