{"id":15955,"date":"2023-05-09T17:10:21","date_gmt":"2023-05-09T15:10:21","guid":{"rendered":"https:\/\/librairie7l.com\/?post_type=product&#038;p=15955"},"modified":"2026-04-16T00:08:00","modified_gmt":"2026-04-15T22:08:00","slug":"miroirs-de-linfini","status":"publish","type":"product","link":"https:\/\/librairie7l.com\/en\/produit\/miroirs-de-linfini\/","title":{"rendered":"MIROIRS DE L&#8217;INFINI"},"content":{"rendered":"<p>Andr\u00e9 Le N\u00f4tre (1613-1700), paysagiste de g\u00e9nie, a laiss\u00e9 derri\u00e8re lui trois des plus ma\u00eetris\u00e9s jardins \u00e0 la fran\u00e7aise : Versailles, Chantilly, et Vaux-le-Vicomte. Dans cet essai brillant et audacieux, devenu un classique, Allen S. Weiss nous apprend \u00e0 d\u00e9chiffrer la splendeur, en nous r\u00e9v\u00e9lant les ambitions fantasmatiques du pouvoir.<br \/>\nAndr\u00e9 Le N\u00f4tre (1613-1700), paysagiste de g\u00e9nie, a laiss\u00e9 derri\u00e8re lui trois des plus ma\u00eetris\u00e9s jardins \u00e0 la fran\u00e7aise : Versailles, Chantilly, et Vaux-le-Vicomte qui est sans doute le sommet de l&#8217;art de Le N\u00f4tre, point d&#8217;\u00e9quilibre entre les tendances baroque et classiques de l&#8217;\u00e9poque. On y admire toujours les jeux de perspective millim\u00e9tr\u00e9e, l&#8217;illusion d&#8217;un espace d\u00e9ploy\u00e9 \u00e0 perte de vue, le luxe des fontaines et sculptures.<\/p>\n<p>Dans cet essai brillant et audacieux, devenu un classique, Allen S. Weiss nous apprend \u00e0 d\u00e9chiffrer la splendeur, en nous r\u00e9v\u00e9lant les ambitions fantasmatiques du pouvoir. Car c&#8217;est bien aux d\u00e9sirs de grandeur de Louis XIV, du prince de Cond\u00e9 et de Nicolas Fouquet qu&#8217;ont tent\u00e9 de r\u00e9pondre math\u00e9maticiens, g\u00e9om\u00e8tres, architectes et paysagistes.<\/p>\n<p>Cette r\u00e9flexion sur les jardins, \u00e0 la mani\u00e8re d&#8217;un guide philosophique, entrelace la beaut\u00e9 des lieux \u00e0 la libert\u00e9 de l&#8217;esprit, et ce pour notre plus grand plaisir.<\/p>\n","protected":false},"excerpt":{"rendered":"<p>Andr\u00e9 Le N\u00f4tre (1613-1700), paysagiste de g\u00e9nie, a laiss\u00e9 derri\u00e8re lui trois des plus ma\u00eetris\u00e9s jardins \u00e0 la fran\u00e7aise : Versailles, Chantilly, et Vaux-le-Vicomte. Dans cet essai brillant et audacieux, devenu un classique, Allen S. Weiss nous apprend \u00e0 d\u00e9chiffrer la splendeur, en nous r\u00e9v\u00e9lant les ambitions fantasmatiques du pouvoir. Andr\u00e9 Le N\u00f4tre (1613-1700), paysagiste [&hellip;]<\/p>\n","protected":false},"featured_media":15953,"template":"","meta":[],"product_cat":[55,2948,2956,23],"product_tag":[],"acf":[],"yoast_head":"<!-- This site is optimized with the Yoast SEO plugin v20.11 - https:\/\/yoast.com\/wordpress\/plugins\/seo\/ -->\n<title>MIROIRS DE L&#039;INFINI - Librairie 7L<\/title>\n<meta name=\"robots\" content=\"index, follow, max-snippet:-1, max-image-preview:large, max-video-preview:-1\" \/>\n<link rel=\"canonical\" href=\"https:\/\/librairie7l.com\/en\/produit\/miroirs-de-linfini\/\" \/>\n<meta property=\"og:locale\" content=\"en_US\" \/>\n<meta property=\"og:type\" content=\"article\" \/>\n<meta property=\"og:title\" content=\"MIROIRS DE L&#039;INFINI - Librairie 7L\" \/>\n<meta property=\"og:description\" content=\"Andr\u00e9 Le N\u00f4tre (1613-1700), paysagiste de g\u00e9nie, a laiss\u00e9 derri\u00e8re lui trois des plus ma\u00eetris\u00e9s jardins \u00e0 la fran\u00e7aise : Versailles, Chantilly, et Vaux-le-Vicomte. Dans cet essai brillant et audacieux, devenu un classique, Allen S. Weiss nous apprend \u00e0 d\u00e9chiffrer la splendeur, en nous r\u00e9v\u00e9lant les ambitions fantasmatiques du pouvoir. Andr\u00e9 Le N\u00f4tre (1613-1700), paysagiste [&hellip;]\" \/>\n<meta property=\"og:url\" content=\"https:\/\/librairie7l.com\/en\/produit\/miroirs-de-linfini\/\" \/>\n<meta property=\"og:site_name\" content=\"Librairie 7L\" \/>\n<meta property=\"article:modified_time\" content=\"2026-04-15T22:08:00+00:00\" \/>\n<meta property=\"og:image\" content=\"https:\/\/librairie7l.com\/wp-content\/uploads\/2023\/04\/9782363083333_1_75.jpg\" \/>\n\t<meta property=\"og:image:width\" content=\"400\" \/>\n\t<meta property=\"og:image:height\" content=\"657\" \/>\n\t<meta property=\"og:image:type\" content=\"image\/jpeg\" \/>\n<meta name=\"twitter:card\" content=\"summary_large_image\" \/>\n<meta name=\"twitter:label1\" content=\"Est. reading time\" \/>\n\t<meta name=\"twitter:data1\" content=\"1 minute\" \/>\n<script type=\"application\/ld+json\" class=\"yoast-schema-graph\">{\"@context\":\"https:\/\/schema.org\",\"@graph\":[{\"@type\":\"WebPage\",\"@id\":\"https:\/\/librairie7l.com\/en\/produit\/miroirs-de-linfini\/\",\"url\":\"https:\/\/librairie7l.com\/en\/produit\/miroirs-de-linfini\/\",\"name\":\"MIROIRS DE L'INFINI - Librairie 7L\",\"isPartOf\":{\"@id\":\"https:\/\/librairie7l.com\/en\/#website\"},\"datePublished\":\"2023-05-09T15:10:21+00:00\",\"dateModified\":\"2026-04-15T22:08:00+00:00\",\"breadcrumb\":{\"@id\":\"https:\/\/librairie7l.com\/en\/produit\/miroirs-de-linfini\/#breadcrumb\"},\"inLanguage\":\"en-US\",\"potentialAction\":[{\"@type\":\"ReadAction\",\"target\":[\"https:\/\/librairie7l.com\/en\/produit\/miroirs-de-linfini\/\"]}]},{\"@type\":\"BreadcrumbList\",\"@id\":\"https:\/\/librairie7l.com\/en\/produit\/miroirs-de-linfini\/#breadcrumb\",\"itemListElement\":[{\"@type\":\"ListItem\",\"position\":1,\"name\":\"Accueil\",\"item\":\"https:\/\/librairie7l.com\/en\/\"},{\"@type\":\"ListItem\",\"position\":2,\"name\":\"Shop\",\"item\":\"https:\/\/librairie7l.com\/en\/shop\/\"},{\"@type\":\"ListItem\",\"position\":3,\"name\":\"MIROIRS DE L&#8217;INFINI\"}]},{\"@type\":\"WebSite\",\"@id\":\"https:\/\/librairie7l.com\/en\/#website\",\"url\":\"https:\/\/librairie7l.com\/en\/\",\"name\":\"Librairie 7L\",\"description\":\"Librairie fond\u00e9e en 1999 par Karl Lagerfeld \u00e0 Paris\",\"publisher\":{\"@id\":\"https:\/\/librairie7l.com\/en\/#organization\"},\"potentialAction\":[{\"@type\":\"SearchAction\",\"target\":{\"@type\":\"EntryPoint\",\"urlTemplate\":\"https:\/\/librairie7l.com\/en\/?s={search_term_string}\"},\"query-input\":\"required name=search_term_string\"}],\"inLanguage\":\"en-US\"},{\"@type\":\"Organization\",\"@id\":\"https:\/\/librairie7l.com\/en\/#organization\",\"name\":\"Librairie 7L\",\"url\":\"https:\/\/librairie7l.com\/en\/\",\"logo\":{\"@type\":\"ImageObject\",\"inLanguage\":\"en-US\",\"@id\":\"https:\/\/librairie7l.com\/en\/#\/schema\/logo\/image\/\",\"url\":\"https:\/\/librairie7l.com\/wp-content\/uploads\/2022\/08\/logo-1.png\",\"contentUrl\":\"https:\/\/librairie7l.com\/wp-content\/uploads\/2022\/08\/logo-1.png\",\"width\":227,\"height\":301,\"caption\":\"Librairie 7L\"},\"image\":{\"@id\":\"https:\/\/librairie7l.com\/en\/#\/schema\/logo\/image\/\"}}]}<\/script>\n<!-- \/ Yoast SEO plugin. -->","yoast_head_json":{"title":"MIROIRS DE L'INFINI - Librairie 7L","robots":{"index":"index","follow":"follow","max-snippet":"max-snippet:-1","max-image-preview":"max-image-preview:large","max-video-preview":"max-video-preview:-1"},"canonical":"https:\/\/librairie7l.com\/en\/produit\/miroirs-de-linfini\/","og_locale":"en_US","og_type":"article","og_title":"MIROIRS DE L'INFINI - Librairie 7L","og_description":"Andr\u00e9 Le N\u00f4tre (1613-1700), paysagiste de g\u00e9nie, a laiss\u00e9 derri\u00e8re lui trois des plus ma\u00eetris\u00e9s jardins \u00e0 la fran\u00e7aise : Versailles, Chantilly, et Vaux-le-Vicomte. Dans cet essai brillant et audacieux, devenu un classique, Allen S. Weiss nous apprend \u00e0 d\u00e9chiffrer la splendeur, en nous r\u00e9v\u00e9lant les ambitions fantasmatiques du pouvoir. Andr\u00e9 Le N\u00f4tre (1613-1700), paysagiste [&hellip;]","og_url":"https:\/\/librairie7l.com\/en\/produit\/miroirs-de-linfini\/","og_site_name":"Librairie 7L","article_modified_time":"2026-04-15T22:08:00+00:00","og_image":[{"width":400,"height":657,"url":"https:\/\/librairie7l.com\/wp-content\/uploads\/2023\/04\/9782363083333_1_75.jpg","type":"image\/jpeg"}],"twitter_card":"summary_large_image","twitter_misc":{"Est. reading time":"1 minute"},"schema":{"@context":"https:\/\/schema.org","@graph":[{"@type":"WebPage","@id":"https:\/\/librairie7l.com\/en\/produit\/miroirs-de-linfini\/","url":"https:\/\/librairie7l.com\/en\/produit\/miroirs-de-linfini\/","name":"MIROIRS DE L'INFINI - Librairie 7L","isPartOf":{"@id":"https:\/\/librairie7l.com\/en\/#website"},"datePublished":"2023-05-09T15:10:21+00:00","dateModified":"2026-04-15T22:08:00+00:00","breadcrumb":{"@id":"https:\/\/librairie7l.com\/en\/produit\/miroirs-de-linfini\/#breadcrumb"},"inLanguage":"en-US","potentialAction":[{"@type":"ReadAction","target":["https:\/\/librairie7l.com\/en\/produit\/miroirs-de-linfini\/"]}]},{"@type":"BreadcrumbList","@id":"https:\/\/librairie7l.com\/en\/produit\/miroirs-de-linfini\/#breadcrumb","itemListElement":[{"@type":"ListItem","position":1,"name":"Accueil","item":"https:\/\/librairie7l.com\/en\/"},{"@type":"ListItem","position":2,"name":"Shop","item":"https:\/\/librairie7l.com\/en\/shop\/"},{"@type":"ListItem","position":3,"name":"MIROIRS DE L&#8217;INFINI"}]},{"@type":"WebSite","@id":"https:\/\/librairie7l.com\/en\/#website","url":"https:\/\/librairie7l.com\/en\/","name":"Librairie 7L","description":"Librairie fond\u00e9e en 1999 par Karl Lagerfeld \u00e0 Paris","publisher":{"@id":"https:\/\/librairie7l.com\/en\/#organization"},"potentialAction":[{"@type":"SearchAction","target":{"@type":"EntryPoint","urlTemplate":"https:\/\/librairie7l.com\/en\/?s={search_term_string}"},"query-input":"required name=search_term_string"}],"inLanguage":"en-US"},{"@type":"Organization","@id":"https:\/\/librairie7l.com\/en\/#organization","name":"Librairie 7L","url":"https:\/\/librairie7l.com\/en\/","logo":{"@type":"ImageObject","inLanguage":"en-US","@id":"https:\/\/librairie7l.com\/en\/#\/schema\/logo\/image\/","url":"https:\/\/librairie7l.com\/wp-content\/uploads\/2022\/08\/logo-1.png","contentUrl":"https:\/\/librairie7l.com\/wp-content\/uploads\/2022\/08\/logo-1.png","width":227,"height":301,"caption":"Librairie 7L"},"image":{"@id":"https:\/\/librairie7l.com\/en\/#\/schema\/logo\/image\/"}}]}},"_links":{"self":[{"href":"https:\/\/librairie7l.com\/en\/wp-json\/wp\/v2\/product\/15955"}],"collection":[{"href":"https:\/\/librairie7l.com\/en\/wp-json\/wp\/v2\/product"}],"about":[{"href":"https:\/\/librairie7l.com\/en\/wp-json\/wp\/v2\/types\/product"}],"wp:featuredmedia":[{"embeddable":true,"href":"https:\/\/librairie7l.com\/en\/wp-json\/wp\/v2\/media\/15953"}],"wp:attachment":[{"href":"https:\/\/librairie7l.com\/en\/wp-json\/wp\/v2\/media?parent=15955"}],"wp:term":[{"taxonomy":"product_cat","embeddable":true,"href":"https:\/\/librairie7l.com\/en\/wp-json\/wp\/v2\/product_cat?post=15955"},{"taxonomy":"product_tag","embeddable":true,"href":"https:\/\/librairie7l.com\/en\/wp-json\/wp\/v2\/product_tag?post=15955"}],"curies":[{"name":"wp","href":"https:\/\/api.w.org\/{rel}","templated":true}]}}