{"id":15971,"date":"2023-05-09T17:10:33","date_gmt":"2023-05-09T15:10:33","guid":{"rendered":"https:\/\/librairie7l.com\/?post_type=product&#038;p=15971"},"modified":"2026-04-17T01:07:08","modified_gmt":"2026-04-16T23:07:08","slug":"un-petit-coin-de-paradis-lart-du-petit-jardin","status":"publish","type":"product","link":"https:\/\/librairie7l.com\/en\/produit\/un-petit-coin-de-paradis-lart-du-petit-jardin\/","title":{"rendered":"UN PETIT COIN DE PARADIS : L&#8217;ART DU PETIT JARDIN"},"content":{"rendered":"<p>Isabelle Olikier-Luyten retrace le parcours de son petit jardin de 600 m2 situ\u00e9 pr\u00e8s de Lille, en Belgique, qu&#8217;elle a cr\u00e9\u00e9, remani\u00e9, transform\u00e9, saison apr\u00e8s saison, jusqu&#8217;\u00e0 en faire un \u00e9den florissant et luxuriant, un v\u00e9ritable petit paradis !<br \/>\nEn retra\u00e7ant l&#8217;\u00e9volution de son petit jardin depuis 30 ans, Isabelle Olikier nous montre que transformer un jardin de 600 m2 en petit paradis est possible. Partie de presque rien (ni comp\u00e9tences jardini\u00e8res particuli\u00e8res, ni terrain de r\u00eave), elle a plant\u00e9, am\u00e9lior\u00e9, a connu des d\u00e9boires comme des r\u00e9ussites, et a transform\u00e9 son terrain en un petit Eden de pr\u00e8s de 190 rosiers associ\u00e9s avec beaucoup de d\u00e9licatesse et d&#8217;harmonie \u00e0 une multitude de vivaces (g\u00e9raniums vivaces, pavots divers, etc.) et d&#8217;arbustes.<br \/>\nComment choisir ses fleurs et ses arbustes, les associer, les plantes selon leur nature et leur couleur, comment transformer les faiblesses de son jardin en atouts&#8230; Photo prises dans son jardin depuis le d\u00e9but \u00e0 l&#8217;appui, Isabelle donne toutes les cl\u00e9s et livre ses meilleures s\u00e9lections de plantes, de roses, d&#8217;arbustes, ainsi que ses astuces jardini\u00e8res et d\u00e9co.<br \/>\nLe paradis est \u00e0 port\u00e9e de main !<\/p>\n","protected":false},"excerpt":{"rendered":"<p>Isabelle Olikier-Luyten retrace le parcours de son petit jardin de 600 m2 situ\u00e9 pr\u00e8s de Lille, en Belgique, qu&#8217;elle a cr\u00e9\u00e9, remani\u00e9, transform\u00e9, saison apr\u00e8s saison, jusqu&#8217;\u00e0 en faire un \u00e9den florissant et luxuriant, un v\u00e9ritable petit paradis ! En retra\u00e7ant l&#8217;\u00e9volution de son petit jardin depuis 30 ans, Isabelle Olikier nous montre que transformer [&hellip;]<\/p>\n","protected":false},"featured_media":15969,"template":"","meta":[],"product_cat":[55,2948,2956,23],"product_tag":[],"acf":[],"yoast_head":"<!-- This site is optimized with the Yoast SEO plugin v20.11 - https:\/\/yoast.com\/wordpress\/plugins\/seo\/ -->\n<title>UN PETIT COIN DE PARADIS : L&#039;ART DU PETIT JARDIN - Librairie 7L<\/title>\n<meta name=\"robots\" content=\"index, follow, max-snippet:-1, max-image-preview:large, max-video-preview:-1\" \/>\n<link rel=\"canonical\" href=\"https:\/\/librairie7l.com\/en\/produit\/un-petit-coin-de-paradis-lart-du-petit-jardin\/\" \/>\n<meta property=\"og:locale\" content=\"en_US\" \/>\n<meta property=\"og:type\" content=\"article\" \/>\n<meta property=\"og:title\" content=\"UN PETIT COIN DE PARADIS : L&#039;ART DU PETIT JARDIN - Librairie 7L\" \/>\n<meta property=\"og:description\" content=\"Isabelle Olikier-Luyten retrace le parcours de son petit jardin de 600 m2 situ\u00e9 pr\u00e8s de Lille, en Belgique, qu&#8217;elle a cr\u00e9\u00e9, remani\u00e9, transform\u00e9, saison apr\u00e8s saison, jusqu&#8217;\u00e0 en faire un \u00e9den florissant et luxuriant, un v\u00e9ritable petit paradis ! En retra\u00e7ant l&#8217;\u00e9volution de son petit jardin depuis 30 ans, Isabelle Olikier nous montre que transformer [&hellip;]\" \/>\n<meta property=\"og:url\" content=\"https:\/\/librairie7l.com\/en\/produit\/un-petit-coin-de-paradis-lart-du-petit-jardin\/\" \/>\n<meta property=\"og:site_name\" content=\"Librairie 7L\" \/>\n<meta property=\"article:modified_time\" content=\"2026-04-16T23:07:08+00:00\" \/>\n<meta property=\"og:image\" content=\"https:\/\/librairie7l.com\/wp-content\/uploads\/2022\/09\/9782379222566_1_75.jpg\" \/>\n\t<meta property=\"og:image:width\" content=\"400\" \/>\n\t<meta property=\"og:image:height\" content=\"510\" \/>\n\t<meta property=\"og:image:type\" content=\"image\/jpeg\" \/>\n<meta name=\"twitter:card\" content=\"summary_large_image\" \/>\n<meta name=\"twitter:label1\" content=\"Est. reading time\" \/>\n\t<meta name=\"twitter:data1\" content=\"1 minute\" \/>\n<script type=\"application\/ld+json\" class=\"yoast-schema-graph\">{\"@context\":\"https:\/\/schema.org\",\"@graph\":[{\"@type\":\"WebPage\",\"@id\":\"https:\/\/librairie7l.com\/en\/produit\/un-petit-coin-de-paradis-lart-du-petit-jardin\/\",\"url\":\"https:\/\/librairie7l.com\/en\/produit\/un-petit-coin-de-paradis-lart-du-petit-jardin\/\",\"name\":\"UN PETIT COIN DE PARADIS : L'ART DU PETIT JARDIN - Librairie 7L\",\"isPartOf\":{\"@id\":\"https:\/\/librairie7l.com\/en\/#website\"},\"datePublished\":\"2023-05-09T15:10:33+00:00\",\"dateModified\":\"2026-04-16T23:07:08+00:00\",\"breadcrumb\":{\"@id\":\"https:\/\/librairie7l.com\/en\/produit\/un-petit-coin-de-paradis-lart-du-petit-jardin\/#breadcrumb\"},\"inLanguage\":\"en-US\",\"potentialAction\":[{\"@type\":\"ReadAction\",\"target\":[\"https:\/\/librairie7l.com\/en\/produit\/un-petit-coin-de-paradis-lart-du-petit-jardin\/\"]}]},{\"@type\":\"BreadcrumbList\",\"@id\":\"https:\/\/librairie7l.com\/en\/produit\/un-petit-coin-de-paradis-lart-du-petit-jardin\/#breadcrumb\",\"itemListElement\":[{\"@type\":\"ListItem\",\"position\":1,\"name\":\"Accueil\",\"item\":\"https:\/\/librairie7l.com\/en\/\"},{\"@type\":\"ListItem\",\"position\":2,\"name\":\"Shop\",\"item\":\"https:\/\/librairie7l.com\/en\/shop\/\"},{\"@type\":\"ListItem\",\"position\":3,\"name\":\"UN PETIT COIN DE PARADIS : L&#8217;ART DU PETIT JARDIN\"}]},{\"@type\":\"WebSite\",\"@id\":\"https:\/\/librairie7l.com\/en\/#website\",\"url\":\"https:\/\/librairie7l.com\/en\/\",\"name\":\"Librairie 7L\",\"description\":\"Librairie fond\u00e9e en 1999 par Karl Lagerfeld \u00e0 Paris\",\"publisher\":{\"@id\":\"https:\/\/librairie7l.com\/en\/#organization\"},\"potentialAction\":[{\"@type\":\"SearchAction\",\"target\":{\"@type\":\"EntryPoint\",\"urlTemplate\":\"https:\/\/librairie7l.com\/en\/?s={search_term_string}\"},\"query-input\":\"required name=search_term_string\"}],\"inLanguage\":\"en-US\"},{\"@type\":\"Organization\",\"@id\":\"https:\/\/librairie7l.com\/en\/#organization\",\"name\":\"Librairie 7L\",\"url\":\"https:\/\/librairie7l.com\/en\/\",\"logo\":{\"@type\":\"ImageObject\",\"inLanguage\":\"en-US\",\"@id\":\"https:\/\/librairie7l.com\/en\/#\/schema\/logo\/image\/\",\"url\":\"https:\/\/librairie7l.com\/wp-content\/uploads\/2022\/08\/logo-1.png\",\"contentUrl\":\"https:\/\/librairie7l.com\/wp-content\/uploads\/2022\/08\/logo-1.png\",\"width\":227,\"height\":301,\"caption\":\"Librairie 7L\"},\"image\":{\"@id\":\"https:\/\/librairie7l.com\/en\/#\/schema\/logo\/image\/\"}}]}<\/script>\n<!-- \/ Yoast SEO plugin. -->","yoast_head_json":{"title":"UN PETIT COIN DE PARADIS : L'ART DU PETIT JARDIN - Librairie 7L","robots":{"index":"index","follow":"follow","max-snippet":"max-snippet:-1","max-image-preview":"max-image-preview:large","max-video-preview":"max-video-preview:-1"},"canonical":"https:\/\/librairie7l.com\/en\/produit\/un-petit-coin-de-paradis-lart-du-petit-jardin\/","og_locale":"en_US","og_type":"article","og_title":"UN PETIT COIN DE PARADIS : L'ART DU PETIT JARDIN - Librairie 7L","og_description":"Isabelle Olikier-Luyten retrace le parcours de son petit jardin de 600 m2 situ\u00e9 pr\u00e8s de Lille, en Belgique, qu&#8217;elle a cr\u00e9\u00e9, remani\u00e9, transform\u00e9, saison apr\u00e8s saison, jusqu&#8217;\u00e0 en faire un \u00e9den florissant et luxuriant, un v\u00e9ritable petit paradis ! En retra\u00e7ant l&#8217;\u00e9volution de son petit jardin depuis 30 ans, Isabelle Olikier nous montre que transformer [&hellip;]","og_url":"https:\/\/librairie7l.com\/en\/produit\/un-petit-coin-de-paradis-lart-du-petit-jardin\/","og_site_name":"Librairie 7L","article_modified_time":"2026-04-16T23:07:08+00:00","og_image":[{"width":400,"height":510,"url":"https:\/\/librairie7l.com\/wp-content\/uploads\/2022\/09\/9782379222566_1_75.jpg","type":"image\/jpeg"}],"twitter_card":"summary_large_image","twitter_misc":{"Est. reading time":"1 minute"},"schema":{"@context":"https:\/\/schema.org","@graph":[{"@type":"WebPage","@id":"https:\/\/librairie7l.com\/en\/produit\/un-petit-coin-de-paradis-lart-du-petit-jardin\/","url":"https:\/\/librairie7l.com\/en\/produit\/un-petit-coin-de-paradis-lart-du-petit-jardin\/","name":"UN PETIT COIN DE PARADIS : L'ART DU PETIT JARDIN - Librairie 7L","isPartOf":{"@id":"https:\/\/librairie7l.com\/en\/#website"},"datePublished":"2023-05-09T15:10:33+00:00","dateModified":"2026-04-16T23:07:08+00:00","breadcrumb":{"@id":"https:\/\/librairie7l.com\/en\/produit\/un-petit-coin-de-paradis-lart-du-petit-jardin\/#breadcrumb"},"inLanguage":"en-US","potentialAction":[{"@type":"ReadAction","target":["https:\/\/librairie7l.com\/en\/produit\/un-petit-coin-de-paradis-lart-du-petit-jardin\/"]}]},{"@type":"BreadcrumbList","@id":"https:\/\/librairie7l.com\/en\/produit\/un-petit-coin-de-paradis-lart-du-petit-jardin\/#breadcrumb","itemListElement":[{"@type":"ListItem","position":1,"name":"Accueil","item":"https:\/\/librairie7l.com\/en\/"},{"@type":"ListItem","position":2,"name":"Shop","item":"https:\/\/librairie7l.com\/en\/shop\/"},{"@type":"ListItem","position":3,"name":"UN PETIT COIN DE PARADIS : L&#8217;ART DU PETIT JARDIN"}]},{"@type":"WebSite","@id":"https:\/\/librairie7l.com\/en\/#website","url":"https:\/\/librairie7l.com\/en\/","name":"Librairie 7L","description":"Librairie fond\u00e9e en 1999 par Karl Lagerfeld \u00e0 Paris","publisher":{"@id":"https:\/\/librairie7l.com\/en\/#organization"},"potentialAction":[{"@type":"SearchAction","target":{"@type":"EntryPoint","urlTemplate":"https:\/\/librairie7l.com\/en\/?s={search_term_string}"},"query-input":"required name=search_term_string"}],"inLanguage":"en-US"},{"@type":"Organization","@id":"https:\/\/librairie7l.com\/en\/#organization","name":"Librairie 7L","url":"https:\/\/librairie7l.com\/en\/","logo":{"@type":"ImageObject","inLanguage":"en-US","@id":"https:\/\/librairie7l.com\/en\/#\/schema\/logo\/image\/","url":"https:\/\/librairie7l.com\/wp-content\/uploads\/2022\/08\/logo-1.png","contentUrl":"https:\/\/librairie7l.com\/wp-content\/uploads\/2022\/08\/logo-1.png","width":227,"height":301,"caption":"Librairie 7L"},"image":{"@id":"https:\/\/librairie7l.com\/en\/#\/schema\/logo\/image\/"}}]}},"_links":{"self":[{"href":"https:\/\/librairie7l.com\/en\/wp-json\/wp\/v2\/product\/15971"}],"collection":[{"href":"https:\/\/librairie7l.com\/en\/wp-json\/wp\/v2\/product"}],"about":[{"href":"https:\/\/librairie7l.com\/en\/wp-json\/wp\/v2\/types\/product"}],"wp:featuredmedia":[{"embeddable":true,"href":"https:\/\/librairie7l.com\/en\/wp-json\/wp\/v2\/media\/15969"}],"wp:attachment":[{"href":"https:\/\/librairie7l.com\/en\/wp-json\/wp\/v2\/media?parent=15971"}],"wp:term":[{"taxonomy":"product_cat","embeddable":true,"href":"https:\/\/librairie7l.com\/en\/wp-json\/wp\/v2\/product_cat?post=15971"},{"taxonomy":"product_tag","embeddable":true,"href":"https:\/\/librairie7l.com\/en\/wp-json\/wp\/v2\/product_tag?post=15971"}],"curies":[{"name":"wp","href":"https:\/\/api.w.org\/{rel}","templated":true}]}}