{"id":15983,"date":"2023-05-09T17:10:42","date_gmt":"2023-05-09T15:10:42","guid":{"rendered":"https:\/\/librairie7l.com\/?post_type=product&#038;p=15983"},"modified":"2026-04-15T15:07:05","modified_gmt":"2026-04-15T13:07:05","slug":"180c-t-29-dis-moi-ouie","status":"publish","type":"product","link":"https:\/\/librairie7l.com\/en\/produit\/180c-t-29-dis-moi-ouie\/","title":{"rendered":"180\u00b0C N.29 : DIS-MOI OU\u00cfE !"},"content":{"rendered":"<p>Depuis quelques ann\u00e9es, lorsque l&#8217;on parle de viande, tout le monde s&#8217;accorde \u00e0 penser qu&#8217;il est temps, pour l&#8217;avenir de notre plan\u00e8te, d&#8217;en manger moins mais mieux. Mais qu&#8217;en est-il du poisson ? Un chiffre effraie : 34,2 % des stocks mondiaux de poissons sont aujourd&#8217;hui surexploit\u00e9s. C&#8217;est trois fois plus que dans les ann\u00e9es 1970. Est-ce \u00e0 dire que les poissons sont menac\u00e9s ? Oui et tous les sp\u00e9cialistes s&#8217;accordent pour deux raisons principales. La premi\u00e8re, le r\u00e9chauffement de l&#8217;eau qui induit que certaines esp\u00e8ces ne survivront pas pendant que d&#8217;autres changeront d&#8217;habitat. La seconde, la surp\u00eache qui met en danger de nombreuses esp\u00e8ces le merlu, le cabillaud, la sole, le chinchard ou le bar. Dans Le Grand Entretien, le chef 3 \u00e9toiles Michelin, Christopher Coutanceau souligne qu&#8217;il ne faut pas acheter n&#8217;importe quoi et n&#8217;importe quand. Il existe des saisons et il faut les respecter.<br \/>\nEt que penser des labels qui nous donnent bonne conscience ? Certains ne sont qu&#8217;une supercherie marketing et la rubrique \u00ab Le Vrai du Faux \u00bb les d\u00e9crit un \u00e0 un.<br \/>\nFaut-il alors se tourner vers les poissons d&#8217;\u00e9levage ? C&#8217;est la question pos\u00e9e dans \u00ab Le Torchon Br\u00fble \u00bb. Si des efforts ont \u00e9t\u00e9 faits dans certaines fili\u00e8res, un chiffre interpelle : pour produire un kilo de daurade, de bar ou de saumon, il faut 3 \u00e0 4 kilos de farine de poissons sauvages&#8230; on en revient au point de d\u00e9part, la surp\u00eache !<\/p>\n","protected":false},"excerpt":{"rendered":"<p>Depuis quelques ann\u00e9es, lorsque l&#8217;on parle de viande, tout le monde s&#8217;accorde \u00e0 penser qu&#8217;il est temps, pour l&#8217;avenir de notre plan\u00e8te, d&#8217;en manger moins mais mieux. Mais qu&#8217;en est-il du poisson ? Un chiffre effraie : 34,2 % des stocks mondiaux de poissons sont aujourd&#8217;hui surexploit\u00e9s. C&#8217;est trois fois plus que dans les ann\u00e9es [&hellip;]<\/p>\n","protected":false},"featured_media":15981,"template":"","meta":[],"product_cat":[55,2948,2956,23],"product_tag":[],"acf":[],"yoast_head":"<!-- This site is optimized with the Yoast SEO plugin v20.11 - https:\/\/yoast.com\/wordpress\/plugins\/seo\/ -->\n<title>180\u00b0C N.29 : DIS-MOI OU\u00cfE ! - Librairie 7L<\/title>\n<meta name=\"robots\" content=\"index, follow, max-snippet:-1, max-image-preview:large, max-video-preview:-1\" \/>\n<link rel=\"canonical\" href=\"https:\/\/librairie7l.com\/en\/produit\/180c-t-29-dis-moi-ouie\/\" \/>\n<meta property=\"og:locale\" content=\"en_US\" \/>\n<meta property=\"og:type\" content=\"article\" \/>\n<meta property=\"og:title\" content=\"180\u00b0C N.29 : DIS-MOI OU\u00cfE ! - Librairie 7L\" \/>\n<meta property=\"og:description\" content=\"Depuis quelques ann\u00e9es, lorsque l&#8217;on parle de viande, tout le monde s&#8217;accorde \u00e0 penser qu&#8217;il est temps, pour l&#8217;avenir de notre plan\u00e8te, d&#8217;en manger moins mais mieux. Mais qu&#8217;en est-il du poisson ? Un chiffre effraie : 34,2 % des stocks mondiaux de poissons sont aujourd&#8217;hui surexploit\u00e9s. C&#8217;est trois fois plus que dans les ann\u00e9es [&hellip;]\" \/>\n<meta property=\"og:url\" content=\"https:\/\/librairie7l.com\/en\/produit\/180c-t-29-dis-moi-ouie\/\" \/>\n<meta property=\"og:site_name\" content=\"Librairie 7L\" \/>\n<meta property=\"article:modified_time\" content=\"2026-04-15T13:07:05+00:00\" \/>\n<meta property=\"og:image\" content=\"https:\/\/librairie7l.com\/wp-content\/uploads\/2022\/10\/9791092254907_1_75.jpg\" \/>\n\t<meta property=\"og:image:width\" content=\"599\" \/>\n\t<meta property=\"og:image:height\" content=\"800\" \/>\n\t<meta property=\"og:image:type\" content=\"image\/jpeg\" \/>\n<meta name=\"twitter:card\" content=\"summary_large_image\" \/>\n<meta name=\"twitter:label1\" content=\"Est. reading time\" \/>\n\t<meta name=\"twitter:data1\" content=\"1 minute\" \/>\n<script type=\"application\/ld+json\" class=\"yoast-schema-graph\">{\"@context\":\"https:\/\/schema.org\",\"@graph\":[{\"@type\":\"WebPage\",\"@id\":\"https:\/\/librairie7l.com\/en\/produit\/180c-t-29-dis-moi-ouie\/\",\"url\":\"https:\/\/librairie7l.com\/en\/produit\/180c-t-29-dis-moi-ouie\/\",\"name\":\"180\u00b0C N.29 : DIS-MOI OU\u00cfE ! - Librairie 7L\",\"isPartOf\":{\"@id\":\"https:\/\/librairie7l.com\/en\/#website\"},\"datePublished\":\"2023-05-09T15:10:42+00:00\",\"dateModified\":\"2026-04-15T13:07:05+00:00\",\"breadcrumb\":{\"@id\":\"https:\/\/librairie7l.com\/en\/produit\/180c-t-29-dis-moi-ouie\/#breadcrumb\"},\"inLanguage\":\"en-US\",\"potentialAction\":[{\"@type\":\"ReadAction\",\"target\":[\"https:\/\/librairie7l.com\/en\/produit\/180c-t-29-dis-moi-ouie\/\"]}]},{\"@type\":\"BreadcrumbList\",\"@id\":\"https:\/\/librairie7l.com\/en\/produit\/180c-t-29-dis-moi-ouie\/#breadcrumb\",\"itemListElement\":[{\"@type\":\"ListItem\",\"position\":1,\"name\":\"Accueil\",\"item\":\"https:\/\/librairie7l.com\/en\/\"},{\"@type\":\"ListItem\",\"position\":2,\"name\":\"Shop\",\"item\":\"https:\/\/librairie7l.com\/en\/shop\/\"},{\"@type\":\"ListItem\",\"position\":3,\"name\":\"180\u00b0C N.29 : DIS-MOI OU\u00cfE !\"}]},{\"@type\":\"WebSite\",\"@id\":\"https:\/\/librairie7l.com\/en\/#website\",\"url\":\"https:\/\/librairie7l.com\/en\/\",\"name\":\"Librairie 7L\",\"description\":\"Librairie fond\u00e9e en 1999 par Karl Lagerfeld \u00e0 Paris\",\"publisher\":{\"@id\":\"https:\/\/librairie7l.com\/en\/#organization\"},\"potentialAction\":[{\"@type\":\"SearchAction\",\"target\":{\"@type\":\"EntryPoint\",\"urlTemplate\":\"https:\/\/librairie7l.com\/en\/?s={search_term_string}\"},\"query-input\":\"required name=search_term_string\"}],\"inLanguage\":\"en-US\"},{\"@type\":\"Organization\",\"@id\":\"https:\/\/librairie7l.com\/en\/#organization\",\"name\":\"Librairie 7L\",\"url\":\"https:\/\/librairie7l.com\/en\/\",\"logo\":{\"@type\":\"ImageObject\",\"inLanguage\":\"en-US\",\"@id\":\"https:\/\/librairie7l.com\/en\/#\/schema\/logo\/image\/\",\"url\":\"https:\/\/librairie7l.com\/wp-content\/uploads\/2022\/08\/logo-1.png\",\"contentUrl\":\"https:\/\/librairie7l.com\/wp-content\/uploads\/2022\/08\/logo-1.png\",\"width\":227,\"height\":301,\"caption\":\"Librairie 7L\"},\"image\":{\"@id\":\"https:\/\/librairie7l.com\/en\/#\/schema\/logo\/image\/\"}}]}<\/script>\n<!-- \/ Yoast SEO plugin. -->","yoast_head_json":{"title":"180\u00b0C N.29 : DIS-MOI OU\u00cfE ! - Librairie 7L","robots":{"index":"index","follow":"follow","max-snippet":"max-snippet:-1","max-image-preview":"max-image-preview:large","max-video-preview":"max-video-preview:-1"},"canonical":"https:\/\/librairie7l.com\/en\/produit\/180c-t-29-dis-moi-ouie\/","og_locale":"en_US","og_type":"article","og_title":"180\u00b0C N.29 : DIS-MOI OU\u00cfE ! - Librairie 7L","og_description":"Depuis quelques ann\u00e9es, lorsque l&#8217;on parle de viande, tout le monde s&#8217;accorde \u00e0 penser qu&#8217;il est temps, pour l&#8217;avenir de notre plan\u00e8te, d&#8217;en manger moins mais mieux. Mais qu&#8217;en est-il du poisson ? Un chiffre effraie : 34,2 % des stocks mondiaux de poissons sont aujourd&#8217;hui surexploit\u00e9s. C&#8217;est trois fois plus que dans les ann\u00e9es [&hellip;]","og_url":"https:\/\/librairie7l.com\/en\/produit\/180c-t-29-dis-moi-ouie\/","og_site_name":"Librairie 7L","article_modified_time":"2026-04-15T13:07:05+00:00","og_image":[{"width":599,"height":800,"url":"https:\/\/librairie7l.com\/wp-content\/uploads\/2022\/10\/9791092254907_1_75.jpg","type":"image\/jpeg"}],"twitter_card":"summary_large_image","twitter_misc":{"Est. reading time":"1 minute"},"schema":{"@context":"https:\/\/schema.org","@graph":[{"@type":"WebPage","@id":"https:\/\/librairie7l.com\/en\/produit\/180c-t-29-dis-moi-ouie\/","url":"https:\/\/librairie7l.com\/en\/produit\/180c-t-29-dis-moi-ouie\/","name":"180\u00b0C N.29 : DIS-MOI OU\u00cfE ! - Librairie 7L","isPartOf":{"@id":"https:\/\/librairie7l.com\/en\/#website"},"datePublished":"2023-05-09T15:10:42+00:00","dateModified":"2026-04-15T13:07:05+00:00","breadcrumb":{"@id":"https:\/\/librairie7l.com\/en\/produit\/180c-t-29-dis-moi-ouie\/#breadcrumb"},"inLanguage":"en-US","potentialAction":[{"@type":"ReadAction","target":["https:\/\/librairie7l.com\/en\/produit\/180c-t-29-dis-moi-ouie\/"]}]},{"@type":"BreadcrumbList","@id":"https:\/\/librairie7l.com\/en\/produit\/180c-t-29-dis-moi-ouie\/#breadcrumb","itemListElement":[{"@type":"ListItem","position":1,"name":"Accueil","item":"https:\/\/librairie7l.com\/en\/"},{"@type":"ListItem","position":2,"name":"Shop","item":"https:\/\/librairie7l.com\/en\/shop\/"},{"@type":"ListItem","position":3,"name":"180\u00b0C N.29 : DIS-MOI OU\u00cfE !"}]},{"@type":"WebSite","@id":"https:\/\/librairie7l.com\/en\/#website","url":"https:\/\/librairie7l.com\/en\/","name":"Librairie 7L","description":"Librairie fond\u00e9e en 1999 par Karl Lagerfeld \u00e0 Paris","publisher":{"@id":"https:\/\/librairie7l.com\/en\/#organization"},"potentialAction":[{"@type":"SearchAction","target":{"@type":"EntryPoint","urlTemplate":"https:\/\/librairie7l.com\/en\/?s={search_term_string}"},"query-input":"required name=search_term_string"}],"inLanguage":"en-US"},{"@type":"Organization","@id":"https:\/\/librairie7l.com\/en\/#organization","name":"Librairie 7L","url":"https:\/\/librairie7l.com\/en\/","logo":{"@type":"ImageObject","inLanguage":"en-US","@id":"https:\/\/librairie7l.com\/en\/#\/schema\/logo\/image\/","url":"https:\/\/librairie7l.com\/wp-content\/uploads\/2022\/08\/logo-1.png","contentUrl":"https:\/\/librairie7l.com\/wp-content\/uploads\/2022\/08\/logo-1.png","width":227,"height":301,"caption":"Librairie 7L"},"image":{"@id":"https:\/\/librairie7l.com\/en\/#\/schema\/logo\/image\/"}}]}},"_links":{"self":[{"href":"https:\/\/librairie7l.com\/en\/wp-json\/wp\/v2\/product\/15983"}],"collection":[{"href":"https:\/\/librairie7l.com\/en\/wp-json\/wp\/v2\/product"}],"about":[{"href":"https:\/\/librairie7l.com\/en\/wp-json\/wp\/v2\/types\/product"}],"wp:featuredmedia":[{"embeddable":true,"href":"https:\/\/librairie7l.com\/en\/wp-json\/wp\/v2\/media\/15981"}],"wp:attachment":[{"href":"https:\/\/librairie7l.com\/en\/wp-json\/wp\/v2\/media?parent=15983"}],"wp:term":[{"taxonomy":"product_cat","embeddable":true,"href":"https:\/\/librairie7l.com\/en\/wp-json\/wp\/v2\/product_cat?post=15983"},{"taxonomy":"product_tag","embeddable":true,"href":"https:\/\/librairie7l.com\/en\/wp-json\/wp\/v2\/product_tag?post=15983"}],"curies":[{"name":"wp","href":"https:\/\/api.w.org\/{rel}","templated":true}]}}