{"id":15991,"date":"2023-05-09T17:10:50","date_gmt":"2023-05-09T15:10:50","guid":{"rendered":"https:\/\/librairie7l.com\/?post_type=product&#038;p=15991"},"modified":"2026-04-06T02:38:41","modified_gmt":"2026-04-06T00:38:41","slug":"karl-lagerfeld-unseen-les-annees-chanel","status":"publish","type":"product","link":"https:\/\/librairie7l.com\/en\/produit\/karl-lagerfeld-unseen-les-annees-chanel\/","title":{"rendered":"KARL LAGERFELD UNSEEN : LES ANN\u00c9ES CHANEL"},"content":{"rendered":"<p>Photographe exclusif pour le Vogue am\u00e9ricain pendant plus d&#8217;une d\u00e9cennie, Robert Fairer ouvre ses archives et d\u00e9voile l&#8217;un des secrets les mieux gard\u00e9s du monde de la mode : des images d&#8217;instants vol\u00e9s au sein des plus grandes maisons de couture. Il nous invite ici \u00e0 entrer dans les coulisses de Chanel, du milieu des ann\u00e9es 1990 \u00e0 la fin des ann\u00e9es 2000. Karl Lagerfeld Unseen : les ann\u00e9es Chanel montre les cr\u00e9ations &#8211; pr\u00eat-\u00e0-porter et haute couture &#8211; de Karl Lagerfeld pour Chanel. Des textes sign\u00e9s par ses plus proches collaborateurs et ses amis offrent une nouvelle perspective sur son processus cr\u00e9atif et r\u00e9v\u00e8lent la gen\u00e8se de cr\u00e9ations devenues iconiques. Les 250 photographies de cet ouvrage rendent palpable l&#8217;\u00e9nergie des pr\u00e9paratifs des d\u00e9fil\u00e9s, tout comme elles restituent avec justesse le raffinement des essayages dans l&#8217;intimit\u00e9 des fameux salons &#8211; ivoire et noir &#8211; de la rue Cambon.<\/p>\n","protected":false},"excerpt":{"rendered":"<p>Photographe exclusif pour le Vogue am\u00e9ricain pendant plus d&#8217;une d\u00e9cennie, Robert Fairer ouvre ses archives et d\u00e9voile l&#8217;un des secrets les mieux gard\u00e9s du monde de la mode : des images d&#8217;instants vol\u00e9s au sein des plus grandes maisons de couture. Il nous invite ici \u00e0 entrer dans les coulisses de Chanel, du milieu des [&hellip;]<\/p>\n","protected":false},"featured_media":15989,"template":"","meta":[],"product_cat":[55,2948,2957,19],"product_tag":[],"acf":[],"yoast_head":"<!-- This site is optimized with the Yoast SEO plugin v20.11 - https:\/\/yoast.com\/wordpress\/plugins\/seo\/ -->\n<title>KARL LAGERFELD UNSEEN : LES ANN\u00c9ES CHANEL - Librairie 7L<\/title>\n<meta name=\"robots\" content=\"index, follow, max-snippet:-1, max-image-preview:large, max-video-preview:-1\" \/>\n<link rel=\"canonical\" href=\"https:\/\/librairie7l.com\/en\/produit\/karl-lagerfeld-unseen-les-annees-chanel\/\" \/>\n<meta property=\"og:locale\" content=\"en_US\" \/>\n<meta property=\"og:type\" content=\"article\" \/>\n<meta property=\"og:title\" content=\"KARL LAGERFELD UNSEEN : LES ANN\u00c9ES CHANEL - Librairie 7L\" \/>\n<meta property=\"og:description\" content=\"Photographe exclusif pour le Vogue am\u00e9ricain pendant plus d&#8217;une d\u00e9cennie, Robert Fairer ouvre ses archives et d\u00e9voile l&#8217;un des secrets les mieux gard\u00e9s du monde de la mode : des images d&#8217;instants vol\u00e9s au sein des plus grandes maisons de couture. Il nous invite ici \u00e0 entrer dans les coulisses de Chanel, du milieu des [&hellip;]\" \/>\n<meta property=\"og:url\" content=\"https:\/\/librairie7l.com\/en\/produit\/karl-lagerfeld-unseen-les-annees-chanel\/\" \/>\n<meta property=\"og:site_name\" content=\"Librairie 7L\" \/>\n<meta property=\"article:modified_time\" content=\"2026-04-06T00:38:41+00:00\" \/>\n<meta property=\"og:image\" content=\"https:\/\/librairie7l.com\/wp-content\/uploads\/2022\/11\/9791040111375_1_75.jpg\" \/>\n\t<meta property=\"og:image:width\" content=\"600\" \/>\n\t<meta property=\"og:image:height\" content=\"920\" \/>\n\t<meta property=\"og:image:type\" content=\"image\/jpeg\" \/>\n<meta name=\"twitter:card\" content=\"summary_large_image\" \/>\n<meta name=\"twitter:label1\" content=\"Est. reading time\" \/>\n\t<meta name=\"twitter:data1\" content=\"1 minute\" \/>\n<script type=\"application\/ld+json\" class=\"yoast-schema-graph\">{\"@context\":\"https:\/\/schema.org\",\"@graph\":[{\"@type\":\"WebPage\",\"@id\":\"https:\/\/librairie7l.com\/en\/produit\/karl-lagerfeld-unseen-les-annees-chanel\/\",\"url\":\"https:\/\/librairie7l.com\/en\/produit\/karl-lagerfeld-unseen-les-annees-chanel\/\",\"name\":\"KARL LAGERFELD UNSEEN : LES ANN\u00c9ES CHANEL - Librairie 7L\",\"isPartOf\":{\"@id\":\"https:\/\/librairie7l.com\/en\/#website\"},\"datePublished\":\"2023-05-09T15:10:50+00:00\",\"dateModified\":\"2026-04-06T00:38:41+00:00\",\"breadcrumb\":{\"@id\":\"https:\/\/librairie7l.com\/en\/produit\/karl-lagerfeld-unseen-les-annees-chanel\/#breadcrumb\"},\"inLanguage\":\"en-US\",\"potentialAction\":[{\"@type\":\"ReadAction\",\"target\":[\"https:\/\/librairie7l.com\/en\/produit\/karl-lagerfeld-unseen-les-annees-chanel\/\"]}]},{\"@type\":\"BreadcrumbList\",\"@id\":\"https:\/\/librairie7l.com\/en\/produit\/karl-lagerfeld-unseen-les-annees-chanel\/#breadcrumb\",\"itemListElement\":[{\"@type\":\"ListItem\",\"position\":1,\"name\":\"Accueil\",\"item\":\"https:\/\/librairie7l.com\/en\/\"},{\"@type\":\"ListItem\",\"position\":2,\"name\":\"Shop\",\"item\":\"https:\/\/librairie7l.com\/en\/shop\/\"},{\"@type\":\"ListItem\",\"position\":3,\"name\":\"KARL LAGERFELD UNSEEN : LES ANN\u00c9ES CHANEL\"}]},{\"@type\":\"WebSite\",\"@id\":\"https:\/\/librairie7l.com\/en\/#website\",\"url\":\"https:\/\/librairie7l.com\/en\/\",\"name\":\"Librairie 7L\",\"description\":\"Librairie fond\u00e9e en 1999 par Karl Lagerfeld \u00e0 Paris\",\"publisher\":{\"@id\":\"https:\/\/librairie7l.com\/en\/#organization\"},\"potentialAction\":[{\"@type\":\"SearchAction\",\"target\":{\"@type\":\"EntryPoint\",\"urlTemplate\":\"https:\/\/librairie7l.com\/en\/?s={search_term_string}\"},\"query-input\":\"required name=search_term_string\"}],\"inLanguage\":\"en-US\"},{\"@type\":\"Organization\",\"@id\":\"https:\/\/librairie7l.com\/en\/#organization\",\"name\":\"Librairie 7L\",\"url\":\"https:\/\/librairie7l.com\/en\/\",\"logo\":{\"@type\":\"ImageObject\",\"inLanguage\":\"en-US\",\"@id\":\"https:\/\/librairie7l.com\/en\/#\/schema\/logo\/image\/\",\"url\":\"https:\/\/librairie7l.com\/wp-content\/uploads\/2022\/08\/logo-1.png\",\"contentUrl\":\"https:\/\/librairie7l.com\/wp-content\/uploads\/2022\/08\/logo-1.png\",\"width\":227,\"height\":301,\"caption\":\"Librairie 7L\"},\"image\":{\"@id\":\"https:\/\/librairie7l.com\/en\/#\/schema\/logo\/image\/\"}}]}<\/script>\n<!-- \/ Yoast SEO plugin. -->","yoast_head_json":{"title":"KARL LAGERFELD UNSEEN : LES ANN\u00c9ES CHANEL - Librairie 7L","robots":{"index":"index","follow":"follow","max-snippet":"max-snippet:-1","max-image-preview":"max-image-preview:large","max-video-preview":"max-video-preview:-1"},"canonical":"https:\/\/librairie7l.com\/en\/produit\/karl-lagerfeld-unseen-les-annees-chanel\/","og_locale":"en_US","og_type":"article","og_title":"KARL LAGERFELD UNSEEN : LES ANN\u00c9ES CHANEL - Librairie 7L","og_description":"Photographe exclusif pour le Vogue am\u00e9ricain pendant plus d&#8217;une d\u00e9cennie, Robert Fairer ouvre ses archives et d\u00e9voile l&#8217;un des secrets les mieux gard\u00e9s du monde de la mode : des images d&#8217;instants vol\u00e9s au sein des plus grandes maisons de couture. Il nous invite ici \u00e0 entrer dans les coulisses de Chanel, du milieu des [&hellip;]","og_url":"https:\/\/librairie7l.com\/en\/produit\/karl-lagerfeld-unseen-les-annees-chanel\/","og_site_name":"Librairie 7L","article_modified_time":"2026-04-06T00:38:41+00:00","og_image":[{"width":600,"height":920,"url":"https:\/\/librairie7l.com\/wp-content\/uploads\/2022\/11\/9791040111375_1_75.jpg","type":"image\/jpeg"}],"twitter_card":"summary_large_image","twitter_misc":{"Est. reading time":"1 minute"},"schema":{"@context":"https:\/\/schema.org","@graph":[{"@type":"WebPage","@id":"https:\/\/librairie7l.com\/en\/produit\/karl-lagerfeld-unseen-les-annees-chanel\/","url":"https:\/\/librairie7l.com\/en\/produit\/karl-lagerfeld-unseen-les-annees-chanel\/","name":"KARL LAGERFELD UNSEEN : LES ANN\u00c9ES CHANEL - Librairie 7L","isPartOf":{"@id":"https:\/\/librairie7l.com\/en\/#website"},"datePublished":"2023-05-09T15:10:50+00:00","dateModified":"2026-04-06T00:38:41+00:00","breadcrumb":{"@id":"https:\/\/librairie7l.com\/en\/produit\/karl-lagerfeld-unseen-les-annees-chanel\/#breadcrumb"},"inLanguage":"en-US","potentialAction":[{"@type":"ReadAction","target":["https:\/\/librairie7l.com\/en\/produit\/karl-lagerfeld-unseen-les-annees-chanel\/"]}]},{"@type":"BreadcrumbList","@id":"https:\/\/librairie7l.com\/en\/produit\/karl-lagerfeld-unseen-les-annees-chanel\/#breadcrumb","itemListElement":[{"@type":"ListItem","position":1,"name":"Accueil","item":"https:\/\/librairie7l.com\/en\/"},{"@type":"ListItem","position":2,"name":"Shop","item":"https:\/\/librairie7l.com\/en\/shop\/"},{"@type":"ListItem","position":3,"name":"KARL LAGERFELD UNSEEN : LES ANN\u00c9ES CHANEL"}]},{"@type":"WebSite","@id":"https:\/\/librairie7l.com\/en\/#website","url":"https:\/\/librairie7l.com\/en\/","name":"Librairie 7L","description":"Librairie fond\u00e9e en 1999 par Karl Lagerfeld \u00e0 Paris","publisher":{"@id":"https:\/\/librairie7l.com\/en\/#organization"},"potentialAction":[{"@type":"SearchAction","target":{"@type":"EntryPoint","urlTemplate":"https:\/\/librairie7l.com\/en\/?s={search_term_string}"},"query-input":"required name=search_term_string"}],"inLanguage":"en-US"},{"@type":"Organization","@id":"https:\/\/librairie7l.com\/en\/#organization","name":"Librairie 7L","url":"https:\/\/librairie7l.com\/en\/","logo":{"@type":"ImageObject","inLanguage":"en-US","@id":"https:\/\/librairie7l.com\/en\/#\/schema\/logo\/image\/","url":"https:\/\/librairie7l.com\/wp-content\/uploads\/2022\/08\/logo-1.png","contentUrl":"https:\/\/librairie7l.com\/wp-content\/uploads\/2022\/08\/logo-1.png","width":227,"height":301,"caption":"Librairie 7L"},"image":{"@id":"https:\/\/librairie7l.com\/en\/#\/schema\/logo\/image\/"}}]}},"_links":{"self":[{"href":"https:\/\/librairie7l.com\/en\/wp-json\/wp\/v2\/product\/15991"}],"collection":[{"href":"https:\/\/librairie7l.com\/en\/wp-json\/wp\/v2\/product"}],"about":[{"href":"https:\/\/librairie7l.com\/en\/wp-json\/wp\/v2\/types\/product"}],"wp:featuredmedia":[{"embeddable":true,"href":"https:\/\/librairie7l.com\/en\/wp-json\/wp\/v2\/media\/15989"}],"wp:attachment":[{"href":"https:\/\/librairie7l.com\/en\/wp-json\/wp\/v2\/media?parent=15991"}],"wp:term":[{"taxonomy":"product_cat","embeddable":true,"href":"https:\/\/librairie7l.com\/en\/wp-json\/wp\/v2\/product_cat?post=15991"},{"taxonomy":"product_tag","embeddable":true,"href":"https:\/\/librairie7l.com\/en\/wp-json\/wp\/v2\/product_tag?post=15991"}],"curies":[{"name":"wp","href":"https:\/\/api.w.org\/{rel}","templated":true}]}}