{"id":15995,"date":"2023-05-09T17:10:53","date_gmt":"2023-05-09T15:10:53","guid":{"rendered":"https:\/\/librairie7l.com\/?post_type=product&#038;p=15995"},"modified":"2026-04-30T14:56:49","modified_gmt":"2026-04-30T12:56:49","slug":"des-oiseaux-6","status":"publish","type":"product","link":"https:\/\/librairie7l.com\/en\/produit\/des-oiseaux-6\/","title":{"rendered":"DES OISEAUX"},"content":{"rendered":"<p>Dans un puissant noir &amp; blanc, aux nuances de gris velout\u00e9es, la photographe sud-cor\u00e9enne Kyunghee Lee renouvelle ici la captation de ces corvid\u00e9s dot\u00e9s de pouvoirs magiques dans l&#8217;imaginaire collectif occidental.<\/p>\n<p>Cr\u00e9\u00e9e en 2018 par Xavier Barral, la collection &#8221; Des oiseaux &#8221; f\u00eate en 2023 ses cinq ann\u00e9es d&#8217;existence. Pour ce quatorzi\u00e8me volume, c&#8217;est au tour, cette fois, du corbeau d&#8217;\u00eatre magnifi\u00e9. Repr\u00e9sent\u00e9 \u00e0 travers dessins ou peintures depuis des si\u00e8cles dans la mythologie asiatique, que ce soit en Chine, au Japon ou en Cor\u00e9e, on lui pr\u00eate de nombreuses vertus qui ont fait de lui un totem l\u00e9gendaire. R\u00e9alis\u00e9e entre 1975 et 1986, la s\u00e9rie &#8221; Ravens &#8221; du photographe japonais Masahisa Fukase, qui s&#8217;\u00e9tait d&#8217;une certaine fa\u00e7on auto-identifi\u00e9 avec les corneilles de l&#8217;\u00eele d&#8217;Hokkaido dont il \u00e9tait originaire, est devenue une oeuvre majeure dans l&#8217;histoire de la photographie.<\/p>\n<p>Dans un puissant noir &amp; blanc, aux nuances de gris velout\u00e9es, la photographe sud-cor\u00e9enne Kyunghee Lee renouvelle ici la captation de ces corvid\u00e9s dot\u00e9s de pouvoirs magiques dans l&#8217;imaginaire collectif occidental. Capt\u00e9s dans les \u00e9paisses frondaisons en puissantes et majestueuses nu\u00e9es ou encore seuls dans des ciels laiteux, les corbeaux de Kyunghee Lee nous immergent dans leur monde silencieux des soirs d&#8217;hiver. Ses cadrages serr\u00e9s c\u00e9l\u00e8brent leur myst\u00e8re, et des plans plus larges, qui semblent noircis par des brous de noix, livrent une vision terrestre, d\u00e9nu\u00e9e de toute trace humaine, que souligne une lumi\u00e8re c\u00e9leste au lyrisme implacable.<\/p>\n","protected":false},"excerpt":{"rendered":"<p>Dans un puissant noir &amp; blanc, aux nuances de gris velout\u00e9es, la photographe sud-cor\u00e9enne Kyunghee Lee renouvelle ici la captation de ces corvid\u00e9s dot\u00e9s de pouvoirs magiques dans l&#8217;imaginaire collectif occidental. Cr\u00e9\u00e9e en 2018 par Xavier Barral, la collection &#8221; Des oiseaux &#8221; f\u00eate en 2023 ses cinq ann\u00e9es d&#8217;existence. Pour ce quatorzi\u00e8me volume, c&#8217;est [&hellip;]<\/p>\n","protected":false},"featured_media":33581,"template":"","meta":[],"product_cat":[55,2948,2958,17],"product_tag":[],"acf":[],"yoast_head":"<!-- This site is optimized with the Yoast SEO plugin v20.11 - https:\/\/yoast.com\/wordpress\/plugins\/seo\/ -->\n<title>DES OISEAUX - Librairie 7L<\/title>\n<meta name=\"robots\" content=\"index, follow, max-snippet:-1, max-image-preview:large, max-video-preview:-1\" \/>\n<link rel=\"canonical\" href=\"https:\/\/librairie7l.com\/en\/produit\/des-oiseaux-6\/\" \/>\n<meta property=\"og:locale\" content=\"en_US\" \/>\n<meta property=\"og:type\" content=\"article\" \/>\n<meta property=\"og:title\" content=\"DES OISEAUX - Librairie 7L\" \/>\n<meta property=\"og:description\" content=\"Dans un puissant noir &amp; blanc, aux nuances de gris velout\u00e9es, la photographe sud-cor\u00e9enne Kyunghee Lee renouvelle ici la captation de ces corvid\u00e9s dot\u00e9s de pouvoirs magiques dans l&#8217;imaginaire collectif occidental. Cr\u00e9\u00e9e en 2018 par Xavier Barral, la collection &#8221; Des oiseaux &#8221; f\u00eate en 2023 ses cinq ann\u00e9es d&#8217;existence. Pour ce quatorzi\u00e8me volume, c&#8217;est [&hellip;]\" \/>\n<meta property=\"og:url\" content=\"https:\/\/librairie7l.com\/en\/produit\/des-oiseaux-6\/\" \/>\n<meta property=\"og:site_name\" content=\"Librairie 7L\" \/>\n<meta property=\"article:modified_time\" content=\"2026-04-30T12:56:49+00:00\" \/>\n<meta property=\"og:image\" content=\"https:\/\/librairie7l.com\/wp-content\/uploads\/2022\/12\/9782365113601_1_75.jpg\" \/>\n\t<meta property=\"og:image:width\" content=\"620\" \/>\n\t<meta property=\"og:image:height\" content=\"600\" \/>\n\t<meta property=\"og:image:type\" content=\"image\/jpeg\" \/>\n<meta name=\"twitter:card\" content=\"summary_large_image\" \/>\n<meta name=\"twitter:label1\" content=\"Est. reading time\" \/>\n\t<meta name=\"twitter:data1\" content=\"1 minute\" \/>\n<script type=\"application\/ld+json\" class=\"yoast-schema-graph\">{\"@context\":\"https:\/\/schema.org\",\"@graph\":[{\"@type\":\"WebPage\",\"@id\":\"https:\/\/librairie7l.com\/en\/produit\/des-oiseaux-6\/\",\"url\":\"https:\/\/librairie7l.com\/en\/produit\/des-oiseaux-6\/\",\"name\":\"DES OISEAUX - Librairie 7L\",\"isPartOf\":{\"@id\":\"https:\/\/librairie7l.com\/en\/#website\"},\"datePublished\":\"2023-05-09T15:10:53+00:00\",\"dateModified\":\"2026-04-30T12:56:49+00:00\",\"breadcrumb\":{\"@id\":\"https:\/\/librairie7l.com\/en\/produit\/des-oiseaux-6\/#breadcrumb\"},\"inLanguage\":\"en-US\",\"potentialAction\":[{\"@type\":\"ReadAction\",\"target\":[\"https:\/\/librairie7l.com\/en\/produit\/des-oiseaux-6\/\"]}]},{\"@type\":\"BreadcrumbList\",\"@id\":\"https:\/\/librairie7l.com\/en\/produit\/des-oiseaux-6\/#breadcrumb\",\"itemListElement\":[{\"@type\":\"ListItem\",\"position\":1,\"name\":\"Accueil\",\"item\":\"https:\/\/librairie7l.com\/en\/\"},{\"@type\":\"ListItem\",\"position\":2,\"name\":\"Shop\",\"item\":\"https:\/\/librairie7l.com\/en\/shop\/\"},{\"@type\":\"ListItem\",\"position\":3,\"name\":\"DES OISEAUX\"}]},{\"@type\":\"WebSite\",\"@id\":\"https:\/\/librairie7l.com\/en\/#website\",\"url\":\"https:\/\/librairie7l.com\/en\/\",\"name\":\"Librairie 7L\",\"description\":\"Librairie fond\u00e9e en 1999 par Karl Lagerfeld \u00e0 Paris\",\"publisher\":{\"@id\":\"https:\/\/librairie7l.com\/en\/#organization\"},\"potentialAction\":[{\"@type\":\"SearchAction\",\"target\":{\"@type\":\"EntryPoint\",\"urlTemplate\":\"https:\/\/librairie7l.com\/en\/?s={search_term_string}\"},\"query-input\":\"required name=search_term_string\"}],\"inLanguage\":\"en-US\"},{\"@type\":\"Organization\",\"@id\":\"https:\/\/librairie7l.com\/en\/#organization\",\"name\":\"Librairie 7L\",\"url\":\"https:\/\/librairie7l.com\/en\/\",\"logo\":{\"@type\":\"ImageObject\",\"inLanguage\":\"en-US\",\"@id\":\"https:\/\/librairie7l.com\/en\/#\/schema\/logo\/image\/\",\"url\":\"https:\/\/librairie7l.com\/wp-content\/uploads\/2022\/08\/logo-1.png\",\"contentUrl\":\"https:\/\/librairie7l.com\/wp-content\/uploads\/2022\/08\/logo-1.png\",\"width\":227,\"height\":301,\"caption\":\"Librairie 7L\"},\"image\":{\"@id\":\"https:\/\/librairie7l.com\/en\/#\/schema\/logo\/image\/\"}}]}<\/script>\n<!-- \/ Yoast SEO plugin. -->","yoast_head_json":{"title":"DES OISEAUX - Librairie 7L","robots":{"index":"index","follow":"follow","max-snippet":"max-snippet:-1","max-image-preview":"max-image-preview:large","max-video-preview":"max-video-preview:-1"},"canonical":"https:\/\/librairie7l.com\/en\/produit\/des-oiseaux-6\/","og_locale":"en_US","og_type":"article","og_title":"DES OISEAUX - Librairie 7L","og_description":"Dans un puissant noir &amp; blanc, aux nuances de gris velout\u00e9es, la photographe sud-cor\u00e9enne Kyunghee Lee renouvelle ici la captation de ces corvid\u00e9s dot\u00e9s de pouvoirs magiques dans l&#8217;imaginaire collectif occidental. Cr\u00e9\u00e9e en 2018 par Xavier Barral, la collection &#8221; Des oiseaux &#8221; f\u00eate en 2023 ses cinq ann\u00e9es d&#8217;existence. Pour ce quatorzi\u00e8me volume, c&#8217;est [&hellip;]","og_url":"https:\/\/librairie7l.com\/en\/produit\/des-oiseaux-6\/","og_site_name":"Librairie 7L","article_modified_time":"2026-04-30T12:56:49+00:00","og_image":[{"width":620,"height":600,"url":"https:\/\/librairie7l.com\/wp-content\/uploads\/2022\/12\/9782365113601_1_75.jpg","type":"image\/jpeg"}],"twitter_card":"summary_large_image","twitter_misc":{"Est. reading time":"1 minute"},"schema":{"@context":"https:\/\/schema.org","@graph":[{"@type":"WebPage","@id":"https:\/\/librairie7l.com\/en\/produit\/des-oiseaux-6\/","url":"https:\/\/librairie7l.com\/en\/produit\/des-oiseaux-6\/","name":"DES OISEAUX - Librairie 7L","isPartOf":{"@id":"https:\/\/librairie7l.com\/en\/#website"},"datePublished":"2023-05-09T15:10:53+00:00","dateModified":"2026-04-30T12:56:49+00:00","breadcrumb":{"@id":"https:\/\/librairie7l.com\/en\/produit\/des-oiseaux-6\/#breadcrumb"},"inLanguage":"en-US","potentialAction":[{"@type":"ReadAction","target":["https:\/\/librairie7l.com\/en\/produit\/des-oiseaux-6\/"]}]},{"@type":"BreadcrumbList","@id":"https:\/\/librairie7l.com\/en\/produit\/des-oiseaux-6\/#breadcrumb","itemListElement":[{"@type":"ListItem","position":1,"name":"Accueil","item":"https:\/\/librairie7l.com\/en\/"},{"@type":"ListItem","position":2,"name":"Shop","item":"https:\/\/librairie7l.com\/en\/shop\/"},{"@type":"ListItem","position":3,"name":"DES OISEAUX"}]},{"@type":"WebSite","@id":"https:\/\/librairie7l.com\/en\/#website","url":"https:\/\/librairie7l.com\/en\/","name":"Librairie 7L","description":"Librairie fond\u00e9e en 1999 par Karl Lagerfeld \u00e0 Paris","publisher":{"@id":"https:\/\/librairie7l.com\/en\/#organization"},"potentialAction":[{"@type":"SearchAction","target":{"@type":"EntryPoint","urlTemplate":"https:\/\/librairie7l.com\/en\/?s={search_term_string}"},"query-input":"required name=search_term_string"}],"inLanguage":"en-US"},{"@type":"Organization","@id":"https:\/\/librairie7l.com\/en\/#organization","name":"Librairie 7L","url":"https:\/\/librairie7l.com\/en\/","logo":{"@type":"ImageObject","inLanguage":"en-US","@id":"https:\/\/librairie7l.com\/en\/#\/schema\/logo\/image\/","url":"https:\/\/librairie7l.com\/wp-content\/uploads\/2022\/08\/logo-1.png","contentUrl":"https:\/\/librairie7l.com\/wp-content\/uploads\/2022\/08\/logo-1.png","width":227,"height":301,"caption":"Librairie 7L"},"image":{"@id":"https:\/\/librairie7l.com\/en\/#\/schema\/logo\/image\/"}}]}},"_links":{"self":[{"href":"https:\/\/librairie7l.com\/en\/wp-json\/wp\/v2\/product\/15995"}],"collection":[{"href":"https:\/\/librairie7l.com\/en\/wp-json\/wp\/v2\/product"}],"about":[{"href":"https:\/\/librairie7l.com\/en\/wp-json\/wp\/v2\/types\/product"}],"wp:featuredmedia":[{"embeddable":true,"href":"https:\/\/librairie7l.com\/en\/wp-json\/wp\/v2\/media\/33581"}],"wp:attachment":[{"href":"https:\/\/librairie7l.com\/en\/wp-json\/wp\/v2\/media?parent=15995"}],"wp:term":[{"taxonomy":"product_cat","embeddable":true,"href":"https:\/\/librairie7l.com\/en\/wp-json\/wp\/v2\/product_cat?post=15995"},{"taxonomy":"product_tag","embeddable":true,"href":"https:\/\/librairie7l.com\/en\/wp-json\/wp\/v2\/product_tag?post=15995"}],"curies":[{"name":"wp","href":"https:\/\/api.w.org\/{rel}","templated":true}]}}