{"id":15999,"date":"2023-05-09T17:10:56","date_gmt":"2023-05-09T15:10:56","guid":{"rendered":"https:\/\/librairie7l.com\/?post_type=product&#038;p=15999"},"modified":"2026-04-04T11:10:23","modified_gmt":"2026-04-04T09:10:23","slug":"marie-laure-de-noailles-la-vicomtesse-du-bizarre-2","status":"publish","type":"product","link":"https:\/\/librairie7l.com\/en\/produit\/marie-laure-de-noailles-la-vicomtesse-du-bizarre-2\/","title":{"rendered":"MARIE-LAURE DE NOAILLES : LA VICOMTESSE DU BIZARRE"},"content":{"rendered":"<p>Descendante du sulfureux marquis de Sade, protectrice des artistes surr\u00e9alistes et \u00ab Lolita \u00bb de Cocteau, Marie Laure de Noailles (1902-1970) a v\u00e9cu un destin exceptionnel. Laurence Bena\u00efm rend hommage \u00e0 cette inclassable vicomtesse du bizarre. N\u00e9e en 1902, issue d&#8217;une dynastie de banquiers allemands et de l&#8217;aristocratie fran\u00e7aise, l&#8217;extravagante Marie Laure r\u00e9sume les contradictions du si\u00e8cle. \u00c9trange et iconoclaste, \u00e9tincelante et g\u00e9n\u00e9reuse, elle fut \u00e0 la fois l&#8217;enfant qui d\u00e9chira les lettres que Proust envoyait \u00e0 sa grand-m\u00e8re et l&#8217;\u00e9pouse de Charles de Noailles, avec lequel elle confia \u00e0 Robert Mallet-Stevens la construction d&#8217;une villa cubiste \u00e0 Hy\u00e8res et \u00e0 Jean-Michel Frank la d\u00e9coration de son salon parisien. Cette amie de Ren\u00e9 Crevel, Christian B\u00e9rard, Louis Aragon et Kurt Weill fut aussi la m\u00e9c\u00e8ne de L&#8217;\u00c2ge d&#8217;or, le film de Bu\u00f1uel qui fit scandale. Figure incontest\u00e9e de la \u00ab caf\u00e9 society \u00bb, elle fut de bien des querelles artistiques et endura les blessures d&#8217;amour jusqu&#8217;\u00e0 sa mort en 1970.<\/p>\n","protected":false},"excerpt":{"rendered":"<p>Descendante du sulfureux marquis de Sade, protectrice des artistes surr\u00e9alistes et \u00ab Lolita \u00bb de Cocteau, Marie Laure de Noailles (1902-1970) a v\u00e9cu un destin exceptionnel. Laurence Bena\u00efm rend hommage \u00e0 cette inclassable vicomtesse du bizarre. N\u00e9e en 1902, issue d&#8217;une dynastie de banquiers allemands et de l&#8217;aristocratie fran\u00e7aise, l&#8217;extravagante Marie Laure r\u00e9sume les contradictions [&hellip;]<\/p>\n","protected":false},"featured_media":15997,"template":"","meta":[],"product_cat":[55,2948,18,2952],"product_tag":[],"acf":[],"yoast_head":"<!-- This site is optimized with the Yoast SEO plugin v20.11 - https:\/\/yoast.com\/wordpress\/plugins\/seo\/ -->\n<title>MARIE-LAURE DE NOAILLES : LA VICOMTESSE DU BIZARRE - Librairie 7L<\/title>\n<meta name=\"robots\" content=\"index, follow, max-snippet:-1, max-image-preview:large, max-video-preview:-1\" \/>\n<link rel=\"canonical\" href=\"https:\/\/librairie7l.com\/en\/produit\/marie-laure-de-noailles-la-vicomtesse-du-bizarre-2\/\" \/>\n<meta property=\"og:locale\" content=\"en_US\" \/>\n<meta property=\"og:type\" content=\"article\" \/>\n<meta property=\"og:title\" content=\"MARIE-LAURE DE NOAILLES : LA VICOMTESSE DU BIZARRE - Librairie 7L\" \/>\n<meta property=\"og:description\" content=\"Descendante du sulfureux marquis de Sade, protectrice des artistes surr\u00e9alistes et \u00ab Lolita \u00bb de Cocteau, Marie Laure de Noailles (1902-1970) a v\u00e9cu un destin exceptionnel. Laurence Bena\u00efm rend hommage \u00e0 cette inclassable vicomtesse du bizarre. N\u00e9e en 1902, issue d&#8217;une dynastie de banquiers allemands et de l&#8217;aristocratie fran\u00e7aise, l&#8217;extravagante Marie Laure r\u00e9sume les contradictions [&hellip;]\" \/>\n<meta property=\"og:url\" content=\"https:\/\/librairie7l.com\/en\/produit\/marie-laure-de-noailles-la-vicomtesse-du-bizarre-2\/\" \/>\n<meta property=\"og:site_name\" content=\"Librairie 7L\" \/>\n<meta property=\"article:modified_time\" content=\"2026-04-04T09:10:23+00:00\" \/>\n<meta property=\"og:image\" content=\"https:\/\/librairie7l.com\/wp-content\/uploads\/2023\/02\/9791021055742_1_75.jpg\" \/>\n\t<meta property=\"og:image:width\" content=\"533\" \/>\n\t<meta property=\"og:image:height\" content=\"800\" \/>\n\t<meta property=\"og:image:type\" content=\"image\/jpeg\" \/>\n<meta name=\"twitter:card\" content=\"summary_large_image\" \/>\n<meta name=\"twitter:label1\" content=\"Est. reading time\" \/>\n\t<meta name=\"twitter:data1\" content=\"1 minute\" \/>\n<script type=\"application\/ld+json\" class=\"yoast-schema-graph\">{\"@context\":\"https:\/\/schema.org\",\"@graph\":[{\"@type\":\"WebPage\",\"@id\":\"https:\/\/librairie7l.com\/en\/produit\/marie-laure-de-noailles-la-vicomtesse-du-bizarre-2\/\",\"url\":\"https:\/\/librairie7l.com\/en\/produit\/marie-laure-de-noailles-la-vicomtesse-du-bizarre-2\/\",\"name\":\"MARIE-LAURE DE NOAILLES : LA VICOMTESSE DU BIZARRE - Librairie 7L\",\"isPartOf\":{\"@id\":\"https:\/\/librairie7l.com\/en\/#website\"},\"datePublished\":\"2023-05-09T15:10:56+00:00\",\"dateModified\":\"2026-04-04T09:10:23+00:00\",\"breadcrumb\":{\"@id\":\"https:\/\/librairie7l.com\/en\/produit\/marie-laure-de-noailles-la-vicomtesse-du-bizarre-2\/#breadcrumb\"},\"inLanguage\":\"en-US\",\"potentialAction\":[{\"@type\":\"ReadAction\",\"target\":[\"https:\/\/librairie7l.com\/en\/produit\/marie-laure-de-noailles-la-vicomtesse-du-bizarre-2\/\"]}]},{\"@type\":\"BreadcrumbList\",\"@id\":\"https:\/\/librairie7l.com\/en\/produit\/marie-laure-de-noailles-la-vicomtesse-du-bizarre-2\/#breadcrumb\",\"itemListElement\":[{\"@type\":\"ListItem\",\"position\":1,\"name\":\"Accueil\",\"item\":\"https:\/\/librairie7l.com\/en\/\"},{\"@type\":\"ListItem\",\"position\":2,\"name\":\"Shop\",\"item\":\"https:\/\/librairie7l.com\/en\/shop\/\"},{\"@type\":\"ListItem\",\"position\":3,\"name\":\"MARIE-LAURE DE NOAILLES : LA VICOMTESSE DU BIZARRE\"}]},{\"@type\":\"WebSite\",\"@id\":\"https:\/\/librairie7l.com\/en\/#website\",\"url\":\"https:\/\/librairie7l.com\/en\/\",\"name\":\"Librairie 7L\",\"description\":\"Librairie fond\u00e9e en 1999 par Karl Lagerfeld \u00e0 Paris\",\"publisher\":{\"@id\":\"https:\/\/librairie7l.com\/en\/#organization\"},\"potentialAction\":[{\"@type\":\"SearchAction\",\"target\":{\"@type\":\"EntryPoint\",\"urlTemplate\":\"https:\/\/librairie7l.com\/en\/?s={search_term_string}\"},\"query-input\":\"required name=search_term_string\"}],\"inLanguage\":\"en-US\"},{\"@type\":\"Organization\",\"@id\":\"https:\/\/librairie7l.com\/en\/#organization\",\"name\":\"Librairie 7L\",\"url\":\"https:\/\/librairie7l.com\/en\/\",\"logo\":{\"@type\":\"ImageObject\",\"inLanguage\":\"en-US\",\"@id\":\"https:\/\/librairie7l.com\/en\/#\/schema\/logo\/image\/\",\"url\":\"https:\/\/librairie7l.com\/wp-content\/uploads\/2022\/08\/logo-1.png\",\"contentUrl\":\"https:\/\/librairie7l.com\/wp-content\/uploads\/2022\/08\/logo-1.png\",\"width\":227,\"height\":301,\"caption\":\"Librairie 7L\"},\"image\":{\"@id\":\"https:\/\/librairie7l.com\/en\/#\/schema\/logo\/image\/\"}}]}<\/script>\n<!-- \/ Yoast SEO plugin. -->","yoast_head_json":{"title":"MARIE-LAURE DE NOAILLES : LA VICOMTESSE DU BIZARRE - Librairie 7L","robots":{"index":"index","follow":"follow","max-snippet":"max-snippet:-1","max-image-preview":"max-image-preview:large","max-video-preview":"max-video-preview:-1"},"canonical":"https:\/\/librairie7l.com\/en\/produit\/marie-laure-de-noailles-la-vicomtesse-du-bizarre-2\/","og_locale":"en_US","og_type":"article","og_title":"MARIE-LAURE DE NOAILLES : LA VICOMTESSE DU BIZARRE - Librairie 7L","og_description":"Descendante du sulfureux marquis de Sade, protectrice des artistes surr\u00e9alistes et \u00ab Lolita \u00bb de Cocteau, Marie Laure de Noailles (1902-1970) a v\u00e9cu un destin exceptionnel. Laurence Bena\u00efm rend hommage \u00e0 cette inclassable vicomtesse du bizarre. N\u00e9e en 1902, issue d&#8217;une dynastie de banquiers allemands et de l&#8217;aristocratie fran\u00e7aise, l&#8217;extravagante Marie Laure r\u00e9sume les contradictions [&hellip;]","og_url":"https:\/\/librairie7l.com\/en\/produit\/marie-laure-de-noailles-la-vicomtesse-du-bizarre-2\/","og_site_name":"Librairie 7L","article_modified_time":"2026-04-04T09:10:23+00:00","og_image":[{"width":533,"height":800,"url":"https:\/\/librairie7l.com\/wp-content\/uploads\/2023\/02\/9791021055742_1_75.jpg","type":"image\/jpeg"}],"twitter_card":"summary_large_image","twitter_misc":{"Est. reading time":"1 minute"},"schema":{"@context":"https:\/\/schema.org","@graph":[{"@type":"WebPage","@id":"https:\/\/librairie7l.com\/en\/produit\/marie-laure-de-noailles-la-vicomtesse-du-bizarre-2\/","url":"https:\/\/librairie7l.com\/en\/produit\/marie-laure-de-noailles-la-vicomtesse-du-bizarre-2\/","name":"MARIE-LAURE DE NOAILLES : LA VICOMTESSE DU BIZARRE - Librairie 7L","isPartOf":{"@id":"https:\/\/librairie7l.com\/en\/#website"},"datePublished":"2023-05-09T15:10:56+00:00","dateModified":"2026-04-04T09:10:23+00:00","breadcrumb":{"@id":"https:\/\/librairie7l.com\/en\/produit\/marie-laure-de-noailles-la-vicomtesse-du-bizarre-2\/#breadcrumb"},"inLanguage":"en-US","potentialAction":[{"@type":"ReadAction","target":["https:\/\/librairie7l.com\/en\/produit\/marie-laure-de-noailles-la-vicomtesse-du-bizarre-2\/"]}]},{"@type":"BreadcrumbList","@id":"https:\/\/librairie7l.com\/en\/produit\/marie-laure-de-noailles-la-vicomtesse-du-bizarre-2\/#breadcrumb","itemListElement":[{"@type":"ListItem","position":1,"name":"Accueil","item":"https:\/\/librairie7l.com\/en\/"},{"@type":"ListItem","position":2,"name":"Shop","item":"https:\/\/librairie7l.com\/en\/shop\/"},{"@type":"ListItem","position":3,"name":"MARIE-LAURE DE NOAILLES : LA VICOMTESSE DU BIZARRE"}]},{"@type":"WebSite","@id":"https:\/\/librairie7l.com\/en\/#website","url":"https:\/\/librairie7l.com\/en\/","name":"Librairie 7L","description":"Librairie fond\u00e9e en 1999 par Karl Lagerfeld \u00e0 Paris","publisher":{"@id":"https:\/\/librairie7l.com\/en\/#organization"},"potentialAction":[{"@type":"SearchAction","target":{"@type":"EntryPoint","urlTemplate":"https:\/\/librairie7l.com\/en\/?s={search_term_string}"},"query-input":"required name=search_term_string"}],"inLanguage":"en-US"},{"@type":"Organization","@id":"https:\/\/librairie7l.com\/en\/#organization","name":"Librairie 7L","url":"https:\/\/librairie7l.com\/en\/","logo":{"@type":"ImageObject","inLanguage":"en-US","@id":"https:\/\/librairie7l.com\/en\/#\/schema\/logo\/image\/","url":"https:\/\/librairie7l.com\/wp-content\/uploads\/2022\/08\/logo-1.png","contentUrl":"https:\/\/librairie7l.com\/wp-content\/uploads\/2022\/08\/logo-1.png","width":227,"height":301,"caption":"Librairie 7L"},"image":{"@id":"https:\/\/librairie7l.com\/en\/#\/schema\/logo\/image\/"}}]}},"_links":{"self":[{"href":"https:\/\/librairie7l.com\/en\/wp-json\/wp\/v2\/product\/15999"}],"collection":[{"href":"https:\/\/librairie7l.com\/en\/wp-json\/wp\/v2\/product"}],"about":[{"href":"https:\/\/librairie7l.com\/en\/wp-json\/wp\/v2\/types\/product"}],"wp:featuredmedia":[{"embeddable":true,"href":"https:\/\/librairie7l.com\/en\/wp-json\/wp\/v2\/media\/15997"}],"wp:attachment":[{"href":"https:\/\/librairie7l.com\/en\/wp-json\/wp\/v2\/media?parent=15999"}],"wp:term":[{"taxonomy":"product_cat","embeddable":true,"href":"https:\/\/librairie7l.com\/en\/wp-json\/wp\/v2\/product_cat?post=15999"},{"taxonomy":"product_tag","embeddable":true,"href":"https:\/\/librairie7l.com\/en\/wp-json\/wp\/v2\/product_tag?post=15999"}],"curies":[{"name":"wp","href":"https:\/\/api.w.org\/{rel}","templated":true}]}}