{"id":16023,"date":"2023-05-09T17:11:18","date_gmt":"2023-05-09T15:11:18","guid":{"rendered":"https:\/\/librairie7l.com\/?post_type=product&#038;p=16023"},"modified":"2026-04-10T18:58:07","modified_gmt":"2026-04-10T16:58:07","slug":"charles-de-beistegui-le-prince-des-esthetes","status":"publish","type":"product","link":"https:\/\/librairie7l.com\/en\/produit\/charles-de-beistegui-le-prince-des-esthetes\/","title":{"rendered":"CHARLES DE BEISTEGUI : LE PRINCE DES ESTH\u00c8TES"},"content":{"rendered":"<p>Charles de Beistegui (1895-1970), h\u00e9ritier de l&#8217;une des plus grandes fortunes du Mexique, m\u00e8ne, entre Paris, Londres, Madrid, Biarritz et Venise, une vie fastueuse et cr\u00e9ative, mondaine et cosmopolite, au coeur de la Caf\u00e9 Society. Mais qui est vraiment ce myst\u00e9rieux prince des esth\u00e8tes ?<\/p>\n<p>Au d\u00e9but des Ann\u00e9es folles, Charles de Beistegui se lie \u00e0 une poign\u00e9e de jeunes privil\u00e9gi\u00e9s &#8211; les Noailles, les Faucigny-Lucinge, les Pecci-Blunt &#8211; qui veulent participer au renouveau cr\u00e9atif de l&#8217;avant-garde artistique.<\/p>\n<p>Passionn\u00e9 par les arts d\u00e9coratifs, il entreprend de cr\u00e9er plusieurs r\u00e9sidences. Son appartement des Champs-\u00c9lys\u00e9es, son h\u00f4tel particulier, son ch\u00e2teau de Groussay deviennent la vitrine de son go\u00fbt audacieux, \u00e0 mi-chemin entre le XVIIIe si\u00e8cle fran\u00e7ais et le XIXe anglais et impr\u00e9gn\u00e9 de r\u00e9f\u00e9rences revisit\u00e9es, qui influencera les cr\u00e9ateurs.<\/p>\n<p>En 1948, il fait l&#8217;acquisition du palais Labia \u00e0 Venise, le restaure, le r\u00e9invente et, en 1951, y organise le \u00ab bal du Si\u00e8cle \u00bb o\u00f9 1 500 invit\u00e9s &#8211; aristocrates europ\u00e9ens, milliardaires sud-am\u00e9ricains, socialites new-yorkais, artistes, couturiers et mondains &#8211; sont convi\u00e9s. Cette f\u00eate restera dans les annales comme la plus fastueuse du XXe si\u00e8cle.<\/p>\n<p>Dandy \u00e9pris de beaut\u00e9 et d&#8217;absolu, metteur en sc\u00e8ne de son existence, Charles est devenu un personnage mythique et, au-del\u00e0, l&#8217;incarnation d&#8217;un style, qui suscite plus d&#8217;admiration et de notori\u00e9t\u00e9 que de son vivant. Longtemps hors du temps, Charles de Beistegui est d\u00e9sormais de notre temps.<\/p>\n","protected":false},"excerpt":{"rendered":"<p>Charles de Beistegui (1895-1970), h\u00e9ritier de l&#8217;une des plus grandes fortunes du Mexique, m\u00e8ne, entre Paris, Londres, Madrid, Biarritz et Venise, une vie fastueuse et cr\u00e9ative, mondaine et cosmopolite, au coeur de la Caf\u00e9 Society. Mais qui est vraiment ce myst\u00e9rieux prince des esth\u00e8tes ? Au d\u00e9but des Ann\u00e9es folles, Charles de Beistegui se lie [&hellip;]<\/p>\n","protected":false},"featured_media":16021,"template":"","meta":[],"product_cat":[55,2948,46,2951],"product_tag":[],"acf":[],"yoast_head":"<!-- This site is optimized with the Yoast SEO plugin v20.11 - https:\/\/yoast.com\/wordpress\/plugins\/seo\/ -->\n<title>CHARLES DE BEISTEGUI : LE PRINCE DES ESTH\u00c8TES - Librairie 7L<\/title>\n<meta name=\"robots\" content=\"index, follow, max-snippet:-1, max-image-preview:large, max-video-preview:-1\" \/>\n<link rel=\"canonical\" href=\"https:\/\/librairie7l.com\/en\/produit\/charles-de-beistegui-le-prince-des-esthetes\/\" \/>\n<meta property=\"og:locale\" content=\"en_US\" \/>\n<meta property=\"og:type\" content=\"article\" \/>\n<meta property=\"og:title\" content=\"CHARLES DE BEISTEGUI : LE PRINCE DES ESTH\u00c8TES - Librairie 7L\" \/>\n<meta property=\"og:description\" content=\"Charles de Beistegui (1895-1970), h\u00e9ritier de l&#8217;une des plus grandes fortunes du Mexique, m\u00e8ne, entre Paris, Londres, Madrid, Biarritz et Venise, une vie fastueuse et cr\u00e9ative, mondaine et cosmopolite, au coeur de la Caf\u00e9 Society. Mais qui est vraiment ce myst\u00e9rieux prince des esth\u00e8tes ? Au d\u00e9but des Ann\u00e9es folles, Charles de Beistegui se lie [&hellip;]\" \/>\n<meta property=\"og:url\" content=\"https:\/\/librairie7l.com\/en\/produit\/charles-de-beistegui-le-prince-des-esthetes\/\" \/>\n<meta property=\"og:site_name\" content=\"Librairie 7L\" \/>\n<meta property=\"article:modified_time\" content=\"2026-04-10T16:58:07+00:00\" \/>\n<meta property=\"og:image\" content=\"https:\/\/librairie7l.com\/wp-content\/uploads\/2023\/01\/9791021046719_1_75.jpg\" \/>\n\t<meta property=\"og:image:width\" content=\"546\" \/>\n\t<meta property=\"og:image:height\" content=\"800\" \/>\n\t<meta property=\"og:image:type\" content=\"image\/jpeg\" \/>\n<meta name=\"twitter:card\" content=\"summary_large_image\" \/>\n<meta name=\"twitter:label1\" content=\"Est. reading time\" \/>\n\t<meta name=\"twitter:data1\" content=\"1 minute\" \/>\n<script type=\"application\/ld+json\" class=\"yoast-schema-graph\">{\"@context\":\"https:\/\/schema.org\",\"@graph\":[{\"@type\":\"WebPage\",\"@id\":\"https:\/\/librairie7l.com\/en\/produit\/charles-de-beistegui-le-prince-des-esthetes\/\",\"url\":\"https:\/\/librairie7l.com\/en\/produit\/charles-de-beistegui-le-prince-des-esthetes\/\",\"name\":\"CHARLES DE BEISTEGUI : LE PRINCE DES ESTH\u00c8TES - Librairie 7L\",\"isPartOf\":{\"@id\":\"https:\/\/librairie7l.com\/en\/#website\"},\"datePublished\":\"2023-05-09T15:11:18+00:00\",\"dateModified\":\"2026-04-10T16:58:07+00:00\",\"breadcrumb\":{\"@id\":\"https:\/\/librairie7l.com\/en\/produit\/charles-de-beistegui-le-prince-des-esthetes\/#breadcrumb\"},\"inLanguage\":\"en-US\",\"potentialAction\":[{\"@type\":\"ReadAction\",\"target\":[\"https:\/\/librairie7l.com\/en\/produit\/charles-de-beistegui-le-prince-des-esthetes\/\"]}]},{\"@type\":\"BreadcrumbList\",\"@id\":\"https:\/\/librairie7l.com\/en\/produit\/charles-de-beistegui-le-prince-des-esthetes\/#breadcrumb\",\"itemListElement\":[{\"@type\":\"ListItem\",\"position\":1,\"name\":\"Accueil\",\"item\":\"https:\/\/librairie7l.com\/en\/\"},{\"@type\":\"ListItem\",\"position\":2,\"name\":\"Shop\",\"item\":\"https:\/\/librairie7l.com\/en\/shop\/\"},{\"@type\":\"ListItem\",\"position\":3,\"name\":\"CHARLES DE BEISTEGUI : LE PRINCE DES ESTH\u00c8TES\"}]},{\"@type\":\"WebSite\",\"@id\":\"https:\/\/librairie7l.com\/en\/#website\",\"url\":\"https:\/\/librairie7l.com\/en\/\",\"name\":\"Librairie 7L\",\"description\":\"Librairie fond\u00e9e en 1999 par Karl Lagerfeld \u00e0 Paris\",\"publisher\":{\"@id\":\"https:\/\/librairie7l.com\/en\/#organization\"},\"potentialAction\":[{\"@type\":\"SearchAction\",\"target\":{\"@type\":\"EntryPoint\",\"urlTemplate\":\"https:\/\/librairie7l.com\/en\/?s={search_term_string}\"},\"query-input\":\"required name=search_term_string\"}],\"inLanguage\":\"en-US\"},{\"@type\":\"Organization\",\"@id\":\"https:\/\/librairie7l.com\/en\/#organization\",\"name\":\"Librairie 7L\",\"url\":\"https:\/\/librairie7l.com\/en\/\",\"logo\":{\"@type\":\"ImageObject\",\"inLanguage\":\"en-US\",\"@id\":\"https:\/\/librairie7l.com\/en\/#\/schema\/logo\/image\/\",\"url\":\"https:\/\/librairie7l.com\/wp-content\/uploads\/2022\/08\/logo-1.png\",\"contentUrl\":\"https:\/\/librairie7l.com\/wp-content\/uploads\/2022\/08\/logo-1.png\",\"width\":227,\"height\":301,\"caption\":\"Librairie 7L\"},\"image\":{\"@id\":\"https:\/\/librairie7l.com\/en\/#\/schema\/logo\/image\/\"}}]}<\/script>\n<!-- \/ Yoast SEO plugin. -->","yoast_head_json":{"title":"CHARLES DE BEISTEGUI : LE PRINCE DES ESTH\u00c8TES - Librairie 7L","robots":{"index":"index","follow":"follow","max-snippet":"max-snippet:-1","max-image-preview":"max-image-preview:large","max-video-preview":"max-video-preview:-1"},"canonical":"https:\/\/librairie7l.com\/en\/produit\/charles-de-beistegui-le-prince-des-esthetes\/","og_locale":"en_US","og_type":"article","og_title":"CHARLES DE BEISTEGUI : LE PRINCE DES ESTH\u00c8TES - Librairie 7L","og_description":"Charles de Beistegui (1895-1970), h\u00e9ritier de l&#8217;une des plus grandes fortunes du Mexique, m\u00e8ne, entre Paris, Londres, Madrid, Biarritz et Venise, une vie fastueuse et cr\u00e9ative, mondaine et cosmopolite, au coeur de la Caf\u00e9 Society. Mais qui est vraiment ce myst\u00e9rieux prince des esth\u00e8tes ? Au d\u00e9but des Ann\u00e9es folles, Charles de Beistegui se lie [&hellip;]","og_url":"https:\/\/librairie7l.com\/en\/produit\/charles-de-beistegui-le-prince-des-esthetes\/","og_site_name":"Librairie 7L","article_modified_time":"2026-04-10T16:58:07+00:00","og_image":[{"width":546,"height":800,"url":"https:\/\/librairie7l.com\/wp-content\/uploads\/2023\/01\/9791021046719_1_75.jpg","type":"image\/jpeg"}],"twitter_card":"summary_large_image","twitter_misc":{"Est. reading time":"1 minute"},"schema":{"@context":"https:\/\/schema.org","@graph":[{"@type":"WebPage","@id":"https:\/\/librairie7l.com\/en\/produit\/charles-de-beistegui-le-prince-des-esthetes\/","url":"https:\/\/librairie7l.com\/en\/produit\/charles-de-beistegui-le-prince-des-esthetes\/","name":"CHARLES DE BEISTEGUI : LE PRINCE DES ESTH\u00c8TES - Librairie 7L","isPartOf":{"@id":"https:\/\/librairie7l.com\/en\/#website"},"datePublished":"2023-05-09T15:11:18+00:00","dateModified":"2026-04-10T16:58:07+00:00","breadcrumb":{"@id":"https:\/\/librairie7l.com\/en\/produit\/charles-de-beistegui-le-prince-des-esthetes\/#breadcrumb"},"inLanguage":"en-US","potentialAction":[{"@type":"ReadAction","target":["https:\/\/librairie7l.com\/en\/produit\/charles-de-beistegui-le-prince-des-esthetes\/"]}]},{"@type":"BreadcrumbList","@id":"https:\/\/librairie7l.com\/en\/produit\/charles-de-beistegui-le-prince-des-esthetes\/#breadcrumb","itemListElement":[{"@type":"ListItem","position":1,"name":"Accueil","item":"https:\/\/librairie7l.com\/en\/"},{"@type":"ListItem","position":2,"name":"Shop","item":"https:\/\/librairie7l.com\/en\/shop\/"},{"@type":"ListItem","position":3,"name":"CHARLES DE BEISTEGUI : LE PRINCE DES ESTH\u00c8TES"}]},{"@type":"WebSite","@id":"https:\/\/librairie7l.com\/en\/#website","url":"https:\/\/librairie7l.com\/en\/","name":"Librairie 7L","description":"Librairie fond\u00e9e en 1999 par Karl Lagerfeld \u00e0 Paris","publisher":{"@id":"https:\/\/librairie7l.com\/en\/#organization"},"potentialAction":[{"@type":"SearchAction","target":{"@type":"EntryPoint","urlTemplate":"https:\/\/librairie7l.com\/en\/?s={search_term_string}"},"query-input":"required name=search_term_string"}],"inLanguage":"en-US"},{"@type":"Organization","@id":"https:\/\/librairie7l.com\/en\/#organization","name":"Librairie 7L","url":"https:\/\/librairie7l.com\/en\/","logo":{"@type":"ImageObject","inLanguage":"en-US","@id":"https:\/\/librairie7l.com\/en\/#\/schema\/logo\/image\/","url":"https:\/\/librairie7l.com\/wp-content\/uploads\/2022\/08\/logo-1.png","contentUrl":"https:\/\/librairie7l.com\/wp-content\/uploads\/2022\/08\/logo-1.png","width":227,"height":301,"caption":"Librairie 7L"},"image":{"@id":"https:\/\/librairie7l.com\/en\/#\/schema\/logo\/image\/"}}]}},"_links":{"self":[{"href":"https:\/\/librairie7l.com\/en\/wp-json\/wp\/v2\/product\/16023"}],"collection":[{"href":"https:\/\/librairie7l.com\/en\/wp-json\/wp\/v2\/product"}],"about":[{"href":"https:\/\/librairie7l.com\/en\/wp-json\/wp\/v2\/types\/product"}],"wp:featuredmedia":[{"embeddable":true,"href":"https:\/\/librairie7l.com\/en\/wp-json\/wp\/v2\/media\/16021"}],"wp:attachment":[{"href":"https:\/\/librairie7l.com\/en\/wp-json\/wp\/v2\/media?parent=16023"}],"wp:term":[{"taxonomy":"product_cat","embeddable":true,"href":"https:\/\/librairie7l.com\/en\/wp-json\/wp\/v2\/product_cat?post=16023"},{"taxonomy":"product_tag","embeddable":true,"href":"https:\/\/librairie7l.com\/en\/wp-json\/wp\/v2\/product_tag?post=16023"}],"curies":[{"name":"wp","href":"https:\/\/api.w.org\/{rel}","templated":true}]}}