{"id":16027,"date":"2023-05-09T17:11:21","date_gmt":"2023-05-09T15:11:21","guid":{"rendered":"https:\/\/librairie7l.com\/?post_type=product&#038;p=16027"},"modified":"2026-04-05T22:39:17","modified_gmt":"2026-04-05T20:39:17","slug":"pierre-cardin-mode-mythe-modernite","status":"publish","type":"product","link":"https:\/\/librairie7l.com\/en\/produit\/pierre-cardin-mode-mythe-modernite\/","title":{"rendered":"PIERRE CARDIN : MODE, MYTHE, MODERNIT\u00c9"},"content":{"rendered":"<p>\u00c0 l&#8217;occasion du 100e anniversaire de la naissance de Pierre Cardin, Jean-Pascal Hesse partage sa connaissance intime des d\u00e9buts de la carri\u00e8re du couturier \u00e0 Paris et analyse les influences cr\u00e9atives et les partenariats qui l&#8217;ont inspir\u00e9s pour concevoir non seulement certaines des cr\u00e9ations de haute couture les plus embl\u00e9matiques des ann\u00e9es 50 et 60, mais aussi la collection Cosmocorps, influenc\u00e9e par l&#8217;\u00e8re spatiale, qui explorait de mani\u00e8re pr\u00e9monitoire la fluidit\u00e9 des genres. Dans un texte vivant, Hesse s&#8217;appuie sur un large \u00e9ventail de sources rassembl\u00e9es pendant plus de deux d\u00e9cennies, dont de nombreuses photos et documents in\u00e9dits relatant ses premi\u00e8res ann\u00e9es en tant que styliste pour Christian Dior, son succ\u00e8s aux \u00c9tats-Unis, son profond int\u00e9r\u00eat pour l&#8217;art et le design japonais et la fascination r\u00e9ciproque des Japonais pour son travail.<\/p>\n","protected":false},"excerpt":{"rendered":"<p>\u00c0 l&#8217;occasion du 100e anniversaire de la naissance de Pierre Cardin, Jean-Pascal Hesse partage sa connaissance intime des d\u00e9buts de la carri\u00e8re du couturier \u00e0 Paris et analyse les influences cr\u00e9atives et les partenariats qui l&#8217;ont inspir\u00e9s pour concevoir non seulement certaines des cr\u00e9ations de haute couture les plus embl\u00e9matiques des ann\u00e9es 50 et 60, [&hellip;]<\/p>\n","protected":false},"featured_media":16025,"template":"","meta":[],"product_cat":[55,2948,2957,19],"product_tag":[],"acf":[],"yoast_head":"<!-- This site is optimized with the Yoast SEO plugin v20.11 - https:\/\/yoast.com\/wordpress\/plugins\/seo\/ -->\n<title>PIERRE CARDIN : MODE, MYTHE, MODERNIT\u00c9 - Librairie 7L<\/title>\n<meta name=\"robots\" content=\"index, follow, max-snippet:-1, max-image-preview:large, max-video-preview:-1\" \/>\n<link rel=\"canonical\" href=\"https:\/\/librairie7l.com\/en\/produit\/pierre-cardin-mode-mythe-modernite\/\" \/>\n<meta property=\"og:locale\" content=\"en_US\" \/>\n<meta property=\"og:type\" content=\"article\" \/>\n<meta property=\"og:title\" content=\"PIERRE CARDIN : MODE, MYTHE, MODERNIT\u00c9 - Librairie 7L\" \/>\n<meta property=\"og:description\" content=\"\u00c0 l&#8217;occasion du 100e anniversaire de la naissance de Pierre Cardin, Jean-Pascal Hesse partage sa connaissance intime des d\u00e9buts de la carri\u00e8re du couturier \u00e0 Paris et analyse les influences cr\u00e9atives et les partenariats qui l&#8217;ont inspir\u00e9s pour concevoir non seulement certaines des cr\u00e9ations de haute couture les plus embl\u00e9matiques des ann\u00e9es 50 et 60, [&hellip;]\" \/>\n<meta property=\"og:url\" content=\"https:\/\/librairie7l.com\/en\/produit\/pierre-cardin-mode-mythe-modernite\/\" \/>\n<meta property=\"og:site_name\" content=\"Librairie 7L\" \/>\n<meta property=\"article:modified_time\" content=\"2026-04-05T20:39:17+00:00\" \/>\n<meta property=\"og:image\" content=\"https:\/\/librairie7l.com\/wp-content\/uploads\/2022\/09\/9782080286086_1_75.jpg\" \/>\n\t<meta property=\"og:image:width\" content=\"600\" \/>\n\t<meta property=\"og:image:height\" content=\"816\" \/>\n\t<meta property=\"og:image:type\" content=\"image\/jpeg\" \/>\n<meta name=\"twitter:card\" content=\"summary_large_image\" \/>\n<meta name=\"twitter:label1\" content=\"Est. reading time\" \/>\n\t<meta name=\"twitter:data1\" content=\"1 minute\" \/>\n<script type=\"application\/ld+json\" class=\"yoast-schema-graph\">{\"@context\":\"https:\/\/schema.org\",\"@graph\":[{\"@type\":\"WebPage\",\"@id\":\"https:\/\/librairie7l.com\/en\/produit\/pierre-cardin-mode-mythe-modernite\/\",\"url\":\"https:\/\/librairie7l.com\/en\/produit\/pierre-cardin-mode-mythe-modernite\/\",\"name\":\"PIERRE CARDIN : MODE, MYTHE, MODERNIT\u00c9 - Librairie 7L\",\"isPartOf\":{\"@id\":\"https:\/\/librairie7l.com\/en\/#website\"},\"datePublished\":\"2023-05-09T15:11:21+00:00\",\"dateModified\":\"2026-04-05T20:39:17+00:00\",\"breadcrumb\":{\"@id\":\"https:\/\/librairie7l.com\/en\/produit\/pierre-cardin-mode-mythe-modernite\/#breadcrumb\"},\"inLanguage\":\"en-US\",\"potentialAction\":[{\"@type\":\"ReadAction\",\"target\":[\"https:\/\/librairie7l.com\/en\/produit\/pierre-cardin-mode-mythe-modernite\/\"]}]},{\"@type\":\"BreadcrumbList\",\"@id\":\"https:\/\/librairie7l.com\/en\/produit\/pierre-cardin-mode-mythe-modernite\/#breadcrumb\",\"itemListElement\":[{\"@type\":\"ListItem\",\"position\":1,\"name\":\"Accueil\",\"item\":\"https:\/\/librairie7l.com\/en\/\"},{\"@type\":\"ListItem\",\"position\":2,\"name\":\"Shop\",\"item\":\"https:\/\/librairie7l.com\/en\/shop\/\"},{\"@type\":\"ListItem\",\"position\":3,\"name\":\"PIERRE CARDIN : MODE, MYTHE, MODERNIT\u00c9\"}]},{\"@type\":\"WebSite\",\"@id\":\"https:\/\/librairie7l.com\/en\/#website\",\"url\":\"https:\/\/librairie7l.com\/en\/\",\"name\":\"Librairie 7L\",\"description\":\"Librairie fond\u00e9e en 1999 par Karl Lagerfeld \u00e0 Paris\",\"publisher\":{\"@id\":\"https:\/\/librairie7l.com\/en\/#organization\"},\"potentialAction\":[{\"@type\":\"SearchAction\",\"target\":{\"@type\":\"EntryPoint\",\"urlTemplate\":\"https:\/\/librairie7l.com\/en\/?s={search_term_string}\"},\"query-input\":\"required name=search_term_string\"}],\"inLanguage\":\"en-US\"},{\"@type\":\"Organization\",\"@id\":\"https:\/\/librairie7l.com\/en\/#organization\",\"name\":\"Librairie 7L\",\"url\":\"https:\/\/librairie7l.com\/en\/\",\"logo\":{\"@type\":\"ImageObject\",\"inLanguage\":\"en-US\",\"@id\":\"https:\/\/librairie7l.com\/en\/#\/schema\/logo\/image\/\",\"url\":\"https:\/\/librairie7l.com\/wp-content\/uploads\/2022\/08\/logo-1.png\",\"contentUrl\":\"https:\/\/librairie7l.com\/wp-content\/uploads\/2022\/08\/logo-1.png\",\"width\":227,\"height\":301,\"caption\":\"Librairie 7L\"},\"image\":{\"@id\":\"https:\/\/librairie7l.com\/en\/#\/schema\/logo\/image\/\"}}]}<\/script>\n<!-- \/ Yoast SEO plugin. -->","yoast_head_json":{"title":"PIERRE CARDIN : MODE, MYTHE, MODERNIT\u00c9 - Librairie 7L","robots":{"index":"index","follow":"follow","max-snippet":"max-snippet:-1","max-image-preview":"max-image-preview:large","max-video-preview":"max-video-preview:-1"},"canonical":"https:\/\/librairie7l.com\/en\/produit\/pierre-cardin-mode-mythe-modernite\/","og_locale":"en_US","og_type":"article","og_title":"PIERRE CARDIN : MODE, MYTHE, MODERNIT\u00c9 - Librairie 7L","og_description":"\u00c0 l&#8217;occasion du 100e anniversaire de la naissance de Pierre Cardin, Jean-Pascal Hesse partage sa connaissance intime des d\u00e9buts de la carri\u00e8re du couturier \u00e0 Paris et analyse les influences cr\u00e9atives et les partenariats qui l&#8217;ont inspir\u00e9s pour concevoir non seulement certaines des cr\u00e9ations de haute couture les plus embl\u00e9matiques des ann\u00e9es 50 et 60, [&hellip;]","og_url":"https:\/\/librairie7l.com\/en\/produit\/pierre-cardin-mode-mythe-modernite\/","og_site_name":"Librairie 7L","article_modified_time":"2026-04-05T20:39:17+00:00","og_image":[{"width":600,"height":816,"url":"https:\/\/librairie7l.com\/wp-content\/uploads\/2022\/09\/9782080286086_1_75.jpg","type":"image\/jpeg"}],"twitter_card":"summary_large_image","twitter_misc":{"Est. reading time":"1 minute"},"schema":{"@context":"https:\/\/schema.org","@graph":[{"@type":"WebPage","@id":"https:\/\/librairie7l.com\/en\/produit\/pierre-cardin-mode-mythe-modernite\/","url":"https:\/\/librairie7l.com\/en\/produit\/pierre-cardin-mode-mythe-modernite\/","name":"PIERRE CARDIN : MODE, MYTHE, MODERNIT\u00c9 - Librairie 7L","isPartOf":{"@id":"https:\/\/librairie7l.com\/en\/#website"},"datePublished":"2023-05-09T15:11:21+00:00","dateModified":"2026-04-05T20:39:17+00:00","breadcrumb":{"@id":"https:\/\/librairie7l.com\/en\/produit\/pierre-cardin-mode-mythe-modernite\/#breadcrumb"},"inLanguage":"en-US","potentialAction":[{"@type":"ReadAction","target":["https:\/\/librairie7l.com\/en\/produit\/pierre-cardin-mode-mythe-modernite\/"]}]},{"@type":"BreadcrumbList","@id":"https:\/\/librairie7l.com\/en\/produit\/pierre-cardin-mode-mythe-modernite\/#breadcrumb","itemListElement":[{"@type":"ListItem","position":1,"name":"Accueil","item":"https:\/\/librairie7l.com\/en\/"},{"@type":"ListItem","position":2,"name":"Shop","item":"https:\/\/librairie7l.com\/en\/shop\/"},{"@type":"ListItem","position":3,"name":"PIERRE CARDIN : MODE, MYTHE, MODERNIT\u00c9"}]},{"@type":"WebSite","@id":"https:\/\/librairie7l.com\/en\/#website","url":"https:\/\/librairie7l.com\/en\/","name":"Librairie 7L","description":"Librairie fond\u00e9e en 1999 par Karl Lagerfeld \u00e0 Paris","publisher":{"@id":"https:\/\/librairie7l.com\/en\/#organization"},"potentialAction":[{"@type":"SearchAction","target":{"@type":"EntryPoint","urlTemplate":"https:\/\/librairie7l.com\/en\/?s={search_term_string}"},"query-input":"required name=search_term_string"}],"inLanguage":"en-US"},{"@type":"Organization","@id":"https:\/\/librairie7l.com\/en\/#organization","name":"Librairie 7L","url":"https:\/\/librairie7l.com\/en\/","logo":{"@type":"ImageObject","inLanguage":"en-US","@id":"https:\/\/librairie7l.com\/en\/#\/schema\/logo\/image\/","url":"https:\/\/librairie7l.com\/wp-content\/uploads\/2022\/08\/logo-1.png","contentUrl":"https:\/\/librairie7l.com\/wp-content\/uploads\/2022\/08\/logo-1.png","width":227,"height":301,"caption":"Librairie 7L"},"image":{"@id":"https:\/\/librairie7l.com\/en\/#\/schema\/logo\/image\/"}}]}},"_links":{"self":[{"href":"https:\/\/librairie7l.com\/en\/wp-json\/wp\/v2\/product\/16027"}],"collection":[{"href":"https:\/\/librairie7l.com\/en\/wp-json\/wp\/v2\/product"}],"about":[{"href":"https:\/\/librairie7l.com\/en\/wp-json\/wp\/v2\/types\/product"}],"wp:featuredmedia":[{"embeddable":true,"href":"https:\/\/librairie7l.com\/en\/wp-json\/wp\/v2\/media\/16025"}],"wp:attachment":[{"href":"https:\/\/librairie7l.com\/en\/wp-json\/wp\/v2\/media?parent=16027"}],"wp:term":[{"taxonomy":"product_cat","embeddable":true,"href":"https:\/\/librairie7l.com\/en\/wp-json\/wp\/v2\/product_cat?post=16027"},{"taxonomy":"product_tag","embeddable":true,"href":"https:\/\/librairie7l.com\/en\/wp-json\/wp\/v2\/product_tag?post=16027"}],"curies":[{"name":"wp","href":"https:\/\/api.w.org\/{rel}","templated":true}]}}