{"id":16035,"date":"2023-05-09T17:11:28","date_gmt":"2023-05-09T15:11:28","guid":{"rendered":"https:\/\/librairie7l.com\/?post_type=product&#038;p=16035"},"modified":"2026-04-18T13:41:01","modified_gmt":"2026-04-18T11:41:01","slug":"son-oeil-dans-ma-main-algerie-1961-2019","status":"publish","type":"product","link":"https:\/\/librairie7l.com\/en\/produit\/son-oeil-dans-ma-main-algerie-1961-2019\/","title":{"rendered":"SON OEIL DANS MA MAIN : ALG\u00c9RIE 1961-2019"},"content":{"rendered":"<p>Qu&#8217;est-ce que je ressens, moi, d\u00e9colonis\u00e9, quand je contemple une photo de cette \u00e9poque, de ce pass\u00e9 qui, sur injonction, a \u00e9t\u00e9 d\u00e9cr\u00e9t\u00e9 contemporain-pour-toujours ? Qui suis-je dans ce miroir qui devrait me refl\u00e9ter, et qui cependant m&#8217;efface pour toujours au pr\u00e9sent ?<br \/>\nIl me faut scruter les d\u00e9tails, objets, silhouettes, bosquets, magasins, automobiles, qui peuplent l&#8217;arri\u00e8re-plan ; les ombres aussi. Je tente d&#8217;aileurs de faire irruption dans celui-ci. Je m&#8217;imagine r\u00e9incarn\u00e9 en 1961 : debout dans un angle mort, pench\u00e9 \u00e0 une fen\u00eatre, tra\u00eenant dans une rue d&#8217;Alger, jetant un regard anxieux sur une \u00ab roumia \u00bb, crapahutant sur la colline pel\u00e9e&#8230; J&#8217;invente ma propre possibilit\u00e9 de vivant \u00e0 cette \u00e9poque.<br \/>\nRaymond Depardon photographie ce qu&#8217;il voit \u00e0 la jonction de ce qu&#8217;il ne voit pas. Je regarde ce que je ne vois pas, en croyant savoir ce que cela signifie. Son oeil dans ma main. Son corps est ma m\u00e9moire.<br \/>\nCe qui m&#8217;int\u00e9resse chez le photographe, c&#8217;est son corps, son errance, son voyage : je me glisse en lui, j&#8217;\u00e9pouse ses mouvements, son regard, sa culture, ses pr\u00e9jug\u00e9s peut-\u00eatre, mais aussi sa singularit\u00e9. Errance de d\u00e9clic en d\u00e9clic.<br \/>\nJe deviens une monstrueuse et fascinante co\u00efncidence. Une possibilit\u00e9, m\u00eame br\u00e8ve et limit\u00e9e, d&#8217;omniscience.<br \/>\nNe devrais-je pas, alors, \u00e9prouver un sentiment proche de la frayeur ?<br \/>\nEn parcourant ces photos, arrach\u00e9 \u00e0 mon mill\u00e9naire, transport\u00e9 vers un autre, je pourrais tressaillir violemment. Je pourrais hurler \u00e0 la possession &#8211; hurler d&#8217;effroi et de gratitude.<\/p>\n","protected":false},"excerpt":{"rendered":"<p>Qu&#8217;est-ce que je ressens, moi, d\u00e9colonis\u00e9, quand je contemple une photo de cette \u00e9poque, de ce pass\u00e9 qui, sur injonction, a \u00e9t\u00e9 d\u00e9cr\u00e9t\u00e9 contemporain-pour-toujours ? Qui suis-je dans ce miroir qui devrait me refl\u00e9ter, et qui cependant m&#8217;efface pour toujours au pr\u00e9sent ? Il me faut scruter les d\u00e9tails, objets, silhouettes, bosquets, magasins, automobiles, qui [&hellip;]<\/p>\n","protected":false},"featured_media":16033,"template":"","meta":[],"product_cat":[55,2948,2958,17],"product_tag":[],"acf":[],"yoast_head":"<!-- This site is optimized with the Yoast SEO plugin v20.11 - https:\/\/yoast.com\/wordpress\/plugins\/seo\/ -->\n<title>SON OEIL DANS MA MAIN : ALG\u00c9RIE 1961-2019 - Librairie 7L<\/title>\n<meta name=\"robots\" content=\"index, follow, max-snippet:-1, max-image-preview:large, max-video-preview:-1\" \/>\n<link rel=\"canonical\" href=\"https:\/\/librairie7l.com\/en\/produit\/son-oeil-dans-ma-main-algerie-1961-2019\/\" \/>\n<meta property=\"og:locale\" content=\"en_US\" \/>\n<meta property=\"og:type\" content=\"article\" \/>\n<meta property=\"og:title\" content=\"SON OEIL DANS MA MAIN : ALG\u00c9RIE 1961-2019 - Librairie 7L\" \/>\n<meta property=\"og:description\" content=\"Qu&#8217;est-ce que je ressens, moi, d\u00e9colonis\u00e9, quand je contemple une photo de cette \u00e9poque, de ce pass\u00e9 qui, sur injonction, a \u00e9t\u00e9 d\u00e9cr\u00e9t\u00e9 contemporain-pour-toujours ? Qui suis-je dans ce miroir qui devrait me refl\u00e9ter, et qui cependant m&#8217;efface pour toujours au pr\u00e9sent ? Il me faut scruter les d\u00e9tails, objets, silhouettes, bosquets, magasins, automobiles, qui [&hellip;]\" \/>\n<meta property=\"og:url\" content=\"https:\/\/librairie7l.com\/en\/produit\/son-oeil-dans-ma-main-algerie-1961-2019\/\" \/>\n<meta property=\"og:site_name\" content=\"Librairie 7L\" \/>\n<meta property=\"article:modified_time\" content=\"2026-04-18T11:41:01+00:00\" \/>\n<meta property=\"og:image\" content=\"https:\/\/librairie7l.com\/wp-content\/uploads\/2022\/02\/9782919436514_1_75.jpg\" \/>\n\t<meta property=\"og:image:width\" content=\"600\" \/>\n\t<meta property=\"og:image:height\" content=\"610\" \/>\n\t<meta property=\"og:image:type\" content=\"image\/jpeg\" \/>\n<meta name=\"twitter:card\" content=\"summary_large_image\" \/>\n<meta name=\"twitter:label1\" content=\"Est. reading time\" \/>\n\t<meta name=\"twitter:data1\" content=\"1 minute\" \/>\n<script type=\"application\/ld+json\" class=\"yoast-schema-graph\">{\"@context\":\"https:\/\/schema.org\",\"@graph\":[{\"@type\":\"WebPage\",\"@id\":\"https:\/\/librairie7l.com\/en\/produit\/son-oeil-dans-ma-main-algerie-1961-2019\/\",\"url\":\"https:\/\/librairie7l.com\/en\/produit\/son-oeil-dans-ma-main-algerie-1961-2019\/\",\"name\":\"SON OEIL DANS MA MAIN : ALG\u00c9RIE 1961-2019 - Librairie 7L\",\"isPartOf\":{\"@id\":\"https:\/\/librairie7l.com\/en\/#website\"},\"datePublished\":\"2023-05-09T15:11:28+00:00\",\"dateModified\":\"2026-04-18T11:41:01+00:00\",\"breadcrumb\":{\"@id\":\"https:\/\/librairie7l.com\/en\/produit\/son-oeil-dans-ma-main-algerie-1961-2019\/#breadcrumb\"},\"inLanguage\":\"en-US\",\"potentialAction\":[{\"@type\":\"ReadAction\",\"target\":[\"https:\/\/librairie7l.com\/en\/produit\/son-oeil-dans-ma-main-algerie-1961-2019\/\"]}]},{\"@type\":\"BreadcrumbList\",\"@id\":\"https:\/\/librairie7l.com\/en\/produit\/son-oeil-dans-ma-main-algerie-1961-2019\/#breadcrumb\",\"itemListElement\":[{\"@type\":\"ListItem\",\"position\":1,\"name\":\"Accueil\",\"item\":\"https:\/\/librairie7l.com\/en\/\"},{\"@type\":\"ListItem\",\"position\":2,\"name\":\"Shop\",\"item\":\"https:\/\/librairie7l.com\/en\/shop\/\"},{\"@type\":\"ListItem\",\"position\":3,\"name\":\"SON OEIL DANS MA MAIN : ALG\u00c9RIE 1961-2019\"}]},{\"@type\":\"WebSite\",\"@id\":\"https:\/\/librairie7l.com\/en\/#website\",\"url\":\"https:\/\/librairie7l.com\/en\/\",\"name\":\"Librairie 7L\",\"description\":\"Librairie fond\u00e9e en 1999 par Karl Lagerfeld \u00e0 Paris\",\"publisher\":{\"@id\":\"https:\/\/librairie7l.com\/en\/#organization\"},\"potentialAction\":[{\"@type\":\"SearchAction\",\"target\":{\"@type\":\"EntryPoint\",\"urlTemplate\":\"https:\/\/librairie7l.com\/en\/?s={search_term_string}\"},\"query-input\":\"required name=search_term_string\"}],\"inLanguage\":\"en-US\"},{\"@type\":\"Organization\",\"@id\":\"https:\/\/librairie7l.com\/en\/#organization\",\"name\":\"Librairie 7L\",\"url\":\"https:\/\/librairie7l.com\/en\/\",\"logo\":{\"@type\":\"ImageObject\",\"inLanguage\":\"en-US\",\"@id\":\"https:\/\/librairie7l.com\/en\/#\/schema\/logo\/image\/\",\"url\":\"https:\/\/librairie7l.com\/wp-content\/uploads\/2022\/08\/logo-1.png\",\"contentUrl\":\"https:\/\/librairie7l.com\/wp-content\/uploads\/2022\/08\/logo-1.png\",\"width\":227,\"height\":301,\"caption\":\"Librairie 7L\"},\"image\":{\"@id\":\"https:\/\/librairie7l.com\/en\/#\/schema\/logo\/image\/\"}}]}<\/script>\n<!-- \/ Yoast SEO plugin. -->","yoast_head_json":{"title":"SON OEIL DANS MA MAIN : ALG\u00c9RIE 1961-2019 - Librairie 7L","robots":{"index":"index","follow":"follow","max-snippet":"max-snippet:-1","max-image-preview":"max-image-preview:large","max-video-preview":"max-video-preview:-1"},"canonical":"https:\/\/librairie7l.com\/en\/produit\/son-oeil-dans-ma-main-algerie-1961-2019\/","og_locale":"en_US","og_type":"article","og_title":"SON OEIL DANS MA MAIN : ALG\u00c9RIE 1961-2019 - Librairie 7L","og_description":"Qu&#8217;est-ce que je ressens, moi, d\u00e9colonis\u00e9, quand je contemple une photo de cette \u00e9poque, de ce pass\u00e9 qui, sur injonction, a \u00e9t\u00e9 d\u00e9cr\u00e9t\u00e9 contemporain-pour-toujours ? Qui suis-je dans ce miroir qui devrait me refl\u00e9ter, et qui cependant m&#8217;efface pour toujours au pr\u00e9sent ? Il me faut scruter les d\u00e9tails, objets, silhouettes, bosquets, magasins, automobiles, qui [&hellip;]","og_url":"https:\/\/librairie7l.com\/en\/produit\/son-oeil-dans-ma-main-algerie-1961-2019\/","og_site_name":"Librairie 7L","article_modified_time":"2026-04-18T11:41:01+00:00","og_image":[{"width":600,"height":610,"url":"https:\/\/librairie7l.com\/wp-content\/uploads\/2022\/02\/9782919436514_1_75.jpg","type":"image\/jpeg"}],"twitter_card":"summary_large_image","twitter_misc":{"Est. reading time":"1 minute"},"schema":{"@context":"https:\/\/schema.org","@graph":[{"@type":"WebPage","@id":"https:\/\/librairie7l.com\/en\/produit\/son-oeil-dans-ma-main-algerie-1961-2019\/","url":"https:\/\/librairie7l.com\/en\/produit\/son-oeil-dans-ma-main-algerie-1961-2019\/","name":"SON OEIL DANS MA MAIN : ALG\u00c9RIE 1961-2019 - Librairie 7L","isPartOf":{"@id":"https:\/\/librairie7l.com\/en\/#website"},"datePublished":"2023-05-09T15:11:28+00:00","dateModified":"2026-04-18T11:41:01+00:00","breadcrumb":{"@id":"https:\/\/librairie7l.com\/en\/produit\/son-oeil-dans-ma-main-algerie-1961-2019\/#breadcrumb"},"inLanguage":"en-US","potentialAction":[{"@type":"ReadAction","target":["https:\/\/librairie7l.com\/en\/produit\/son-oeil-dans-ma-main-algerie-1961-2019\/"]}]},{"@type":"BreadcrumbList","@id":"https:\/\/librairie7l.com\/en\/produit\/son-oeil-dans-ma-main-algerie-1961-2019\/#breadcrumb","itemListElement":[{"@type":"ListItem","position":1,"name":"Accueil","item":"https:\/\/librairie7l.com\/en\/"},{"@type":"ListItem","position":2,"name":"Shop","item":"https:\/\/librairie7l.com\/en\/shop\/"},{"@type":"ListItem","position":3,"name":"SON OEIL DANS MA MAIN : ALG\u00c9RIE 1961-2019"}]},{"@type":"WebSite","@id":"https:\/\/librairie7l.com\/en\/#website","url":"https:\/\/librairie7l.com\/en\/","name":"Librairie 7L","description":"Librairie fond\u00e9e en 1999 par Karl Lagerfeld \u00e0 Paris","publisher":{"@id":"https:\/\/librairie7l.com\/en\/#organization"},"potentialAction":[{"@type":"SearchAction","target":{"@type":"EntryPoint","urlTemplate":"https:\/\/librairie7l.com\/en\/?s={search_term_string}"},"query-input":"required name=search_term_string"}],"inLanguage":"en-US"},{"@type":"Organization","@id":"https:\/\/librairie7l.com\/en\/#organization","name":"Librairie 7L","url":"https:\/\/librairie7l.com\/en\/","logo":{"@type":"ImageObject","inLanguage":"en-US","@id":"https:\/\/librairie7l.com\/en\/#\/schema\/logo\/image\/","url":"https:\/\/librairie7l.com\/wp-content\/uploads\/2022\/08\/logo-1.png","contentUrl":"https:\/\/librairie7l.com\/wp-content\/uploads\/2022\/08\/logo-1.png","width":227,"height":301,"caption":"Librairie 7L"},"image":{"@id":"https:\/\/librairie7l.com\/en\/#\/schema\/logo\/image\/"}}]}},"_links":{"self":[{"href":"https:\/\/librairie7l.com\/en\/wp-json\/wp\/v2\/product\/16035"}],"collection":[{"href":"https:\/\/librairie7l.com\/en\/wp-json\/wp\/v2\/product"}],"about":[{"href":"https:\/\/librairie7l.com\/en\/wp-json\/wp\/v2\/types\/product"}],"wp:featuredmedia":[{"embeddable":true,"href":"https:\/\/librairie7l.com\/en\/wp-json\/wp\/v2\/media\/16033"}],"wp:attachment":[{"href":"https:\/\/librairie7l.com\/en\/wp-json\/wp\/v2\/media?parent=16035"}],"wp:term":[{"taxonomy":"product_cat","embeddable":true,"href":"https:\/\/librairie7l.com\/en\/wp-json\/wp\/v2\/product_cat?post=16035"},{"taxonomy":"product_tag","embeddable":true,"href":"https:\/\/librairie7l.com\/en\/wp-json\/wp\/v2\/product_tag?post=16035"}],"curies":[{"name":"wp","href":"https:\/\/api.w.org\/{rel}","templated":true}]}}