{"id":16043,"date":"2023-05-09T17:11:34","date_gmt":"2023-05-09T15:11:34","guid":{"rendered":"https:\/\/librairie7l.com\/?post_type=product&#038;p=16043"},"modified":"2026-04-17T19:15:21","modified_gmt":"2026-04-17T17:15:21","slug":"magnum-photos-75","status":"publish","type":"product","link":"https:\/\/librairie7l.com\/en\/produit\/magnum-photos-75\/","title":{"rendered":"MAGNUM PHOTOS 75"},"content":{"rendered":"<p>L&#8217;une des agences de presse la plus c\u00e9l\u00e8bre du monde f\u00eatera en 2022 son 75e anniversaire.<br \/>\nFond\u00e9e en 1947 par Robert Capa, David &#8221; Chim &#8221; Seymour, Henri Cartier-Bresson, George Rodger, William et Rita Vandivert, en association avec Maria Eisner, Magnum Photos Inc na\u00eet simultan\u00e9ment \u00e0 New York et \u00e0 Paris un 22 mai. Son fonctionnement, sous la forme d&#8217;une coop\u00e9rative, la distingue d\u00e8s sa cr\u00e9ation et garantit \u00e0 ses membres le contr\u00f4le de leur travail. L&#8217;agence regroupe des signatures majeures du monde de la photographie, dont les images, certaines devenues iconiques, nous aident \u00e0 mieux voir et comprendre notre soci\u00e9t\u00e9. Rassemblant pr\u00e8s de cent photographes, l&#8217;agence est organis\u00e9e selon une hi\u00e9rarchie qui lui est propre, avec notamment un syst\u00e8me de nomination par ses membres. \u00c0 l&#8217;occasion de son 75e anniversaire, le livre Magnum Photos 75 met en perspective l&#8217;histoire de l&#8217;agence et des photographes qui y oeuvrent, avec en toile de fond les \u00e9v\u00e9nements qu&#8217;ils ont travers\u00e9s, exp\u00e9riment\u00e9s, captur\u00e9s. Au fil de textes courts et organis\u00e9s de mani\u00e8re chronologique, le livre raconte les &#8221; petites histoires &#8221; qui se cachent derri\u00e8re les grandes photographies. De Mai 68 au 11-Septembre 2001, en passant par la guerre du Vietnam et les conflits plus r\u00e9cents, toute l&#8217;Histoire du xxe si\u00e8cle et le d\u00e9but du suivant est ici d\u00e9roul\u00e9e sous l&#8217;objectif des photographes de l&#8217;agence. On d\u00e9couvre les coulisses d&#8217;un voyage, les rencontres qui chang\u00e8rent une vie, le contexte de publication d&#8217;un livre mythique, l&#8217;engagement politique d&#8217;un photographe, ou encore le sc\u00e9nario improbable d&#8217;une image devenue c\u00e9l\u00e8bre. \u00c9crit sur le mode de l&#8217;enqu\u00eate, le livre se d\u00e9ploie dans une \u00e9criture journalistique, concise, qui va \u00e0 l&#8217;essentiel. Chaque date cl\u00e9 et chaque photographe donnent lieu \u00e0 un r\u00e9cit qui, mis bout \u00e0 bout, dressent la grande fresque historique d&#8217;une agence qui s&#8217;inscrit pleinement dans l&#8217;histoire contemporaine.<br \/>\nDestin\u00e9 autant au n\u00e9ophyte qui d\u00e9sirerait d\u00e9couvrir la photographie documentaire, qu&#8217;au sp\u00e9cialiste qui souhaitera compl\u00e9ter ses connaissances, Magnum Photos 75 est un recueil d&#8217;anecdotes et d&#8217;histoires singuli\u00e8res puis\u00e9es dans les archives de l&#8217;agence, gr\u00e2ce au travail men\u00e9 par l&#8217;auteur. L&#8217;ouvrage se distingue \u00e9galement par son originalit\u00e9 : parler de photographies sans jamais les montrer mais uniquement en les convoquant par le texte. Il faudra d\u00e9plier les gardes avant et arri\u00e8re du livre pour d\u00e9couvrir les images cach\u00e9es \u00e0 l&#8217;int\u00e9rieur&#8230; Magnum Photos 75 est l&#8217;un des livres les plus complets sur cette mythique agence de presse.<\/p>\n","protected":false},"excerpt":{"rendered":"<p>L&#8217;une des agences de presse la plus c\u00e9l\u00e8bre du monde f\u00eatera en 2022 son 75e anniversaire. Fond\u00e9e en 1947 par Robert Capa, David &#8221; Chim &#8221; Seymour, Henri Cartier-Bresson, George Rodger, William et Rita Vandivert, en association avec Maria Eisner, Magnum Photos Inc na\u00eet simultan\u00e9ment \u00e0 New York et \u00e0 Paris un 22 mai. Son [&hellip;]<\/p>\n","protected":false},"featured_media":16041,"template":"","meta":[],"product_cat":[55,2948,2958,17],"product_tag":[],"acf":[],"yoast_head":"<!-- This site is optimized with the Yoast SEO plugin v20.11 - https:\/\/yoast.com\/wordpress\/plugins\/seo\/ -->\n<title>MAGNUM PHOTOS 75 - Librairie 7L<\/title>\n<meta name=\"robots\" content=\"index, follow, max-snippet:-1, max-image-preview:large, max-video-preview:-1\" \/>\n<link rel=\"canonical\" href=\"https:\/\/librairie7l.com\/en\/produit\/magnum-photos-75\/\" \/>\n<meta property=\"og:locale\" content=\"en_US\" \/>\n<meta property=\"og:type\" content=\"article\" \/>\n<meta property=\"og:title\" content=\"MAGNUM PHOTOS 75 - Librairie 7L\" \/>\n<meta property=\"og:description\" content=\"L&#8217;une des agences de presse la plus c\u00e9l\u00e8bre du monde f\u00eatera en 2022 son 75e anniversaire. Fond\u00e9e en 1947 par Robert Capa, David &#8221; Chim &#8221; Seymour, Henri Cartier-Bresson, George Rodger, William et Rita Vandivert, en association avec Maria Eisner, Magnum Photos Inc na\u00eet simultan\u00e9ment \u00e0 New York et \u00e0 Paris un 22 mai. Son [&hellip;]\" \/>\n<meta property=\"og:url\" content=\"https:\/\/librairie7l.com\/en\/produit\/magnum-photos-75\/\" \/>\n<meta property=\"og:site_name\" content=\"Librairie 7L\" \/>\n<meta property=\"article:modified_time\" content=\"2026-04-17T17:15:21+00:00\" \/>\n<meta property=\"og:image\" content=\"https:\/\/librairie7l.com\/wp-content\/uploads\/2022\/09\/9782365113366_1_75.jpg\" \/>\n\t<meta property=\"og:image:width\" content=\"600\" \/>\n\t<meta property=\"og:image:height\" content=\"939\" \/>\n\t<meta property=\"og:image:type\" content=\"image\/jpeg\" \/>\n<meta name=\"twitter:card\" content=\"summary_large_image\" \/>\n<meta name=\"twitter:label1\" content=\"Est. reading time\" \/>\n\t<meta name=\"twitter:data1\" content=\"2 minutes\" \/>\n<script type=\"application\/ld+json\" class=\"yoast-schema-graph\">{\"@context\":\"https:\/\/schema.org\",\"@graph\":[{\"@type\":\"WebPage\",\"@id\":\"https:\/\/librairie7l.com\/en\/produit\/magnum-photos-75\/\",\"url\":\"https:\/\/librairie7l.com\/en\/produit\/magnum-photos-75\/\",\"name\":\"MAGNUM PHOTOS 75 - Librairie 7L\",\"isPartOf\":{\"@id\":\"https:\/\/librairie7l.com\/en\/#website\"},\"datePublished\":\"2023-05-09T15:11:34+00:00\",\"dateModified\":\"2026-04-17T17:15:21+00:00\",\"breadcrumb\":{\"@id\":\"https:\/\/librairie7l.com\/en\/produit\/magnum-photos-75\/#breadcrumb\"},\"inLanguage\":\"en-US\",\"potentialAction\":[{\"@type\":\"ReadAction\",\"target\":[\"https:\/\/librairie7l.com\/en\/produit\/magnum-photos-75\/\"]}]},{\"@type\":\"BreadcrumbList\",\"@id\":\"https:\/\/librairie7l.com\/en\/produit\/magnum-photos-75\/#breadcrumb\",\"itemListElement\":[{\"@type\":\"ListItem\",\"position\":1,\"name\":\"Accueil\",\"item\":\"https:\/\/librairie7l.com\/en\/\"},{\"@type\":\"ListItem\",\"position\":2,\"name\":\"Shop\",\"item\":\"https:\/\/librairie7l.com\/en\/shop\/\"},{\"@type\":\"ListItem\",\"position\":3,\"name\":\"MAGNUM PHOTOS 75\"}]},{\"@type\":\"WebSite\",\"@id\":\"https:\/\/librairie7l.com\/en\/#website\",\"url\":\"https:\/\/librairie7l.com\/en\/\",\"name\":\"Librairie 7L\",\"description\":\"Librairie fond\u00e9e en 1999 par Karl Lagerfeld \u00e0 Paris\",\"publisher\":{\"@id\":\"https:\/\/librairie7l.com\/en\/#organization\"},\"potentialAction\":[{\"@type\":\"SearchAction\",\"target\":{\"@type\":\"EntryPoint\",\"urlTemplate\":\"https:\/\/librairie7l.com\/en\/?s={search_term_string}\"},\"query-input\":\"required name=search_term_string\"}],\"inLanguage\":\"en-US\"},{\"@type\":\"Organization\",\"@id\":\"https:\/\/librairie7l.com\/en\/#organization\",\"name\":\"Librairie 7L\",\"url\":\"https:\/\/librairie7l.com\/en\/\",\"logo\":{\"@type\":\"ImageObject\",\"inLanguage\":\"en-US\",\"@id\":\"https:\/\/librairie7l.com\/en\/#\/schema\/logo\/image\/\",\"url\":\"https:\/\/librairie7l.com\/wp-content\/uploads\/2022\/08\/logo-1.png\",\"contentUrl\":\"https:\/\/librairie7l.com\/wp-content\/uploads\/2022\/08\/logo-1.png\",\"width\":227,\"height\":301,\"caption\":\"Librairie 7L\"},\"image\":{\"@id\":\"https:\/\/librairie7l.com\/en\/#\/schema\/logo\/image\/\"}}]}<\/script>\n<!-- \/ Yoast SEO plugin. -->","yoast_head_json":{"title":"MAGNUM PHOTOS 75 - Librairie 7L","robots":{"index":"index","follow":"follow","max-snippet":"max-snippet:-1","max-image-preview":"max-image-preview:large","max-video-preview":"max-video-preview:-1"},"canonical":"https:\/\/librairie7l.com\/en\/produit\/magnum-photos-75\/","og_locale":"en_US","og_type":"article","og_title":"MAGNUM PHOTOS 75 - Librairie 7L","og_description":"L&#8217;une des agences de presse la plus c\u00e9l\u00e8bre du monde f\u00eatera en 2022 son 75e anniversaire. Fond\u00e9e en 1947 par Robert Capa, David &#8221; Chim &#8221; Seymour, Henri Cartier-Bresson, George Rodger, William et Rita Vandivert, en association avec Maria Eisner, Magnum Photos Inc na\u00eet simultan\u00e9ment \u00e0 New York et \u00e0 Paris un 22 mai. Son [&hellip;]","og_url":"https:\/\/librairie7l.com\/en\/produit\/magnum-photos-75\/","og_site_name":"Librairie 7L","article_modified_time":"2026-04-17T17:15:21+00:00","og_image":[{"width":600,"height":939,"url":"https:\/\/librairie7l.com\/wp-content\/uploads\/2022\/09\/9782365113366_1_75.jpg","type":"image\/jpeg"}],"twitter_card":"summary_large_image","twitter_misc":{"Est. reading time":"2 minutes"},"schema":{"@context":"https:\/\/schema.org","@graph":[{"@type":"WebPage","@id":"https:\/\/librairie7l.com\/en\/produit\/magnum-photos-75\/","url":"https:\/\/librairie7l.com\/en\/produit\/magnum-photos-75\/","name":"MAGNUM PHOTOS 75 - Librairie 7L","isPartOf":{"@id":"https:\/\/librairie7l.com\/en\/#website"},"datePublished":"2023-05-09T15:11:34+00:00","dateModified":"2026-04-17T17:15:21+00:00","breadcrumb":{"@id":"https:\/\/librairie7l.com\/en\/produit\/magnum-photos-75\/#breadcrumb"},"inLanguage":"en-US","potentialAction":[{"@type":"ReadAction","target":["https:\/\/librairie7l.com\/en\/produit\/magnum-photos-75\/"]}]},{"@type":"BreadcrumbList","@id":"https:\/\/librairie7l.com\/en\/produit\/magnum-photos-75\/#breadcrumb","itemListElement":[{"@type":"ListItem","position":1,"name":"Accueil","item":"https:\/\/librairie7l.com\/en\/"},{"@type":"ListItem","position":2,"name":"Shop","item":"https:\/\/librairie7l.com\/en\/shop\/"},{"@type":"ListItem","position":3,"name":"MAGNUM PHOTOS 75"}]},{"@type":"WebSite","@id":"https:\/\/librairie7l.com\/en\/#website","url":"https:\/\/librairie7l.com\/en\/","name":"Librairie 7L","description":"Librairie fond\u00e9e en 1999 par Karl Lagerfeld \u00e0 Paris","publisher":{"@id":"https:\/\/librairie7l.com\/en\/#organization"},"potentialAction":[{"@type":"SearchAction","target":{"@type":"EntryPoint","urlTemplate":"https:\/\/librairie7l.com\/en\/?s={search_term_string}"},"query-input":"required name=search_term_string"}],"inLanguage":"en-US"},{"@type":"Organization","@id":"https:\/\/librairie7l.com\/en\/#organization","name":"Librairie 7L","url":"https:\/\/librairie7l.com\/en\/","logo":{"@type":"ImageObject","inLanguage":"en-US","@id":"https:\/\/librairie7l.com\/en\/#\/schema\/logo\/image\/","url":"https:\/\/librairie7l.com\/wp-content\/uploads\/2022\/08\/logo-1.png","contentUrl":"https:\/\/librairie7l.com\/wp-content\/uploads\/2022\/08\/logo-1.png","width":227,"height":301,"caption":"Librairie 7L"},"image":{"@id":"https:\/\/librairie7l.com\/en\/#\/schema\/logo\/image\/"}}]}},"_links":{"self":[{"href":"https:\/\/librairie7l.com\/en\/wp-json\/wp\/v2\/product\/16043"}],"collection":[{"href":"https:\/\/librairie7l.com\/en\/wp-json\/wp\/v2\/product"}],"about":[{"href":"https:\/\/librairie7l.com\/en\/wp-json\/wp\/v2\/types\/product"}],"wp:featuredmedia":[{"embeddable":true,"href":"https:\/\/librairie7l.com\/en\/wp-json\/wp\/v2\/media\/16041"}],"wp:attachment":[{"href":"https:\/\/librairie7l.com\/en\/wp-json\/wp\/v2\/media?parent=16043"}],"wp:term":[{"taxonomy":"product_cat","embeddable":true,"href":"https:\/\/librairie7l.com\/en\/wp-json\/wp\/v2\/product_cat?post=16043"},{"taxonomy":"product_tag","embeddable":true,"href":"https:\/\/librairie7l.com\/en\/wp-json\/wp\/v2\/product_tag?post=16043"}],"curies":[{"name":"wp","href":"https:\/\/api.w.org\/{rel}","templated":true}]}}