{"id":16055,"date":"2023-05-09T17:11:45","date_gmt":"2023-05-09T15:11:45","guid":{"rendered":"https:\/\/librairie7l.com\/?post_type=product&#038;p=16055"},"modified":"2026-04-16T22:29:53","modified_gmt":"2026-04-16T20:29:53","slug":"philippe-starck-paris-est-pataphyque","status":"publish","type":"product","link":"https:\/\/librairie7l.com\/en\/produit\/philippe-starck-paris-est-pataphyque\/","title":{"rendered":"PHILIPPE STARCK, PARIS EST PATAPHYQUE"},"content":{"rendered":"<p>Depuis les ann\u00e9es 1980, le designer Philippe Starck (n\u00e9 en 1949) transfigure Paris, son port d&#8217;attache. La ville arbore nombre de ses cr\u00e9ations : le caf\u00e9 Costes, le parc de la Villette, les panneaux Histoire de Paris, les photomatons, le Mama Shelter&#8230;<br \/>\nLe catalogue de l&#8217;exposition compile ses explorations, ses visions d\u00e9cal\u00e9es et ses r\u00e9interpr\u00e9tations concr\u00e8tes ou imaginaires de multiples lieux de la capitale, qu&#8217;ils soient historiques, touristiques ou intimistes.<br \/>\nL&#8217;ouvrage convie le lecteur \u00e0 une excursion dans Paris avec Philippe Starck pour guide. Recourant aux explications imaginaires et d\u00e9cal\u00e9es de la pataphysique, science des solutions imaginaires, le designer nous r\u00e9v\u00e8le les myst\u00e8res incongrus de la Ville Lumi\u00e8re.<br \/>\nLe livre propose \u00e9galement de d\u00e9placer la focale sur le laboratoire cr\u00e9atif que suppose la conception et la pr\u00e9paration d&#8217;une exposition de cette ampleur.<\/p>\n","protected":false},"excerpt":{"rendered":"<p>Depuis les ann\u00e9es 1980, le designer Philippe Starck (n\u00e9 en 1949) transfigure Paris, son port d&#8217;attache. La ville arbore nombre de ses cr\u00e9ations : le caf\u00e9 Costes, le parc de la Villette, les panneaux Histoire de Paris, les photomatons, le Mama Shelter&#8230; Le catalogue de l&#8217;exposition compile ses explorations, ses visions d\u00e9cal\u00e9es et ses r\u00e9interpr\u00e9tations [&hellip;]<\/p>\n","protected":false},"featured_media":16053,"template":"","meta":[],"product_cat":[55,2948,18,2952],"product_tag":[],"acf":[],"yoast_head":"<!-- This site is optimized with the Yoast SEO plugin v20.11 - https:\/\/yoast.com\/wordpress\/plugins\/seo\/ -->\n<title>PHILIPPE STARCK, PARIS EST PATAPHYQUE - Librairie 7L<\/title>\n<meta name=\"robots\" content=\"index, follow, max-snippet:-1, max-image-preview:large, max-video-preview:-1\" \/>\n<link rel=\"canonical\" href=\"https:\/\/librairie7l.com\/en\/produit\/philippe-starck-paris-est-pataphyque\/\" \/>\n<meta property=\"og:locale\" content=\"en_US\" \/>\n<meta property=\"og:type\" content=\"article\" \/>\n<meta property=\"og:title\" content=\"PHILIPPE STARCK, PARIS EST PATAPHYQUE - Librairie 7L\" \/>\n<meta property=\"og:description\" content=\"Depuis les ann\u00e9es 1980, le designer Philippe Starck (n\u00e9 en 1949) transfigure Paris, son port d&#8217;attache. La ville arbore nombre de ses cr\u00e9ations : le caf\u00e9 Costes, le parc de la Villette, les panneaux Histoire de Paris, les photomatons, le Mama Shelter&#8230; Le catalogue de l&#8217;exposition compile ses explorations, ses visions d\u00e9cal\u00e9es et ses r\u00e9interpr\u00e9tations [&hellip;]\" \/>\n<meta property=\"og:url\" content=\"https:\/\/librairie7l.com\/en\/produit\/philippe-starck-paris-est-pataphyque\/\" \/>\n<meta property=\"og:site_name\" content=\"Librairie 7L\" \/>\n<meta property=\"article:modified_time\" content=\"2026-04-16T20:29:53+00:00\" \/>\n<meta property=\"og:image\" content=\"https:\/\/librairie7l.com\/wp-content\/uploads\/2023\/04\/9782759605491_1_75.jpg\" \/>\n\t<meta property=\"og:image:width\" content=\"400\" \/>\n\t<meta property=\"og:image:height\" content=\"314\" \/>\n\t<meta property=\"og:image:type\" content=\"image\/jpeg\" \/>\n<meta name=\"twitter:card\" content=\"summary_large_image\" \/>\n<meta name=\"twitter:label1\" content=\"Est. reading time\" \/>\n\t<meta name=\"twitter:data1\" content=\"1 minute\" \/>\n<script type=\"application\/ld+json\" class=\"yoast-schema-graph\">{\"@context\":\"https:\/\/schema.org\",\"@graph\":[{\"@type\":\"WebPage\",\"@id\":\"https:\/\/librairie7l.com\/en\/produit\/philippe-starck-paris-est-pataphyque\/\",\"url\":\"https:\/\/librairie7l.com\/en\/produit\/philippe-starck-paris-est-pataphyque\/\",\"name\":\"PHILIPPE STARCK, PARIS EST PATAPHYQUE - Librairie 7L\",\"isPartOf\":{\"@id\":\"https:\/\/librairie7l.com\/en\/#website\"},\"datePublished\":\"2023-05-09T15:11:45+00:00\",\"dateModified\":\"2026-04-16T20:29:53+00:00\",\"breadcrumb\":{\"@id\":\"https:\/\/librairie7l.com\/en\/produit\/philippe-starck-paris-est-pataphyque\/#breadcrumb\"},\"inLanguage\":\"en-US\",\"potentialAction\":[{\"@type\":\"ReadAction\",\"target\":[\"https:\/\/librairie7l.com\/en\/produit\/philippe-starck-paris-est-pataphyque\/\"]}]},{\"@type\":\"BreadcrumbList\",\"@id\":\"https:\/\/librairie7l.com\/en\/produit\/philippe-starck-paris-est-pataphyque\/#breadcrumb\",\"itemListElement\":[{\"@type\":\"ListItem\",\"position\":1,\"name\":\"Accueil\",\"item\":\"https:\/\/librairie7l.com\/en\/\"},{\"@type\":\"ListItem\",\"position\":2,\"name\":\"Shop\",\"item\":\"https:\/\/librairie7l.com\/en\/shop\/\"},{\"@type\":\"ListItem\",\"position\":3,\"name\":\"PHILIPPE STARCK, PARIS EST PATAPHYQUE\"}]},{\"@type\":\"WebSite\",\"@id\":\"https:\/\/librairie7l.com\/en\/#website\",\"url\":\"https:\/\/librairie7l.com\/en\/\",\"name\":\"Librairie 7L\",\"description\":\"Librairie fond\u00e9e en 1999 par Karl Lagerfeld \u00e0 Paris\",\"publisher\":{\"@id\":\"https:\/\/librairie7l.com\/en\/#organization\"},\"potentialAction\":[{\"@type\":\"SearchAction\",\"target\":{\"@type\":\"EntryPoint\",\"urlTemplate\":\"https:\/\/librairie7l.com\/en\/?s={search_term_string}\"},\"query-input\":\"required name=search_term_string\"}],\"inLanguage\":\"en-US\"},{\"@type\":\"Organization\",\"@id\":\"https:\/\/librairie7l.com\/en\/#organization\",\"name\":\"Librairie 7L\",\"url\":\"https:\/\/librairie7l.com\/en\/\",\"logo\":{\"@type\":\"ImageObject\",\"inLanguage\":\"en-US\",\"@id\":\"https:\/\/librairie7l.com\/en\/#\/schema\/logo\/image\/\",\"url\":\"https:\/\/librairie7l.com\/wp-content\/uploads\/2022\/08\/logo-1.png\",\"contentUrl\":\"https:\/\/librairie7l.com\/wp-content\/uploads\/2022\/08\/logo-1.png\",\"width\":227,\"height\":301,\"caption\":\"Librairie 7L\"},\"image\":{\"@id\":\"https:\/\/librairie7l.com\/en\/#\/schema\/logo\/image\/\"}}]}<\/script>\n<!-- \/ Yoast SEO plugin. -->","yoast_head_json":{"title":"PHILIPPE STARCK, PARIS EST PATAPHYQUE - Librairie 7L","robots":{"index":"index","follow":"follow","max-snippet":"max-snippet:-1","max-image-preview":"max-image-preview:large","max-video-preview":"max-video-preview:-1"},"canonical":"https:\/\/librairie7l.com\/en\/produit\/philippe-starck-paris-est-pataphyque\/","og_locale":"en_US","og_type":"article","og_title":"PHILIPPE STARCK, PARIS EST PATAPHYQUE - Librairie 7L","og_description":"Depuis les ann\u00e9es 1980, le designer Philippe Starck (n\u00e9 en 1949) transfigure Paris, son port d&#8217;attache. La ville arbore nombre de ses cr\u00e9ations : le caf\u00e9 Costes, le parc de la Villette, les panneaux Histoire de Paris, les photomatons, le Mama Shelter&#8230; Le catalogue de l&#8217;exposition compile ses explorations, ses visions d\u00e9cal\u00e9es et ses r\u00e9interpr\u00e9tations [&hellip;]","og_url":"https:\/\/librairie7l.com\/en\/produit\/philippe-starck-paris-est-pataphyque\/","og_site_name":"Librairie 7L","article_modified_time":"2026-04-16T20:29:53+00:00","og_image":[{"width":400,"height":314,"url":"https:\/\/librairie7l.com\/wp-content\/uploads\/2023\/04\/9782759605491_1_75.jpg","type":"image\/jpeg"}],"twitter_card":"summary_large_image","twitter_misc":{"Est. reading time":"1 minute"},"schema":{"@context":"https:\/\/schema.org","@graph":[{"@type":"WebPage","@id":"https:\/\/librairie7l.com\/en\/produit\/philippe-starck-paris-est-pataphyque\/","url":"https:\/\/librairie7l.com\/en\/produit\/philippe-starck-paris-est-pataphyque\/","name":"PHILIPPE STARCK, PARIS EST PATAPHYQUE - Librairie 7L","isPartOf":{"@id":"https:\/\/librairie7l.com\/en\/#website"},"datePublished":"2023-05-09T15:11:45+00:00","dateModified":"2026-04-16T20:29:53+00:00","breadcrumb":{"@id":"https:\/\/librairie7l.com\/en\/produit\/philippe-starck-paris-est-pataphyque\/#breadcrumb"},"inLanguage":"en-US","potentialAction":[{"@type":"ReadAction","target":["https:\/\/librairie7l.com\/en\/produit\/philippe-starck-paris-est-pataphyque\/"]}]},{"@type":"BreadcrumbList","@id":"https:\/\/librairie7l.com\/en\/produit\/philippe-starck-paris-est-pataphyque\/#breadcrumb","itemListElement":[{"@type":"ListItem","position":1,"name":"Accueil","item":"https:\/\/librairie7l.com\/en\/"},{"@type":"ListItem","position":2,"name":"Shop","item":"https:\/\/librairie7l.com\/en\/shop\/"},{"@type":"ListItem","position":3,"name":"PHILIPPE STARCK, PARIS EST PATAPHYQUE"}]},{"@type":"WebSite","@id":"https:\/\/librairie7l.com\/en\/#website","url":"https:\/\/librairie7l.com\/en\/","name":"Librairie 7L","description":"Librairie fond\u00e9e en 1999 par Karl Lagerfeld \u00e0 Paris","publisher":{"@id":"https:\/\/librairie7l.com\/en\/#organization"},"potentialAction":[{"@type":"SearchAction","target":{"@type":"EntryPoint","urlTemplate":"https:\/\/librairie7l.com\/en\/?s={search_term_string}"},"query-input":"required name=search_term_string"}],"inLanguage":"en-US"},{"@type":"Organization","@id":"https:\/\/librairie7l.com\/en\/#organization","name":"Librairie 7L","url":"https:\/\/librairie7l.com\/en\/","logo":{"@type":"ImageObject","inLanguage":"en-US","@id":"https:\/\/librairie7l.com\/en\/#\/schema\/logo\/image\/","url":"https:\/\/librairie7l.com\/wp-content\/uploads\/2022\/08\/logo-1.png","contentUrl":"https:\/\/librairie7l.com\/wp-content\/uploads\/2022\/08\/logo-1.png","width":227,"height":301,"caption":"Librairie 7L"},"image":{"@id":"https:\/\/librairie7l.com\/en\/#\/schema\/logo\/image\/"}}]}},"_links":{"self":[{"href":"https:\/\/librairie7l.com\/en\/wp-json\/wp\/v2\/product\/16055"}],"collection":[{"href":"https:\/\/librairie7l.com\/en\/wp-json\/wp\/v2\/product"}],"about":[{"href":"https:\/\/librairie7l.com\/en\/wp-json\/wp\/v2\/types\/product"}],"wp:featuredmedia":[{"embeddable":true,"href":"https:\/\/librairie7l.com\/en\/wp-json\/wp\/v2\/media\/16053"}],"wp:attachment":[{"href":"https:\/\/librairie7l.com\/en\/wp-json\/wp\/v2\/media?parent=16055"}],"wp:term":[{"taxonomy":"product_cat","embeddable":true,"href":"https:\/\/librairie7l.com\/en\/wp-json\/wp\/v2\/product_cat?post=16055"},{"taxonomy":"product_tag","embeddable":true,"href":"https:\/\/librairie7l.com\/en\/wp-json\/wp\/v2\/product_tag?post=16055"}],"curies":[{"name":"wp","href":"https:\/\/api.w.org\/{rel}","templated":true}]}}