{"id":16067,"date":"2023-05-09T17:11:54","date_gmt":"2023-05-09T15:11:54","guid":{"rendered":"https:\/\/librairie7l.com\/?post_type=product&#038;p=16067"},"modified":"2026-04-04T11:05:54","modified_gmt":"2026-04-04T09:05:54","slug":"celebration-picasso-la-collection-prend-des-couleurs","status":"publish","type":"product","link":"https:\/\/librairie7l.com\/en\/produit\/celebration-picasso-la-collection-prend-des-couleurs\/","title":{"rendered":"C\u00c9L\u00c9BRATION PICASSO, LA COLLECTION PREND DES COULEURS ! &#8211;"},"content":{"rendered":"<p>Cinquante ans apr\u00e8s la mort de Pablo Picasso, le mus\u00e9e  qui lui est d\u00e9di\u00e9 lui rend hommage. Peintures, sculptures,  dessins, photographies?: un nouveau parcours a \u00e9t\u00e9  pens\u00e9 pour donner \u00e0 voir l&#8217;incroyable richesse du fonds  du mus\u00e9e, et, en miroir, l&#8217;ampleur de la pratique artistique  de Picasso. La direction artistique a \u00e9t\u00e9 confi\u00e9e pour  l&#8217;occasion au c\u00e9l\u00e8bre styliste britannique Paul Smith,  qui, par sa patte color\u00e9e et pleine d&#8217;\u00e9nergie a sign\u00e9 un  accrochage exceptionnel con\u00e7u sous le commissariat de  l&#8217;\u00e9quipe de conservation du mus\u00e9e.<br \/>\n\u00c0 travers son regard, c&#8217;est un Picasso inventif, dr\u00f4le,  en perp\u00e9tuelle exp\u00e9rimentation que l&#8217;on red\u00e9couvre.<br \/>\nPaul Smith propose des rapprochements inhabituels,  souligne des d\u00e9tails inattendus. Amoureux de la couleur,  fascin\u00e9 par l&#8217;univers du spectacle, Paul Smith d\u00e9c\u00e8le  dans l&#8217;oeuvre de Picasso et dans sa propre d\u00e9marche  de nombreux \u00e9chos, notamment dans leur rapport aux  images. Car l&#8217;oeuvre de Picasso demeure vivante et elle  ne cesse et n&#8217;a cess\u00e9 d&#8217;\u00eatre regard\u00e9e et stimulante pour  les artistes d&#8217;hier et d&#8217;aujourd&#8217;hui. Sont ainsi dispos\u00e9es  au fil du parcours quelques oeuvres de ces artistes?:<br \/>\nC\u00e9zanne, Bourgeois, Kuitca, Samba ou Mickalene  Thomas. Le catalogue de l&#8217;exposition rend compte de  ce nouvel accrochage \u00e0 travers des analyses, mises en  perspectives et interviews d&#8217;artistes, et se pare des  couleurs du couturier britannique.<\/p>\n","protected":false},"excerpt":{"rendered":"<p>Cinquante ans apr\u00e8s la mort de Pablo Picasso, le mus\u00e9e qui lui est d\u00e9di\u00e9 lui rend hommage. Peintures, sculptures, dessins, photographies?: un nouveau parcours a \u00e9t\u00e9 pens\u00e9 pour donner \u00e0 voir l&#8217;incroyable richesse du fonds du mus\u00e9e, et, en miroir, l&#8217;ampleur de la pratique artistique de Picasso. La direction artistique a \u00e9t\u00e9 confi\u00e9e pour l&#8217;occasion [&hellip;]<\/p>\n","protected":false},"featured_media":16065,"template":"","meta":[],"product_cat":[55,2948,47,2953],"product_tag":[],"acf":[],"yoast_head":"<!-- This site is optimized with the Yoast SEO plugin v20.11 - https:\/\/yoast.com\/wordpress\/plugins\/seo\/ -->\n<title>C\u00c9L\u00c9BRATION PICASSO, LA COLLECTION PREND DES COULEURS ! - Librairie 7L<\/title>\n<meta name=\"robots\" content=\"index, follow, max-snippet:-1, max-image-preview:large, max-video-preview:-1\" \/>\n<link rel=\"canonical\" href=\"https:\/\/librairie7l.com\/en\/produit\/celebration-picasso-la-collection-prend-des-couleurs\/\" \/>\n<meta property=\"og:locale\" content=\"en_US\" \/>\n<meta property=\"og:type\" content=\"article\" \/>\n<meta property=\"og:title\" content=\"C\u00c9L\u00c9BRATION PICASSO, LA COLLECTION PREND DES COULEURS ! - Librairie 7L\" \/>\n<meta property=\"og:description\" content=\"Cinquante ans apr\u00e8s la mort de Pablo Picasso, le mus\u00e9e qui lui est d\u00e9di\u00e9 lui rend hommage. Peintures, sculptures, dessins, photographies?: un nouveau parcours a \u00e9t\u00e9 pens\u00e9 pour donner \u00e0 voir l&#8217;incroyable richesse du fonds du mus\u00e9e, et, en miroir, l&#8217;ampleur de la pratique artistique de Picasso. La direction artistique a \u00e9t\u00e9 confi\u00e9e pour l&#8217;occasion [&hellip;]\" \/>\n<meta property=\"og:url\" content=\"https:\/\/librairie7l.com\/en\/produit\/celebration-picasso-la-collection-prend-des-couleurs\/\" \/>\n<meta property=\"og:site_name\" content=\"Librairie 7L\" \/>\n<meta property=\"article:modified_time\" content=\"2026-04-04T09:05:54+00:00\" \/>\n<meta property=\"og:image\" content=\"https:\/\/librairie7l.com\/wp-content\/uploads\/2023\/02\/9791020407962_1_75.jpg\" \/>\n\t<meta property=\"og:image:width\" content=\"600\" \/>\n\t<meta property=\"og:image:height\" content=\"730\" \/>\n\t<meta property=\"og:image:type\" content=\"image\/jpeg\" \/>\n<meta name=\"twitter:card\" content=\"summary_large_image\" \/>\n<meta name=\"twitter:label1\" content=\"Est. reading time\" \/>\n\t<meta name=\"twitter:data1\" content=\"1 minute\" \/>\n<script type=\"application\/ld+json\" class=\"yoast-schema-graph\">{\"@context\":\"https:\/\/schema.org\",\"@graph\":[{\"@type\":\"WebPage\",\"@id\":\"https:\/\/librairie7l.com\/en\/produit\/celebration-picasso-la-collection-prend-des-couleurs\/\",\"url\":\"https:\/\/librairie7l.com\/en\/produit\/celebration-picasso-la-collection-prend-des-couleurs\/\",\"name\":\"C\u00c9L\u00c9BRATION PICASSO, LA COLLECTION PREND DES COULEURS ! - Librairie 7L\",\"isPartOf\":{\"@id\":\"https:\/\/librairie7l.com\/en\/#website\"},\"datePublished\":\"2023-05-09T15:11:54+00:00\",\"dateModified\":\"2026-04-04T09:05:54+00:00\",\"breadcrumb\":{\"@id\":\"https:\/\/librairie7l.com\/en\/produit\/celebration-picasso-la-collection-prend-des-couleurs\/#breadcrumb\"},\"inLanguage\":\"en-US\",\"potentialAction\":[{\"@type\":\"ReadAction\",\"target\":[\"https:\/\/librairie7l.com\/en\/produit\/celebration-picasso-la-collection-prend-des-couleurs\/\"]}]},{\"@type\":\"BreadcrumbList\",\"@id\":\"https:\/\/librairie7l.com\/en\/produit\/celebration-picasso-la-collection-prend-des-couleurs\/#breadcrumb\",\"itemListElement\":[{\"@type\":\"ListItem\",\"position\":1,\"name\":\"Accueil\",\"item\":\"https:\/\/librairie7l.com\/en\/\"},{\"@type\":\"ListItem\",\"position\":2,\"name\":\"Shop\",\"item\":\"https:\/\/librairie7l.com\/en\/shop\/\"},{\"@type\":\"ListItem\",\"position\":3,\"name\":\"C\u00c9L\u00c9BRATION PICASSO, LA COLLECTION PREND DES COULEURS ! &#8211;\"}]},{\"@type\":\"WebSite\",\"@id\":\"https:\/\/librairie7l.com\/en\/#website\",\"url\":\"https:\/\/librairie7l.com\/en\/\",\"name\":\"Librairie 7L\",\"description\":\"Librairie fond\u00e9e en 1999 par Karl Lagerfeld \u00e0 Paris\",\"publisher\":{\"@id\":\"https:\/\/librairie7l.com\/en\/#organization\"},\"potentialAction\":[{\"@type\":\"SearchAction\",\"target\":{\"@type\":\"EntryPoint\",\"urlTemplate\":\"https:\/\/librairie7l.com\/en\/?s={search_term_string}\"},\"query-input\":\"required name=search_term_string\"}],\"inLanguage\":\"en-US\"},{\"@type\":\"Organization\",\"@id\":\"https:\/\/librairie7l.com\/en\/#organization\",\"name\":\"Librairie 7L\",\"url\":\"https:\/\/librairie7l.com\/en\/\",\"logo\":{\"@type\":\"ImageObject\",\"inLanguage\":\"en-US\",\"@id\":\"https:\/\/librairie7l.com\/en\/#\/schema\/logo\/image\/\",\"url\":\"https:\/\/librairie7l.com\/wp-content\/uploads\/2022\/08\/logo-1.png\",\"contentUrl\":\"https:\/\/librairie7l.com\/wp-content\/uploads\/2022\/08\/logo-1.png\",\"width\":227,\"height\":301,\"caption\":\"Librairie 7L\"},\"image\":{\"@id\":\"https:\/\/librairie7l.com\/en\/#\/schema\/logo\/image\/\"}}]}<\/script>\n<!-- \/ Yoast SEO plugin. -->","yoast_head_json":{"title":"C\u00c9L\u00c9BRATION PICASSO, LA COLLECTION PREND DES COULEURS ! - Librairie 7L","robots":{"index":"index","follow":"follow","max-snippet":"max-snippet:-1","max-image-preview":"max-image-preview:large","max-video-preview":"max-video-preview:-1"},"canonical":"https:\/\/librairie7l.com\/en\/produit\/celebration-picasso-la-collection-prend-des-couleurs\/","og_locale":"en_US","og_type":"article","og_title":"C\u00c9L\u00c9BRATION PICASSO, LA COLLECTION PREND DES COULEURS ! - Librairie 7L","og_description":"Cinquante ans apr\u00e8s la mort de Pablo Picasso, le mus\u00e9e qui lui est d\u00e9di\u00e9 lui rend hommage. Peintures, sculptures, dessins, photographies?: un nouveau parcours a \u00e9t\u00e9 pens\u00e9 pour donner \u00e0 voir l&#8217;incroyable richesse du fonds du mus\u00e9e, et, en miroir, l&#8217;ampleur de la pratique artistique de Picasso. La direction artistique a \u00e9t\u00e9 confi\u00e9e pour l&#8217;occasion [&hellip;]","og_url":"https:\/\/librairie7l.com\/en\/produit\/celebration-picasso-la-collection-prend-des-couleurs\/","og_site_name":"Librairie 7L","article_modified_time":"2026-04-04T09:05:54+00:00","og_image":[{"width":600,"height":730,"url":"https:\/\/librairie7l.com\/wp-content\/uploads\/2023\/02\/9791020407962_1_75.jpg","type":"image\/jpeg"}],"twitter_card":"summary_large_image","twitter_misc":{"Est. reading time":"1 minute"},"schema":{"@context":"https:\/\/schema.org","@graph":[{"@type":"WebPage","@id":"https:\/\/librairie7l.com\/en\/produit\/celebration-picasso-la-collection-prend-des-couleurs\/","url":"https:\/\/librairie7l.com\/en\/produit\/celebration-picasso-la-collection-prend-des-couleurs\/","name":"C\u00c9L\u00c9BRATION PICASSO, LA COLLECTION PREND DES COULEURS ! - Librairie 7L","isPartOf":{"@id":"https:\/\/librairie7l.com\/en\/#website"},"datePublished":"2023-05-09T15:11:54+00:00","dateModified":"2026-04-04T09:05:54+00:00","breadcrumb":{"@id":"https:\/\/librairie7l.com\/en\/produit\/celebration-picasso-la-collection-prend-des-couleurs\/#breadcrumb"},"inLanguage":"en-US","potentialAction":[{"@type":"ReadAction","target":["https:\/\/librairie7l.com\/en\/produit\/celebration-picasso-la-collection-prend-des-couleurs\/"]}]},{"@type":"BreadcrumbList","@id":"https:\/\/librairie7l.com\/en\/produit\/celebration-picasso-la-collection-prend-des-couleurs\/#breadcrumb","itemListElement":[{"@type":"ListItem","position":1,"name":"Accueil","item":"https:\/\/librairie7l.com\/en\/"},{"@type":"ListItem","position":2,"name":"Shop","item":"https:\/\/librairie7l.com\/en\/shop\/"},{"@type":"ListItem","position":3,"name":"C\u00c9L\u00c9BRATION PICASSO, LA COLLECTION PREND DES COULEURS ! &#8211;"}]},{"@type":"WebSite","@id":"https:\/\/librairie7l.com\/en\/#website","url":"https:\/\/librairie7l.com\/en\/","name":"Librairie 7L","description":"Librairie fond\u00e9e en 1999 par Karl Lagerfeld \u00e0 Paris","publisher":{"@id":"https:\/\/librairie7l.com\/en\/#organization"},"potentialAction":[{"@type":"SearchAction","target":{"@type":"EntryPoint","urlTemplate":"https:\/\/librairie7l.com\/en\/?s={search_term_string}"},"query-input":"required name=search_term_string"}],"inLanguage":"en-US"},{"@type":"Organization","@id":"https:\/\/librairie7l.com\/en\/#organization","name":"Librairie 7L","url":"https:\/\/librairie7l.com\/en\/","logo":{"@type":"ImageObject","inLanguage":"en-US","@id":"https:\/\/librairie7l.com\/en\/#\/schema\/logo\/image\/","url":"https:\/\/librairie7l.com\/wp-content\/uploads\/2022\/08\/logo-1.png","contentUrl":"https:\/\/librairie7l.com\/wp-content\/uploads\/2022\/08\/logo-1.png","width":227,"height":301,"caption":"Librairie 7L"},"image":{"@id":"https:\/\/librairie7l.com\/en\/#\/schema\/logo\/image\/"}}]}},"_links":{"self":[{"href":"https:\/\/librairie7l.com\/en\/wp-json\/wp\/v2\/product\/16067"}],"collection":[{"href":"https:\/\/librairie7l.com\/en\/wp-json\/wp\/v2\/product"}],"about":[{"href":"https:\/\/librairie7l.com\/en\/wp-json\/wp\/v2\/types\/product"}],"wp:featuredmedia":[{"embeddable":true,"href":"https:\/\/librairie7l.com\/en\/wp-json\/wp\/v2\/media\/16065"}],"wp:attachment":[{"href":"https:\/\/librairie7l.com\/en\/wp-json\/wp\/v2\/media?parent=16067"}],"wp:term":[{"taxonomy":"product_cat","embeddable":true,"href":"https:\/\/librairie7l.com\/en\/wp-json\/wp\/v2\/product_cat?post=16067"},{"taxonomy":"product_tag","embeddable":true,"href":"https:\/\/librairie7l.com\/en\/wp-json\/wp\/v2\/product_tag?post=16067"}],"curies":[{"name":"wp","href":"https:\/\/api.w.org\/{rel}","templated":true}]}}