{"id":16075,"date":"2023-05-09T17:12:00","date_gmt":"2023-05-09T15:12:00","guid":{"rendered":"https:\/\/librairie7l.com\/?post_type=product&#038;p=16075"},"modified":"2026-04-04T11:22:17","modified_gmt":"2026-04-04T09:22:17","slug":"coco-chanel","status":"publish","type":"product","link":"https:\/\/librairie7l.com\/en\/produit\/coco-chanel\/","title":{"rendered":"COCO CHANEL"},"content":{"rendered":"<p>De 1947 jusqu&#8217;\u00e0 sa disparition en 1971, Coco Chanel entretient le secret sur son action pendant la guerre. Elle le partage, n\u00e9anmoins, avec son avocat, Ren\u00e9 de Chambrun, gendre de Laval et avec le peintre des Fleurs du Mal et pr\u00e9sident de la Soci\u00e9t\u00e9 Baudelaire, Limouse (1894-1989), confident de la styliste sous l&#8217;Occupation.<br \/>\nAu cr\u00e9puscule de sa vie, Limouse transmet le secret, jalousement gard\u00e9, \u00e0 Is\u00e9e St. John Knowles qui le divulgue aujourd&#8217;hui pour la premi\u00e8re fois, apr\u00e8s s&#8217;\u00eatre livr\u00e9 \u00e0 une longue enqu\u00eate.<br \/>\nDans une forme m\u00ealant r\u00e9cit, journal dialogu\u00e9 et notes historiques Coco Chanel, cette femme libre qui d\u00e9fia les tyrans, \u00ab?oeuvre d&#8217;exception qui fera date?\u00bb, selon GabriellePalasse-Labrunie, petite-ni\u00e8ce de Chanel, jette une lumi\u00e8re inattendue sur un personnage illustre, controvers\u00e9, insaisissable et solitaire ; personnage singulier qui, en temps de guerre, revendiqua la souverainet\u00e9 d&#8217;une \u00e9thique libertaire et d\u00e9fia l&#8217;autorit\u00e9 de tous les protagonistes de l&#8217;histoire.<\/p>\n","protected":false},"excerpt":{"rendered":"<p>De 1947 jusqu&#8217;\u00e0 sa disparition en 1971, Coco Chanel entretient le secret sur son action pendant la guerre. Elle le partage, n\u00e9anmoins, avec son avocat, Ren\u00e9 de Chambrun, gendre de Laval et avec le peintre des Fleurs du Mal et pr\u00e9sident de la Soci\u00e9t\u00e9 Baudelaire, Limouse (1894-1989), confident de la styliste sous l&#8217;Occupation. Au cr\u00e9puscule [&hellip;]<\/p>\n","protected":false},"featured_media":16073,"template":"","meta":[],"product_cat":[55,2948,2957,19],"product_tag":[],"acf":[],"yoast_head":"<!-- This site is optimized with the Yoast SEO plugin v20.11 - https:\/\/yoast.com\/wordpress\/plugins\/seo\/ -->\n<title>COCO CHANEL - Librairie 7L<\/title>\n<meta name=\"robots\" content=\"index, follow, max-snippet:-1, max-image-preview:large, max-video-preview:-1\" \/>\n<link rel=\"canonical\" href=\"https:\/\/librairie7l.com\/en\/produit\/coco-chanel\/\" \/>\n<meta property=\"og:locale\" content=\"en_US\" \/>\n<meta property=\"og:type\" content=\"article\" \/>\n<meta property=\"og:title\" content=\"COCO CHANEL - Librairie 7L\" \/>\n<meta property=\"og:description\" content=\"De 1947 jusqu&#8217;\u00e0 sa disparition en 1971, Coco Chanel entretient le secret sur son action pendant la guerre. Elle le partage, n\u00e9anmoins, avec son avocat, Ren\u00e9 de Chambrun, gendre de Laval et avec le peintre des Fleurs du Mal et pr\u00e9sident de la Soci\u00e9t\u00e9 Baudelaire, Limouse (1894-1989), confident de la styliste sous l&#8217;Occupation. Au cr\u00e9puscule [&hellip;]\" \/>\n<meta property=\"og:url\" content=\"https:\/\/librairie7l.com\/en\/produit\/coco-chanel\/\" \/>\n<meta property=\"og:site_name\" content=\"Librairie 7L\" \/>\n<meta property=\"article:modified_time\" content=\"2026-04-04T09:22:17+00:00\" \/>\n<meta property=\"og:image\" content=\"https:\/\/librairie7l.com\/wp-content\/uploads\/2022\/12\/9782367490588_1_75.jpg\" \/>\n\t<meta property=\"og:image:width\" content=\"400\" \/>\n\t<meta property=\"og:image:height\" content=\"555\" \/>\n\t<meta property=\"og:image:type\" content=\"image\/jpeg\" \/>\n<meta name=\"twitter:card\" content=\"summary_large_image\" \/>\n<meta name=\"twitter:label1\" content=\"Est. reading time\" \/>\n\t<meta name=\"twitter:data1\" content=\"1 minute\" \/>\n<script type=\"application\/ld+json\" class=\"yoast-schema-graph\">{\"@context\":\"https:\/\/schema.org\",\"@graph\":[{\"@type\":\"WebPage\",\"@id\":\"https:\/\/librairie7l.com\/en\/produit\/coco-chanel\/\",\"url\":\"https:\/\/librairie7l.com\/en\/produit\/coco-chanel\/\",\"name\":\"COCO CHANEL - Librairie 7L\",\"isPartOf\":{\"@id\":\"https:\/\/librairie7l.com\/en\/#website\"},\"datePublished\":\"2023-05-09T15:12:00+00:00\",\"dateModified\":\"2026-04-04T09:22:17+00:00\",\"breadcrumb\":{\"@id\":\"https:\/\/librairie7l.com\/en\/produit\/coco-chanel\/#breadcrumb\"},\"inLanguage\":\"en-US\",\"potentialAction\":[{\"@type\":\"ReadAction\",\"target\":[\"https:\/\/librairie7l.com\/en\/produit\/coco-chanel\/\"]}]},{\"@type\":\"BreadcrumbList\",\"@id\":\"https:\/\/librairie7l.com\/en\/produit\/coco-chanel\/#breadcrumb\",\"itemListElement\":[{\"@type\":\"ListItem\",\"position\":1,\"name\":\"Accueil\",\"item\":\"https:\/\/librairie7l.com\/en\/\"},{\"@type\":\"ListItem\",\"position\":2,\"name\":\"Shop\",\"item\":\"https:\/\/librairie7l.com\/en\/shop\/\"},{\"@type\":\"ListItem\",\"position\":3,\"name\":\"COCO CHANEL\"}]},{\"@type\":\"WebSite\",\"@id\":\"https:\/\/librairie7l.com\/en\/#website\",\"url\":\"https:\/\/librairie7l.com\/en\/\",\"name\":\"Librairie 7L\",\"description\":\"Librairie fond\u00e9e en 1999 par Karl Lagerfeld \u00e0 Paris\",\"publisher\":{\"@id\":\"https:\/\/librairie7l.com\/en\/#organization\"},\"potentialAction\":[{\"@type\":\"SearchAction\",\"target\":{\"@type\":\"EntryPoint\",\"urlTemplate\":\"https:\/\/librairie7l.com\/en\/?s={search_term_string}\"},\"query-input\":\"required name=search_term_string\"}],\"inLanguage\":\"en-US\"},{\"@type\":\"Organization\",\"@id\":\"https:\/\/librairie7l.com\/en\/#organization\",\"name\":\"Librairie 7L\",\"url\":\"https:\/\/librairie7l.com\/en\/\",\"logo\":{\"@type\":\"ImageObject\",\"inLanguage\":\"en-US\",\"@id\":\"https:\/\/librairie7l.com\/en\/#\/schema\/logo\/image\/\",\"url\":\"https:\/\/librairie7l.com\/wp-content\/uploads\/2022\/08\/logo-1.png\",\"contentUrl\":\"https:\/\/librairie7l.com\/wp-content\/uploads\/2022\/08\/logo-1.png\",\"width\":227,\"height\":301,\"caption\":\"Librairie 7L\"},\"image\":{\"@id\":\"https:\/\/librairie7l.com\/en\/#\/schema\/logo\/image\/\"}}]}<\/script>\n<!-- \/ Yoast SEO plugin. -->","yoast_head_json":{"title":"COCO CHANEL - Librairie 7L","robots":{"index":"index","follow":"follow","max-snippet":"max-snippet:-1","max-image-preview":"max-image-preview:large","max-video-preview":"max-video-preview:-1"},"canonical":"https:\/\/librairie7l.com\/en\/produit\/coco-chanel\/","og_locale":"en_US","og_type":"article","og_title":"COCO CHANEL - Librairie 7L","og_description":"De 1947 jusqu&#8217;\u00e0 sa disparition en 1971, Coco Chanel entretient le secret sur son action pendant la guerre. Elle le partage, n\u00e9anmoins, avec son avocat, Ren\u00e9 de Chambrun, gendre de Laval et avec le peintre des Fleurs du Mal et pr\u00e9sident de la Soci\u00e9t\u00e9 Baudelaire, Limouse (1894-1989), confident de la styliste sous l&#8217;Occupation. Au cr\u00e9puscule [&hellip;]","og_url":"https:\/\/librairie7l.com\/en\/produit\/coco-chanel\/","og_site_name":"Librairie 7L","article_modified_time":"2026-04-04T09:22:17+00:00","og_image":[{"width":400,"height":555,"url":"https:\/\/librairie7l.com\/wp-content\/uploads\/2022\/12\/9782367490588_1_75.jpg","type":"image\/jpeg"}],"twitter_card":"summary_large_image","twitter_misc":{"Est. reading time":"1 minute"},"schema":{"@context":"https:\/\/schema.org","@graph":[{"@type":"WebPage","@id":"https:\/\/librairie7l.com\/en\/produit\/coco-chanel\/","url":"https:\/\/librairie7l.com\/en\/produit\/coco-chanel\/","name":"COCO CHANEL - Librairie 7L","isPartOf":{"@id":"https:\/\/librairie7l.com\/en\/#website"},"datePublished":"2023-05-09T15:12:00+00:00","dateModified":"2026-04-04T09:22:17+00:00","breadcrumb":{"@id":"https:\/\/librairie7l.com\/en\/produit\/coco-chanel\/#breadcrumb"},"inLanguage":"en-US","potentialAction":[{"@type":"ReadAction","target":["https:\/\/librairie7l.com\/en\/produit\/coco-chanel\/"]}]},{"@type":"BreadcrumbList","@id":"https:\/\/librairie7l.com\/en\/produit\/coco-chanel\/#breadcrumb","itemListElement":[{"@type":"ListItem","position":1,"name":"Accueil","item":"https:\/\/librairie7l.com\/en\/"},{"@type":"ListItem","position":2,"name":"Shop","item":"https:\/\/librairie7l.com\/en\/shop\/"},{"@type":"ListItem","position":3,"name":"COCO CHANEL"}]},{"@type":"WebSite","@id":"https:\/\/librairie7l.com\/en\/#website","url":"https:\/\/librairie7l.com\/en\/","name":"Librairie 7L","description":"Librairie fond\u00e9e en 1999 par Karl Lagerfeld \u00e0 Paris","publisher":{"@id":"https:\/\/librairie7l.com\/en\/#organization"},"potentialAction":[{"@type":"SearchAction","target":{"@type":"EntryPoint","urlTemplate":"https:\/\/librairie7l.com\/en\/?s={search_term_string}"},"query-input":"required name=search_term_string"}],"inLanguage":"en-US"},{"@type":"Organization","@id":"https:\/\/librairie7l.com\/en\/#organization","name":"Librairie 7L","url":"https:\/\/librairie7l.com\/en\/","logo":{"@type":"ImageObject","inLanguage":"en-US","@id":"https:\/\/librairie7l.com\/en\/#\/schema\/logo\/image\/","url":"https:\/\/librairie7l.com\/wp-content\/uploads\/2022\/08\/logo-1.png","contentUrl":"https:\/\/librairie7l.com\/wp-content\/uploads\/2022\/08\/logo-1.png","width":227,"height":301,"caption":"Librairie 7L"},"image":{"@id":"https:\/\/librairie7l.com\/en\/#\/schema\/logo\/image\/"}}]}},"_links":{"self":[{"href":"https:\/\/librairie7l.com\/en\/wp-json\/wp\/v2\/product\/16075"}],"collection":[{"href":"https:\/\/librairie7l.com\/en\/wp-json\/wp\/v2\/product"}],"about":[{"href":"https:\/\/librairie7l.com\/en\/wp-json\/wp\/v2\/types\/product"}],"wp:featuredmedia":[{"embeddable":true,"href":"https:\/\/librairie7l.com\/en\/wp-json\/wp\/v2\/media\/16073"}],"wp:attachment":[{"href":"https:\/\/librairie7l.com\/en\/wp-json\/wp\/v2\/media?parent=16075"}],"wp:term":[{"taxonomy":"product_cat","embeddable":true,"href":"https:\/\/librairie7l.com\/en\/wp-json\/wp\/v2\/product_cat?post=16075"},{"taxonomy":"product_tag","embeddable":true,"href":"https:\/\/librairie7l.com\/en\/wp-json\/wp\/v2\/product_tag?post=16075"}],"curies":[{"name":"wp","href":"https:\/\/api.w.org\/{rel}","templated":true}]}}