{"id":16079,"date":"2023-05-09T17:12:04","date_gmt":"2023-05-09T15:12:04","guid":{"rendered":"https:\/\/librairie7l.com\/?post_type=product&#038;p=16079"},"modified":"2026-04-15T07:01:56","modified_gmt":"2026-04-15T05:01:56","slug":"noguchi","status":"publish","type":"product","link":"https:\/\/librairie7l.com\/en\/produit\/noguchi\/","title":{"rendered":"NOGUCHI"},"content":{"rendered":"<p>Lsamu Noguchi est \u00e0 la fois sculpteur et designer, attach\u00e9 \u00e0 l&#8217;artisanat le plus traditionnel comme aux d\u00e9couvertes les plus avant-gardistes, il a \u00e9volu\u00e9, tout au long de sa carri\u00e8re, entre Orient et Occident.Form\u00e9 aux \u00c9tats-Unis apr\u00e8s une enfance pass\u00e9e au Japon, Noguchi s&#8217;installe \u00e0 Paris en 1927, o\u00f9 il devient l&#8217;assistant de Constantin Brancusi, il c\u00f4toie les grands noms de l&#8217;art moderne tels que Alberto Giacometti, Juan Mir\u00f3 ou encore Alexander Calder qui forgeront sa conception de la mat\u00e9rialit\u00e9 de la sculpture, Il se passionne \u00e9galement pour le rapport entre sculpture, espace et corps, souhaitant \u00ab d\u00e9passer l&#8217;art des objets \u00bb . Il collabore r\u00e9guli\u00e8rement avec le monde du th\u00e9\u00e2tre et de la danse dont les nombreuses archives photographiques reproduites dans l&#8217;ouvrage offrent un aper\u00e7u de la puissance de ses espaces sculpturaux.Isamu Noguchi est un artiste m\u00e9connu en France dont l&#8217;oeuvre kal\u00e9idoscopique en fait l&#8217;un des grands acteurs du d\u00e9cloisonnement des arts et de leur int\u00e9gration dans notre vie quotidienne.<\/p>\n","protected":false},"excerpt":{"rendered":"<p>Lsamu Noguchi est \u00e0 la fois sculpteur et designer, attach\u00e9 \u00e0 l&#8217;artisanat le plus traditionnel comme aux d\u00e9couvertes les plus avant-gardistes, il a \u00e9volu\u00e9, tout au long de sa carri\u00e8re, entre Orient et Occident.Form\u00e9 aux \u00c9tats-Unis apr\u00e8s une enfance pass\u00e9e au Japon, Noguchi s&#8217;installe \u00e0 Paris en 1927, o\u00f9 il devient l&#8217;assistant de Constantin Brancusi, [&hellip;]<\/p>\n","protected":false},"featured_media":16078,"template":"","meta":[],"product_cat":[55,2948,18,2952],"product_tag":[],"acf":[],"yoast_head":"<!-- This site is optimized with the Yoast SEO plugin v20.11 - https:\/\/yoast.com\/wordpress\/plugins\/seo\/ -->\n<title>NOGUCHI - Librairie 7L<\/title>\n<meta name=\"robots\" content=\"index, follow, max-snippet:-1, max-image-preview:large, max-video-preview:-1\" \/>\n<link rel=\"canonical\" href=\"https:\/\/librairie7l.com\/en\/produit\/noguchi\/\" \/>\n<meta property=\"og:locale\" content=\"en_US\" \/>\n<meta property=\"og:type\" content=\"article\" \/>\n<meta property=\"og:title\" content=\"NOGUCHI - Librairie 7L\" \/>\n<meta property=\"og:description\" content=\"Lsamu Noguchi est \u00e0 la fois sculpteur et designer, attach\u00e9 \u00e0 l&#8217;artisanat le plus traditionnel comme aux d\u00e9couvertes les plus avant-gardistes, il a \u00e9volu\u00e9, tout au long de sa carri\u00e8re, entre Orient et Occident.Form\u00e9 aux \u00c9tats-Unis apr\u00e8s une enfance pass\u00e9e au Japon, Noguchi s&#8217;installe \u00e0 Paris en 1927, o\u00f9 il devient l&#8217;assistant de Constantin Brancusi, [&hellip;]\" \/>\n<meta property=\"og:url\" content=\"https:\/\/librairie7l.com\/en\/produit\/noguchi\/\" \/>\n<meta property=\"og:site_name\" content=\"Librairie 7L\" \/>\n<meta property=\"article:modified_time\" content=\"2026-04-15T05:01:56+00:00\" \/>\n<meta property=\"og:image\" content=\"https:\/\/librairie7l.com\/wp-content\/uploads\/2023\/03\/9782080282569_1_75.jpg\" \/>\n\t<meta property=\"og:image:width\" content=\"600\" \/>\n\t<meta property=\"og:image:height\" content=\"793\" \/>\n\t<meta property=\"og:image:type\" content=\"image\/jpeg\" \/>\n<meta name=\"twitter:card\" content=\"summary_large_image\" \/>\n<meta name=\"twitter:label1\" content=\"Est. reading time\" \/>\n\t<meta name=\"twitter:data1\" content=\"1 minute\" \/>\n<script type=\"application\/ld+json\" class=\"yoast-schema-graph\">{\"@context\":\"https:\/\/schema.org\",\"@graph\":[{\"@type\":\"WebPage\",\"@id\":\"https:\/\/librairie7l.com\/en\/produit\/noguchi\/\",\"url\":\"https:\/\/librairie7l.com\/en\/produit\/noguchi\/\",\"name\":\"NOGUCHI - Librairie 7L\",\"isPartOf\":{\"@id\":\"https:\/\/librairie7l.com\/en\/#website\"},\"datePublished\":\"2023-05-09T15:12:04+00:00\",\"dateModified\":\"2026-04-15T05:01:56+00:00\",\"breadcrumb\":{\"@id\":\"https:\/\/librairie7l.com\/en\/produit\/noguchi\/#breadcrumb\"},\"inLanguage\":\"en-US\",\"potentialAction\":[{\"@type\":\"ReadAction\",\"target\":[\"https:\/\/librairie7l.com\/en\/produit\/noguchi\/\"]}]},{\"@type\":\"BreadcrumbList\",\"@id\":\"https:\/\/librairie7l.com\/en\/produit\/noguchi\/#breadcrumb\",\"itemListElement\":[{\"@type\":\"ListItem\",\"position\":1,\"name\":\"Accueil\",\"item\":\"https:\/\/librairie7l.com\/en\/\"},{\"@type\":\"ListItem\",\"position\":2,\"name\":\"Shop\",\"item\":\"https:\/\/librairie7l.com\/en\/shop\/\"},{\"@type\":\"ListItem\",\"position\":3,\"name\":\"NOGUCHI\"}]},{\"@type\":\"WebSite\",\"@id\":\"https:\/\/librairie7l.com\/en\/#website\",\"url\":\"https:\/\/librairie7l.com\/en\/\",\"name\":\"Librairie 7L\",\"description\":\"Librairie fond\u00e9e en 1999 par Karl Lagerfeld \u00e0 Paris\",\"publisher\":{\"@id\":\"https:\/\/librairie7l.com\/en\/#organization\"},\"potentialAction\":[{\"@type\":\"SearchAction\",\"target\":{\"@type\":\"EntryPoint\",\"urlTemplate\":\"https:\/\/librairie7l.com\/en\/?s={search_term_string}\"},\"query-input\":\"required name=search_term_string\"}],\"inLanguage\":\"en-US\"},{\"@type\":\"Organization\",\"@id\":\"https:\/\/librairie7l.com\/en\/#organization\",\"name\":\"Librairie 7L\",\"url\":\"https:\/\/librairie7l.com\/en\/\",\"logo\":{\"@type\":\"ImageObject\",\"inLanguage\":\"en-US\",\"@id\":\"https:\/\/librairie7l.com\/en\/#\/schema\/logo\/image\/\",\"url\":\"https:\/\/librairie7l.com\/wp-content\/uploads\/2022\/08\/logo-1.png\",\"contentUrl\":\"https:\/\/librairie7l.com\/wp-content\/uploads\/2022\/08\/logo-1.png\",\"width\":227,\"height\":301,\"caption\":\"Librairie 7L\"},\"image\":{\"@id\":\"https:\/\/librairie7l.com\/en\/#\/schema\/logo\/image\/\"}}]}<\/script>\n<!-- \/ Yoast SEO plugin. -->","yoast_head_json":{"title":"NOGUCHI - Librairie 7L","robots":{"index":"index","follow":"follow","max-snippet":"max-snippet:-1","max-image-preview":"max-image-preview:large","max-video-preview":"max-video-preview:-1"},"canonical":"https:\/\/librairie7l.com\/en\/produit\/noguchi\/","og_locale":"en_US","og_type":"article","og_title":"NOGUCHI - Librairie 7L","og_description":"Lsamu Noguchi est \u00e0 la fois sculpteur et designer, attach\u00e9 \u00e0 l&#8217;artisanat le plus traditionnel comme aux d\u00e9couvertes les plus avant-gardistes, il a \u00e9volu\u00e9, tout au long de sa carri\u00e8re, entre Orient et Occident.Form\u00e9 aux \u00c9tats-Unis apr\u00e8s une enfance pass\u00e9e au Japon, Noguchi s&#8217;installe \u00e0 Paris en 1927, o\u00f9 il devient l&#8217;assistant de Constantin Brancusi, [&hellip;]","og_url":"https:\/\/librairie7l.com\/en\/produit\/noguchi\/","og_site_name":"Librairie 7L","article_modified_time":"2026-04-15T05:01:56+00:00","og_image":[{"width":600,"height":793,"url":"https:\/\/librairie7l.com\/wp-content\/uploads\/2023\/03\/9782080282569_1_75.jpg","type":"image\/jpeg"}],"twitter_card":"summary_large_image","twitter_misc":{"Est. reading time":"1 minute"},"schema":{"@context":"https:\/\/schema.org","@graph":[{"@type":"WebPage","@id":"https:\/\/librairie7l.com\/en\/produit\/noguchi\/","url":"https:\/\/librairie7l.com\/en\/produit\/noguchi\/","name":"NOGUCHI - Librairie 7L","isPartOf":{"@id":"https:\/\/librairie7l.com\/en\/#website"},"datePublished":"2023-05-09T15:12:04+00:00","dateModified":"2026-04-15T05:01:56+00:00","breadcrumb":{"@id":"https:\/\/librairie7l.com\/en\/produit\/noguchi\/#breadcrumb"},"inLanguage":"en-US","potentialAction":[{"@type":"ReadAction","target":["https:\/\/librairie7l.com\/en\/produit\/noguchi\/"]}]},{"@type":"BreadcrumbList","@id":"https:\/\/librairie7l.com\/en\/produit\/noguchi\/#breadcrumb","itemListElement":[{"@type":"ListItem","position":1,"name":"Accueil","item":"https:\/\/librairie7l.com\/en\/"},{"@type":"ListItem","position":2,"name":"Shop","item":"https:\/\/librairie7l.com\/en\/shop\/"},{"@type":"ListItem","position":3,"name":"NOGUCHI"}]},{"@type":"WebSite","@id":"https:\/\/librairie7l.com\/en\/#website","url":"https:\/\/librairie7l.com\/en\/","name":"Librairie 7L","description":"Librairie fond\u00e9e en 1999 par Karl Lagerfeld \u00e0 Paris","publisher":{"@id":"https:\/\/librairie7l.com\/en\/#organization"},"potentialAction":[{"@type":"SearchAction","target":{"@type":"EntryPoint","urlTemplate":"https:\/\/librairie7l.com\/en\/?s={search_term_string}"},"query-input":"required name=search_term_string"}],"inLanguage":"en-US"},{"@type":"Organization","@id":"https:\/\/librairie7l.com\/en\/#organization","name":"Librairie 7L","url":"https:\/\/librairie7l.com\/en\/","logo":{"@type":"ImageObject","inLanguage":"en-US","@id":"https:\/\/librairie7l.com\/en\/#\/schema\/logo\/image\/","url":"https:\/\/librairie7l.com\/wp-content\/uploads\/2022\/08\/logo-1.png","contentUrl":"https:\/\/librairie7l.com\/wp-content\/uploads\/2022\/08\/logo-1.png","width":227,"height":301,"caption":"Librairie 7L"},"image":{"@id":"https:\/\/librairie7l.com\/en\/#\/schema\/logo\/image\/"}}]}},"_links":{"self":[{"href":"https:\/\/librairie7l.com\/en\/wp-json\/wp\/v2\/product\/16079"}],"collection":[{"href":"https:\/\/librairie7l.com\/en\/wp-json\/wp\/v2\/product"}],"about":[{"href":"https:\/\/librairie7l.com\/en\/wp-json\/wp\/v2\/types\/product"}],"wp:featuredmedia":[{"embeddable":true,"href":"https:\/\/librairie7l.com\/en\/wp-json\/wp\/v2\/media\/16078"}],"wp:attachment":[{"href":"https:\/\/librairie7l.com\/en\/wp-json\/wp\/v2\/media?parent=16079"}],"wp:term":[{"taxonomy":"product_cat","embeddable":true,"href":"https:\/\/librairie7l.com\/en\/wp-json\/wp\/v2\/product_cat?post=16079"},{"taxonomy":"product_tag","embeddable":true,"href":"https:\/\/librairie7l.com\/en\/wp-json\/wp\/v2\/product_tag?post=16079"}],"curies":[{"name":"wp","href":"https:\/\/api.w.org\/{rel}","templated":true}]}}