{"id":16091,"date":"2023-05-09T17:12:14","date_gmt":"2023-05-09T15:12:14","guid":{"rendered":"https:\/\/librairie7l.com\/?post_type=product&#038;p=16091"},"modified":"2026-04-07T19:06:11","modified_gmt":"2026-04-07T17:06:11","slug":"icones-du-mobilier-moderne","status":"publish","type":"product","link":"https:\/\/librairie7l.com\/en\/produit\/icones-du-mobilier-moderne\/","title":{"rendered":"IC\u00d4NES DU MOBILIER MODERNE"},"content":{"rendered":"<p>L&#8217;\u00e9poque du milieu des ann\u00e9es 1940 au d\u00e9but des ann\u00e9es 1970 est pour le mobilier et la d\u00e9coration int\u00e9rieure l&#8217;une des plus prolifiques, novatrices et passionnantes. Optimisme de l&#8217;apr\u00e8s-guerre, formes nouvelles de logement, innovations dans les m\u00e9thodes de fabrication et l&#8217;emploi des mat\u00e9riaux : tout concourt au dynamisme de la cr\u00e9ation pour la maison. Du fauteuil \u00e0 la chaise longue, en passant par le meuble de rangement et la table de chevet, cet ouvrage complet et richement illustr\u00e9 offre un vaste panorama du mobilier moderne de cette p\u00e9riode, r\u00e9unissant des centaines de meubles r\u00e9alis\u00e9s par des cr\u00e9ateurs et des cr\u00e9atrices du monde entier, c\u00e9l\u00e8bres ou m\u00e9connus. Tous les collectionneurs et amateurs de ce design intemporel trouveront en Ic\u00f4nes du mobilier moderne un ouvrage de r\u00e9f\u00e9rence.<\/p>\n","protected":false},"excerpt":{"rendered":"<p>L&#8217;\u00e9poque du milieu des ann\u00e9es 1940 au d\u00e9but des ann\u00e9es 1970 est pour le mobilier et la d\u00e9coration int\u00e9rieure l&#8217;une des plus prolifiques, novatrices et passionnantes. Optimisme de l&#8217;apr\u00e8s-guerre, formes nouvelles de logement, innovations dans les m\u00e9thodes de fabrication et l&#8217;emploi des mat\u00e9riaux : tout concourt au dynamisme de la cr\u00e9ation pour la maison. Du [&hellip;]<\/p>\n","protected":false},"featured_media":16089,"template":"","meta":[],"product_cat":[55,2948,18,2952],"product_tag":[],"acf":[],"yoast_head":"<!-- This site is optimized with the Yoast SEO plugin v20.11 - https:\/\/yoast.com\/wordpress\/plugins\/seo\/ -->\n<title>IC\u00d4NES DU MOBILIER MODERNE - Librairie 7L<\/title>\n<meta name=\"robots\" content=\"index, follow, max-snippet:-1, max-image-preview:large, max-video-preview:-1\" \/>\n<link rel=\"canonical\" href=\"https:\/\/librairie7l.com\/en\/produit\/icones-du-mobilier-moderne\/\" \/>\n<meta property=\"og:locale\" content=\"en_US\" \/>\n<meta property=\"og:type\" content=\"article\" \/>\n<meta property=\"og:title\" content=\"IC\u00d4NES DU MOBILIER MODERNE - Librairie 7L\" \/>\n<meta property=\"og:description\" content=\"L&#8217;\u00e9poque du milieu des ann\u00e9es 1940 au d\u00e9but des ann\u00e9es 1970 est pour le mobilier et la d\u00e9coration int\u00e9rieure l&#8217;une des plus prolifiques, novatrices et passionnantes. Optimisme de l&#8217;apr\u00e8s-guerre, formes nouvelles de logement, innovations dans les m\u00e9thodes de fabrication et l&#8217;emploi des mat\u00e9riaux : tout concourt au dynamisme de la cr\u00e9ation pour la maison. Du [&hellip;]\" \/>\n<meta property=\"og:url\" content=\"https:\/\/librairie7l.com\/en\/produit\/icones-du-mobilier-moderne\/\" \/>\n<meta property=\"og:site_name\" content=\"Librairie 7L\" \/>\n<meta property=\"article:modified_time\" content=\"2026-04-07T17:06:11+00:00\" \/>\n<meta property=\"og:image\" content=\"https:\/\/librairie7l.com\/wp-content\/uploads\/2022\/11\/9791040110408_1_75.jpg\" \/>\n\t<meta property=\"og:image:width\" content=\"600\" \/>\n\t<meta property=\"og:image:height\" content=\"725\" \/>\n\t<meta property=\"og:image:type\" content=\"image\/jpeg\" \/>\n<meta name=\"twitter:card\" content=\"summary_large_image\" \/>\n<meta name=\"twitter:label1\" content=\"Est. reading time\" \/>\n\t<meta name=\"twitter:data1\" content=\"1 minute\" \/>\n<script type=\"application\/ld+json\" class=\"yoast-schema-graph\">{\"@context\":\"https:\/\/schema.org\",\"@graph\":[{\"@type\":\"WebPage\",\"@id\":\"https:\/\/librairie7l.com\/en\/produit\/icones-du-mobilier-moderne\/\",\"url\":\"https:\/\/librairie7l.com\/en\/produit\/icones-du-mobilier-moderne\/\",\"name\":\"IC\u00d4NES DU MOBILIER MODERNE - Librairie 7L\",\"isPartOf\":{\"@id\":\"https:\/\/librairie7l.com\/en\/#website\"},\"datePublished\":\"2023-05-09T15:12:14+00:00\",\"dateModified\":\"2026-04-07T17:06:11+00:00\",\"breadcrumb\":{\"@id\":\"https:\/\/librairie7l.com\/en\/produit\/icones-du-mobilier-moderne\/#breadcrumb\"},\"inLanguage\":\"en-US\",\"potentialAction\":[{\"@type\":\"ReadAction\",\"target\":[\"https:\/\/librairie7l.com\/en\/produit\/icones-du-mobilier-moderne\/\"]}]},{\"@type\":\"BreadcrumbList\",\"@id\":\"https:\/\/librairie7l.com\/en\/produit\/icones-du-mobilier-moderne\/#breadcrumb\",\"itemListElement\":[{\"@type\":\"ListItem\",\"position\":1,\"name\":\"Accueil\",\"item\":\"https:\/\/librairie7l.com\/en\/\"},{\"@type\":\"ListItem\",\"position\":2,\"name\":\"Shop\",\"item\":\"https:\/\/librairie7l.com\/en\/shop\/\"},{\"@type\":\"ListItem\",\"position\":3,\"name\":\"IC\u00d4NES DU MOBILIER MODERNE\"}]},{\"@type\":\"WebSite\",\"@id\":\"https:\/\/librairie7l.com\/en\/#website\",\"url\":\"https:\/\/librairie7l.com\/en\/\",\"name\":\"Librairie 7L\",\"description\":\"Librairie fond\u00e9e en 1999 par Karl Lagerfeld \u00e0 Paris\",\"publisher\":{\"@id\":\"https:\/\/librairie7l.com\/en\/#organization\"},\"potentialAction\":[{\"@type\":\"SearchAction\",\"target\":{\"@type\":\"EntryPoint\",\"urlTemplate\":\"https:\/\/librairie7l.com\/en\/?s={search_term_string}\"},\"query-input\":\"required name=search_term_string\"}],\"inLanguage\":\"en-US\"},{\"@type\":\"Organization\",\"@id\":\"https:\/\/librairie7l.com\/en\/#organization\",\"name\":\"Librairie 7L\",\"url\":\"https:\/\/librairie7l.com\/en\/\",\"logo\":{\"@type\":\"ImageObject\",\"inLanguage\":\"en-US\",\"@id\":\"https:\/\/librairie7l.com\/en\/#\/schema\/logo\/image\/\",\"url\":\"https:\/\/librairie7l.com\/wp-content\/uploads\/2022\/08\/logo-1.png\",\"contentUrl\":\"https:\/\/librairie7l.com\/wp-content\/uploads\/2022\/08\/logo-1.png\",\"width\":227,\"height\":301,\"caption\":\"Librairie 7L\"},\"image\":{\"@id\":\"https:\/\/librairie7l.com\/en\/#\/schema\/logo\/image\/\"}}]}<\/script>\n<!-- \/ Yoast SEO plugin. -->","yoast_head_json":{"title":"IC\u00d4NES DU MOBILIER MODERNE - Librairie 7L","robots":{"index":"index","follow":"follow","max-snippet":"max-snippet:-1","max-image-preview":"max-image-preview:large","max-video-preview":"max-video-preview:-1"},"canonical":"https:\/\/librairie7l.com\/en\/produit\/icones-du-mobilier-moderne\/","og_locale":"en_US","og_type":"article","og_title":"IC\u00d4NES DU MOBILIER MODERNE - Librairie 7L","og_description":"L&#8217;\u00e9poque du milieu des ann\u00e9es 1940 au d\u00e9but des ann\u00e9es 1970 est pour le mobilier et la d\u00e9coration int\u00e9rieure l&#8217;une des plus prolifiques, novatrices et passionnantes. Optimisme de l&#8217;apr\u00e8s-guerre, formes nouvelles de logement, innovations dans les m\u00e9thodes de fabrication et l&#8217;emploi des mat\u00e9riaux : tout concourt au dynamisme de la cr\u00e9ation pour la maison. Du [&hellip;]","og_url":"https:\/\/librairie7l.com\/en\/produit\/icones-du-mobilier-moderne\/","og_site_name":"Librairie 7L","article_modified_time":"2026-04-07T17:06:11+00:00","og_image":[{"width":600,"height":725,"url":"https:\/\/librairie7l.com\/wp-content\/uploads\/2022\/11\/9791040110408_1_75.jpg","type":"image\/jpeg"}],"twitter_card":"summary_large_image","twitter_misc":{"Est. reading time":"1 minute"},"schema":{"@context":"https:\/\/schema.org","@graph":[{"@type":"WebPage","@id":"https:\/\/librairie7l.com\/en\/produit\/icones-du-mobilier-moderne\/","url":"https:\/\/librairie7l.com\/en\/produit\/icones-du-mobilier-moderne\/","name":"IC\u00d4NES DU MOBILIER MODERNE - Librairie 7L","isPartOf":{"@id":"https:\/\/librairie7l.com\/en\/#website"},"datePublished":"2023-05-09T15:12:14+00:00","dateModified":"2026-04-07T17:06:11+00:00","breadcrumb":{"@id":"https:\/\/librairie7l.com\/en\/produit\/icones-du-mobilier-moderne\/#breadcrumb"},"inLanguage":"en-US","potentialAction":[{"@type":"ReadAction","target":["https:\/\/librairie7l.com\/en\/produit\/icones-du-mobilier-moderne\/"]}]},{"@type":"BreadcrumbList","@id":"https:\/\/librairie7l.com\/en\/produit\/icones-du-mobilier-moderne\/#breadcrumb","itemListElement":[{"@type":"ListItem","position":1,"name":"Accueil","item":"https:\/\/librairie7l.com\/en\/"},{"@type":"ListItem","position":2,"name":"Shop","item":"https:\/\/librairie7l.com\/en\/shop\/"},{"@type":"ListItem","position":3,"name":"IC\u00d4NES DU MOBILIER MODERNE"}]},{"@type":"WebSite","@id":"https:\/\/librairie7l.com\/en\/#website","url":"https:\/\/librairie7l.com\/en\/","name":"Librairie 7L","description":"Librairie fond\u00e9e en 1999 par Karl Lagerfeld \u00e0 Paris","publisher":{"@id":"https:\/\/librairie7l.com\/en\/#organization"},"potentialAction":[{"@type":"SearchAction","target":{"@type":"EntryPoint","urlTemplate":"https:\/\/librairie7l.com\/en\/?s={search_term_string}"},"query-input":"required name=search_term_string"}],"inLanguage":"en-US"},{"@type":"Organization","@id":"https:\/\/librairie7l.com\/en\/#organization","name":"Librairie 7L","url":"https:\/\/librairie7l.com\/en\/","logo":{"@type":"ImageObject","inLanguage":"en-US","@id":"https:\/\/librairie7l.com\/en\/#\/schema\/logo\/image\/","url":"https:\/\/librairie7l.com\/wp-content\/uploads\/2022\/08\/logo-1.png","contentUrl":"https:\/\/librairie7l.com\/wp-content\/uploads\/2022\/08\/logo-1.png","width":227,"height":301,"caption":"Librairie 7L"},"image":{"@id":"https:\/\/librairie7l.com\/en\/#\/schema\/logo\/image\/"}}]}},"_links":{"self":[{"href":"https:\/\/librairie7l.com\/en\/wp-json\/wp\/v2\/product\/16091"}],"collection":[{"href":"https:\/\/librairie7l.com\/en\/wp-json\/wp\/v2\/product"}],"about":[{"href":"https:\/\/librairie7l.com\/en\/wp-json\/wp\/v2\/types\/product"}],"wp:featuredmedia":[{"embeddable":true,"href":"https:\/\/librairie7l.com\/en\/wp-json\/wp\/v2\/media\/16089"}],"wp:attachment":[{"href":"https:\/\/librairie7l.com\/en\/wp-json\/wp\/v2\/media?parent=16091"}],"wp:term":[{"taxonomy":"product_cat","embeddable":true,"href":"https:\/\/librairie7l.com\/en\/wp-json\/wp\/v2\/product_cat?post=16091"},{"taxonomy":"product_tag","embeddable":true,"href":"https:\/\/librairie7l.com\/en\/wp-json\/wp\/v2\/product_tag?post=16091"}],"curies":[{"name":"wp","href":"https:\/\/api.w.org\/{rel}","templated":true}]}}