{"id":16095,"date":"2023-05-09T17:12:18","date_gmt":"2023-05-09T15:12:18","guid":{"rendered":"https:\/\/librairie7l.com\/?post_type=product&#038;p=16095"},"modified":"2026-04-06T00:27:06","modified_gmt":"2026-04-05T22:27:06","slug":"yves-saint-laurent-defiles","status":"publish","type":"product","link":"https:\/\/librairie7l.com\/en\/produit\/yves-saint-laurent-defiles\/","title":{"rendered":"YVES SAINT LAURENT D\u00c9FIL\u00c9S"},"content":{"rendered":"<p>Ce recueil de photographies de d\u00e9fil\u00e9s offre la premi\u00e8re vue d&#8217;ensemble de toutes les collections de haute couture cr\u00e9\u00e9es par Yves Saint Laurent, depuis l&#8217;ouverture de sa maison en 1962 jusqu&#8217;\u00e0 ses adieux en 2002. Hommage au couturier devenu l\u00e9gendaire, cet ouvrage couvre quarante ann\u00e9es de cr\u00e9ation, de l&#8217;embl\u00e9matique smoking pour femme de 1966 aux \u00e9blouissants mod\u00e8les d&#8217;inspiration artistique : robes Mondrian, vestes Van Gogh aux riches broderies, capes cubistes, pour ne citer que quelques exemples, sans oublier la fameuse collection \u00ab Op\u00e9ra &#8211; Ballets russes \u00bb. Cet ouvrage r\u00e9unit les contributions \u00e9clair\u00e9es de Suzy Menkes, J\u00e9romine Savignon, Olivier Flaviano et du mus\u00e9e Yves Saint Laurent Paris, auteur des textes de pr\u00e9sentation des collections et r\u00e9trospectives. Il constitue une occasion unique de suivre de saison en saison le g\u00e9nie du couturier qui r\u00e9volutionna la garde-robe de la femme moderne.<\/p>\n<p>Avec plus de 1 000 photographies embl\u00e9matiques, ce tr\u00e9sor d&#8217;inspirations est une r\u00e9f\u00e9rence indispensable pour les professionnels de la mode et les admirateurs d&#8217;Yves Saint Laurent.<\/p>\n","protected":false},"excerpt":{"rendered":"<p>Ce recueil de photographies de d\u00e9fil\u00e9s offre la premi\u00e8re vue d&#8217;ensemble de toutes les collections de haute couture cr\u00e9\u00e9es par Yves Saint Laurent, depuis l&#8217;ouverture de sa maison en 1962 jusqu&#8217;\u00e0 ses adieux en 2002. Hommage au couturier devenu l\u00e9gendaire, cet ouvrage couvre quarante ann\u00e9es de cr\u00e9ation, de l&#8217;embl\u00e9matique smoking pour femme de 1966 aux [&hellip;]<\/p>\n","protected":false},"featured_media":16093,"template":"","meta":[],"product_cat":[55,2948,2957,19],"product_tag":[],"acf":[],"yoast_head":"<!-- This site is optimized with the Yoast SEO plugin v20.11 - https:\/\/yoast.com\/wordpress\/plugins\/seo\/ -->\n<title>YVES SAINT LAURENT D\u00c9FIL\u00c9S - Librairie 7L<\/title>\n<meta name=\"robots\" content=\"index, follow, max-snippet:-1, max-image-preview:large, max-video-preview:-1\" \/>\n<link rel=\"canonical\" href=\"https:\/\/librairie7l.com\/en\/produit\/yves-saint-laurent-defiles\/\" \/>\n<meta property=\"og:locale\" content=\"en_US\" \/>\n<meta property=\"og:type\" content=\"article\" \/>\n<meta property=\"og:title\" content=\"YVES SAINT LAURENT D\u00c9FIL\u00c9S - Librairie 7L\" \/>\n<meta property=\"og:description\" content=\"Ce recueil de photographies de d\u00e9fil\u00e9s offre la premi\u00e8re vue d&#8217;ensemble de toutes les collections de haute couture cr\u00e9\u00e9es par Yves Saint Laurent, depuis l&#8217;ouverture de sa maison en 1962 jusqu&#8217;\u00e0 ses adieux en 2002. Hommage au couturier devenu l\u00e9gendaire, cet ouvrage couvre quarante ann\u00e9es de cr\u00e9ation, de l&#8217;embl\u00e9matique smoking pour femme de 1966 aux [&hellip;]\" \/>\n<meta property=\"og:url\" content=\"https:\/\/librairie7l.com\/en\/produit\/yves-saint-laurent-defiles\/\" \/>\n<meta property=\"og:site_name\" content=\"Librairie 7L\" \/>\n<meta property=\"article:modified_time\" content=\"2026-04-05T22:27:06+00:00\" \/>\n<meta property=\"og:image\" content=\"https:\/\/librairie7l.com\/wp-content\/uploads\/2019\/06\/9782732489896_1_75.jpg\" \/>\n\t<meta property=\"og:image:width\" content=\"400\" \/>\n\t<meta property=\"og:image:height\" content=\"586\" \/>\n\t<meta property=\"og:image:type\" content=\"image\/jpeg\" \/>\n<meta name=\"twitter:card\" content=\"summary_large_image\" \/>\n<meta name=\"twitter:label1\" content=\"Est. reading time\" \/>\n\t<meta name=\"twitter:data1\" content=\"1 minute\" \/>\n<script type=\"application\/ld+json\" class=\"yoast-schema-graph\">{\"@context\":\"https:\/\/schema.org\",\"@graph\":[{\"@type\":\"WebPage\",\"@id\":\"https:\/\/librairie7l.com\/en\/produit\/yves-saint-laurent-defiles\/\",\"url\":\"https:\/\/librairie7l.com\/en\/produit\/yves-saint-laurent-defiles\/\",\"name\":\"YVES SAINT LAURENT D\u00c9FIL\u00c9S - Librairie 7L\",\"isPartOf\":{\"@id\":\"https:\/\/librairie7l.com\/en\/#website\"},\"datePublished\":\"2023-05-09T15:12:18+00:00\",\"dateModified\":\"2026-04-05T22:27:06+00:00\",\"breadcrumb\":{\"@id\":\"https:\/\/librairie7l.com\/en\/produit\/yves-saint-laurent-defiles\/#breadcrumb\"},\"inLanguage\":\"en-US\",\"potentialAction\":[{\"@type\":\"ReadAction\",\"target\":[\"https:\/\/librairie7l.com\/en\/produit\/yves-saint-laurent-defiles\/\"]}]},{\"@type\":\"BreadcrumbList\",\"@id\":\"https:\/\/librairie7l.com\/en\/produit\/yves-saint-laurent-defiles\/#breadcrumb\",\"itemListElement\":[{\"@type\":\"ListItem\",\"position\":1,\"name\":\"Accueil\",\"item\":\"https:\/\/librairie7l.com\/en\/\"},{\"@type\":\"ListItem\",\"position\":2,\"name\":\"Shop\",\"item\":\"https:\/\/librairie7l.com\/en\/shop\/\"},{\"@type\":\"ListItem\",\"position\":3,\"name\":\"YVES SAINT LAURENT D\u00c9FIL\u00c9S\"}]},{\"@type\":\"WebSite\",\"@id\":\"https:\/\/librairie7l.com\/en\/#website\",\"url\":\"https:\/\/librairie7l.com\/en\/\",\"name\":\"Librairie 7L\",\"description\":\"Librairie fond\u00e9e en 1999 par Karl Lagerfeld \u00e0 Paris\",\"publisher\":{\"@id\":\"https:\/\/librairie7l.com\/en\/#organization\"},\"potentialAction\":[{\"@type\":\"SearchAction\",\"target\":{\"@type\":\"EntryPoint\",\"urlTemplate\":\"https:\/\/librairie7l.com\/en\/?s={search_term_string}\"},\"query-input\":\"required name=search_term_string\"}],\"inLanguage\":\"en-US\"},{\"@type\":\"Organization\",\"@id\":\"https:\/\/librairie7l.com\/en\/#organization\",\"name\":\"Librairie 7L\",\"url\":\"https:\/\/librairie7l.com\/en\/\",\"logo\":{\"@type\":\"ImageObject\",\"inLanguage\":\"en-US\",\"@id\":\"https:\/\/librairie7l.com\/en\/#\/schema\/logo\/image\/\",\"url\":\"https:\/\/librairie7l.com\/wp-content\/uploads\/2022\/08\/logo-1.png\",\"contentUrl\":\"https:\/\/librairie7l.com\/wp-content\/uploads\/2022\/08\/logo-1.png\",\"width\":227,\"height\":301,\"caption\":\"Librairie 7L\"},\"image\":{\"@id\":\"https:\/\/librairie7l.com\/en\/#\/schema\/logo\/image\/\"}}]}<\/script>\n<!-- \/ Yoast SEO plugin. -->","yoast_head_json":{"title":"YVES SAINT LAURENT D\u00c9FIL\u00c9S - Librairie 7L","robots":{"index":"index","follow":"follow","max-snippet":"max-snippet:-1","max-image-preview":"max-image-preview:large","max-video-preview":"max-video-preview:-1"},"canonical":"https:\/\/librairie7l.com\/en\/produit\/yves-saint-laurent-defiles\/","og_locale":"en_US","og_type":"article","og_title":"YVES SAINT LAURENT D\u00c9FIL\u00c9S - Librairie 7L","og_description":"Ce recueil de photographies de d\u00e9fil\u00e9s offre la premi\u00e8re vue d&#8217;ensemble de toutes les collections de haute couture cr\u00e9\u00e9es par Yves Saint Laurent, depuis l&#8217;ouverture de sa maison en 1962 jusqu&#8217;\u00e0 ses adieux en 2002. Hommage au couturier devenu l\u00e9gendaire, cet ouvrage couvre quarante ann\u00e9es de cr\u00e9ation, de l&#8217;embl\u00e9matique smoking pour femme de 1966 aux [&hellip;]","og_url":"https:\/\/librairie7l.com\/en\/produit\/yves-saint-laurent-defiles\/","og_site_name":"Librairie 7L","article_modified_time":"2026-04-05T22:27:06+00:00","og_image":[{"width":400,"height":586,"url":"https:\/\/librairie7l.com\/wp-content\/uploads\/2019\/06\/9782732489896_1_75.jpg","type":"image\/jpeg"}],"twitter_card":"summary_large_image","twitter_misc":{"Est. reading time":"1 minute"},"schema":{"@context":"https:\/\/schema.org","@graph":[{"@type":"WebPage","@id":"https:\/\/librairie7l.com\/en\/produit\/yves-saint-laurent-defiles\/","url":"https:\/\/librairie7l.com\/en\/produit\/yves-saint-laurent-defiles\/","name":"YVES SAINT LAURENT D\u00c9FIL\u00c9S - Librairie 7L","isPartOf":{"@id":"https:\/\/librairie7l.com\/en\/#website"},"datePublished":"2023-05-09T15:12:18+00:00","dateModified":"2026-04-05T22:27:06+00:00","breadcrumb":{"@id":"https:\/\/librairie7l.com\/en\/produit\/yves-saint-laurent-defiles\/#breadcrumb"},"inLanguage":"en-US","potentialAction":[{"@type":"ReadAction","target":["https:\/\/librairie7l.com\/en\/produit\/yves-saint-laurent-defiles\/"]}]},{"@type":"BreadcrumbList","@id":"https:\/\/librairie7l.com\/en\/produit\/yves-saint-laurent-defiles\/#breadcrumb","itemListElement":[{"@type":"ListItem","position":1,"name":"Accueil","item":"https:\/\/librairie7l.com\/en\/"},{"@type":"ListItem","position":2,"name":"Shop","item":"https:\/\/librairie7l.com\/en\/shop\/"},{"@type":"ListItem","position":3,"name":"YVES SAINT LAURENT D\u00c9FIL\u00c9S"}]},{"@type":"WebSite","@id":"https:\/\/librairie7l.com\/en\/#website","url":"https:\/\/librairie7l.com\/en\/","name":"Librairie 7L","description":"Librairie fond\u00e9e en 1999 par Karl Lagerfeld \u00e0 Paris","publisher":{"@id":"https:\/\/librairie7l.com\/en\/#organization"},"potentialAction":[{"@type":"SearchAction","target":{"@type":"EntryPoint","urlTemplate":"https:\/\/librairie7l.com\/en\/?s={search_term_string}"},"query-input":"required name=search_term_string"}],"inLanguage":"en-US"},{"@type":"Organization","@id":"https:\/\/librairie7l.com\/en\/#organization","name":"Librairie 7L","url":"https:\/\/librairie7l.com\/en\/","logo":{"@type":"ImageObject","inLanguage":"en-US","@id":"https:\/\/librairie7l.com\/en\/#\/schema\/logo\/image\/","url":"https:\/\/librairie7l.com\/wp-content\/uploads\/2022\/08\/logo-1.png","contentUrl":"https:\/\/librairie7l.com\/wp-content\/uploads\/2022\/08\/logo-1.png","width":227,"height":301,"caption":"Librairie 7L"},"image":{"@id":"https:\/\/librairie7l.com\/en\/#\/schema\/logo\/image\/"}}]}},"_links":{"self":[{"href":"https:\/\/librairie7l.com\/en\/wp-json\/wp\/v2\/product\/16095"}],"collection":[{"href":"https:\/\/librairie7l.com\/en\/wp-json\/wp\/v2\/product"}],"about":[{"href":"https:\/\/librairie7l.com\/en\/wp-json\/wp\/v2\/types\/product"}],"wp:featuredmedia":[{"embeddable":true,"href":"https:\/\/librairie7l.com\/en\/wp-json\/wp\/v2\/media\/16093"}],"wp:attachment":[{"href":"https:\/\/librairie7l.com\/en\/wp-json\/wp\/v2\/media?parent=16095"}],"wp:term":[{"taxonomy":"product_cat","embeddable":true,"href":"https:\/\/librairie7l.com\/en\/wp-json\/wp\/v2\/product_cat?post=16095"},{"taxonomy":"product_tag","embeddable":true,"href":"https:\/\/librairie7l.com\/en\/wp-json\/wp\/v2\/product_tag?post=16095"}],"curies":[{"name":"wp","href":"https:\/\/api.w.org\/{rel}","templated":true}]}}