{"id":16099,"date":"2023-05-09T17:12:21","date_gmt":"2023-05-09T15:12:21","guid":{"rendered":"https:\/\/librairie7l.com\/?post_type=product&#038;p=16099"},"modified":"2026-04-30T14:41:58","modified_gmt":"2026-04-30T12:41:58","slug":"dior-par-sarah-moon","status":"publish","type":"product","link":"https:\/\/librairie7l.com\/en\/produit\/dior-par-sarah-moon\/","title":{"rendered":"DIOR PAR SARAH MOON"},"content":{"rendered":"<p>Cet hommage \u00e0 la maison Dior est le prolongement naturel de la collaboration entre Sarah Moon et Maria Grazia Chiuri, la directrice artistique des lignes f\u00e9minines de Dior, initi\u00e9e d\u00e8s sa premi\u00e8re collection, en 2016.<br \/>\nIl s&#8217;inscrit dans la lign\u00e9e de nombreuses collaborations entre la maison Dior et de grands photographes de mode tels que Richard Avedon, Paolo Roversi ou encore Peter Lindbergh.<br \/>\nL&#8217;ouvrage est constitu\u00e9 de 3 \u00e9l\u00e9gants volumes d&#8217;environ 80 pages chacun r\u00e9unis dans un coffret assorti.<br \/>\nLe premier volume pr\u00e9sente 36 photographies en noir et blanc des cr\u00e9ations de Monsieur Dior, mises en sc\u00e8ne par Sarah Moon \u00e0 la Fondation Le Corbusier \u00e0 Paris, r\u00e9alis\u00e9es au cours de l&#8217;\u00e9t\u00e9 2021. Il entrem\u00eale photographies presque abstraites du lieu et mod\u00e8les \u00e9vanescents.<br \/>\nLe deuxi\u00e8me volume (43 photographies en noir et blanc et en couleurs) est consacr\u00e9 aux cr\u00e9ations des directeurs artistiques de la maison Dior qui se sont succ\u00e9d\u00e9 entre 1958 et 2015 : Yves Saint Laurent, Marc Bohan, Gianfranco Ferr\u00e9, John Galliano, Raf Simons.<br \/>\nLe troisi\u00e8me volume pr\u00e9sente un choix de 38 photographies de Sarah Moon r\u00e9alis\u00e9es depuis l&#8217;arriv\u00e9e de Maria Grazia Chiuri \u00e0 la t\u00eate de la direction artistique de Dior.<br \/>\nDes textes de Sarah Moon, Olivier Saillard (commissaire et ancien directeur du Mus\u00e9e Galliera) et de Maria Grazia Chiuri accompagnent les photographies, auxquels s&#8217;ajoutent des citations choisies par Sarah Moon de Monsieur Dior.<\/p>\n","protected":false},"excerpt":{"rendered":"<p>Cet hommage \u00e0 la maison Dior est le prolongement naturel de la collaboration entre Sarah Moon et Maria Grazia Chiuri, la directrice artistique des lignes f\u00e9minines de Dior, initi\u00e9e d\u00e8s sa premi\u00e8re collection, en 2016. Il s&#8217;inscrit dans la lign\u00e9e de nombreuses collaborations entre la maison Dior et de grands photographes de mode tels que [&hellip;]<\/p>\n","protected":false},"featured_media":16097,"template":"","meta":[],"product_cat":[55,2948,2958,17],"product_tag":[],"acf":[],"yoast_head":"<!-- This site is optimized with the Yoast SEO plugin v20.11 - https:\/\/yoast.com\/wordpress\/plugins\/seo\/ -->\n<title>DIOR PAR SARAH MOON - Librairie 7L<\/title>\n<meta name=\"robots\" content=\"index, follow, max-snippet:-1, max-image-preview:large, max-video-preview:-1\" \/>\n<link rel=\"canonical\" href=\"https:\/\/librairie7l.com\/en\/produit\/dior-par-sarah-moon\/\" \/>\n<meta property=\"og:locale\" content=\"en_US\" \/>\n<meta property=\"og:type\" content=\"article\" \/>\n<meta property=\"og:title\" content=\"DIOR PAR SARAH MOON - Librairie 7L\" \/>\n<meta property=\"og:description\" content=\"Cet hommage \u00e0 la maison Dior est le prolongement naturel de la collaboration entre Sarah Moon et Maria Grazia Chiuri, la directrice artistique des lignes f\u00e9minines de Dior, initi\u00e9e d\u00e8s sa premi\u00e8re collection, en 2016. Il s&#8217;inscrit dans la lign\u00e9e de nombreuses collaborations entre la maison Dior et de grands photographes de mode tels que [&hellip;]\" \/>\n<meta property=\"og:url\" content=\"https:\/\/librairie7l.com\/en\/produit\/dior-par-sarah-moon\/\" \/>\n<meta property=\"og:site_name\" content=\"Librairie 7L\" \/>\n<meta property=\"article:modified_time\" content=\"2026-04-30T12:41:58+00:00\" \/>\n<meta property=\"og:image\" content=\"https:\/\/librairie7l.com\/wp-content\/uploads\/2022\/11\/9791095821540_1_75.jpg\" \/>\n\t<meta property=\"og:image:width\" content=\"435\" \/>\n\t<meta property=\"og:image:height\" content=\"462\" \/>\n\t<meta property=\"og:image:type\" content=\"image\/jpeg\" \/>\n<meta name=\"twitter:card\" content=\"summary_large_image\" \/>\n<meta name=\"twitter:label1\" content=\"Est. reading time\" \/>\n\t<meta name=\"twitter:data1\" content=\"1 minute\" \/>\n<script type=\"application\/ld+json\" class=\"yoast-schema-graph\">{\"@context\":\"https:\/\/schema.org\",\"@graph\":[{\"@type\":\"WebPage\",\"@id\":\"https:\/\/librairie7l.com\/en\/produit\/dior-par-sarah-moon\/\",\"url\":\"https:\/\/librairie7l.com\/en\/produit\/dior-par-sarah-moon\/\",\"name\":\"DIOR PAR SARAH MOON - Librairie 7L\",\"isPartOf\":{\"@id\":\"https:\/\/librairie7l.com\/en\/#website\"},\"datePublished\":\"2023-05-09T15:12:21+00:00\",\"dateModified\":\"2026-04-30T12:41:58+00:00\",\"breadcrumb\":{\"@id\":\"https:\/\/librairie7l.com\/en\/produit\/dior-par-sarah-moon\/#breadcrumb\"},\"inLanguage\":\"en-US\",\"potentialAction\":[{\"@type\":\"ReadAction\",\"target\":[\"https:\/\/librairie7l.com\/en\/produit\/dior-par-sarah-moon\/\"]}]},{\"@type\":\"BreadcrumbList\",\"@id\":\"https:\/\/librairie7l.com\/en\/produit\/dior-par-sarah-moon\/#breadcrumb\",\"itemListElement\":[{\"@type\":\"ListItem\",\"position\":1,\"name\":\"Accueil\",\"item\":\"https:\/\/librairie7l.com\/en\/\"},{\"@type\":\"ListItem\",\"position\":2,\"name\":\"Shop\",\"item\":\"https:\/\/librairie7l.com\/en\/shop\/\"},{\"@type\":\"ListItem\",\"position\":3,\"name\":\"DIOR PAR SARAH MOON\"}]},{\"@type\":\"WebSite\",\"@id\":\"https:\/\/librairie7l.com\/en\/#website\",\"url\":\"https:\/\/librairie7l.com\/en\/\",\"name\":\"Librairie 7L\",\"description\":\"Librairie fond\u00e9e en 1999 par Karl Lagerfeld \u00e0 Paris\",\"publisher\":{\"@id\":\"https:\/\/librairie7l.com\/en\/#organization\"},\"potentialAction\":[{\"@type\":\"SearchAction\",\"target\":{\"@type\":\"EntryPoint\",\"urlTemplate\":\"https:\/\/librairie7l.com\/en\/?s={search_term_string}\"},\"query-input\":\"required name=search_term_string\"}],\"inLanguage\":\"en-US\"},{\"@type\":\"Organization\",\"@id\":\"https:\/\/librairie7l.com\/en\/#organization\",\"name\":\"Librairie 7L\",\"url\":\"https:\/\/librairie7l.com\/en\/\",\"logo\":{\"@type\":\"ImageObject\",\"inLanguage\":\"en-US\",\"@id\":\"https:\/\/librairie7l.com\/en\/#\/schema\/logo\/image\/\",\"url\":\"https:\/\/librairie7l.com\/wp-content\/uploads\/2022\/08\/logo-1.png\",\"contentUrl\":\"https:\/\/librairie7l.com\/wp-content\/uploads\/2022\/08\/logo-1.png\",\"width\":227,\"height\":301,\"caption\":\"Librairie 7L\"},\"image\":{\"@id\":\"https:\/\/librairie7l.com\/en\/#\/schema\/logo\/image\/\"}}]}<\/script>\n<!-- \/ Yoast SEO plugin. -->","yoast_head_json":{"title":"DIOR PAR SARAH MOON - Librairie 7L","robots":{"index":"index","follow":"follow","max-snippet":"max-snippet:-1","max-image-preview":"max-image-preview:large","max-video-preview":"max-video-preview:-1"},"canonical":"https:\/\/librairie7l.com\/en\/produit\/dior-par-sarah-moon\/","og_locale":"en_US","og_type":"article","og_title":"DIOR PAR SARAH MOON - Librairie 7L","og_description":"Cet hommage \u00e0 la maison Dior est le prolongement naturel de la collaboration entre Sarah Moon et Maria Grazia Chiuri, la directrice artistique des lignes f\u00e9minines de Dior, initi\u00e9e d\u00e8s sa premi\u00e8re collection, en 2016. Il s&#8217;inscrit dans la lign\u00e9e de nombreuses collaborations entre la maison Dior et de grands photographes de mode tels que [&hellip;]","og_url":"https:\/\/librairie7l.com\/en\/produit\/dior-par-sarah-moon\/","og_site_name":"Librairie 7L","article_modified_time":"2026-04-30T12:41:58+00:00","og_image":[{"width":435,"height":462,"url":"https:\/\/librairie7l.com\/wp-content\/uploads\/2022\/11\/9791095821540_1_75.jpg","type":"image\/jpeg"}],"twitter_card":"summary_large_image","twitter_misc":{"Est. reading time":"1 minute"},"schema":{"@context":"https:\/\/schema.org","@graph":[{"@type":"WebPage","@id":"https:\/\/librairie7l.com\/en\/produit\/dior-par-sarah-moon\/","url":"https:\/\/librairie7l.com\/en\/produit\/dior-par-sarah-moon\/","name":"DIOR PAR SARAH MOON - Librairie 7L","isPartOf":{"@id":"https:\/\/librairie7l.com\/en\/#website"},"datePublished":"2023-05-09T15:12:21+00:00","dateModified":"2026-04-30T12:41:58+00:00","breadcrumb":{"@id":"https:\/\/librairie7l.com\/en\/produit\/dior-par-sarah-moon\/#breadcrumb"},"inLanguage":"en-US","potentialAction":[{"@type":"ReadAction","target":["https:\/\/librairie7l.com\/en\/produit\/dior-par-sarah-moon\/"]}]},{"@type":"BreadcrumbList","@id":"https:\/\/librairie7l.com\/en\/produit\/dior-par-sarah-moon\/#breadcrumb","itemListElement":[{"@type":"ListItem","position":1,"name":"Accueil","item":"https:\/\/librairie7l.com\/en\/"},{"@type":"ListItem","position":2,"name":"Shop","item":"https:\/\/librairie7l.com\/en\/shop\/"},{"@type":"ListItem","position":3,"name":"DIOR PAR SARAH MOON"}]},{"@type":"WebSite","@id":"https:\/\/librairie7l.com\/en\/#website","url":"https:\/\/librairie7l.com\/en\/","name":"Librairie 7L","description":"Librairie fond\u00e9e en 1999 par Karl Lagerfeld \u00e0 Paris","publisher":{"@id":"https:\/\/librairie7l.com\/en\/#organization"},"potentialAction":[{"@type":"SearchAction","target":{"@type":"EntryPoint","urlTemplate":"https:\/\/librairie7l.com\/en\/?s={search_term_string}"},"query-input":"required name=search_term_string"}],"inLanguage":"en-US"},{"@type":"Organization","@id":"https:\/\/librairie7l.com\/en\/#organization","name":"Librairie 7L","url":"https:\/\/librairie7l.com\/en\/","logo":{"@type":"ImageObject","inLanguage":"en-US","@id":"https:\/\/librairie7l.com\/en\/#\/schema\/logo\/image\/","url":"https:\/\/librairie7l.com\/wp-content\/uploads\/2022\/08\/logo-1.png","contentUrl":"https:\/\/librairie7l.com\/wp-content\/uploads\/2022\/08\/logo-1.png","width":227,"height":301,"caption":"Librairie 7L"},"image":{"@id":"https:\/\/librairie7l.com\/en\/#\/schema\/logo\/image\/"}}]}},"_links":{"self":[{"href":"https:\/\/librairie7l.com\/en\/wp-json\/wp\/v2\/product\/16099"}],"collection":[{"href":"https:\/\/librairie7l.com\/en\/wp-json\/wp\/v2\/product"}],"about":[{"href":"https:\/\/librairie7l.com\/en\/wp-json\/wp\/v2\/types\/product"}],"wp:featuredmedia":[{"embeddable":true,"href":"https:\/\/librairie7l.com\/en\/wp-json\/wp\/v2\/media\/16097"}],"wp:attachment":[{"href":"https:\/\/librairie7l.com\/en\/wp-json\/wp\/v2\/media?parent=16099"}],"wp:term":[{"taxonomy":"product_cat","embeddable":true,"href":"https:\/\/librairie7l.com\/en\/wp-json\/wp\/v2\/product_cat?post=16099"},{"taxonomy":"product_tag","embeddable":true,"href":"https:\/\/librairie7l.com\/en\/wp-json\/wp\/v2\/product_tag?post=16099"}],"curies":[{"name":"wp","href":"https:\/\/api.w.org\/{rel}","templated":true}]}}