{"id":16123,"date":"2023-05-09T17:12:39","date_gmt":"2023-05-09T15:12:39","guid":{"rendered":"https:\/\/librairie7l.com\/?post_type=product&#038;p=16123"},"modified":"2026-04-17T13:06:37","modified_gmt":"2026-04-17T11:06:37","slug":"anna-eva-bergman-1909-1987-voyage-vers-linterieur-catalogue-exposition-muse","status":"publish","type":"product","link":"https:\/\/librairie7l.com\/en\/produit\/anna-eva-bergman-1909-1987-voyage-vers-linterieur-catalogue-exposition-muse\/","title":{"rendered":"ANNA-EVA BERGMAN (1909-1987) VOYAGE VERS L&#8217;INT\u00c9RIEUR : CATALOGUE EXPOSITION MUS\u00c9E ART MODERNE DE PARIS 2023"},"content":{"rendered":"<p>N\u00e9e \u00e0 Stockholm, Anna-Eva Bergman se forme \u00e0 Oslo, Vienne, puis Paris en 1929. Inspir\u00e9e par Nouvelle Objectivit\u00e9 &#8211; comme Georges Grosz ou Otto Dix, c&#8217;est \u00e0 partir de 1946, apr\u00e8s s&#8217;\u00eatre engag\u00e9e dans l&#8217;illustration et l&#8217;\u00e9criture, qu&#8217;elle recommence \u00e0 peindre intens\u00e9ment mais dans une veine non figurative. Au fil des ans, elle installe un langage abstrait tr\u00e8s singulier, bas\u00e9 sur un vocabulaire de formes simples inspir\u00e9 \u00e0 la fois par les paysages et les mythologies nordiques.<\/p>\n<p>Bien que c\u00e9l\u00e9br\u00e9e et expos\u00e9e dans le monde entier de son vivant, l&#8217;oeuvre d&#8217;Anna-Eva Bergman demande aujourd&#8217;hui \u00e0 \u00eatre reconsid\u00e9r\u00e9e plus largement dans le champ de l&#8217;histoire de l&#8217;art. Cet ouvrage apporte un \u00e9clairage d\u00e9cisif dans la red\u00e9couverte de cette artiste, notamment sur sa relation particuli\u00e8re au paysage, la puret\u00e9 radicale des couleurs et des formes, ainsi que l&#8217;usage tr\u00e8s sp\u00e9cifique d&#8217;un mat\u00e9riau devenu sa signature : la feuille d&#8217;or et d&#8217;argent<\/p>\n","protected":false},"excerpt":{"rendered":"<p>N\u00e9e \u00e0 Stockholm, Anna-Eva Bergman se forme \u00e0 Oslo, Vienne, puis Paris en 1929. Inspir\u00e9e par Nouvelle Objectivit\u00e9 &#8211; comme Georges Grosz ou Otto Dix, c&#8217;est \u00e0 partir de 1946, apr\u00e8s s&#8217;\u00eatre engag\u00e9e dans l&#8217;illustration et l&#8217;\u00e9criture, qu&#8217;elle recommence \u00e0 peindre intens\u00e9ment mais dans une veine non figurative. Au fil des ans, elle installe un [&hellip;]<\/p>\n","protected":false},"featured_media":16121,"template":"","meta":[],"product_cat":[55,2948,47,2953],"product_tag":[],"acf":[],"yoast_head":"<!-- This site is optimized with the Yoast SEO plugin v20.11 - https:\/\/yoast.com\/wordpress\/plugins\/seo\/ -->\n<title>ANNA-EVA BERGMAN (1909-1987) VOYAGE VERS L&#039;INT\u00c9RIEUR : CATALOGUE EXPOSITION MUS\u00c9E ART MODERNE DE PARIS 2023 - Librairie 7L<\/title>\n<meta name=\"robots\" content=\"index, follow, max-snippet:-1, max-image-preview:large, max-video-preview:-1\" \/>\n<link rel=\"canonical\" href=\"https:\/\/librairie7l.com\/en\/produit\/anna-eva-bergman-1909-1987-voyage-vers-linterieur-catalogue-exposition-muse\/\" \/>\n<meta property=\"og:locale\" content=\"en_US\" \/>\n<meta property=\"og:type\" content=\"article\" \/>\n<meta property=\"og:title\" content=\"ANNA-EVA BERGMAN (1909-1987) VOYAGE VERS L&#039;INT\u00c9RIEUR : CATALOGUE EXPOSITION MUS\u00c9E ART MODERNE DE PARIS 2023 - Librairie 7L\" \/>\n<meta property=\"og:description\" content=\"N\u00e9e \u00e0 Stockholm, Anna-Eva Bergman se forme \u00e0 Oslo, Vienne, puis Paris en 1929. Inspir\u00e9e par Nouvelle Objectivit\u00e9 &#8211; comme Georges Grosz ou Otto Dix, c&#8217;est \u00e0 partir de 1946, apr\u00e8s s&#8217;\u00eatre engag\u00e9e dans l&#8217;illustration et l&#8217;\u00e9criture, qu&#8217;elle recommence \u00e0 peindre intens\u00e9ment mais dans une veine non figurative. Au fil des ans, elle installe un [&hellip;]\" \/>\n<meta property=\"og:url\" content=\"https:\/\/librairie7l.com\/en\/produit\/anna-eva-bergman-1909-1987-voyage-vers-linterieur-catalogue-exposition-muse\/\" \/>\n<meta property=\"og:site_name\" content=\"Librairie 7L\" \/>\n<meta property=\"article:modified_time\" content=\"2026-04-17T11:06:37+00:00\" \/>\n<meta property=\"og:image\" content=\"https:\/\/librairie7l.com\/wp-content\/uploads\/2023\/03\/9782759605507_1_75.jpg\" \/>\n\t<meta property=\"og:image:width\" content=\"600\" \/>\n\t<meta property=\"og:image:height\" content=\"777\" \/>\n\t<meta property=\"og:image:type\" content=\"image\/jpeg\" \/>\n<meta name=\"twitter:card\" content=\"summary_large_image\" \/>\n<meta name=\"twitter:label1\" content=\"Est. reading time\" \/>\n\t<meta name=\"twitter:data1\" content=\"1 minute\" \/>\n<script type=\"application\/ld+json\" class=\"yoast-schema-graph\">{\"@context\":\"https:\/\/schema.org\",\"@graph\":[{\"@type\":\"WebPage\",\"@id\":\"https:\/\/librairie7l.com\/en\/produit\/anna-eva-bergman-1909-1987-voyage-vers-linterieur-catalogue-exposition-muse\/\",\"url\":\"https:\/\/librairie7l.com\/en\/produit\/anna-eva-bergman-1909-1987-voyage-vers-linterieur-catalogue-exposition-muse\/\",\"name\":\"ANNA-EVA BERGMAN (1909-1987) VOYAGE VERS L'INT\u00c9RIEUR : CATALOGUE EXPOSITION MUS\u00c9E ART MODERNE DE PARIS 2023 - Librairie 7L\",\"isPartOf\":{\"@id\":\"https:\/\/librairie7l.com\/en\/#website\"},\"datePublished\":\"2023-05-09T15:12:39+00:00\",\"dateModified\":\"2026-04-17T11:06:37+00:00\",\"breadcrumb\":{\"@id\":\"https:\/\/librairie7l.com\/en\/produit\/anna-eva-bergman-1909-1987-voyage-vers-linterieur-catalogue-exposition-muse\/#breadcrumb\"},\"inLanguage\":\"en-US\",\"potentialAction\":[{\"@type\":\"ReadAction\",\"target\":[\"https:\/\/librairie7l.com\/en\/produit\/anna-eva-bergman-1909-1987-voyage-vers-linterieur-catalogue-exposition-muse\/\"]}]},{\"@type\":\"BreadcrumbList\",\"@id\":\"https:\/\/librairie7l.com\/en\/produit\/anna-eva-bergman-1909-1987-voyage-vers-linterieur-catalogue-exposition-muse\/#breadcrumb\",\"itemListElement\":[{\"@type\":\"ListItem\",\"position\":1,\"name\":\"Accueil\",\"item\":\"https:\/\/librairie7l.com\/en\/\"},{\"@type\":\"ListItem\",\"position\":2,\"name\":\"Shop\",\"item\":\"https:\/\/librairie7l.com\/en\/shop\/\"},{\"@type\":\"ListItem\",\"position\":3,\"name\":\"ANNA-EVA BERGMAN (1909-1987) VOYAGE VERS L&#8217;INT\u00c9RIEUR : CATALOGUE EXPOSITION MUS\u00c9E ART MODERNE DE PARIS 2023\"}]},{\"@type\":\"WebSite\",\"@id\":\"https:\/\/librairie7l.com\/en\/#website\",\"url\":\"https:\/\/librairie7l.com\/en\/\",\"name\":\"Librairie 7L\",\"description\":\"Librairie fond\u00e9e en 1999 par Karl Lagerfeld \u00e0 Paris\",\"publisher\":{\"@id\":\"https:\/\/librairie7l.com\/en\/#organization\"},\"potentialAction\":[{\"@type\":\"SearchAction\",\"target\":{\"@type\":\"EntryPoint\",\"urlTemplate\":\"https:\/\/librairie7l.com\/en\/?s={search_term_string}\"},\"query-input\":\"required name=search_term_string\"}],\"inLanguage\":\"en-US\"},{\"@type\":\"Organization\",\"@id\":\"https:\/\/librairie7l.com\/en\/#organization\",\"name\":\"Librairie 7L\",\"url\":\"https:\/\/librairie7l.com\/en\/\",\"logo\":{\"@type\":\"ImageObject\",\"inLanguage\":\"en-US\",\"@id\":\"https:\/\/librairie7l.com\/en\/#\/schema\/logo\/image\/\",\"url\":\"https:\/\/librairie7l.com\/wp-content\/uploads\/2022\/08\/logo-1.png\",\"contentUrl\":\"https:\/\/librairie7l.com\/wp-content\/uploads\/2022\/08\/logo-1.png\",\"width\":227,\"height\":301,\"caption\":\"Librairie 7L\"},\"image\":{\"@id\":\"https:\/\/librairie7l.com\/en\/#\/schema\/logo\/image\/\"}}]}<\/script>\n<!-- \/ Yoast SEO plugin. -->","yoast_head_json":{"title":"ANNA-EVA BERGMAN (1909-1987) VOYAGE VERS L'INT\u00c9RIEUR : CATALOGUE EXPOSITION MUS\u00c9E ART MODERNE DE PARIS 2023 - Librairie 7L","robots":{"index":"index","follow":"follow","max-snippet":"max-snippet:-1","max-image-preview":"max-image-preview:large","max-video-preview":"max-video-preview:-1"},"canonical":"https:\/\/librairie7l.com\/en\/produit\/anna-eva-bergman-1909-1987-voyage-vers-linterieur-catalogue-exposition-muse\/","og_locale":"en_US","og_type":"article","og_title":"ANNA-EVA BERGMAN (1909-1987) VOYAGE VERS L'INT\u00c9RIEUR : CATALOGUE EXPOSITION MUS\u00c9E ART MODERNE DE PARIS 2023 - Librairie 7L","og_description":"N\u00e9e \u00e0 Stockholm, Anna-Eva Bergman se forme \u00e0 Oslo, Vienne, puis Paris en 1929. Inspir\u00e9e par Nouvelle Objectivit\u00e9 &#8211; comme Georges Grosz ou Otto Dix, c&#8217;est \u00e0 partir de 1946, apr\u00e8s s&#8217;\u00eatre engag\u00e9e dans l&#8217;illustration et l&#8217;\u00e9criture, qu&#8217;elle recommence \u00e0 peindre intens\u00e9ment mais dans une veine non figurative. Au fil des ans, elle installe un [&hellip;]","og_url":"https:\/\/librairie7l.com\/en\/produit\/anna-eva-bergman-1909-1987-voyage-vers-linterieur-catalogue-exposition-muse\/","og_site_name":"Librairie 7L","article_modified_time":"2026-04-17T11:06:37+00:00","og_image":[{"width":600,"height":777,"url":"https:\/\/librairie7l.com\/wp-content\/uploads\/2023\/03\/9782759605507_1_75.jpg","type":"image\/jpeg"}],"twitter_card":"summary_large_image","twitter_misc":{"Est. reading time":"1 minute"},"schema":{"@context":"https:\/\/schema.org","@graph":[{"@type":"WebPage","@id":"https:\/\/librairie7l.com\/en\/produit\/anna-eva-bergman-1909-1987-voyage-vers-linterieur-catalogue-exposition-muse\/","url":"https:\/\/librairie7l.com\/en\/produit\/anna-eva-bergman-1909-1987-voyage-vers-linterieur-catalogue-exposition-muse\/","name":"ANNA-EVA BERGMAN (1909-1987) VOYAGE VERS L'INT\u00c9RIEUR : CATALOGUE EXPOSITION MUS\u00c9E ART MODERNE DE PARIS 2023 - Librairie 7L","isPartOf":{"@id":"https:\/\/librairie7l.com\/en\/#website"},"datePublished":"2023-05-09T15:12:39+00:00","dateModified":"2026-04-17T11:06:37+00:00","breadcrumb":{"@id":"https:\/\/librairie7l.com\/en\/produit\/anna-eva-bergman-1909-1987-voyage-vers-linterieur-catalogue-exposition-muse\/#breadcrumb"},"inLanguage":"en-US","potentialAction":[{"@type":"ReadAction","target":["https:\/\/librairie7l.com\/en\/produit\/anna-eva-bergman-1909-1987-voyage-vers-linterieur-catalogue-exposition-muse\/"]}]},{"@type":"BreadcrumbList","@id":"https:\/\/librairie7l.com\/en\/produit\/anna-eva-bergman-1909-1987-voyage-vers-linterieur-catalogue-exposition-muse\/#breadcrumb","itemListElement":[{"@type":"ListItem","position":1,"name":"Accueil","item":"https:\/\/librairie7l.com\/en\/"},{"@type":"ListItem","position":2,"name":"Shop","item":"https:\/\/librairie7l.com\/en\/shop\/"},{"@type":"ListItem","position":3,"name":"ANNA-EVA BERGMAN (1909-1987) VOYAGE VERS L&#8217;INT\u00c9RIEUR : CATALOGUE EXPOSITION MUS\u00c9E ART MODERNE DE PARIS 2023"}]},{"@type":"WebSite","@id":"https:\/\/librairie7l.com\/en\/#website","url":"https:\/\/librairie7l.com\/en\/","name":"Librairie 7L","description":"Librairie fond\u00e9e en 1999 par Karl Lagerfeld \u00e0 Paris","publisher":{"@id":"https:\/\/librairie7l.com\/en\/#organization"},"potentialAction":[{"@type":"SearchAction","target":{"@type":"EntryPoint","urlTemplate":"https:\/\/librairie7l.com\/en\/?s={search_term_string}"},"query-input":"required name=search_term_string"}],"inLanguage":"en-US"},{"@type":"Organization","@id":"https:\/\/librairie7l.com\/en\/#organization","name":"Librairie 7L","url":"https:\/\/librairie7l.com\/en\/","logo":{"@type":"ImageObject","inLanguage":"en-US","@id":"https:\/\/librairie7l.com\/en\/#\/schema\/logo\/image\/","url":"https:\/\/librairie7l.com\/wp-content\/uploads\/2022\/08\/logo-1.png","contentUrl":"https:\/\/librairie7l.com\/wp-content\/uploads\/2022\/08\/logo-1.png","width":227,"height":301,"caption":"Librairie 7L"},"image":{"@id":"https:\/\/librairie7l.com\/en\/#\/schema\/logo\/image\/"}}]}},"_links":{"self":[{"href":"https:\/\/librairie7l.com\/en\/wp-json\/wp\/v2\/product\/16123"}],"collection":[{"href":"https:\/\/librairie7l.com\/en\/wp-json\/wp\/v2\/product"}],"about":[{"href":"https:\/\/librairie7l.com\/en\/wp-json\/wp\/v2\/types\/product"}],"wp:featuredmedia":[{"embeddable":true,"href":"https:\/\/librairie7l.com\/en\/wp-json\/wp\/v2\/media\/16121"}],"wp:attachment":[{"href":"https:\/\/librairie7l.com\/en\/wp-json\/wp\/v2\/media?parent=16123"}],"wp:term":[{"taxonomy":"product_cat","embeddable":true,"href":"https:\/\/librairie7l.com\/en\/wp-json\/wp\/v2\/product_cat?post=16123"},{"taxonomy":"product_tag","embeddable":true,"href":"https:\/\/librairie7l.com\/en\/wp-json\/wp\/v2\/product_tag?post=16123"}],"curies":[{"name":"wp","href":"https:\/\/api.w.org\/{rel}","templated":true}]}}