{"id":16135,"date":"2023-05-09T17:12:48","date_gmt":"2023-05-09T15:12:48","guid":{"rendered":"https:\/\/librairie7l.com\/?post_type=product&#038;p=16135"},"modified":"2026-04-04T13:16:58","modified_gmt":"2026-04-04T11:16:58","slug":"histoire-des-modes-et-du-vetement-du-moyen-age-au-xxie-siecle","status":"publish","type":"product","link":"https:\/\/librairie7l.com\/en\/produit\/histoire-des-modes-et-du-vetement-du-moyen-age-au-xxie-siecle\/","title":{"rendered":"HISTOIRE DES MODES ET DU V\u00caTEMENT ; DU MOYEN \u00c2GE AU XXIE SI\u00c8CLE"},"content":{"rendered":"<p>La mode comme on ne vous l&#8217;a jamais racont\u00e9e, ou plut\u00f4t les modes. Le pluriel est important dans le titre de cet ouvrage ambitieux qui repose sur une d\u00e9marche radicalement neuve, ouverte et transversale. 500 pages, 400 images, une cinquantaine de focus aux angles originaux et surprenants rythmant les 7 chapitres chronologiques, ce livre au design somptueux est destin\u00e9 \u00e0 un large public : \u00e9tudiants, enseignants, professionnels ou passionn\u00e9s de la mode.<\/p>\n","protected":false},"excerpt":{"rendered":"<p>La mode comme on ne vous l&#8217;a jamais racont\u00e9e, ou plut\u00f4t les modes. Le pluriel est important dans le titre de cet ouvrage ambitieux qui repose sur une d\u00e9marche radicalement neuve, ouverte et transversale. 500 pages, 400 images, une cinquantaine de focus aux angles originaux et surprenants rythmant les 7 chapitres chronologiques, ce livre au [&hellip;]<\/p>\n","protected":false},"featured_media":16133,"template":"","meta":[],"product_cat":[55,2948,2957,19],"product_tag":[],"acf":[],"yoast_head":"<!-- This site is optimized with the Yoast SEO plugin v20.11 - https:\/\/yoast.com\/wordpress\/plugins\/seo\/ -->\n<title>HISTOIRE DES MODES ET DU V\u00caTEMENT ; DU MOYEN \u00c2GE AU XXIE SI\u00c8CLE - Librairie 7L<\/title>\n<meta name=\"robots\" content=\"index, follow, max-snippet:-1, max-image-preview:large, max-video-preview:-1\" \/>\n<link rel=\"canonical\" href=\"https:\/\/librairie7l.com\/en\/produit\/histoire-des-modes-et-du-vetement-du-moyen-age-au-xxie-siecle\/\" \/>\n<meta property=\"og:locale\" content=\"en_US\" \/>\n<meta property=\"og:type\" content=\"article\" \/>\n<meta property=\"og:title\" content=\"HISTOIRE DES MODES ET DU V\u00caTEMENT ; DU MOYEN \u00c2GE AU XXIE SI\u00c8CLE - Librairie 7L\" \/>\n<meta property=\"og:description\" content=\"La mode comme on ne vous l&#8217;a jamais racont\u00e9e, ou plut\u00f4t les modes. Le pluriel est important dans le titre de cet ouvrage ambitieux qui repose sur une d\u00e9marche radicalement neuve, ouverte et transversale. 500 pages, 400 images, une cinquantaine de focus aux angles originaux et surprenants rythmant les 7 chapitres chronologiques, ce livre au [&hellip;]\" \/>\n<meta property=\"og:url\" content=\"https:\/\/librairie7l.com\/en\/produit\/histoire-des-modes-et-du-vetement-du-moyen-age-au-xxie-siecle\/\" \/>\n<meta property=\"og:site_name\" content=\"Librairie 7L\" \/>\n<meta property=\"article:modified_time\" content=\"2026-04-04T11:16:58+00:00\" \/>\n<meta property=\"og:image\" content=\"https:\/\/librairie7l.com\/wp-content\/uploads\/2021\/06\/9782845976993_1_75.jpg\" \/>\n\t<meta property=\"og:image:width\" content=\"600\" \/>\n\t<meta property=\"og:image:height\" content=\"725\" \/>\n\t<meta property=\"og:image:type\" content=\"image\/jpeg\" \/>\n<meta name=\"twitter:card\" content=\"summary_large_image\" \/>\n<script type=\"application\/ld+json\" class=\"yoast-schema-graph\">{\"@context\":\"https:\/\/schema.org\",\"@graph\":[{\"@type\":\"WebPage\",\"@id\":\"https:\/\/librairie7l.com\/en\/produit\/histoire-des-modes-et-du-vetement-du-moyen-age-au-xxie-siecle\/\",\"url\":\"https:\/\/librairie7l.com\/en\/produit\/histoire-des-modes-et-du-vetement-du-moyen-age-au-xxie-siecle\/\",\"name\":\"HISTOIRE DES MODES ET DU V\u00caTEMENT ; DU MOYEN \u00c2GE AU XXIE SI\u00c8CLE - Librairie 7L\",\"isPartOf\":{\"@id\":\"https:\/\/librairie7l.com\/en\/#website\"},\"datePublished\":\"2023-05-09T15:12:48+00:00\",\"dateModified\":\"2026-04-04T11:16:58+00:00\",\"breadcrumb\":{\"@id\":\"https:\/\/librairie7l.com\/en\/produit\/histoire-des-modes-et-du-vetement-du-moyen-age-au-xxie-siecle\/#breadcrumb\"},\"inLanguage\":\"en-US\",\"potentialAction\":[{\"@type\":\"ReadAction\",\"target\":[\"https:\/\/librairie7l.com\/en\/produit\/histoire-des-modes-et-du-vetement-du-moyen-age-au-xxie-siecle\/\"]}]},{\"@type\":\"BreadcrumbList\",\"@id\":\"https:\/\/librairie7l.com\/en\/produit\/histoire-des-modes-et-du-vetement-du-moyen-age-au-xxie-siecle\/#breadcrumb\",\"itemListElement\":[{\"@type\":\"ListItem\",\"position\":1,\"name\":\"Accueil\",\"item\":\"https:\/\/librairie7l.com\/en\/\"},{\"@type\":\"ListItem\",\"position\":2,\"name\":\"Shop\",\"item\":\"https:\/\/librairie7l.com\/en\/shop\/\"},{\"@type\":\"ListItem\",\"position\":3,\"name\":\"HISTOIRE DES MODES ET DU V\u00caTEMENT ; DU MOYEN \u00c2GE AU XXIE SI\u00c8CLE\"}]},{\"@type\":\"WebSite\",\"@id\":\"https:\/\/librairie7l.com\/en\/#website\",\"url\":\"https:\/\/librairie7l.com\/en\/\",\"name\":\"Librairie 7L\",\"description\":\"Librairie fond\u00e9e en 1999 par Karl Lagerfeld \u00e0 Paris\",\"publisher\":{\"@id\":\"https:\/\/librairie7l.com\/en\/#organization\"},\"potentialAction\":[{\"@type\":\"SearchAction\",\"target\":{\"@type\":\"EntryPoint\",\"urlTemplate\":\"https:\/\/librairie7l.com\/en\/?s={search_term_string}\"},\"query-input\":\"required name=search_term_string\"}],\"inLanguage\":\"en-US\"},{\"@type\":\"Organization\",\"@id\":\"https:\/\/librairie7l.com\/en\/#organization\",\"name\":\"Librairie 7L\",\"url\":\"https:\/\/librairie7l.com\/en\/\",\"logo\":{\"@type\":\"ImageObject\",\"inLanguage\":\"en-US\",\"@id\":\"https:\/\/librairie7l.com\/en\/#\/schema\/logo\/image\/\",\"url\":\"https:\/\/librairie7l.com\/wp-content\/uploads\/2022\/08\/logo-1.png\",\"contentUrl\":\"https:\/\/librairie7l.com\/wp-content\/uploads\/2022\/08\/logo-1.png\",\"width\":227,\"height\":301,\"caption\":\"Librairie 7L\"},\"image\":{\"@id\":\"https:\/\/librairie7l.com\/en\/#\/schema\/logo\/image\/\"}}]}<\/script>\n<!-- \/ Yoast SEO plugin. -->","yoast_head_json":{"title":"HISTOIRE DES MODES ET DU V\u00caTEMENT ; DU MOYEN \u00c2GE AU XXIE SI\u00c8CLE - Librairie 7L","robots":{"index":"index","follow":"follow","max-snippet":"max-snippet:-1","max-image-preview":"max-image-preview:large","max-video-preview":"max-video-preview:-1"},"canonical":"https:\/\/librairie7l.com\/en\/produit\/histoire-des-modes-et-du-vetement-du-moyen-age-au-xxie-siecle\/","og_locale":"en_US","og_type":"article","og_title":"HISTOIRE DES MODES ET DU V\u00caTEMENT ; DU MOYEN \u00c2GE AU XXIE SI\u00c8CLE - Librairie 7L","og_description":"La mode comme on ne vous l&#8217;a jamais racont\u00e9e, ou plut\u00f4t les modes. Le pluriel est important dans le titre de cet ouvrage ambitieux qui repose sur une d\u00e9marche radicalement neuve, ouverte et transversale. 500 pages, 400 images, une cinquantaine de focus aux angles originaux et surprenants rythmant les 7 chapitres chronologiques, ce livre au [&hellip;]","og_url":"https:\/\/librairie7l.com\/en\/produit\/histoire-des-modes-et-du-vetement-du-moyen-age-au-xxie-siecle\/","og_site_name":"Librairie 7L","article_modified_time":"2026-04-04T11:16:58+00:00","og_image":[{"width":600,"height":725,"url":"https:\/\/librairie7l.com\/wp-content\/uploads\/2021\/06\/9782845976993_1_75.jpg","type":"image\/jpeg"}],"twitter_card":"summary_large_image","schema":{"@context":"https:\/\/schema.org","@graph":[{"@type":"WebPage","@id":"https:\/\/librairie7l.com\/en\/produit\/histoire-des-modes-et-du-vetement-du-moyen-age-au-xxie-siecle\/","url":"https:\/\/librairie7l.com\/en\/produit\/histoire-des-modes-et-du-vetement-du-moyen-age-au-xxie-siecle\/","name":"HISTOIRE DES MODES ET DU V\u00caTEMENT ; DU MOYEN \u00c2GE AU XXIE SI\u00c8CLE - Librairie 7L","isPartOf":{"@id":"https:\/\/librairie7l.com\/en\/#website"},"datePublished":"2023-05-09T15:12:48+00:00","dateModified":"2026-04-04T11:16:58+00:00","breadcrumb":{"@id":"https:\/\/librairie7l.com\/en\/produit\/histoire-des-modes-et-du-vetement-du-moyen-age-au-xxie-siecle\/#breadcrumb"},"inLanguage":"en-US","potentialAction":[{"@type":"ReadAction","target":["https:\/\/librairie7l.com\/en\/produit\/histoire-des-modes-et-du-vetement-du-moyen-age-au-xxie-siecle\/"]}]},{"@type":"BreadcrumbList","@id":"https:\/\/librairie7l.com\/en\/produit\/histoire-des-modes-et-du-vetement-du-moyen-age-au-xxie-siecle\/#breadcrumb","itemListElement":[{"@type":"ListItem","position":1,"name":"Accueil","item":"https:\/\/librairie7l.com\/en\/"},{"@type":"ListItem","position":2,"name":"Shop","item":"https:\/\/librairie7l.com\/en\/shop\/"},{"@type":"ListItem","position":3,"name":"HISTOIRE DES MODES ET DU V\u00caTEMENT ; DU MOYEN \u00c2GE AU XXIE SI\u00c8CLE"}]},{"@type":"WebSite","@id":"https:\/\/librairie7l.com\/en\/#website","url":"https:\/\/librairie7l.com\/en\/","name":"Librairie 7L","description":"Librairie fond\u00e9e en 1999 par Karl Lagerfeld \u00e0 Paris","publisher":{"@id":"https:\/\/librairie7l.com\/en\/#organization"},"potentialAction":[{"@type":"SearchAction","target":{"@type":"EntryPoint","urlTemplate":"https:\/\/librairie7l.com\/en\/?s={search_term_string}"},"query-input":"required name=search_term_string"}],"inLanguage":"en-US"},{"@type":"Organization","@id":"https:\/\/librairie7l.com\/en\/#organization","name":"Librairie 7L","url":"https:\/\/librairie7l.com\/en\/","logo":{"@type":"ImageObject","inLanguage":"en-US","@id":"https:\/\/librairie7l.com\/en\/#\/schema\/logo\/image\/","url":"https:\/\/librairie7l.com\/wp-content\/uploads\/2022\/08\/logo-1.png","contentUrl":"https:\/\/librairie7l.com\/wp-content\/uploads\/2022\/08\/logo-1.png","width":227,"height":301,"caption":"Librairie 7L"},"image":{"@id":"https:\/\/librairie7l.com\/en\/#\/schema\/logo\/image\/"}}]}},"_links":{"self":[{"href":"https:\/\/librairie7l.com\/en\/wp-json\/wp\/v2\/product\/16135"}],"collection":[{"href":"https:\/\/librairie7l.com\/en\/wp-json\/wp\/v2\/product"}],"about":[{"href":"https:\/\/librairie7l.com\/en\/wp-json\/wp\/v2\/types\/product"}],"wp:featuredmedia":[{"embeddable":true,"href":"https:\/\/librairie7l.com\/en\/wp-json\/wp\/v2\/media\/16133"}],"wp:attachment":[{"href":"https:\/\/librairie7l.com\/en\/wp-json\/wp\/v2\/media?parent=16135"}],"wp:term":[{"taxonomy":"product_cat","embeddable":true,"href":"https:\/\/librairie7l.com\/en\/wp-json\/wp\/v2\/product_cat?post=16135"},{"taxonomy":"product_tag","embeddable":true,"href":"https:\/\/librairie7l.com\/en\/wp-json\/wp\/v2\/product_tag?post=16135"}],"curies":[{"name":"wp","href":"https:\/\/api.w.org\/{rel}","templated":true}]}}