{"id":16159,"date":"2023-05-09T17:13:09","date_gmt":"2023-05-09T15:13:09","guid":{"rendered":"https:\/\/librairie7l.com\/?post_type=product&#038;p=16159"},"modified":"2026-04-14T16:07:11","modified_gmt":"2026-04-14T14:07:11","slug":"gribouillage-en-francais","status":"publish","type":"product","link":"https:\/\/librairie7l.com\/en\/produit\/gribouillage-en-francais\/","title":{"rendered":"GRIBOUILLAGE EN FRAN\u00c7AIS"},"content":{"rendered":"<p>Le catalogue de l&#8217;exposition, r\u00e9unissant 300 oeuvres parmi celles expos\u00e9es \u00e0 Rome et \u00e0 Paris, est publi\u00e9 en version italienne et fran\u00e7aise, co\u00e9dit\u00e9 par Beaux-Arts de Paris \u00e9ditions et la Villa M\u00e9dicis. Cette publication de r\u00e9f\u00e9rence offre une synth\u00e8se richement document\u00e9e des deux expositions.<\/p>\n<p>Dirig\u00e9 et introduit par les commissaires de l&#8217;exposition, Francesca Alberti et Diane Bodart, il comporte sept chapitres et r\u00e9unit des contributions in\u00e9dites de nombreux auteurs dont les essais et notices r\u00e9dig\u00e9s \u00e9clairent les oeuvres et prolongent le travail de recherche.<\/p>\n<p>Auteurs et autrices des essais : Francesca Alberti, Diane Bodart, Emmanuelle Brugerolles, Baptiste Brun, Angela Cerasuolo, Hugo Daniel, Vincent Debaene, Dario Gamboni, Tim Ingold, Giorgio Marini, Philippe-Alain Michaud, Anne Monfort-Tanguy, Mauro Mussolin, Gabriella Pace, Maria Stavrinaki, Nicola Suthor, Alice Thomine-Berrada, Barbara Wittmann.<\/p>\n<p>Auteurs et autrices des notices : Marco Simone Bolzoni, Emmanuelle Brugerolles, Cristina Cilli, Anne Marie Garcia, Gloria Guida, Mauro Mussolin, Federica Rinaldi, Carla Subrizi, Meta Valiusaityte.<\/p>\n<p>Graphiste : Mauro Bubbico.<\/p>\n","protected":false},"excerpt":{"rendered":"<p>Le catalogue de l&#8217;exposition, r\u00e9unissant 300 oeuvres parmi celles expos\u00e9es \u00e0 Rome et \u00e0 Paris, est publi\u00e9 en version italienne et fran\u00e7aise, co\u00e9dit\u00e9 par Beaux-Arts de Paris \u00e9ditions et la Villa M\u00e9dicis. Cette publication de r\u00e9f\u00e9rence offre une synth\u00e8se richement document\u00e9e des deux expositions. Dirig\u00e9 et introduit par les commissaires de l&#8217;exposition, Francesca Alberti et [&hellip;]<\/p>\n","protected":false},"featured_media":16157,"template":"","meta":[],"product_cat":[55,2948,47,2953],"product_tag":[],"acf":[],"yoast_head":"<!-- This site is optimized with the Yoast SEO plugin v20.11 - https:\/\/yoast.com\/wordpress\/plugins\/seo\/ -->\n<title>GRIBOUILLAGE EN FRAN\u00c7AIS - Librairie 7L<\/title>\n<meta name=\"robots\" content=\"index, follow, max-snippet:-1, max-image-preview:large, max-video-preview:-1\" \/>\n<link rel=\"canonical\" href=\"https:\/\/librairie7l.com\/en\/produit\/gribouillage-en-francais\/\" \/>\n<meta property=\"og:locale\" content=\"en_US\" \/>\n<meta property=\"og:type\" content=\"article\" \/>\n<meta property=\"og:title\" content=\"GRIBOUILLAGE EN FRAN\u00c7AIS - Librairie 7L\" \/>\n<meta property=\"og:description\" content=\"Le catalogue de l&#8217;exposition, r\u00e9unissant 300 oeuvres parmi celles expos\u00e9es \u00e0 Rome et \u00e0 Paris, est publi\u00e9 en version italienne et fran\u00e7aise, co\u00e9dit\u00e9 par Beaux-Arts de Paris \u00e9ditions et la Villa M\u00e9dicis. Cette publication de r\u00e9f\u00e9rence offre une synth\u00e8se richement document\u00e9e des deux expositions. Dirig\u00e9 et introduit par les commissaires de l&#8217;exposition, Francesca Alberti et [&hellip;]\" \/>\n<meta property=\"og:url\" content=\"https:\/\/librairie7l.com\/en\/produit\/gribouillage-en-francais\/\" \/>\n<meta property=\"og:site_name\" content=\"Librairie 7L\" \/>\n<meta property=\"article:modified_time\" content=\"2026-04-14T14:07:11+00:00\" \/>\n<meta property=\"og:image\" content=\"https:\/\/librairie7l.com\/wp-content\/uploads\/2023\/02\/9782840568483_1_75.jpg\" \/>\n\t<meta property=\"og:image:width\" content=\"400\" \/>\n\t<meta property=\"og:image:height\" content=\"500\" \/>\n\t<meta property=\"og:image:type\" content=\"image\/jpeg\" \/>\n<meta name=\"twitter:card\" content=\"summary_large_image\" \/>\n<meta name=\"twitter:label1\" content=\"Est. reading time\" \/>\n\t<meta name=\"twitter:data1\" content=\"1 minute\" \/>\n<script type=\"application\/ld+json\" class=\"yoast-schema-graph\">{\"@context\":\"https:\/\/schema.org\",\"@graph\":[{\"@type\":\"WebPage\",\"@id\":\"https:\/\/librairie7l.com\/en\/produit\/gribouillage-en-francais\/\",\"url\":\"https:\/\/librairie7l.com\/en\/produit\/gribouillage-en-francais\/\",\"name\":\"GRIBOUILLAGE EN FRAN\u00c7AIS - Librairie 7L\",\"isPartOf\":{\"@id\":\"https:\/\/librairie7l.com\/en\/#website\"},\"datePublished\":\"2023-05-09T15:13:09+00:00\",\"dateModified\":\"2026-04-14T14:07:11+00:00\",\"breadcrumb\":{\"@id\":\"https:\/\/librairie7l.com\/en\/produit\/gribouillage-en-francais\/#breadcrumb\"},\"inLanguage\":\"en-US\",\"potentialAction\":[{\"@type\":\"ReadAction\",\"target\":[\"https:\/\/librairie7l.com\/en\/produit\/gribouillage-en-francais\/\"]}]},{\"@type\":\"BreadcrumbList\",\"@id\":\"https:\/\/librairie7l.com\/en\/produit\/gribouillage-en-francais\/#breadcrumb\",\"itemListElement\":[{\"@type\":\"ListItem\",\"position\":1,\"name\":\"Accueil\",\"item\":\"https:\/\/librairie7l.com\/en\/\"},{\"@type\":\"ListItem\",\"position\":2,\"name\":\"Shop\",\"item\":\"https:\/\/librairie7l.com\/en\/shop\/\"},{\"@type\":\"ListItem\",\"position\":3,\"name\":\"GRIBOUILLAGE EN FRAN\u00c7AIS\"}]},{\"@type\":\"WebSite\",\"@id\":\"https:\/\/librairie7l.com\/en\/#website\",\"url\":\"https:\/\/librairie7l.com\/en\/\",\"name\":\"Librairie 7L\",\"description\":\"Librairie fond\u00e9e en 1999 par Karl Lagerfeld \u00e0 Paris\",\"publisher\":{\"@id\":\"https:\/\/librairie7l.com\/en\/#organization\"},\"potentialAction\":[{\"@type\":\"SearchAction\",\"target\":{\"@type\":\"EntryPoint\",\"urlTemplate\":\"https:\/\/librairie7l.com\/en\/?s={search_term_string}\"},\"query-input\":\"required name=search_term_string\"}],\"inLanguage\":\"en-US\"},{\"@type\":\"Organization\",\"@id\":\"https:\/\/librairie7l.com\/en\/#organization\",\"name\":\"Librairie 7L\",\"url\":\"https:\/\/librairie7l.com\/en\/\",\"logo\":{\"@type\":\"ImageObject\",\"inLanguage\":\"en-US\",\"@id\":\"https:\/\/librairie7l.com\/en\/#\/schema\/logo\/image\/\",\"url\":\"https:\/\/librairie7l.com\/wp-content\/uploads\/2022\/08\/logo-1.png\",\"contentUrl\":\"https:\/\/librairie7l.com\/wp-content\/uploads\/2022\/08\/logo-1.png\",\"width\":227,\"height\":301,\"caption\":\"Librairie 7L\"},\"image\":{\"@id\":\"https:\/\/librairie7l.com\/en\/#\/schema\/logo\/image\/\"}}]}<\/script>\n<!-- \/ Yoast SEO plugin. -->","yoast_head_json":{"title":"GRIBOUILLAGE EN FRAN\u00c7AIS - Librairie 7L","robots":{"index":"index","follow":"follow","max-snippet":"max-snippet:-1","max-image-preview":"max-image-preview:large","max-video-preview":"max-video-preview:-1"},"canonical":"https:\/\/librairie7l.com\/en\/produit\/gribouillage-en-francais\/","og_locale":"en_US","og_type":"article","og_title":"GRIBOUILLAGE EN FRAN\u00c7AIS - Librairie 7L","og_description":"Le catalogue de l&#8217;exposition, r\u00e9unissant 300 oeuvres parmi celles expos\u00e9es \u00e0 Rome et \u00e0 Paris, est publi\u00e9 en version italienne et fran\u00e7aise, co\u00e9dit\u00e9 par Beaux-Arts de Paris \u00e9ditions et la Villa M\u00e9dicis. Cette publication de r\u00e9f\u00e9rence offre une synth\u00e8se richement document\u00e9e des deux expositions. Dirig\u00e9 et introduit par les commissaires de l&#8217;exposition, Francesca Alberti et [&hellip;]","og_url":"https:\/\/librairie7l.com\/en\/produit\/gribouillage-en-francais\/","og_site_name":"Librairie 7L","article_modified_time":"2026-04-14T14:07:11+00:00","og_image":[{"width":400,"height":500,"url":"https:\/\/librairie7l.com\/wp-content\/uploads\/2023\/02\/9782840568483_1_75.jpg","type":"image\/jpeg"}],"twitter_card":"summary_large_image","twitter_misc":{"Est. reading time":"1 minute"},"schema":{"@context":"https:\/\/schema.org","@graph":[{"@type":"WebPage","@id":"https:\/\/librairie7l.com\/en\/produit\/gribouillage-en-francais\/","url":"https:\/\/librairie7l.com\/en\/produit\/gribouillage-en-francais\/","name":"GRIBOUILLAGE EN FRAN\u00c7AIS - Librairie 7L","isPartOf":{"@id":"https:\/\/librairie7l.com\/en\/#website"},"datePublished":"2023-05-09T15:13:09+00:00","dateModified":"2026-04-14T14:07:11+00:00","breadcrumb":{"@id":"https:\/\/librairie7l.com\/en\/produit\/gribouillage-en-francais\/#breadcrumb"},"inLanguage":"en-US","potentialAction":[{"@type":"ReadAction","target":["https:\/\/librairie7l.com\/en\/produit\/gribouillage-en-francais\/"]}]},{"@type":"BreadcrumbList","@id":"https:\/\/librairie7l.com\/en\/produit\/gribouillage-en-francais\/#breadcrumb","itemListElement":[{"@type":"ListItem","position":1,"name":"Accueil","item":"https:\/\/librairie7l.com\/en\/"},{"@type":"ListItem","position":2,"name":"Shop","item":"https:\/\/librairie7l.com\/en\/shop\/"},{"@type":"ListItem","position":3,"name":"GRIBOUILLAGE EN FRAN\u00c7AIS"}]},{"@type":"WebSite","@id":"https:\/\/librairie7l.com\/en\/#website","url":"https:\/\/librairie7l.com\/en\/","name":"Librairie 7L","description":"Librairie fond\u00e9e en 1999 par Karl Lagerfeld \u00e0 Paris","publisher":{"@id":"https:\/\/librairie7l.com\/en\/#organization"},"potentialAction":[{"@type":"SearchAction","target":{"@type":"EntryPoint","urlTemplate":"https:\/\/librairie7l.com\/en\/?s={search_term_string}"},"query-input":"required name=search_term_string"}],"inLanguage":"en-US"},{"@type":"Organization","@id":"https:\/\/librairie7l.com\/en\/#organization","name":"Librairie 7L","url":"https:\/\/librairie7l.com\/en\/","logo":{"@type":"ImageObject","inLanguage":"en-US","@id":"https:\/\/librairie7l.com\/en\/#\/schema\/logo\/image\/","url":"https:\/\/librairie7l.com\/wp-content\/uploads\/2022\/08\/logo-1.png","contentUrl":"https:\/\/librairie7l.com\/wp-content\/uploads\/2022\/08\/logo-1.png","width":227,"height":301,"caption":"Librairie 7L"},"image":{"@id":"https:\/\/librairie7l.com\/en\/#\/schema\/logo\/image\/"}}]}},"_links":{"self":[{"href":"https:\/\/librairie7l.com\/en\/wp-json\/wp\/v2\/product\/16159"}],"collection":[{"href":"https:\/\/librairie7l.com\/en\/wp-json\/wp\/v2\/product"}],"about":[{"href":"https:\/\/librairie7l.com\/en\/wp-json\/wp\/v2\/types\/product"}],"wp:featuredmedia":[{"embeddable":true,"href":"https:\/\/librairie7l.com\/en\/wp-json\/wp\/v2\/media\/16157"}],"wp:attachment":[{"href":"https:\/\/librairie7l.com\/en\/wp-json\/wp\/v2\/media?parent=16159"}],"wp:term":[{"taxonomy":"product_cat","embeddable":true,"href":"https:\/\/librairie7l.com\/en\/wp-json\/wp\/v2\/product_cat?post=16159"},{"taxonomy":"product_tag","embeddable":true,"href":"https:\/\/librairie7l.com\/en\/wp-json\/wp\/v2\/product_tag?post=16159"}],"curies":[{"name":"wp","href":"https:\/\/api.w.org\/{rel}","templated":true}]}}