{"id":16175,"date":"2023-05-09T17:13:24","date_gmt":"2023-05-09T15:13:24","guid":{"rendered":"https:\/\/librairie7l.com\/?post_type=product&#038;p=16175"},"modified":"2026-04-18T13:38:57","modified_gmt":"2026-04-18T11:38:57","slug":"la-surface-et-la-chair-madame-dora-vienne-paris-1907-1957","status":"publish","type":"product","link":"https:\/\/librairie7l.com\/en\/produit\/la-surface-et-la-chair-madame-dora-vienne-paris-1907-1957\/","title":{"rendered":"LA SURFACE ET LA CHAIR : MADAME D&#8217;ORA, VIENNE-PARIS, 1907-1957"},"content":{"rendered":"<p>Quoi de plus exceptionnel, dans l&#8217;histoire de la photographie, que la coexistence, chez une m\u00eame artiste, de pratiques recouvrant des champs apparemment antagonistes : celle de la mode et celle de l&#8217;activit\u00e9 documentaire ?<\/p>\n<p>Entre l&#8217;enregistrement, souvent jug\u00e9 futile, de la surface et des ornements venus la recouvrir (choix des v\u00eatements, valorisation de la beaut\u00e9 et du glamour des mod\u00e8les) et celui des mis\u00e8res du monde, des corps, y compris dans leur dimension la plus crue, la chair, la photographe Madame d&#8217;Ora op\u00e8re un va-et-vient esth\u00e9tique fascinant. Si elle demeure attentive aux artistes ou aux personnalit\u00e9s d&#8217;une modernit\u00e9 unique rapprochant la Vienne de Klimt et le Paris des avant-gardes dans l&#8217;entre-deux guerres, Madame d&#8217;Ora n&#8217;en devient pas moins, apr\u00e8s la Seconde Guerre mondiale, le t\u00e9moin qui photographie les d\u00e9sastres humains touchant son pays d&#8217;origine, l&#8217;Autriche, ravag\u00e9 par le nazisme. Mais aussi, captiv\u00e9e par la po\u00e9sie cruelle des abattoirs, elle explore des th\u00e8mes macabres que son travail cr\u00e9atif sur la mode ne pouvait laisser soup\u00e7onner.<br \/>\nC&#8217;est une oeuvre singuli\u00e8re qui est ici pr\u00e9sent\u00e9e dans tous ses aspects pour la premi\u00e8re fois en France.<\/p>\n","protected":false},"excerpt":{"rendered":"<p>Quoi de plus exceptionnel, dans l&#8217;histoire de la photographie, que la coexistence, chez une m\u00eame artiste, de pratiques recouvrant des champs apparemment antagonistes : celle de la mode et celle de l&#8217;activit\u00e9 documentaire ? Entre l&#8217;enregistrement, souvent jug\u00e9 futile, de la surface et des ornements venus la recouvrir (choix des v\u00eatements, valorisation de la beaut\u00e9 [&hellip;]<\/p>\n","protected":false},"featured_media":16174,"template":"","meta":[],"product_cat":[55,2948,2958,17],"product_tag":[],"acf":[],"yoast_head":"<!-- This site is optimized with the Yoast SEO plugin v20.11 - https:\/\/yoast.com\/wordpress\/plugins\/seo\/ -->\n<title>LA SURFACE ET LA CHAIR : MADAME D&#039;ORA, VIENNE-PARIS, 1907-1957 - Librairie 7L<\/title>\n<meta name=\"robots\" content=\"index, follow, max-snippet:-1, max-image-preview:large, max-video-preview:-1\" \/>\n<link rel=\"canonical\" href=\"https:\/\/librairie7l.com\/en\/produit\/la-surface-et-la-chair-madame-dora-vienne-paris-1907-1957\/\" \/>\n<meta property=\"og:locale\" content=\"en_US\" \/>\n<meta property=\"og:type\" content=\"article\" \/>\n<meta property=\"og:title\" content=\"LA SURFACE ET LA CHAIR : MADAME D&#039;ORA, VIENNE-PARIS, 1907-1957 - Librairie 7L\" \/>\n<meta property=\"og:description\" content=\"Quoi de plus exceptionnel, dans l&#8217;histoire de la photographie, que la coexistence, chez une m\u00eame artiste, de pratiques recouvrant des champs apparemment antagonistes : celle de la mode et celle de l&#8217;activit\u00e9 documentaire ? Entre l&#8217;enregistrement, souvent jug\u00e9 futile, de la surface et des ornements venus la recouvrir (choix des v\u00eatements, valorisation de la beaut\u00e9 [&hellip;]\" \/>\n<meta property=\"og:url\" content=\"https:\/\/librairie7l.com\/en\/produit\/la-surface-et-la-chair-madame-dora-vienne-paris-1907-1957\/\" \/>\n<meta property=\"og:site_name\" content=\"Librairie 7L\" \/>\n<meta property=\"article:modified_time\" content=\"2026-04-18T11:38:57+00:00\" \/>\n<meta property=\"og:image\" content=\"https:\/\/librairie7l.com\/wp-content\/uploads\/2023\/03\/9782754113243_1_75.jpg\" \/>\n\t<meta property=\"og:image:width\" content=\"671\" \/>\n\t<meta property=\"og:image:height\" content=\"600\" \/>\n\t<meta property=\"og:image:type\" content=\"image\/jpeg\" \/>\n<meta name=\"twitter:card\" content=\"summary_large_image\" \/>\n<meta name=\"twitter:label1\" content=\"Est. reading time\" \/>\n\t<meta name=\"twitter:data1\" content=\"1 minute\" \/>\n<script type=\"application\/ld+json\" class=\"yoast-schema-graph\">{\"@context\":\"https:\/\/schema.org\",\"@graph\":[{\"@type\":\"WebPage\",\"@id\":\"https:\/\/librairie7l.com\/en\/produit\/la-surface-et-la-chair-madame-dora-vienne-paris-1907-1957\/\",\"url\":\"https:\/\/librairie7l.com\/en\/produit\/la-surface-et-la-chair-madame-dora-vienne-paris-1907-1957\/\",\"name\":\"LA SURFACE ET LA CHAIR : MADAME D'ORA, VIENNE-PARIS, 1907-1957 - Librairie 7L\",\"isPartOf\":{\"@id\":\"https:\/\/librairie7l.com\/en\/#website\"},\"datePublished\":\"2023-05-09T15:13:24+00:00\",\"dateModified\":\"2026-04-18T11:38:57+00:00\",\"breadcrumb\":{\"@id\":\"https:\/\/librairie7l.com\/en\/produit\/la-surface-et-la-chair-madame-dora-vienne-paris-1907-1957\/#breadcrumb\"},\"inLanguage\":\"en-US\",\"potentialAction\":[{\"@type\":\"ReadAction\",\"target\":[\"https:\/\/librairie7l.com\/en\/produit\/la-surface-et-la-chair-madame-dora-vienne-paris-1907-1957\/\"]}]},{\"@type\":\"BreadcrumbList\",\"@id\":\"https:\/\/librairie7l.com\/en\/produit\/la-surface-et-la-chair-madame-dora-vienne-paris-1907-1957\/#breadcrumb\",\"itemListElement\":[{\"@type\":\"ListItem\",\"position\":1,\"name\":\"Accueil\",\"item\":\"https:\/\/librairie7l.com\/en\/\"},{\"@type\":\"ListItem\",\"position\":2,\"name\":\"Shop\",\"item\":\"https:\/\/librairie7l.com\/en\/shop\/\"},{\"@type\":\"ListItem\",\"position\":3,\"name\":\"LA SURFACE ET LA CHAIR : MADAME D&#8217;ORA, VIENNE-PARIS, 1907-1957\"}]},{\"@type\":\"WebSite\",\"@id\":\"https:\/\/librairie7l.com\/en\/#website\",\"url\":\"https:\/\/librairie7l.com\/en\/\",\"name\":\"Librairie 7L\",\"description\":\"Librairie fond\u00e9e en 1999 par Karl Lagerfeld \u00e0 Paris\",\"publisher\":{\"@id\":\"https:\/\/librairie7l.com\/en\/#organization\"},\"potentialAction\":[{\"@type\":\"SearchAction\",\"target\":{\"@type\":\"EntryPoint\",\"urlTemplate\":\"https:\/\/librairie7l.com\/en\/?s={search_term_string}\"},\"query-input\":\"required name=search_term_string\"}],\"inLanguage\":\"en-US\"},{\"@type\":\"Organization\",\"@id\":\"https:\/\/librairie7l.com\/en\/#organization\",\"name\":\"Librairie 7L\",\"url\":\"https:\/\/librairie7l.com\/en\/\",\"logo\":{\"@type\":\"ImageObject\",\"inLanguage\":\"en-US\",\"@id\":\"https:\/\/librairie7l.com\/en\/#\/schema\/logo\/image\/\",\"url\":\"https:\/\/librairie7l.com\/wp-content\/uploads\/2022\/08\/logo-1.png\",\"contentUrl\":\"https:\/\/librairie7l.com\/wp-content\/uploads\/2022\/08\/logo-1.png\",\"width\":227,\"height\":301,\"caption\":\"Librairie 7L\"},\"image\":{\"@id\":\"https:\/\/librairie7l.com\/en\/#\/schema\/logo\/image\/\"}}]}<\/script>\n<!-- \/ Yoast SEO plugin. -->","yoast_head_json":{"title":"LA SURFACE ET LA CHAIR : MADAME D'ORA, VIENNE-PARIS, 1907-1957 - Librairie 7L","robots":{"index":"index","follow":"follow","max-snippet":"max-snippet:-1","max-image-preview":"max-image-preview:large","max-video-preview":"max-video-preview:-1"},"canonical":"https:\/\/librairie7l.com\/en\/produit\/la-surface-et-la-chair-madame-dora-vienne-paris-1907-1957\/","og_locale":"en_US","og_type":"article","og_title":"LA SURFACE ET LA CHAIR : MADAME D'ORA, VIENNE-PARIS, 1907-1957 - Librairie 7L","og_description":"Quoi de plus exceptionnel, dans l&#8217;histoire de la photographie, que la coexistence, chez une m\u00eame artiste, de pratiques recouvrant des champs apparemment antagonistes : celle de la mode et celle de l&#8217;activit\u00e9 documentaire ? Entre l&#8217;enregistrement, souvent jug\u00e9 futile, de la surface et des ornements venus la recouvrir (choix des v\u00eatements, valorisation de la beaut\u00e9 [&hellip;]","og_url":"https:\/\/librairie7l.com\/en\/produit\/la-surface-et-la-chair-madame-dora-vienne-paris-1907-1957\/","og_site_name":"Librairie 7L","article_modified_time":"2026-04-18T11:38:57+00:00","og_image":[{"width":671,"height":600,"url":"https:\/\/librairie7l.com\/wp-content\/uploads\/2023\/03\/9782754113243_1_75.jpg","type":"image\/jpeg"}],"twitter_card":"summary_large_image","twitter_misc":{"Est. reading time":"1 minute"},"schema":{"@context":"https:\/\/schema.org","@graph":[{"@type":"WebPage","@id":"https:\/\/librairie7l.com\/en\/produit\/la-surface-et-la-chair-madame-dora-vienne-paris-1907-1957\/","url":"https:\/\/librairie7l.com\/en\/produit\/la-surface-et-la-chair-madame-dora-vienne-paris-1907-1957\/","name":"LA SURFACE ET LA CHAIR : MADAME D'ORA, VIENNE-PARIS, 1907-1957 - Librairie 7L","isPartOf":{"@id":"https:\/\/librairie7l.com\/en\/#website"},"datePublished":"2023-05-09T15:13:24+00:00","dateModified":"2026-04-18T11:38:57+00:00","breadcrumb":{"@id":"https:\/\/librairie7l.com\/en\/produit\/la-surface-et-la-chair-madame-dora-vienne-paris-1907-1957\/#breadcrumb"},"inLanguage":"en-US","potentialAction":[{"@type":"ReadAction","target":["https:\/\/librairie7l.com\/en\/produit\/la-surface-et-la-chair-madame-dora-vienne-paris-1907-1957\/"]}]},{"@type":"BreadcrumbList","@id":"https:\/\/librairie7l.com\/en\/produit\/la-surface-et-la-chair-madame-dora-vienne-paris-1907-1957\/#breadcrumb","itemListElement":[{"@type":"ListItem","position":1,"name":"Accueil","item":"https:\/\/librairie7l.com\/en\/"},{"@type":"ListItem","position":2,"name":"Shop","item":"https:\/\/librairie7l.com\/en\/shop\/"},{"@type":"ListItem","position":3,"name":"LA SURFACE ET LA CHAIR : MADAME D&#8217;ORA, VIENNE-PARIS, 1907-1957"}]},{"@type":"WebSite","@id":"https:\/\/librairie7l.com\/en\/#website","url":"https:\/\/librairie7l.com\/en\/","name":"Librairie 7L","description":"Librairie fond\u00e9e en 1999 par Karl Lagerfeld \u00e0 Paris","publisher":{"@id":"https:\/\/librairie7l.com\/en\/#organization"},"potentialAction":[{"@type":"SearchAction","target":{"@type":"EntryPoint","urlTemplate":"https:\/\/librairie7l.com\/en\/?s={search_term_string}"},"query-input":"required name=search_term_string"}],"inLanguage":"en-US"},{"@type":"Organization","@id":"https:\/\/librairie7l.com\/en\/#organization","name":"Librairie 7L","url":"https:\/\/librairie7l.com\/en\/","logo":{"@type":"ImageObject","inLanguage":"en-US","@id":"https:\/\/librairie7l.com\/en\/#\/schema\/logo\/image\/","url":"https:\/\/librairie7l.com\/wp-content\/uploads\/2022\/08\/logo-1.png","contentUrl":"https:\/\/librairie7l.com\/wp-content\/uploads\/2022\/08\/logo-1.png","width":227,"height":301,"caption":"Librairie 7L"},"image":{"@id":"https:\/\/librairie7l.com\/en\/#\/schema\/logo\/image\/"}}]}},"_links":{"self":[{"href":"https:\/\/librairie7l.com\/en\/wp-json\/wp\/v2\/product\/16175"}],"collection":[{"href":"https:\/\/librairie7l.com\/en\/wp-json\/wp\/v2\/product"}],"about":[{"href":"https:\/\/librairie7l.com\/en\/wp-json\/wp\/v2\/types\/product"}],"wp:featuredmedia":[{"embeddable":true,"href":"https:\/\/librairie7l.com\/en\/wp-json\/wp\/v2\/media\/16174"}],"wp:attachment":[{"href":"https:\/\/librairie7l.com\/en\/wp-json\/wp\/v2\/media?parent=16175"}],"wp:term":[{"taxonomy":"product_cat","embeddable":true,"href":"https:\/\/librairie7l.com\/en\/wp-json\/wp\/v2\/product_cat?post=16175"},{"taxonomy":"product_tag","embeddable":true,"href":"https:\/\/librairie7l.com\/en\/wp-json\/wp\/v2\/product_tag?post=16175"}],"curies":[{"name":"wp","href":"https:\/\/api.w.org\/{rel}","templated":true}]}}